{"id":2426,"date":"2022-12-26T07:11:57","date_gmt":"2022-12-26T07:11:57","guid":{"rendered":"https:\/\/www.vkpakmachine.com\/?page_id=2426"},"modified":"2022-12-26T07:11:57","modified_gmt":"2022-12-26T07:11:57","slug":"service","status":"publish","type":"page","link":"https:\/\/www.vkpakmachine.com\/vi\/service\/","title":{"rendered":"D\u1ecbch v\u1ee5"},"content":{"rendered":"<h3>\u0110\u00e0o t\u1ea1o:<\/h3>\n<p>Ch\u00fang t\u00f4i cung c\u1ea5p h\u1ec7 th\u1ed1ng \u0111\u00e0o t\u1ea1o m\u00e1y m\u00f3c, kh\u00e1ch h\u00e0ng c\u00f3 th\u1ec3 ch\u1ecdn \u0111\u00e0o t\u1ea1o t\u1ea1i nh\u00e0 m\u00e1y c\u1ee7a ch\u00fang t\u00f4i ho\u1eb7c t\u1ea1i x\u01b0\u1edfng c\u1ee7a kh\u00e1ch h\u00e0ng. Ng\u00e0y t\u1eadp luy\u1ec7n b\u00ecnh th\u01b0\u1eddng l\u00e0 3-5 ng\u00e0y.<\/p>\n<p>Ch\u00fang t\u00f4i cung c\u1ea5p h\u01b0\u1edbng d\u1eabn v\u1eadn h\u00e0nh cho kh\u00e1ch h\u00e0ng.<\/p>\n<p>Ch\u00fang t\u00f4i cung c\u1ea5p video \u0111\u00e0o t\u1ea1o v\u00e0 video v\u1eadn h\u00e0nh m\u00e1y cho kh\u00e1ch h\u00e0ng.<\/p>\n<p>Ch\u00fang t\u00f4i cung c\u1ea5p d\u1ecbch v\u1ee5 \u0111i\u1ec1u khi\u1ec3n t\u1eeb xa, n\u1ebfu kh\u00e1ch h\u00e0ng kh\u00f4ng bi\u1ebft c\u00e1ch v\u1eadn h\u00e0nh v\u00e0 s\u1eed d\u1ee5ng m\u00e1y.<\/p>\n<h3>C\u00e0i \u0111\u1eb7t:<\/h3>\n<p>Ch\u00fang t\u00f4i s\u1ebd c\u1eed k\u1ef9 s\u01b0 ti\u1ebfn h\u00e0nh l\u1eafp \u0111\u1eb7t v\u00e0 g\u1ee1 l\u1ed7i thi\u1ebft b\u1ecb t\u1ea1i ch\u1ed7 c\u1ee7a ng\u01b0\u1eddi mua n\u1ebfu \u0111\u01b0\u1ee3c y\u00eau c\u1ea7u. Chi ph\u00ed cho v\u00e9 m\u00e1y bay hai chi\u1ec1u qu\u1ed1c t\u1ebf, ch\u1ed7 \u1edf, th\u1ee9c \u0103n v\u00e0 ph\u01b0\u01a1ng ti\u1ec7n \u0111i l\u1ea1i, y t\u1ebf s\u1ebd do Ng\u01b0\u1eddi mua thanh to\u00e1n cho c\u00e1c k\u1ef9 s\u01b0. Ng\u01b0\u1eddi mua ph\u1ea3i h\u1ee3p t\u00e1c \u0111\u1ea7y \u0111\u1ee7 v\u1edbi k\u1ef9 s\u01b0 c\u1ee7a Nh\u00e0 cung c\u1ea5p v\u00e0 chu\u1ea9n b\u1ecb s\u1eb5n s\u00e0ng m\u1ecdi \u0111i\u1ec1u ki\u1ec7n l\u1eafp \u0111\u1eb7t \u0111\u1ec3 ho\u1ea1t \u0111\u1ed9ng.<\/p>\n<h3>S\u1ef1 b\u1ea3o \u0111\u1ea3m:<\/h3>\n<p>Nh\u00e0 s\u1ea3n xu\u1ea5t ph\u1ea3i \u0111\u1ea3m b\u1ea3o h\u00e0ng h\u00f3a \u0111\u01b0\u1ee3c l\u00e0m b\u1eb1ng v\u1eadt li\u1ec7u t\u1ed1t nh\u1ea5t c\u1ee7a Nh\u00e0 s\u1ea3n xu\u1ea5t. M\u00e1y b\u00e1n ra s\u1ebd \u0111\u01b0\u1ee3c b\u1ea3o h\u00e0nh m\u1ed9t n\u0103m, trong n\u0103m b\u1ea3o h\u00e0nh, b\u1ea5t k\u1ef3 ph\u1ee5 t\u00f9ng thay th\u1ebf n\u00e0o b\u1ecb h\u1ecfng do v\u1ea5n \u0111\u1ec1 ch\u1ea5t l\u01b0\u1ee3ng c\u1ee7a nh\u00e0 cung c\u1ea5p, ph\u1ee5 t\u00f9ng thay th\u1ebf s\u1ebd \u0111\u01b0\u1ee3c cung c\u1ea5p mi\u1ec5n ph\u00ed cho kh\u00e1ch h\u00e0ng, kh\u00e1ch h\u00e0ng c\u1ea7n thanh to\u00e1n chi ph\u00ed v\u1eadn chuy\u1ec3n n\u1ebfu tr\u1ecdng l\u01b0\u1ee3ng b\u01b0u ki\u1ec7n l\u1edbn h\u01a1n 500 gram.<\/p>\n<h3>M\u00e1y m\u00f3c l\u1eafp \u0111\u1eb7t sau b\u00e1n h\u00e0ng<\/h3>\n<div class=\"su-custom-gallery su-custom-gallery-title-hover su-lightbox-gallery\"><div class=\"su-custom-gallery-slide\"><a href=\"https:\/\/www.vkpakmachine.com\/wp-content\/uploads\/After-sales-installation-machinery-2.jpg\" title=\"M\u00e1y m\u00f3c l\u1eafp \u0111\u1eb7t sau b\u00e1n h\u00e0ng\"><img loading=\"lazy\" decoding=\"async\" src=\"https:\/\/www.vkpakmachine.com\/wp-content\/uploads\/After-sales-installation-machinery-2-380x250.jpg\" alt=\"M\u00e1y m\u00f3c l\u1eafp \u0111\u1eb7t sau b\u00e1n h\u00e0ng\" width=\"380\" height=\"250\" \/><span class=\"su-custom-gallery-title\">M\u00e1y m\u00f3c l\u1eafp \u0111\u1eb7t sau b\u00e1n h\u00e0ng<\/span><\/a><\/div><div class=\"su-custom-gallery-slide\"><a href=\"https:\/\/www.vkpakmachine.com\/wp-content\/uploads\/After-sales-installation-machinery-3.jpg\" title=\"M\u00e1y m\u00f3c l\u1eafp \u0111\u1eb7t sau b\u00e1n h\u00e0ng\"><img loading=\"lazy\" decoding=\"async\" src=\"https:\/\/www.vkpakmachine.com\/wp-content\/uploads\/After-sales-installation-machinery-3-380x250.jpg\" alt=\"M\u00e1y m\u00f3c l\u1eafp \u0111\u1eb7t sau b\u00e1n h\u00e0ng\" width=\"380\" height=\"250\" \/><span class=\"su-custom-gallery-title\">M\u00e1y m\u00f3c l\u1eafp \u0111\u1eb7t sau b\u00e1n h\u00e0ng<\/span><\/a><\/div><div class=\"su-custom-gallery-slide\"><a href=\"https:\/\/www.vkpakmachine.com\/wp-content\/uploads\/After-sales-installation-machinery.jpg\" title=\"M\u00e1y m\u00f3c l\u1eafp \u0111\u1eb7t sau b\u00e1n h\u00e0ng\"><img loading=\"lazy\" decoding=\"async\" src=\"https:\/\/www.vkpakmachine.com\/wp-content\/uploads\/After-sales-installation-machinery-380x250.jpg\" alt=\"M\u00e1y m\u00f3c l\u1eafp \u0111\u1eb7t sau b\u00e1n h\u00e0ng\" width=\"380\" height=\"250\" \/><span class=\"su-custom-gallery-title\">M\u00e1y m\u00f3c l\u1eafp \u0111\u1eb7t sau b\u00e1n h\u00e0ng<\/span><\/a><\/div><div class=\"su-clear\"><\/div><\/div>","protected":false},"excerpt":{"rendered":"<p>\u0110\u00e0o t\u1ea1o: Ch\u00fang t\u00f4i cung c\u1ea5p h\u1ec7 th\u1ed1ng \u0111\u00e0o t\u1ea1o m\u00e1y m\u00f3c, kh\u00e1ch h\u00e0ng c\u00f3 th\u1ec3 ch\u1ecdn \u0111\u00e0o t\u1ea1o t\u1ea1i nh\u00e0 m\u00e1y c\u1ee7a ch\u00fang t\u00f4i ho\u1eb7c t\u1ea1i x\u01b0\u1edfng c\u1ee7a kh\u00e1ch h\u00e0ng. Ng\u00e0y t\u1eadp luy\u1ec7n b\u00ecnh th\u01b0\u1eddng l\u00e0 3-5 ng\u00e0y. Ch\u00fang t\u00f4i cung c\u1ea5p h\u01b0\u1edbng d\u1eabn v\u1eadn h\u00e0nh cho kh\u00e1ch h\u00e0ng. Ch\u00fang t\u00f4i cung c\u1ea5p video \u0111\u00e0o t\u1ea1o v\u00e0 video v\u1eadn h\u00e0nh m\u00e1y cho\u2026&nbsp;<a href=\"https:\/\/www.vkpakmachine.com\/vi\/service\/\" class=\"more-link\">\u0110\u1ecdc th\u00eam<\/a><\/p>","protected":false},"author":1,"featured_media":0,"parent":0,"menu_order":0,"comment_status":"closed","ping_status":"closed","template":"","meta":{"footnotes":""},"yoast_head":"<!-- This site is optimized with the Yoast SEO plugin v22.5 - https:\/\/yoast.com\/wordpress\/plugins\/seo\/ -->\n<title>Service - VKPAK<\/title>\n<meta name=\"robots\" content=\"index, follow, max-snippet:-1, max-image-preview:large, max-video-preview:-1\" \/>\n<link rel=\"canonical\" href=\"https:\/\/www.vkpakmachine.com\/vi\/service\/\" \/>\n<script type=\"application\/ld+json\" class=\"yoast-schema-graph\">{\"@context\":\"https:\/\/schema.org\",\"@graph\":[{\"@type\":\"WebPage\",\"@id\":\"https:\/\/www.vkpakmachine.com\/lt\/service\/\",\"url\":\"https:\/\/www.vkpakmachine.com\/lt\/service\/\",\"name\":\"Service - VKPAK\",\"isPartOf\":{\"@id\":\"https:\/\/www.vkpakmachine.com\/lv\/#website\"},\"datePublished\":\"2022-12-26T07:11:57+00:00\",\"dateModified\":\"2022-12-26T07:11:57+00:00\",\"breadcrumb\":{\"@id\":\"https:\/\/www.vkpakmachine.com\/lt\/service\/#breadcrumb\"},\"inLanguage\":\"vi\",\"potentialAction\":[{\"@type\":\"ReadAction\",\"target\":[\"https:\/\/www.vkpakmachine.com\/lt\/service\/\"]}]},{\"@type\":\"BreadcrumbList\",\"@id\":\"https:\/\/www.vkpakmachine.com\/lt\/service\/#breadcrumb\",\"itemListElement\":[{\"@type\":\"ListItem\",\"position\":1,\"name\":\"Home\",\"item\":\"https:\/\/www.vkpakmachine.com\/lv\/\"},{\"@type\":\"ListItem\",\"position\":2,\"name\":\"Service\"}]},{\"@type\":\"WebSite\",\"@id\":\"https:\/\/www.vkpakmachine.com\/lv\/#website\",\"url\":\"https:\/\/www.vkpakmachine.com\/lv\/\",\"name\":\"VKPAK\",\"description\":\"\",\"publisher\":{\"@id\":\"https:\/\/www.vkpakmachine.com\/lv\/#organization\"},\"potentialAction\":[{\"@type\":\"SearchAction\",\"target\":{\"@type\":\"EntryPoint\",\"urlTemplate\":\"https:\/\/www.vkpakmachine.com\/lv\/?s={search_term_string}\"},\"query-input\":\"required name=search_term_string\"}],\"inLanguage\":\"vi\"},{\"@type\":\"Organization\",\"@id\":\"https:\/\/www.vkpakmachine.com\/lv\/#organization\",\"name\":\"VKPAK\",\"url\":\"https:\/\/www.vkpakmachine.com\/lv\/\",\"logo\":{\"@type\":\"ImageObject\",\"inLanguage\":\"vi\",\"@id\":\"https:\/\/www.vkpakmachine.com\/lv\/#\/schema\/logo\/image\/\",\"url\":\"https:\/\/www.vkpakmachine.com\/wp-content\/uploads\/Logo.png\",\"contentUrl\":\"https:\/\/www.vkpakmachine.com\/wp-content\/uploads\/Logo.png\",\"width\":300,\"height\":57,\"caption\":\"VKPAK\"},\"image\":{\"@id\":\"https:\/\/www.vkpakmachine.com\/lv\/#\/schema\/logo\/image\/\"}}]}<\/script>\n<!-- \/ Yoast SEO plugin. -->","yoast_head_json":{"title":"Service - VKPAK","robots":{"index":"index","follow":"follow","max-snippet":"max-snippet:-1","max-image-preview":"max-image-preview:large","max-video-preview":"max-video-preview:-1"},"canonical":"https:\/\/www.vkpakmachine.com\/vi\/service\/","schema":{"@context":"https:\/\/schema.org","@graph":[{"@type":"WebPage","@id":"https:\/\/www.vkpakmachine.com\/lt\/service\/","url":"https:\/\/www.vkpakmachine.com\/lt\/service\/","name":"Service - VKPAK","isPartOf":{"@id":"https:\/\/www.vkpakmachine.com\/lv\/#website"},"datePublished":"2022-12-26T07:11:57+00:00","dateModified":"2022-12-26T07:11:57+00:00","breadcrumb":{"@id":"https:\/\/www.vkpakmachine.com\/lt\/service\/#breadcrumb"},"inLanguage":"vi","potentialAction":[{"@type":"ReadAction","target":["https:\/\/www.vkpakmachine.com\/lt\/service\/"]}]},{"@type":"BreadcrumbList","@id":"https:\/\/www.vkpakmachine.com\/lt\/service\/#breadcrumb","itemListElement":[{"@type":"ListItem","position":1,"name":"Home","item":"https:\/\/www.vkpakmachine.com\/lv\/"},{"@type":"ListItem","position":2,"name":"Service"}]},{"@type":"WebSite","@id":"https:\/\/www.vkpakmachine.com\/lv\/#website","url":"https:\/\/www.vkpakmachine.com\/lv\/","name":"VKPAK","description":"","publisher":{"@id":"https:\/\/www.vkpakmachine.com\/lv\/#organization"},"potentialAction":[{"@type":"SearchAction","target":{"@type":"EntryPoint","urlTemplate":"https:\/\/www.vkpakmachine.com\/lv\/?s={search_term_string}"},"query-input":"required name=search_term_string"}],"inLanguage":"vi"},{"@type":"Organization","@id":"https:\/\/www.vkpakmachine.com\/lv\/#organization","name":"VKPAK","url":"https:\/\/www.vkpakmachine.com\/lv\/","logo":{"@type":"ImageObject","inLanguage":"vi","@id":"https:\/\/www.vkpakmachine.com\/lv\/#\/schema\/logo\/image\/","url":"https:\/\/www.vkpakmachine.com\/wp-content\/uploads\/Logo.png","contentUrl":"https:\/\/www.vkpakmachine.com\/wp-content\/uploads\/Logo.png","width":300,"height":57,"caption":"VKPAK"},"image":{"@id":"https:\/\/www.vkpakmachine.com\/lv\/#\/schema\/logo\/image\/"}}]}},"_links":{"self":[{"href":"https:\/\/www.vkpakmachine.com\/vi\/wp-json\/wp\/v2\/pages\/2426"}],"collection":[{"href":"https:\/\/www.vkpakmachine.com\/vi\/wp-json\/wp\/v2\/pages"}],"about":[{"href":"https:\/\/www.vkpakmachine.com\/vi\/wp-json\/wp\/v2\/types\/page"}],"author":[{"embeddable":true,"href":"https:\/\/www.vkpakmachine.com\/vi\/wp-json\/wp\/v2\/users\/1"}],"replies":[{"embeddable":true,"href":"https:\/\/www.vkpakmachine.com\/vi\/wp-json\/wp\/v2\/comments?post=2426"}],"version-history":[{"count":0,"href":"https:\/\/www.vkpakmachine.com\/vi\/wp-json\/wp\/v2\/pages\/2426\/revisions"}],"wp:attachment":[{"href":"https:\/\/www.vkpakmachine.com\/vi\/wp-json\/wp\/v2\/media?parent=2426"}],"curies":[{"name":"wp","href":"https:\/\/api.w.org\/{rel}","templated":true}]}}