{"id":2424,"date":"2022-12-26T07:10:39","date_gmt":"2022-12-26T07:10:39","guid":{"rendered":"https:\/\/www.vkpakmachine.com\/?page_id=2424"},"modified":"2022-12-26T07:10:39","modified_gmt":"2022-12-26T07:10:39","slug":"quality-control","status":"publish","type":"page","link":"https:\/\/www.vkpakmachine.com\/vi\/quality-control\/","title":{"rendered":"Ki\u1ec3m so\u00e1t ch\u1ea5t l\u01b0\u1ee3ng"},"content":{"rendered":"<h2><strong>\u0110\u1ea3m b\u1ea3o ch\u1ea5t l\u01b0\u1ee3ng<\/strong><\/h2>\n<hr \/>\n<p>1, \u0110\u1ea3m b\u1ea3o thi\u1ebft b\u1ecb do c\u00f4ng ty ch\u00fang t\u00f4i cung c\u1ea5p l\u00e0 thi\u1ebft b\u1ecb m\u1edbi ch\u01b0a qua s\u1eed d\u1ee5ng, s\u1eed d\u1ee5ng thi\u1ebft k\u1ebf m\u1edbi nh\u1ea5t v\u00e0 v\u1eadt li\u1ec7u ph\u00f9 h\u1ee3p, \u0111\u1ed3ng th\u1eddi \u0111\u00e1p \u1ee9ng m\u1ecdi y\u00eau c\u1ea7u v\u1ec1 ch\u1ea5t l\u01b0\u1ee3ng v\u00e0 hi\u1ec7u su\u1ea5t quy \u0111\u1ecbnh trong h\u1ee3p \u0111\u1ed3ng.<\/p>\n<p>2, C\u00f4ng ty \u0111\u1ea3m b\u1ea3o thi\u1ebft b\u1ecb \u0111\u01b0\u1ee3c cung c\u1ea5p sau khi c\u00f3 h\u01b0\u1edbng d\u1eabn ch\u00ednh x\u00e1c trong to\u00e0n b\u1ed9 h\u1ec7 th\u1ed1ng ho\u1ea1t \u0111\u1ed9ng 3 ng\u00e0y sau khi c\u00e0i \u0111\u1eb7t v\u00e0 g\u1ee1 l\u1ed7i, \u0111\u1ec3 \u0111\u1ea1t \u0111\u01b0\u1ee3c c\u00e1c ch\u1ec9 s\u1ed1 hi\u1ec7u su\u1ea5t k\u1ef9 thu\u1eadt c\u1ee7a s\u1ea3n ph\u1ea9m.<\/p>\n<p>3, C\u00f4ng ty ch\u00fang t\u00f4i \u0111\u1ea3m b\u1ea3o trong th\u1eddi h\u1ea1n \u0111\u1ea3m b\u1ea3o ch\u1ea5t l\u01b0\u1ee3ng \u0111\u01b0\u1ee3c quy \u0111\u1ecbnh trong h\u1ee3p \u0111\u1ed3ng, quy tr\u00ecnh thi\u1ebft k\u1ebf \u0111\u1ec3 cung c\u1ea5p l\u1ed7i l\u1eafp \u0111\u1eb7t s\u1ea3n xu\u1ea5t thi\u1ebft b\u1ecb ho\u1eb7c l\u1ed7i v\u1eadt li\u1ec7u v\u00e0 t\u1ea5t c\u1ea3 do tr\u00e1ch nhi\u1ec7m c\u1ee7a ng\u01b0\u1eddi b\u00e1n g\u00e2y ra s\u1ebd ch\u1ecbu tr\u00e1ch nhi\u1ec7m v\u1ec1 m\u1ecdi khi\u1ebfm khuy\u1ebft trong d\u00e2y chuy\u1ec1n s\u1ea3n xu\u1ea5t do l\u1ed7i v\u00e0 h\u01b0 h\u1ecfng.<\/p>\n<p>4, Th\u1eddi gian \u0111\u1ea3m b\u1ea3o ch\u1ea5t l\u01b0\u1ee3ng to\u00e0n b\u1ed9 m\u00e1y cho d\u00e2y chuy\u1ec1n s\u1ea3n xu\u1ea5t trong 12 th\u00e1ng sau khi nghi\u1ec7m thu. N\u1ebfu ph\u00e1t hi\u1ec7n h\u00e0ng h\u00f3a \u0111ang trong th\u1eddi h\u1ea1n b\u1ea3o \u0111\u1ea3m ch\u1ea5t l\u01b0\u1ee3ng, ch\u1ea5t l\u01b0\u1ee3ng ho\u1eb7c th\u00f4ng s\u1ed1 k\u1ef9 thu\u1eadt v\u00e0 kh\u00f4ng ph\u00f9 h\u1ee3p v\u1edbi quy \u0111\u1ecbnh c\u1ee7a h\u1ee3p \u0111\u1ed3ng ho\u1eb7c ch\u1ee9ng minh \u0111\u01b0\u1ee3c h\u00e0ng h\u00f3a c\u00f3 khi\u1ebfm khuy\u1ebft (bao g\u1ed3m c\u00e1c khi\u1ebfm khuy\u1ebft ti\u1ec1m \u1ea9n ho\u1eb7c s\u1eed d\u1ee5ng v\u1eadt li\u1ec7u kh\u00f4ng \u0111\u1ea1t ti\u00eau chu\u1ea9n, v.v.), th\u00ec Ng\u01b0\u1eddi mua c\u00f3 quy\u1ec1n theo gi\u1ea5y ch\u1ee9ng nh\u1eadn ki\u1ec3m tra do b\u1ed9 ph\u1eadn ph\u00e1p l\u00fd c\u1ee7a h\u00e0ng h\u00f3a c\u1ea5p trong th\u1eddi h\u1ea1n \u0111\u1ea3m b\u1ea3o ch\u1ea5t l\u01b0\u1ee3ng m\u00e0 k\u1ebf ho\u1ea1ch x\u1eed l\u00fd c\u1ee7a ng\u01b0\u1eddi b\u00e1n \u0111\u01b0\u1ee3c \u0111\u01b0a ra.<\/p>\n<p>5, C\u00f4ng ty \u0111\u1eb7t v\u1ea5n \u0111\u1ec1 ch\u1ea5t l\u01b0\u1ee3ng s\u1ea3n ph\u1ea9m l\u00ean c\u01a1 t\u00ednh c\u1ee7a thi\u1ebft b\u1ecb \u0111\u01b0\u1ee3c cung c\u1ea5p v\u00e0 \u0111\u1ea3m b\u1ea3o ch\u1ec9 s\u1ed1 ti\u00eau hao s\u1ea3n ph\u1ea9m.<\/p>\n<h2><strong>S\u1ef1 b\u1ea3o \u0111\u1ea3m<\/strong><\/h2>\n<hr \/>\n<p>1, Sau khi nghi\u1ec7m thu thi\u1ebft b\u1ecb, cung c\u1ea5p b\u1ea3o h\u00e0nh 12 th\u00e1ng, th\u1eddi gian b\u1ea3o h\u00e0nh \u0111\u01b0\u1ee3c cung c\u1ea5p mi\u1ec5n ph\u00ed cho c\u00e1c l\u1ed7i b\u1ed9 ph\u1eadn v\u00e0 linh ki\u1ec7n do ng\u01b0\u1eddi b\u00e1n g\u00e2y ra v\u00e0 d\u1ecbch v\u1ee5 k\u1ecbp th\u1eddi v\u00e0 hi\u1ec7u qu\u1ea3.<\/p>\n<p>2, Sau khi b\u1ea3o h\u00e0nh, su\u1ed1t \u0111\u1eddi cung c\u1ea5p d\u1ecbch v\u1ee5 h\u1eadu m\u00e3i h\u1ed7 tr\u1ee3 k\u1ef9 thu\u1eadt thu\u1eadn l\u1ee3i r\u1ed9ng r\u00e3i.<br \/>\nD\u1ecbch v\u1ee5 sau b\u00e1n h\u00e0ng: b\u1ed9 ph\u1eadn d\u1ecbch v\u1ee5 sau b\u00e1n h\u00e0ng c\u1ee7a c\u00f4ng ty ch\u00fang t\u00f4i c\u00f3 \u0111\u01b0\u1eddng d\u00e2y n\u00f3ng d\u1ecbch v\u1ee5 h\u1eadu m\u00e3i chuy\u00ean d\u1ee5ng, nh\u00e2n vi\u00ean c\u1ee7a ch\u00fang t\u00f4i c\u00f3 tr\u00e1ch nhi\u1ec7m nh\u1ea5c m\u00e1y cho ng\u01b0\u1eddi s\u1eed d\u1ee5ng \u0111i\u1ec7n tho\u1ea1i, \u0111\u1ea3m b\u1ea3o v\u1edbi ng\u01b0\u1eddi d\u00f9ng ngay c\u00e2u h\u1ecfi \u0111\u1ea7u ti\u00ean s\u1ebd nhi\u1ec7t t\u00ecnh tr\u1ea3 l\u1eddi nghi\u00eam t\u00fac sau khi thi\u1ebft b\u1ecb ch\u1ea5p nh\u1eadn thi\u1ebft b\u1ecb ch\u00fang t\u00f4i cung c\u1ea5p quy tr\u00ecnh d\u1ecbch v\u1ee5 b\u1ea3o h\u00e0nh 12 th\u00e1ng, ch\u00fang t\u00f4i s\u1ebd cung c\u1ea5p \u00edt nh\u1ea5t m\u1ed9t l\u1ea7n b\u1edfi nh\u00e2n vi\u00ean chuy\u00ean m\u00f4n v\u00e0 k\u1ef9 thu\u1eadt ki\u1ec3m tra \u0111\u1ecbnh k\u1ef3 v\u00e0 cung c\u1ea5p b\u00e1o c\u00e1o ki\u1ec3m tra chi ti\u1ebft cho ng\u01b0\u1eddi d\u00f9ng tham kh\u1ea3o m\u00e0 ng\u01b0\u1eddi d\u00f9ng \u0111\u01b0a ra r\u00f5 r\u00e0ng sau khi y\u00eau c\u1ea7u b\u1ea3o tr\u00ec, c\u00f4ng ty ch\u00fang t\u00f4i h\u1ee9a : c\u1ea3nh ng\u01b0\u1eddi d\u00f9ng \u0111\u01b0\u1ee3c g\u1eedi \u0111\u1ebfn d\u1ecbch v\u1ee5 s\u1eeda ch\u1eefa trong th\u1eddi gian ng\u1eafn nh\u1ea5t.<\/p>","protected":false},"excerpt":{"rendered":"<p>\u0110\u1ea3m b\u1ea3o ch\u1ea5t l\u01b0\u1ee3ng 1, \u0110\u1ea3m b\u1ea3o thi\u1ebft b\u1ecb do c\u00f4ng ty ch\u00fang t\u00f4i cung c\u1ea5p l\u00e0 thi\u1ebft b\u1ecb m\u1edbi ch\u01b0a qua s\u1eed d\u1ee5ng, s\u1eed d\u1ee5ng thi\u1ebft k\u1ebf m\u1edbi nh\u1ea5t v\u00e0 v\u1eadt li\u1ec7u ph\u00f9 h\u1ee3p \u0111\u01b0\u1ee3c s\u1ea3n xu\u1ea5t, \u0111\u1ed3ng th\u1eddi \u0111\u00e1p \u1ee9ng m\u1ecdi \u0111\u1eb7c t\u00ednh k\u1ef9 thu\u1eadt v\u00e0 hi\u1ec7u su\u1ea5t ch\u1ea5t l\u01b0\u1ee3ng \u0111\u01b0\u1ee3c quy \u0111\u1ecbnh trong h\u1ee3p \u0111\u1ed3ng. 2, C\u00f4ng ty\u2026&nbsp;<a href=\"https:\/\/www.vkpakmachine.com\/vi\/quality-control\/\" class=\"more-link\">\u0110\u1ecdc th\u00eam<\/a><\/p>","protected":false},"author":1,"featured_media":0,"parent":0,"menu_order":0,"comment_status":"closed","ping_status":"closed","template":"","meta":{"footnotes":""},"yoast_head":"<!-- This site is optimized with the Yoast SEO plugin v22.5 - https:\/\/yoast.com\/wordpress\/plugins\/seo\/ -->\n<title>Quality Control - VKPAK<\/title>\n<meta name=\"robots\" content=\"index, follow, max-snippet:-1, max-image-preview:large, max-video-preview:-1\" \/>\n<link rel=\"canonical\" href=\"https:\/\/www.vkpakmachine.com\/vi\/quality-control\/\" \/>\n<script type=\"application\/ld+json\" class=\"yoast-schema-graph\">{\"@context\":\"https:\/\/schema.org\",\"@graph\":[{\"@type\":\"WebPage\",\"@id\":\"https:\/\/www.vkpakmachine.com\/lt\/quality-control\/\",\"url\":\"https:\/\/www.vkpakmachine.com\/lt\/quality-control\/\",\"name\":\"Quality Control - VKPAK\",\"isPartOf\":{\"@id\":\"https:\/\/www.vkpakmachine.com\/lv\/#website\"},\"datePublished\":\"2022-12-26T07:10:39+00:00\",\"dateModified\":\"2022-12-26T07:10:39+00:00\",\"breadcrumb\":{\"@id\":\"https:\/\/www.vkpakmachine.com\/lt\/quality-control\/#breadcrumb\"},\"inLanguage\":\"vi\",\"potentialAction\":[{\"@type\":\"ReadAction\",\"target\":[\"https:\/\/www.vkpakmachine.com\/lt\/quality-control\/\"]}]},{\"@type\":\"BreadcrumbList\",\"@id\":\"https:\/\/www.vkpakmachine.com\/lt\/quality-control\/#breadcrumb\",\"itemListElement\":[{\"@type\":\"ListItem\",\"position\":1,\"name\":\"Home\",\"item\":\"https:\/\/www.vkpakmachine.com\/lv\/\"},{\"@type\":\"ListItem\",\"position\":2,\"name\":\"Quality Control\"}]},{\"@type\":\"WebSite\",\"@id\":\"https:\/\/www.vkpakmachine.com\/lv\/#website\",\"url\":\"https:\/\/www.vkpakmachine.com\/lv\/\",\"name\":\"VKPAK\",\"description\":\"\",\"publisher\":{\"@id\":\"https:\/\/www.vkpakmachine.com\/lv\/#organization\"},\"potentialAction\":[{\"@type\":\"SearchAction\",\"target\":{\"@type\":\"EntryPoint\",\"urlTemplate\":\"https:\/\/www.vkpakmachine.com\/lv\/?s={search_term_string}\"},\"query-input\":\"required name=search_term_string\"}],\"inLanguage\":\"vi\"},{\"@type\":\"Organization\",\"@id\":\"https:\/\/www.vkpakmachine.com\/lv\/#organization\",\"name\":\"VKPAK\",\"url\":\"https:\/\/www.vkpakmachine.com\/lv\/\",\"logo\":{\"@type\":\"ImageObject\",\"inLanguage\":\"vi\",\"@id\":\"https:\/\/www.vkpakmachine.com\/lv\/#\/schema\/logo\/image\/\",\"url\":\"https:\/\/www.vkpakmachine.com\/wp-content\/uploads\/Logo.png\",\"contentUrl\":\"https:\/\/www.vkpakmachine.com\/wp-content\/uploads\/Logo.png\",\"width\":300,\"height\":57,\"caption\":\"VKPAK\"},\"image\":{\"@id\":\"https:\/\/www.vkpakmachine.com\/lv\/#\/schema\/logo\/image\/\"}}]}<\/script>\n<!-- \/ Yoast SEO plugin. -->","yoast_head_json":{"title":"Quality Control - VKPAK","robots":{"index":"index","follow":"follow","max-snippet":"max-snippet:-1","max-image-preview":"max-image-preview:large","max-video-preview":"max-video-preview:-1"},"canonical":"https:\/\/www.vkpakmachine.com\/vi\/quality-control\/","schema":{"@context":"https:\/\/schema.org","@graph":[{"@type":"WebPage","@id":"https:\/\/www.vkpakmachine.com\/lt\/quality-control\/","url":"https:\/\/www.vkpakmachine.com\/lt\/quality-control\/","name":"Quality Control - VKPAK","isPartOf":{"@id":"https:\/\/www.vkpakmachine.com\/lv\/#website"},"datePublished":"2022-12-26T07:10:39+00:00","dateModified":"2022-12-26T07:10:39+00:00","breadcrumb":{"@id":"https:\/\/www.vkpakmachine.com\/lt\/quality-control\/#breadcrumb"},"inLanguage":"vi","potentialAction":[{"@type":"ReadAction","target":["https:\/\/www.vkpakmachine.com\/lt\/quality-control\/"]}]},{"@type":"BreadcrumbList","@id":"https:\/\/www.vkpakmachine.com\/lt\/quality-control\/#breadcrumb","itemListElement":[{"@type":"ListItem","position":1,"name":"Home","item":"https:\/\/www.vkpakmachine.com\/lv\/"},{"@type":"ListItem","position":2,"name":"Quality Control"}]},{"@type":"WebSite","@id":"https:\/\/www.vkpakmachine.com\/lv\/#website","url":"https:\/\/www.vkpakmachine.com\/lv\/","name":"VKPAK","description":"","publisher":{"@id":"https:\/\/www.vkpakmachine.com\/lv\/#organization"},"potentialAction":[{"@type":"SearchAction","target":{"@type":"EntryPoint","urlTemplate":"https:\/\/www.vkpakmachine.com\/lv\/?s={search_term_string}"},"query-input":"required name=search_term_string"}],"inLanguage":"vi"},{"@type":"Organization","@id":"https:\/\/www.vkpakmachine.com\/lv\/#organization","name":"VKPAK","url":"https:\/\/www.vkpakmachine.com\/lv\/","logo":{"@type":"ImageObject","inLanguage":"vi","@id":"https:\/\/www.vkpakmachine.com\/lv\/#\/schema\/logo\/image\/","url":"https:\/\/www.vkpakmachine.com\/wp-content\/uploads\/Logo.png","contentUrl":"https:\/\/www.vkpakmachine.com\/wp-content\/uploads\/Logo.png","width":300,"height":57,"caption":"VKPAK"},"image":{"@id":"https:\/\/www.vkpakmachine.com\/lv\/#\/schema\/logo\/image\/"}}]}},"_links":{"self":[{"href":"https:\/\/www.vkpakmachine.com\/vi\/wp-json\/wp\/v2\/pages\/2424"}],"collection":[{"href":"https:\/\/www.vkpakmachine.com\/vi\/wp-json\/wp\/v2\/pages"}],"about":[{"href":"https:\/\/www.vkpakmachine.com\/vi\/wp-json\/wp\/v2\/types\/page"}],"author":[{"embeddable":true,"href":"https:\/\/www.vkpakmachine.com\/vi\/wp-json\/wp\/v2\/users\/1"}],"replies":[{"embeddable":true,"href":"https:\/\/www.vkpakmachine.com\/vi\/wp-json\/wp\/v2\/comments?post=2424"}],"version-history":[{"count":0,"href":"https:\/\/www.vkpakmachine.com\/vi\/wp-json\/wp\/v2\/pages\/2424\/revisions"}],"wp:attachment":[{"href":"https:\/\/www.vkpakmachine.com\/vi\/wp-json\/wp\/v2\/media?parent=2424"}],"curies":[{"name":"wp","href":"https:\/\/api.w.org\/{rel}","templated":true}]}}