{"id":2416,"date":"2022-12-26T07:10:01","date_gmt":"2022-12-26T07:10:01","guid":{"rendered":"https:\/\/www.vkpakmachine.com\/?page_id=2416"},"modified":"2022-12-26T07:10:01","modified_gmt":"2022-12-26T07:10:01","slug":"our-team","status":"publish","type":"page","link":"https:\/\/www.vkpakmachine.com\/vi\/our-team\/","title":{"rendered":"\u0110\u1ed9i c\u1ee7a ch\u00fang t\u00f4i"},"content":{"rendered":"<p>\u0110\u1ed9i c\u1ee7a ch\u00fang t\u00f4i l\u00e0 \u0111\u1ed9i m\u1ed9t ng\u01b0\u1eddi, \u0111\u1ed9i c\u00f3 hi\u1ec7u su\u1ea5t cao v\u00e0 \u0111\u1ed9i b\u1ea5t kh\u1ea3 chi\u1ebfn b\u1ea1i. M\u1ecdi ng\u01b0\u1eddi \u0111\u1ec1u c\u00f3 tinh th\u1ea7n \u0111\u1ed3ng \u0111\u1ed9i, kh\u1ea3 n\u0103ng giao ti\u1ebfp v\u00e0 ph\u1ed1i h\u1ee3p t\u1ed1t; L\u00e0m vi\u1ec7c ch\u0103m ch\u1ec9, t\u1ec9 m\u1ec9 v\u00e0 ki\u00ean nh\u1eabn c\u00f3 th\u1ec3 ch\u1ecbu \u0111\u01b0\u1ee3c \u00e1p l\u1ef1c c\u00f4ng vi\u1ec7c, r\u1ea5t quen thu\u1ed9c v\u1edbi quy tr\u00ecnh kinh doanh v\u00e0 bi\u1ebft c\u00e1ch ph\u1ee5c v\u1ee5 kh\u00e1ch h\u00e0ng t\u1ed1t h\u01a1n, c\u00f3 kh\u1ea3 n\u0103ng ngo\u1ea1i th\u01b0\u01a1ng th\u1ef1c t\u1ebf, ch\u0103m ch\u1ec9 v\u00e0 c\u1ed1ng hi\u1ebfn h\u1ebft m\u00ecnh cho s\u1ef1 nghi\u1ec7p, m\u1ed7i ng\u00e0y m\u1ed9t ch\u00fat ti\u1ebfn b\u1ed9. H\u1ecd \u0111am m\u00ea, n\u0103ng n\u1ed5, h\u1eefu \u00edch, gi\u00e0u kinh nghi\u1ec7m, hi\u1ebfu kh\u00e1ch, vui v\u1ebb, l\u00e0 ng\u01b0\u1eddi b\u1ea1n t\u1ed1t m\u00e0 b\u1ea1n \u0111\u00e1ng tin c\u1eady, m\u1ed9t khi h\u1ee3p t\u00e1c kinh doanh v\u1edbi ch\u00fang t\u00f4i, kh\u00f4ng c\u00f3 g\u00ec b\u1ea1n kh\u00f4ng th\u1ec3 y\u00ean t\u00e2m. C\u00e1c th\u00e0nh vi\u00ean trong nh\u00f3m t\u1ea1i c\u00f4ng ty ch\u00fang t\u00f4i bao g\u1ed3m Ph\u00e1t tri\u1ec3n th\u1ecb tr\u01b0\u1eddng (b\u00e1n h\u00e0ng), C\u00f4ng ngh\u1ec7, V\u1eadn h\u00e0nh, Thi\u1ebft k\u1ebf, R&amp;D V\u1eadn chuy\u1ec3n, nh\u00f3m d\u1ecbch v\u1ee5 sau b\u00e1n h\u00e0ng, v.v.<br \/>\n<div class=\"su-custom-gallery su-custom-gallery-title-hover su-lightbox-gallery\"><div class=\"su-custom-gallery-slide\"><a href=\"https:\/\/www.vkpakmachine.com\/wp-content\/uploads\/team01.jpg\" title=\"\u0110\u1ed9i c\u1ee7a ch\u00fang t\u00f4i\"><img loading=\"lazy\" decoding=\"async\" src=\"https:\/\/www.vkpakmachine.com\/wp-content\/uploads\/team01-380x250.jpg\" alt=\"\u0110\u1ed9i c\u1ee7a ch\u00fang t\u00f4i\" width=\"380\" height=\"250\" \/><span class=\"su-custom-gallery-title\">\u0110\u1ed9i c\u1ee7a ch\u00fang t\u00f4i<\/span><\/a><\/div><div class=\"su-custom-gallery-slide\"><a href=\"https:\/\/www.vkpakmachine.com\/wp-content\/uploads\/team02.jpg\" title=\"\u0110\u1ed9i c\u1ee7a ch\u00fang t\u00f4i\"><img loading=\"lazy\" decoding=\"async\" src=\"https:\/\/www.vkpakmachine.com\/wp-content\/uploads\/team02-380x250.jpg\" alt=\"\u0110\u1ed9i c\u1ee7a ch\u00fang t\u00f4i\" width=\"380\" height=\"250\" \/><span class=\"su-custom-gallery-title\">\u0110\u1ed9i c\u1ee7a ch\u00fang t\u00f4i<\/span><\/a><\/div><div class=\"su-custom-gallery-slide\"><a href=\"https:\/\/www.vkpakmachine.com\/wp-content\/uploads\/team03.jpg\" title=\"\u0110\u1ed9i c\u1ee7a ch\u00fang t\u00f4i\"><img loading=\"lazy\" decoding=\"async\" src=\"https:\/\/www.vkpakmachine.com\/wp-content\/uploads\/team03-380x250.jpg\" alt=\"\u0110\u1ed9i c\u1ee7a ch\u00fang t\u00f4i\" width=\"380\" height=\"250\" \/><span class=\"su-custom-gallery-title\">\u0110\u1ed9i c\u1ee7a ch\u00fang t\u00f4i<\/span><\/a><\/div><div class=\"su-custom-gallery-slide\"><a href=\"https:\/\/www.vkpakmachine.com\/wp-content\/uploads\/team04.jpg\" title=\"\u0110\u1ed9i c\u1ee7a ch\u00fang t\u00f4i\"><img loading=\"lazy\" decoding=\"async\" src=\"https:\/\/www.vkpakmachine.com\/wp-content\/uploads\/team04-380x250.jpg\" alt=\"\u0110\u1ed9i c\u1ee7a ch\u00fang t\u00f4i\" width=\"380\" height=\"250\" \/><span class=\"su-custom-gallery-title\">\u0110\u1ed9i c\u1ee7a ch\u00fang t\u00f4i<\/span><\/a><\/div><div class=\"su-custom-gallery-slide\"><a href=\"https:\/\/www.vkpakmachine.com\/wp-content\/uploads\/team05.jpg\" title=\"\u0110\u1ed9i c\u1ee7a ch\u00fang t\u00f4i\"><img loading=\"lazy\" decoding=\"async\" src=\"https:\/\/www.vkpakmachine.com\/wp-content\/uploads\/team05-380x250.jpg\" alt=\"\u0110\u1ed9i c\u1ee7a ch\u00fang t\u00f4i\" width=\"380\" height=\"250\" \/><span class=\"su-custom-gallery-title\">\u0110\u1ed9i c\u1ee7a ch\u00fang t\u00f4i<\/span><\/a><\/div><div class=\"su-custom-gallery-slide\"><a href=\"https:\/\/www.vkpakmachine.com\/wp-content\/uploads\/team06.jpg\" title=\"\u0110\u1ed9i c\u1ee7a ch\u00fang t\u00f4i\"><img loading=\"lazy\" decoding=\"async\" src=\"https:\/\/www.vkpakmachine.com\/wp-content\/uploads\/team06-380x250.jpg\" alt=\"\u0110\u1ed9i c\u1ee7a ch\u00fang t\u00f4i\" width=\"380\" height=\"250\" \/><span class=\"su-custom-gallery-title\">\u0110\u1ed9i c\u1ee7a ch\u00fang t\u00f4i<\/span><\/a><\/div><div class=\"su-clear\"><\/div><\/div>","protected":false},"excerpt":{"rendered":"<p>\u0110\u1ed9i c\u1ee7a ch\u00fang t\u00f4i l\u00e0 \u0111\u1ed9i m\u1ed9t ng\u01b0\u1eddi, \u0111\u1ed9i c\u00f3 hi\u1ec7u su\u1ea5t cao v\u00e0 \u0111\u1ed9i b\u1ea5t kh\u1ea3 chi\u1ebfn b\u1ea1i. M\u1ecdi ng\u01b0\u1eddi \u0111\u1ec1u c\u00f3 tinh th\u1ea7n \u0111\u1ed3ng \u0111\u1ed9i, kh\u1ea3 n\u0103ng giao ti\u1ebfp v\u00e0 ph\u1ed1i h\u1ee3p t\u1ed1t; L\u00e0m vi\u1ec7c ch\u0103m ch\u1ec9, t\u1ec9 m\u1ec9 v\u00e0 ki\u00ean nh\u1eabn m\u1edbi c\u00f3 th\u1ec3 ch\u1ecbu \u0111\u01b0\u1ee3c \u00e1p l\u1ef1c c\u1ee7a c\u00f4ng vi\u1ec7c v\u1ed1n r\u1ea5t quen thu\u1ed9c\u2026&nbsp;<a href=\"https:\/\/www.vkpakmachine.com\/vi\/our-team\/\" class=\"more-link\">\u0110\u1ecdc th\u00eam<\/a><\/p>","protected":false},"author":1,"featured_media":0,"parent":0,"menu_order":0,"comment_status":"closed","ping_status":"closed","template":"","meta":{"footnotes":""},"yoast_head":"<!-- This site is optimized with the Yoast SEO plugin v22.5 - https:\/\/yoast.com\/wordpress\/plugins\/seo\/ -->\n<title>Our Team - VKPAK<\/title>\n<meta name=\"robots\" content=\"index, follow, max-snippet:-1, max-image-preview:large, max-video-preview:-1\" \/>\n<link rel=\"canonical\" href=\"https:\/\/www.vkpakmachine.com\/vi\/our-team\/\" \/>\n<script type=\"application\/ld+json\" class=\"yoast-schema-graph\">{\"@context\":\"https:\/\/schema.org\",\"@graph\":[{\"@type\":\"WebPage\",\"@id\":\"https:\/\/www.vkpakmachine.com\/lt\/our-team\/\",\"url\":\"https:\/\/www.vkpakmachine.com\/lt\/our-team\/\",\"name\":\"Our Team - VKPAK\",\"isPartOf\":{\"@id\":\"https:\/\/www.vkpakmachine.com\/lv\/#website\"},\"datePublished\":\"2022-12-26T07:10:01+00:00\",\"dateModified\":\"2022-12-26T07:10:01+00:00\",\"breadcrumb\":{\"@id\":\"https:\/\/www.vkpakmachine.com\/lt\/our-team\/#breadcrumb\"},\"inLanguage\":\"vi\",\"potentialAction\":[{\"@type\":\"ReadAction\",\"target\":[\"https:\/\/www.vkpakmachine.com\/lt\/our-team\/\"]}]},{\"@type\":\"BreadcrumbList\",\"@id\":\"https:\/\/www.vkpakmachine.com\/lt\/our-team\/#breadcrumb\",\"itemListElement\":[{\"@type\":\"ListItem\",\"position\":1,\"name\":\"Home\",\"item\":\"https:\/\/www.vkpakmachine.com\/lv\/\"},{\"@type\":\"ListItem\",\"position\":2,\"name\":\"Our Team\"}]},{\"@type\":\"WebSite\",\"@id\":\"https:\/\/www.vkpakmachine.com\/lv\/#website\",\"url\":\"https:\/\/www.vkpakmachine.com\/lv\/\",\"name\":\"VKPAK\",\"description\":\"\",\"publisher\":{\"@id\":\"https:\/\/www.vkpakmachine.com\/lv\/#organization\"},\"potentialAction\":[{\"@type\":\"SearchAction\",\"target\":{\"@type\":\"EntryPoint\",\"urlTemplate\":\"https:\/\/www.vkpakmachine.com\/lv\/?s={search_term_string}\"},\"query-input\":\"required name=search_term_string\"}],\"inLanguage\":\"vi\"},{\"@type\":\"Organization\",\"@id\":\"https:\/\/www.vkpakmachine.com\/lv\/#organization\",\"name\":\"VKPAK\",\"url\":\"https:\/\/www.vkpakmachine.com\/lv\/\",\"logo\":{\"@type\":\"ImageObject\",\"inLanguage\":\"vi\",\"@id\":\"https:\/\/www.vkpakmachine.com\/lv\/#\/schema\/logo\/image\/\",\"url\":\"https:\/\/www.vkpakmachine.com\/wp-content\/uploads\/Logo.png\",\"contentUrl\":\"https:\/\/www.vkpakmachine.com\/wp-content\/uploads\/Logo.png\",\"width\":300,\"height\":57,\"caption\":\"VKPAK\"},\"image\":{\"@id\":\"https:\/\/www.vkpakmachine.com\/lv\/#\/schema\/logo\/image\/\"}}]}<\/script>\n<!-- \/ Yoast SEO plugin. -->","yoast_head_json":{"title":"Our Team - VKPAK","robots":{"index":"index","follow":"follow","max-snippet":"max-snippet:-1","max-image-preview":"max-image-preview:large","max-video-preview":"max-video-preview:-1"},"canonical":"https:\/\/www.vkpakmachine.com\/vi\/our-team\/","schema":{"@context":"https:\/\/schema.org","@graph":[{"@type":"WebPage","@id":"https:\/\/www.vkpakmachine.com\/lt\/our-team\/","url":"https:\/\/www.vkpakmachine.com\/lt\/our-team\/","name":"Our Team - VKPAK","isPartOf":{"@id":"https:\/\/www.vkpakmachine.com\/lv\/#website"},"datePublished":"2022-12-26T07:10:01+00:00","dateModified":"2022-12-26T07:10:01+00:00","breadcrumb":{"@id":"https:\/\/www.vkpakmachine.com\/lt\/our-team\/#breadcrumb"},"inLanguage":"vi","potentialAction":[{"@type":"ReadAction","target":["https:\/\/www.vkpakmachine.com\/lt\/our-team\/"]}]},{"@type":"BreadcrumbList","@id":"https:\/\/www.vkpakmachine.com\/lt\/our-team\/#breadcrumb","itemListElement":[{"@type":"ListItem","position":1,"name":"Home","item":"https:\/\/www.vkpakmachine.com\/lv\/"},{"@type":"ListItem","position":2,"name":"Our Team"}]},{"@type":"WebSite","@id":"https:\/\/www.vkpakmachine.com\/lv\/#website","url":"https:\/\/www.vkpakmachine.com\/lv\/","name":"VKPAK","description":"","publisher":{"@id":"https:\/\/www.vkpakmachine.com\/lv\/#organization"},"potentialAction":[{"@type":"SearchAction","target":{"@type":"EntryPoint","urlTemplate":"https:\/\/www.vkpakmachine.com\/lv\/?s={search_term_string}"},"query-input":"required name=search_term_string"}],"inLanguage":"vi"},{"@type":"Organization","@id":"https:\/\/www.vkpakmachine.com\/lv\/#organization","name":"VKPAK","url":"https:\/\/www.vkpakmachine.com\/lv\/","logo":{"@type":"ImageObject","inLanguage":"vi","@id":"https:\/\/www.vkpakmachine.com\/lv\/#\/schema\/logo\/image\/","url":"https:\/\/www.vkpakmachine.com\/wp-content\/uploads\/Logo.png","contentUrl":"https:\/\/www.vkpakmachine.com\/wp-content\/uploads\/Logo.png","width":300,"height":57,"caption":"VKPAK"},"image":{"@id":"https:\/\/www.vkpakmachine.com\/lv\/#\/schema\/logo\/image\/"}}]}},"_links":{"self":[{"href":"https:\/\/www.vkpakmachine.com\/vi\/wp-json\/wp\/v2\/pages\/2416"}],"collection":[{"href":"https:\/\/www.vkpakmachine.com\/vi\/wp-json\/wp\/v2\/pages"}],"about":[{"href":"https:\/\/www.vkpakmachine.com\/vi\/wp-json\/wp\/v2\/types\/page"}],"author":[{"embeddable":true,"href":"https:\/\/www.vkpakmachine.com\/vi\/wp-json\/wp\/v2\/users\/1"}],"replies":[{"embeddable":true,"href":"https:\/\/www.vkpakmachine.com\/vi\/wp-json\/wp\/v2\/comments?post=2416"}],"version-history":[{"count":0,"href":"https:\/\/www.vkpakmachine.com\/vi\/wp-json\/wp\/v2\/pages\/2416\/revisions"}],"wp:attachment":[{"href":"https:\/\/www.vkpakmachine.com\/vi\/wp-json\/wp\/v2\/media?parent=2416"}],"curies":[{"name":"wp","href":"https:\/\/api.w.org\/{rel}","templated":true}]}}