{"id":2414,"date":"2022-12-26T07:08:38","date_gmt":"2022-12-26T07:08:38","guid":{"rendered":"https:\/\/www.vkpakmachine.com\/?page_id=2414"},"modified":"2022-12-26T07:08:38","modified_gmt":"2022-12-26T07:08:38","slug":"faq","status":"publish","type":"page","link":"https:\/\/www.vkpakmachine.com\/vi\/faq\/","title":{"rendered":"C\u00e2u h\u1ecfi th\u01b0\u1eddng g\u1eb7p"},"content":{"rendered":"<p><strong>Q: B\u1ea1n l\u00e0 nh\u00e0 m\u00e1y hay c\u00f4ng ty th\u01b0\u01a1ng m\u1ea1i?<\/strong><br \/>\nTr\u1ea3 l\u1eddi: Ch\u00fang t\u00f4i l\u00e0 nh\u00e0 m\u00e1y t\u1eadp trung v\u00e0o thi\u1ebft k\u1ebf, s\u1ea3n xu\u1ea5t, l\u1eafp r\u00e1p, l\u1eafp \u0111\u1eb7t v\u00e0 g\u1ee1 l\u1ed7i c\u00e1c lo\u1ea1i m\u00e1y chi\u1ebft r\u00f3t, m\u00e1y \u0111\u00f3ng n\u1eafp v\u00e0 m\u00e1y d\u00e1n nh\u00e3n t\u1eeb n\u0103m 2003.<\/p>\n<p><strong>Q: B\u1ea1n c\u00f3 th\u1ec3 g\u1eedi video cho th\u1ea5y m\u00e1y c\u1ee7a b\u1ea1n ho\u1ea1t \u0111\u1ed9ng nh\u01b0 th\u1ebf n\u00e0o kh\u00f4ng?<\/strong><br \/>\nTr\u1ea3 l\u1eddi: Ch\u1eafc ch\u1eafn, ch\u00fang t\u00f4i \u0111\u00e3 t\u1ea1o t\u1ea5t c\u1ea3 video v\u1ec1 m\u00e1y c\u1ee7a m\u00ecnh.<\/p>\n<p><strong>Q: B\u1ea1n c\u00f3 th\u1ef1c hi\u1ec7n ki\u1ec3m tra tr\u01b0\u1edbc khi giao h\u00e0ng kh\u00f4ng?<\/strong><br \/>\nTr\u1ea3 l\u1eddi: Ch\u00fang t\u00f4i lu\u00f4n ki\u1ec3m tra m\u00e1y \u0111\u1ea7y \u0111\u1ee7 v\u00e0 \u0111\u1ea3m b\u1ea3o m\u00e1y ho\u1ea1t \u0111\u1ed9ng tr\u01a1n tru tr\u01b0\u1edbc khi giao h\u00e0ng.<\/p>\n<p><strong>H\u1ecfi: Th\u1eddi h\u1ea1n thanh to\u00e1n v\u00e0 \u0111i\u1ec1u kho\u1ea3n th\u01b0\u01a1ng m\u1ea1i l\u00e0 g\u00ec?<\/strong><br \/>\nTr\u1ea3 l\u1eddi: Ch\u00fang t\u00f4i ch\u1ea5p nh\u1eadn thanh to\u00e1n T\/T, Western Union, MoneyGram, Alibaba Trade Assurance.<br \/>\nTh\u1eddi h\u1ea1n giao d\u1ecbch: EXW,FOB,CIF,CNF.<\/p>\n<p><strong>H\u1ecfi: Moq v\u00e0 b\u1ea3o h\u00e0nh l\u00e0 g\u00ec?<\/strong><br \/>\nTr\u1ea3 l\u1eddi: Kh\u00f4ng c\u00f3 moq, ch\u00e0o m\u1eebng b\u1ea1n \u0111\u1eb7t h\u00e0ng, ch\u00fang t\u00f4i h\u1ee9a b\u1ea3o h\u00e0nh 12 th\u00e1ng.<\/p>\n<p><strong>Q: Lo\u1ea1i g\u00f3i h\u00e0ng n\u00e0o \u0111\u1ec3 v\u1eadn chuy\u1ec3n?<\/strong><br \/>\nTr\u1ea3 l\u1eddi: S\u1eed d\u1ee5ng m\u00e0ng c\u0103ng c\u01a1 b\u1ea3n b\u1ecdc quanh to\u00e0n b\u1ed9 m\u00e1y v\u00e0 \u0111\u00f3ng g\u00f3i b\u1eb1ng v\u1ecf g\u1ed7 xu\u1ea5t kh\u1ea9u, c\u0169ng c\u00f3 th\u1ec3 theo y\u00eau c\u1ea7u c\u1ee7a b\u1ea1n.<\/p>\n<p><strong>H\u1ecfi: N\u1ebfu m\u00e1y \u0111\u00e3 h\u1ebft n\u0103m b\u1ea3o h\u00e0nh, ch\u00fang t\u00f4i c\u00f3 th\u1ec3 l\u00e0m g\u00ec n\u1ebfu c\u00f3 b\u1ed9 ph\u1eadn n\u00e0o b\u1ecb h\u1ecfng?<\/strong><br \/>\nTr\u1ea3 l\u1eddi: Ch\u00fang t\u00f4i cung c\u1ea5p d\u1ecbch v\u1ee5 tr\u1ecdn \u0111\u1eddi cho m\u00e1y, n\u1ebfu b\u1ea5t k\u1ef3 ph\u1ee5 t\u00f9ng thay th\u1ebf n\u00e0o b\u1ecb h\u1ecfng sau m\u1ed9t n\u0103m, kh\u00e1ch h\u00e0ng c\u00f3 th\u1ec3 mua ph\u1ee5 t\u00f9ng t\u1ea1i th\u1ecb tr\u01b0\u1eddng \u0111\u1ecba ph\u01b0\u01a1ng ho\u1eb7c mua t\u1eeb nh\u00e0 cung c\u1ea5p, ch\u00fang t\u00f4i c\u00f3 th\u1ec3 g\u1eedi ph\u1ee5 t\u00f9ng cho kh\u00e1ch h\u00e0ng trong 24 gi\u1edd. V\u00e0 t\u1ea5t c\u1ea3 c\u00e1c b\u1ed9 ph\u1eadn linh ki\u1ec7n m\u00e1y c\u1ee7a ch\u00fang t\u00f4i \u0111\u1ec1u c\u00f3 ngu\u1ed3n g\u1ed1c t\u1eeb th\u01b0\u01a1ng hi\u1ec7u n\u1ed5i ti\u1ebfng th\u1ebf gi\u1edbi, r\u1ea5t d\u1ec5 t\u00ecm th\u1ea5y \u1edf \u0111\u1ecba ph\u01b0\u01a1ng.<\/p>\n<p><strong>H\u1ecfi: B\u1ea3o h\u00e0nh c\u1ee7a b\u1ea1n l\u00e0 g\u00ec?<\/strong><br \/>\nA: Ch\u00fang t\u00f4i b\u1ea3o \u0111\u1ea3m m\u00e1y m\u00f3c m\u1ed9t n\u0103m. Trong n\u0103m b\u1ea3o h\u00e0nh, b\u1ea5t k\u1ef3 ph\u1ee5 t\u00f9ng thay th\u1ebf n\u00e0o b\u1ecb h\u1ecfng do v\u1ea5n \u0111\u1ec1 ch\u1ea5t l\u01b0\u1ee3ng VKPAK, c\u00e1c ph\u1ee5 t\u00f9ng thay th\u1ebf s\u1ebd \u0111\u01b0\u1ee3c cung c\u1ea5p mi\u1ec5n ph\u00ed cho kh\u00e1ch h\u00e0ng, kh\u00e1ch h\u00e0ng c\u1ea7n thanh to\u00e1n chi ph\u00ed v\u1eadn chuy\u1ec3n n\u1ebfu tr\u1ecdng l\u01b0\u1ee3ng b\u01b0u ki\u1ec7n l\u1edbn h\u01a1n 500 gram. C\u00e1c ph\u1ee5 t\u00f9ng d\u1ec5 hao m\u00f2n kh\u00f4ng c\u00f3 trong c\u00e1c \u0111i\u1ec1u kho\u1ea3n b\u1ea3o h\u00e0nh, ch\u1eb3ng h\u1ea1n nh\u01b0 v\u00f2ng ch\u1eef O, d\u00e2y \u0111ai s\u1ebd \u0111\u01b0\u1ee3c cung c\u1ea5p k\u00e8m theo m\u00e1y trong th\u1eddi gian s\u1eed d\u1ee5ng m\u1ed9t n\u0103m.<\/p>","protected":false},"excerpt":{"rendered":"<p>Q: B\u1ea1n l\u00e0 nh\u00e0 m\u00e1y hay c\u00f4ng ty th\u01b0\u01a1ng m\u1ea1i? Tr\u1ea3 l\u1eddi: Ch\u00fang t\u00f4i l\u00e0 nh\u00e0 m\u00e1y t\u1eadp trung v\u00e0o thi\u1ebft k\u1ebf, s\u1ea3n xu\u1ea5t, l\u1eafp r\u00e1p, l\u1eafp \u0111\u1eb7t v\u00e0 g\u1ee1 l\u1ed7i c\u00e1c lo\u1ea1i m\u00e1y chi\u1ebft r\u00f3t, m\u00e1y \u0111\u00f3ng n\u1eafp v\u00e0 m\u00e1y d\u00e1n nh\u00e3n t\u1eeb n\u0103m 2003. H\u1ecfi: B\u1ea1n c\u00f3 th\u1ec3 g\u1eedi m\u1ed9t video cho th\u1ea5y c\u00e1ch\u2026&nbsp;<a href=\"https:\/\/www.vkpakmachine.com\/vi\/faq\/\" class=\"more-link\">\u0110\u1ecdc th\u00eam<\/a><\/p>","protected":false},"author":1,"featured_media":0,"parent":0,"menu_order":0,"comment_status":"closed","ping_status":"closed","template":"","meta":{"footnotes":""},"yoast_head":"<!-- This site is optimized with the Yoast SEO plugin v22.5 - https:\/\/yoast.com\/wordpress\/plugins\/seo\/ -->\n<title>FAQ - VKPAK<\/title>\n<meta name=\"robots\" content=\"index, follow, max-snippet:-1, max-image-preview:large, max-video-preview:-1\" \/>\n<link rel=\"canonical\" href=\"https:\/\/www.vkpakmachine.com\/vi\/faq\/\" \/>\n<script type=\"application\/ld+json\" class=\"yoast-schema-graph\">{\"@context\":\"https:\/\/schema.org\",\"@graph\":[{\"@type\":\"WebPage\",\"@id\":\"https:\/\/www.vkpakmachine.com\/lv\/faq\/\",\"url\":\"https:\/\/www.vkpakmachine.com\/lv\/faq\/\",\"name\":\"FAQ - VKPAK\",\"isPartOf\":{\"@id\":\"https:\/\/www.vkpakmachine.com\/lv\/#website\"},\"datePublished\":\"2022-12-26T07:08:38+00:00\",\"dateModified\":\"2022-12-26T07:08:38+00:00\",\"breadcrumb\":{\"@id\":\"https:\/\/www.vkpakmachine.com\/lv\/faq\/#breadcrumb\"},\"inLanguage\":\"vi\",\"potentialAction\":[{\"@type\":\"ReadAction\",\"target\":[\"https:\/\/www.vkpakmachine.com\/lv\/faq\/\"]}]},{\"@type\":\"BreadcrumbList\",\"@id\":\"https:\/\/www.vkpakmachine.com\/lv\/faq\/#breadcrumb\",\"itemListElement\":[{\"@type\":\"ListItem\",\"position\":1,\"name\":\"Home\",\"item\":\"https:\/\/www.vkpakmachine.com\/lv\/\"},{\"@type\":\"ListItem\",\"position\":2,\"name\":\"FAQ\"}]},{\"@type\":\"WebSite\",\"@id\":\"https:\/\/www.vkpakmachine.com\/lv\/#website\",\"url\":\"https:\/\/www.vkpakmachine.com\/lv\/\",\"name\":\"VKPAK\",\"description\":\"\",\"publisher\":{\"@id\":\"https:\/\/www.vkpakmachine.com\/lv\/#organization\"},\"potentialAction\":[{\"@type\":\"SearchAction\",\"target\":{\"@type\":\"EntryPoint\",\"urlTemplate\":\"https:\/\/www.vkpakmachine.com\/lv\/?s={search_term_string}\"},\"query-input\":\"required name=search_term_string\"}],\"inLanguage\":\"vi\"},{\"@type\":\"Organization\",\"@id\":\"https:\/\/www.vkpakmachine.com\/lv\/#organization\",\"name\":\"VKPAK\",\"url\":\"https:\/\/www.vkpakmachine.com\/lv\/\",\"logo\":{\"@type\":\"ImageObject\",\"inLanguage\":\"vi\",\"@id\":\"https:\/\/www.vkpakmachine.com\/lv\/#\/schema\/logo\/image\/\",\"url\":\"https:\/\/www.vkpakmachine.com\/wp-content\/uploads\/Logo.png\",\"contentUrl\":\"https:\/\/www.vkpakmachine.com\/wp-content\/uploads\/Logo.png\",\"width\":300,\"height\":57,\"caption\":\"VKPAK\"},\"image\":{\"@id\":\"https:\/\/www.vkpakmachine.com\/lv\/#\/schema\/logo\/image\/\"}}]}<\/script>\n<!-- \/ Yoast SEO plugin. -->","yoast_head_json":{"title":"FAQ - VKPAK","robots":{"index":"index","follow":"follow","max-snippet":"max-snippet:-1","max-image-preview":"max-image-preview:large","max-video-preview":"max-video-preview:-1"},"canonical":"https:\/\/www.vkpakmachine.com\/vi\/faq\/","schema":{"@context":"https:\/\/schema.org","@graph":[{"@type":"WebPage","@id":"https:\/\/www.vkpakmachine.com\/lv\/faq\/","url":"https:\/\/www.vkpakmachine.com\/lv\/faq\/","name":"FAQ - VKPAK","isPartOf":{"@id":"https:\/\/www.vkpakmachine.com\/lv\/#website"},"datePublished":"2022-12-26T07:08:38+00:00","dateModified":"2022-12-26T07:08:38+00:00","breadcrumb":{"@id":"https:\/\/www.vkpakmachine.com\/lv\/faq\/#breadcrumb"},"inLanguage":"vi","potentialAction":[{"@type":"ReadAction","target":["https:\/\/www.vkpakmachine.com\/lv\/faq\/"]}]},{"@type":"BreadcrumbList","@id":"https:\/\/www.vkpakmachine.com\/lv\/faq\/#breadcrumb","itemListElement":[{"@type":"ListItem","position":1,"name":"Home","item":"https:\/\/www.vkpakmachine.com\/lv\/"},{"@type":"ListItem","position":2,"name":"FAQ"}]},{"@type":"WebSite","@id":"https:\/\/www.vkpakmachine.com\/lv\/#website","url":"https:\/\/www.vkpakmachine.com\/lv\/","name":"VKPAK","description":"","publisher":{"@id":"https:\/\/www.vkpakmachine.com\/lv\/#organization"},"potentialAction":[{"@type":"SearchAction","target":{"@type":"EntryPoint","urlTemplate":"https:\/\/www.vkpakmachine.com\/lv\/?s={search_term_string}"},"query-input":"required name=search_term_string"}],"inLanguage":"vi"},{"@type":"Organization","@id":"https:\/\/www.vkpakmachine.com\/lv\/#organization","name":"VKPAK","url":"https:\/\/www.vkpakmachine.com\/lv\/","logo":{"@type":"ImageObject","inLanguage":"vi","@id":"https:\/\/www.vkpakmachine.com\/lv\/#\/schema\/logo\/image\/","url":"https:\/\/www.vkpakmachine.com\/wp-content\/uploads\/Logo.png","contentUrl":"https:\/\/www.vkpakmachine.com\/wp-content\/uploads\/Logo.png","width":300,"height":57,"caption":"VKPAK"},"image":{"@id":"https:\/\/www.vkpakmachine.com\/lv\/#\/schema\/logo\/image\/"}}]}},"_links":{"self":[{"href":"https:\/\/www.vkpakmachine.com\/vi\/wp-json\/wp\/v2\/pages\/2414"}],"collection":[{"href":"https:\/\/www.vkpakmachine.com\/vi\/wp-json\/wp\/v2\/pages"}],"about":[{"href":"https:\/\/www.vkpakmachine.com\/vi\/wp-json\/wp\/v2\/types\/page"}],"author":[{"embeddable":true,"href":"https:\/\/www.vkpakmachine.com\/vi\/wp-json\/wp\/v2\/users\/1"}],"replies":[{"embeddable":true,"href":"https:\/\/www.vkpakmachine.com\/vi\/wp-json\/wp\/v2\/comments?post=2414"}],"version-history":[{"count":0,"href":"https:\/\/www.vkpakmachine.com\/vi\/wp-json\/wp\/v2\/pages\/2414\/revisions"}],"wp:attachment":[{"href":"https:\/\/www.vkpakmachine.com\/vi\/wp-json\/wp\/v2\/media?parent=2414"}],"curies":[{"name":"wp","href":"https:\/\/api.w.org\/{rel}","templated":true}]}}