{"id":2385,"date":"2022-12-26T07:00:59","date_gmt":"2022-12-26T07:00:59","guid":{"rendered":"https:\/\/www.vkpakmachine.com\/?page_id=2385"},"modified":"2025-03-06T11:54:11","modified_gmt":"2025-03-06T11:54:11","slug":"customers","status":"publish","type":"page","link":"https:\/\/www.vkpakmachine.com\/vi\/customers\/","title":{"rendered":"Kh\u00e1ch h\u00e0ng"},"content":{"rendered":"<p>S\u1ea3n ph\u1ea9m c\u1ee7a ch\u00fang t\u00f4i \u0111\u01b0\u1ee3c xu\u1ea5t kh\u1ea9u sang nhi\u1ec1u qu\u1ed1c gia v\u00e0 khu v\u1ef1c nh\u01b0 H\u00e0n Qu\u1ed1c, Pakistan, Th\u00e1i Lan, Nh\u1eadt B\u1ea3n, \u0110an M\u1ea1ch, Nga, Nam Phi, Nigeria, M\u1ef9, \u00dac, Canada, v.v. S\u1ed1 l\u01b0\u1ee3ng kh\u00e1ch h\u00e0ng l\u00ean t\u1edbi 1000.<br \/>\n<div class=\"su-custom-gallery su-custom-gallery-title-always su-lightbox-gallery\"><div class=\"su-custom-gallery-slide\"><a href=\"https:\/\/www.vkpakmachine.com\/wp-content\/uploads\/Australian-Customers.jpg\" target=\"_blank\" title=\"Kh\u00e1ch h\u00e0ng \u00dac\"><img loading=\"lazy\" decoding=\"async\" src=\"https:\/\/www.vkpakmachine.com\/wp-content\/uploads\/Australian-Customers-380x290.jpg\" alt=\"Kh\u00e1ch h\u00e0ng \u00dac\" width=\"380\" height=\"290\" \/><span class=\"su-custom-gallery-title\">Kh\u00e1ch h\u00e0ng \u00dac<\/span><\/a><\/div><div class=\"su-custom-gallery-slide\"><a href=\"https:\/\/www.vkpakmachine.com\/wp-content\/uploads\/India-Customers-2.jpg\" target=\"_blank\" title=\"Kh\u00e1ch h\u00e0ng \u1ea4n \u0110\u1ed9\"><img loading=\"lazy\" decoding=\"async\" src=\"https:\/\/www.vkpakmachine.com\/wp-content\/uploads\/India-Customers-2-380x290.jpg\" alt=\"Kh\u00e1ch h\u00e0ng \u1ea4n \u0110\u1ed9\" width=\"380\" height=\"290\" \/><span class=\"su-custom-gallery-title\">Kh\u00e1ch h\u00e0ng \u1ea4n \u0110\u1ed9<\/span><\/a><\/div><div class=\"su-custom-gallery-slide\"><a href=\"https:\/\/www.vkpakmachine.com\/wp-content\/uploads\/Mexican-Customers.jpg\" target=\"_blank\" title=\"Kh\u00e1ch h\u00e0ng Mexico\"><img loading=\"lazy\" decoding=\"async\" src=\"https:\/\/www.vkpakmachine.com\/wp-content\/uploads\/Mexican-Customers-380x290.jpg\" alt=\"Kh\u00e1ch h\u00e0ng Mexico\" width=\"380\" height=\"290\" \/><span class=\"su-custom-gallery-title\">Kh\u00e1ch h\u00e0ng Mexico<\/span><\/a><\/div><div class=\"su-custom-gallery-slide\"><a href=\"https:\/\/www.vkpakmachine.com\/wp-content\/uploads\/Hong-Kong-China-Customers-2.jpg\" target=\"_blank\" title=\"Kh\u00e1ch h\u00e0ng H\u1ed3ng K\u00f4ng, Trung Qu\u1ed1c\"><img loading=\"lazy\" decoding=\"async\" src=\"https:\/\/www.vkpakmachine.com\/wp-content\/uploads\/Hong-Kong-China-Customers-2-380x290.jpg\" alt=\"Kh\u00e1ch h\u00e0ng H\u1ed3ng K\u00f4ng, Trung Qu\u1ed1c\" width=\"380\" height=\"290\" \/><span class=\"su-custom-gallery-title\">Kh\u00e1ch h\u00e0ng H\u1ed3ng K\u00f4ng, Trung Qu\u1ed1c<\/span><\/a><\/div><div class=\"su-custom-gallery-slide\"><a href=\"https:\/\/www.vkpakmachine.com\/wp-content\/uploads\/USA-Customers-2.jpg\" target=\"_blank\" title=\"Kh\u00e1ch h\u00e0ng Hoa K\u1ef3\"><img loading=\"lazy\" decoding=\"async\" src=\"https:\/\/www.vkpakmachine.com\/wp-content\/uploads\/USA-Customers-2-380x290.jpg\" alt=\"Kh\u00e1ch h\u00e0ng Hoa K\u1ef3\" width=\"380\" height=\"290\" \/><span class=\"su-custom-gallery-title\">Kh\u00e1ch h\u00e0ng Hoa K\u1ef3<\/span><\/a><\/div><div class=\"su-custom-gallery-slide\"><a href=\"https:\/\/www.vkpakmachine.com\/wp-content\/uploads\/UK-Customers-2.jpg\" target=\"_blank\" title=\"Kh\u00e1ch h\u00e0ng t\u1ea1i V\u01b0\u01a1ng qu\u1ed1c Anh\"><img loading=\"lazy\" decoding=\"async\" src=\"https:\/\/www.vkpakmachine.com\/wp-content\/uploads\/UK-Customers-2-380x290.jpg\" alt=\"Kh\u00e1ch h\u00e0ng t\u1ea1i V\u01b0\u01a1ng qu\u1ed1c Anh\" width=\"380\" height=\"290\" \/><span class=\"su-custom-gallery-title\">Kh\u00e1ch h\u00e0ng t\u1ea1i V\u01b0\u01a1ng qu\u1ed1c Anh<\/span><\/a><\/div><div class=\"su-custom-gallery-slide\"><a href=\"https:\/\/www.vkpakmachine.com\/wp-content\/uploads\/Iranian-Customers.jpg\" target=\"_blank\" title=\"Kh\u00e1ch h\u00e0ng Iran\"><img loading=\"lazy\" decoding=\"async\" src=\"https:\/\/www.vkpakmachine.com\/wp-content\/uploads\/Iranian-Customers-380x290.jpg\" alt=\"Kh\u00e1ch h\u00e0ng Iran\" width=\"380\" height=\"290\" \/><span class=\"su-custom-gallery-title\">Kh\u00e1ch h\u00e0ng Iran<\/span><\/a><\/div><div class=\"su-custom-gallery-slide\"><a href=\"https:\/\/www.vkpakmachine.com\/wp-content\/uploads\/USA-Customers.jpg\" target=\"_blank\" title=\"Kh\u00e1ch h\u00e0ng Hoa K\u1ef3\"><img loading=\"lazy\" decoding=\"async\" src=\"https:\/\/www.vkpakmachine.com\/wp-content\/uploads\/USA-Customers-380x290.jpg\" alt=\"Kh\u00e1ch h\u00e0ng Hoa K\u1ef3\" width=\"380\" height=\"290\" \/><span class=\"su-custom-gallery-title\">Kh\u00e1ch h\u00e0ng Hoa K\u1ef3<\/span><\/a><\/div><div class=\"su-custom-gallery-slide\"><a href=\"https:\/\/www.vkpakmachine.com\/wp-content\/uploads\/UK-Customers.jpg\" target=\"_blank\" title=\"Kh\u00e1ch h\u00e0ng t\u1ea1i V\u01b0\u01a1ng qu\u1ed1c Anh\"><img loading=\"lazy\" decoding=\"async\" src=\"https:\/\/www.vkpakmachine.com\/wp-content\/uploads\/UK-Customers-380x290.jpg\" alt=\"Kh\u00e1ch h\u00e0ng t\u1ea1i V\u01b0\u01a1ng qu\u1ed1c Anh\" width=\"380\" height=\"290\" \/><span class=\"su-custom-gallery-title\">Kh\u00e1ch h\u00e0ng t\u1ea1i V\u01b0\u01a1ng qu\u1ed1c Anh<\/span><\/a><\/div><div class=\"su-custom-gallery-slide\"><a href=\"https:\/\/www.vkpakmachine.com\/wp-content\/uploads\/India-Customers.jpg\" target=\"_blank\" title=\"Kh\u00e1ch h\u00e0ng \u1ea4n \u0110\u1ed9\"><img loading=\"lazy\" decoding=\"async\" src=\"https:\/\/www.vkpakmachine.com\/wp-content\/uploads\/India-Customers-380x290.jpg\" alt=\"Kh\u00e1ch h\u00e0ng \u1ea4n \u0110\u1ed9\" width=\"380\" height=\"290\" \/><span class=\"su-custom-gallery-title\">Kh\u00e1ch h\u00e0ng \u1ea4n \u0110\u1ed9<\/span><\/a><\/div><div class=\"su-custom-gallery-slide\"><a href=\"https:\/\/www.vkpakmachine.com\/wp-content\/uploads\/Hong-Kong-China-Customers.jpg\" target=\"_blank\" title=\"Kh\u00e1ch h\u00e0ng H\u1ed3ng K\u00f4ng, Trung Qu\u1ed1c\"><img loading=\"lazy\" decoding=\"async\" src=\"https:\/\/www.vkpakmachine.com\/wp-content\/uploads\/Hong-Kong-China-Customers-380x290.jpg\" alt=\"Kh\u00e1ch h\u00e0ng H\u1ed3ng K\u00f4ng, Trung Qu\u1ed1c\" width=\"380\" height=\"290\" \/><span class=\"su-custom-gallery-title\">Kh\u00e1ch h\u00e0ng H\u1ed3ng K\u00f4ng, Trung Qu\u1ed1c<\/span><\/a><\/div><div class=\"su-clear\"><\/div><\/div>","protected":false},"excerpt":{"rendered":"<p>S\u1ea3n ph\u1ea9m c\u1ee7a ch\u00fang t\u00f4i \u0111\u01b0\u1ee3c xu\u1ea5t kh\u1ea9u sang nhi\u1ec1u qu\u1ed1c gia v\u00e0 khu v\u1ef1c nh\u01b0 H\u00e0n Qu\u1ed1c, Pakistan, Th\u00e1i Lan, Nh\u1eadt B\u1ea3n, \u0110an M\u1ea1ch, Nga, Nam Phi, Nigeria, M\u1ef9, \u00dac, Canada, v.v. S\u1ed1 l\u01b0\u1ee3ng kh\u00e1ch h\u00e0ng l\u00ean t\u1edbi 1000.<\/p>","protected":false},"author":1,"featured_media":0,"parent":0,"menu_order":0,"comment_status":"closed","ping_status":"closed","template":"","meta":{"footnotes":""},"yoast_head":"<!-- This site is optimized with the Yoast SEO plugin v22.5 - https:\/\/yoast.com\/wordpress\/plugins\/seo\/ -->\n<title>Customers - VKPAK<\/title>\n<meta name=\"robots\" content=\"index, follow, max-snippet:-1, max-image-preview:large, max-video-preview:-1\" \/>\n<link rel=\"canonical\" href=\"https:\/\/www.vkpakmachine.com\/vi\/customers\/\" \/>\n<script type=\"application\/ld+json\" class=\"yoast-schema-graph\">{\"@context\":\"https:\/\/schema.org\",\"@graph\":[{\"@type\":\"WebPage\",\"@id\":\"https:\/\/www.vkpakmachine.com\/customers\/\",\"url\":\"https:\/\/www.vkpakmachine.com\/customers\/\",\"name\":\"Customers - VKPAK\",\"isPartOf\":{\"@id\":\"https:\/\/www.vkpakmachine.com\/lv\/#website\"},\"datePublished\":\"2022-12-26T07:00:59+00:00\",\"dateModified\":\"2025-03-06T11:54:11+00:00\",\"breadcrumb\":{\"@id\":\"https:\/\/www.vkpakmachine.com\/customers\/#breadcrumb\"},\"inLanguage\":\"vi\",\"potentialAction\":[{\"@type\":\"ReadAction\",\"target\":[\"https:\/\/www.vkpakmachine.com\/customers\/\"]}]},{\"@type\":\"BreadcrumbList\",\"@id\":\"https:\/\/www.vkpakmachine.com\/customers\/#breadcrumb\",\"itemListElement\":[{\"@type\":\"ListItem\",\"position\":1,\"name\":\"Home\",\"item\":\"https:\/\/www.vkpakmachine.com\/lv\/\"},{\"@type\":\"ListItem\",\"position\":2,\"name\":\"Customers\"}]},{\"@type\":\"WebSite\",\"@id\":\"https:\/\/www.vkpakmachine.com\/lv\/#website\",\"url\":\"https:\/\/www.vkpakmachine.com\/lv\/\",\"name\":\"VKPAK\",\"description\":\"\",\"publisher\":{\"@id\":\"https:\/\/www.vkpakmachine.com\/lv\/#organization\"},\"potentialAction\":[{\"@type\":\"SearchAction\",\"target\":{\"@type\":\"EntryPoint\",\"urlTemplate\":\"https:\/\/www.vkpakmachine.com\/lv\/?s={search_term_string}\"},\"query-input\":\"required name=search_term_string\"}],\"inLanguage\":\"vi\"},{\"@type\":\"Organization\",\"@id\":\"https:\/\/www.vkpakmachine.com\/lv\/#organization\",\"name\":\"VKPAK\",\"url\":\"https:\/\/www.vkpakmachine.com\/lv\/\",\"logo\":{\"@type\":\"ImageObject\",\"inLanguage\":\"vi\",\"@id\":\"https:\/\/www.vkpakmachine.com\/lv\/#\/schema\/logo\/image\/\",\"url\":\"https:\/\/www.vkpakmachine.com\/wp-content\/uploads\/Logo.png\",\"contentUrl\":\"https:\/\/www.vkpakmachine.com\/wp-content\/uploads\/Logo.png\",\"width\":300,\"height\":57,\"caption\":\"VKPAK\"},\"image\":{\"@id\":\"https:\/\/www.vkpakmachine.com\/lv\/#\/schema\/logo\/image\/\"}}]}<\/script>\n<!-- \/ Yoast SEO plugin. -->","yoast_head_json":{"title":"Customers - VKPAK","robots":{"index":"index","follow":"follow","max-snippet":"max-snippet:-1","max-image-preview":"max-image-preview:large","max-video-preview":"max-video-preview:-1"},"canonical":"https:\/\/www.vkpakmachine.com\/vi\/customers\/","schema":{"@context":"https:\/\/schema.org","@graph":[{"@type":"WebPage","@id":"https:\/\/www.vkpakmachine.com\/customers\/","url":"https:\/\/www.vkpakmachine.com\/customers\/","name":"Customers - VKPAK","isPartOf":{"@id":"https:\/\/www.vkpakmachine.com\/lv\/#website"},"datePublished":"2022-12-26T07:00:59+00:00","dateModified":"2025-03-06T11:54:11+00:00","breadcrumb":{"@id":"https:\/\/www.vkpakmachine.com\/customers\/#breadcrumb"},"inLanguage":"vi","potentialAction":[{"@type":"ReadAction","target":["https:\/\/www.vkpakmachine.com\/customers\/"]}]},{"@type":"BreadcrumbList","@id":"https:\/\/www.vkpakmachine.com\/customers\/#breadcrumb","itemListElement":[{"@type":"ListItem","position":1,"name":"Home","item":"https:\/\/www.vkpakmachine.com\/lv\/"},{"@type":"ListItem","position":2,"name":"Customers"}]},{"@type":"WebSite","@id":"https:\/\/www.vkpakmachine.com\/lv\/#website","url":"https:\/\/www.vkpakmachine.com\/lv\/","name":"VKPAK","description":"","publisher":{"@id":"https:\/\/www.vkpakmachine.com\/lv\/#organization"},"potentialAction":[{"@type":"SearchAction","target":{"@type":"EntryPoint","urlTemplate":"https:\/\/www.vkpakmachine.com\/lv\/?s={search_term_string}"},"query-input":"required name=search_term_string"}],"inLanguage":"vi"},{"@type":"Organization","@id":"https:\/\/www.vkpakmachine.com\/lv\/#organization","name":"VKPAK","url":"https:\/\/www.vkpakmachine.com\/lv\/","logo":{"@type":"ImageObject","inLanguage":"vi","@id":"https:\/\/www.vkpakmachine.com\/lv\/#\/schema\/logo\/image\/","url":"https:\/\/www.vkpakmachine.com\/wp-content\/uploads\/Logo.png","contentUrl":"https:\/\/www.vkpakmachine.com\/wp-content\/uploads\/Logo.png","width":300,"height":57,"caption":"VKPAK"},"image":{"@id":"https:\/\/www.vkpakmachine.com\/lv\/#\/schema\/logo\/image\/"}}]}},"_links":{"self":[{"href":"https:\/\/www.vkpakmachine.com\/vi\/wp-json\/wp\/v2\/pages\/2385"}],"collection":[{"href":"https:\/\/www.vkpakmachine.com\/vi\/wp-json\/wp\/v2\/pages"}],"about":[{"href":"https:\/\/www.vkpakmachine.com\/vi\/wp-json\/wp\/v2\/types\/page"}],"author":[{"embeddable":true,"href":"https:\/\/www.vkpakmachine.com\/vi\/wp-json\/wp\/v2\/users\/1"}],"replies":[{"embeddable":true,"href":"https:\/\/www.vkpakmachine.com\/vi\/wp-json\/wp\/v2\/comments?post=2385"}],"version-history":[{"count":2,"href":"https:\/\/www.vkpakmachine.com\/vi\/wp-json\/wp\/v2\/pages\/2385\/revisions"}],"predecessor-version":[{"id":6547,"href":"https:\/\/www.vkpakmachine.com\/vi\/wp-json\/wp\/v2\/pages\/2385\/revisions\/6547"}],"wp:attachment":[{"href":"https:\/\/www.vkpakmachine.com\/vi\/wp-json\/wp\/v2\/media?parent=2385"}],"curies":[{"name":"wp","href":"https:\/\/api.w.org\/{rel}","templated":true}]}}