{"id":2426,"date":"2022-12-26T07:11:57","date_gmt":"2022-12-26T07:11:57","guid":{"rendered":"https:\/\/www.vkpakmachine.com\/?page_id=2426"},"modified":"2022-12-26T07:11:57","modified_gmt":"2022-12-26T07:11:57","slug":"service","status":"publish","type":"page","link":"https:\/\/www.vkpakmachine.com\/tr\/service\/","title":{"rendered":"Hizmet"},"content":{"rendered":"<h3>E\u011fitim:<\/h3>\n<p>Makine e\u011fitim sistemi sunuyoruz; m\u00fc\u015fteri fabrikam\u0131zda veya m\u00fc\u015fteri at\u00f6lyesinde e\u011fitimi se\u00e7ebilir. Normal antrenman g\u00fcnleri 3-5 g\u00fcnd\u00fcr.<\/p>\n<p>M\u00fc\u015fteriye kullan\u0131m k\u0131lavuzu sunuyoruz.<\/p>\n<p>M\u00fc\u015fteriye e\u011fitim videosu ve makine \u00e7al\u0131\u015fma videosu sunuyoruz.<\/p>\n<p>M\u00fc\u015fteri makineyi nas\u0131l \u00e7al\u0131\u015ft\u0131raca\u011f\u0131n\u0131 ve kullanaca\u011f\u0131n\u0131 bilmiyorsa uzaktan kumanda hizmeti sunuyoruz.<\/p>\n<h3>Kurulum:<\/h3>\n<p>Talep edilmesi halinde, ekipman\u0131n kurulumunu ve hata ay\u0131klamas\u0131n\u0131 al\u0131c\u0131n\u0131n yerine ger\u00e7ekle\u015ftirmek \u00fczere m\u00fchendisler g\u00f6nderece\u011fiz. M\u00fchendisler i\u00e7in uluslararas\u0131 \u00e7ift y\u00f6n u\u00e7ak biletleri, konaklama, yiyecek ve ula\u015f\u0131m masraflar\u0131 ile t\u0131bbi masraflar Al\u0131c\u0131 taraf\u0131ndan \u00f6denecektir. Al\u0131c\u0131, Tedarik\u00e7inin m\u00fchendisiyle tam i\u015fbirli\u011fi yapacak ve t\u00fcm kurulum ko\u015fullar\u0131n\u0131 \u00e7al\u0131\u015fmaya haz\u0131r hale getirecektir.<\/p>\n<h3>Garanti:<\/h3>\n<p>\u00dcretici, mallar\u0131n \u00dcreticinin en iyi malzemelerinden yap\u0131ld\u0131\u011f\u0131n\u0131 garanti edecektir. Sat\u0131lan makine bir y\u0131l i\u00e7inde garanti edilecektir; garanti y\u0131l\u0131 i\u00e7inde, tedarik\u00e7inin kalite sorunu nedeniyle k\u0131r\u0131lan yedek par\u00e7alar m\u00fc\u015fteriye \u00fccretsiz olarak temin edilecektir; koli a\u011f\u0131rl\u0131\u011f\u0131 500 gramdan fazla ise m\u00fc\u015fteri navlun bedelini \u00f6demelidir.<\/p>\n<h3>Sat\u0131\u015f Sonras\u0131 Montaj Makinalar\u0131<\/h3>\n<div class=\"su-custom-gallery su-custom-gallery-title-hover su-lightbox-gallery\"><div class=\"su-custom-gallery-slide\"><a href=\"https:\/\/www.vkpakmachine.com\/wp-content\/uploads\/After-sales-installation-machinery-2.jpg\" title=\"Sat\u0131\u015f sonras\u0131 kurulum makineleri\"><img loading=\"lazy\" decoding=\"async\" src=\"https:\/\/www.vkpakmachine.com\/wp-content\/uploads\/After-sales-installation-machinery-2-380x250.jpg\" alt=\"Sat\u0131\u015f sonras\u0131 kurulum makineleri\" width=\"380\" height=\"250\" \/><span class=\"su-custom-gallery-title\">Sat\u0131\u015f sonras\u0131 kurulum makineleri<\/span><\/a><\/div><div class=\"su-custom-gallery-slide\"><a href=\"https:\/\/www.vkpakmachine.com\/wp-content\/uploads\/After-sales-installation-machinery-3.jpg\" title=\"Sat\u0131\u015f sonras\u0131 kurulum makineleri\"><img loading=\"lazy\" decoding=\"async\" src=\"https:\/\/www.vkpakmachine.com\/wp-content\/uploads\/After-sales-installation-machinery-3-380x250.jpg\" alt=\"Sat\u0131\u015f sonras\u0131 kurulum makineleri\" width=\"380\" height=\"250\" \/><span class=\"su-custom-gallery-title\">Sat\u0131\u015f sonras\u0131 kurulum makineleri<\/span><\/a><\/div><div class=\"su-custom-gallery-slide\"><a href=\"https:\/\/www.vkpakmachine.com\/wp-content\/uploads\/After-sales-installation-machinery.jpg\" title=\"Sat\u0131\u015f sonras\u0131 kurulum makineleri\"><img loading=\"lazy\" decoding=\"async\" src=\"https:\/\/www.vkpakmachine.com\/wp-content\/uploads\/After-sales-installation-machinery-380x250.jpg\" alt=\"Sat\u0131\u015f sonras\u0131 kurulum makineleri\" width=\"380\" height=\"250\" \/><span class=\"su-custom-gallery-title\">Sat\u0131\u015f sonras\u0131 kurulum makineleri<\/span><\/a><\/div><div class=\"su-clear\"><\/div><\/div>","protected":false},"excerpt":{"rendered":"<p>E\u011fitim: Makine e\u011fitim sistemi sunuyoruz, m\u00fc\u015fteri fabrikam\u0131zda veya m\u00fc\u015fteri at\u00f6lyesinde e\u011fitimi se\u00e7ebilir. Normal antrenman g\u00fcnleri 3-5 g\u00fcnd\u00fcr. M\u00fc\u015fteriye kullan\u0131m k\u0131lavuzu sunuyoruz. E\u011fitim videosu ve makine \u00e7al\u0131\u015fma videosunu sunuyoruz\u2026&nbsp;<a href=\"https:\/\/www.vkpakmachine.com\/tr\/service\/\" class=\"more-link\">Devam\u0131n\u0131 oku<\/a><\/p>","protected":false},"author":1,"featured_media":0,"parent":0,"menu_order":0,"comment_status":"closed","ping_status":"closed","template":"","meta":{"footnotes":""},"yoast_head":"<!-- This site is optimized with the Yoast SEO plugin v22.5 - https:\/\/yoast.com\/wordpress\/plugins\/seo\/ -->\n<title>Service - VKPAK<\/title>\n<meta name=\"robots\" content=\"index, follow, max-snippet:-1, max-image-preview:large, max-video-preview:-1\" \/>\n<link rel=\"canonical\" href=\"https:\/\/www.vkpakmachine.com\/tr\/service\/\" \/>\n<script type=\"application\/ld+json\" class=\"yoast-schema-graph\">{\"@context\":\"https:\/\/schema.org\",\"@graph\":[{\"@type\":\"WebPage\",\"@id\":\"https:\/\/www.vkpakmachine.com\/lt\/service\/\",\"url\":\"https:\/\/www.vkpakmachine.com\/lt\/service\/\",\"name\":\"Service - VKPAK\",\"isPartOf\":{\"@id\":\"https:\/\/www.vkpakmachine.com\/lv\/#website\"},\"datePublished\":\"2022-12-26T07:11:57+00:00\",\"dateModified\":\"2022-12-26T07:11:57+00:00\",\"breadcrumb\":{\"@id\":\"https:\/\/www.vkpakmachine.com\/lt\/service\/#breadcrumb\"},\"inLanguage\":\"tr\",\"potentialAction\":[{\"@type\":\"ReadAction\",\"target\":[\"https:\/\/www.vkpakmachine.com\/lt\/service\/\"]}]},{\"@type\":\"BreadcrumbList\",\"@id\":\"https:\/\/www.vkpakmachine.com\/lt\/service\/#breadcrumb\",\"itemListElement\":[{\"@type\":\"ListItem\",\"position\":1,\"name\":\"Home\",\"item\":\"https:\/\/www.vkpakmachine.com\/lv\/\"},{\"@type\":\"ListItem\",\"position\":2,\"name\":\"Service\"}]},{\"@type\":\"WebSite\",\"@id\":\"https:\/\/www.vkpakmachine.com\/lv\/#website\",\"url\":\"https:\/\/www.vkpakmachine.com\/lv\/\",\"name\":\"VKPAK\",\"description\":\"\",\"publisher\":{\"@id\":\"https:\/\/www.vkpakmachine.com\/lv\/#organization\"},\"potentialAction\":[{\"@type\":\"SearchAction\",\"target\":{\"@type\":\"EntryPoint\",\"urlTemplate\":\"https:\/\/www.vkpakmachine.com\/lv\/?s={search_term_string}\"},\"query-input\":\"required name=search_term_string\"}],\"inLanguage\":\"tr\"},{\"@type\":\"Organization\",\"@id\":\"https:\/\/www.vkpakmachine.com\/lv\/#organization\",\"name\":\"VKPAK\",\"url\":\"https:\/\/www.vkpakmachine.com\/lv\/\",\"logo\":{\"@type\":\"ImageObject\",\"inLanguage\":\"tr\",\"@id\":\"https:\/\/www.vkpakmachine.com\/lv\/#\/schema\/logo\/image\/\",\"url\":\"https:\/\/www.vkpakmachine.com\/wp-content\/uploads\/Logo.png\",\"contentUrl\":\"https:\/\/www.vkpakmachine.com\/wp-content\/uploads\/Logo.png\",\"width\":300,\"height\":57,\"caption\":\"VKPAK\"},\"image\":{\"@id\":\"https:\/\/www.vkpakmachine.com\/lv\/#\/schema\/logo\/image\/\"}}]}<\/script>\n<!-- \/ Yoast SEO plugin. -->","yoast_head_json":{"title":"Service - VKPAK","robots":{"index":"index","follow":"follow","max-snippet":"max-snippet:-1","max-image-preview":"max-image-preview:large","max-video-preview":"max-video-preview:-1"},"canonical":"https:\/\/www.vkpakmachine.com\/tr\/service\/","schema":{"@context":"https:\/\/schema.org","@graph":[{"@type":"WebPage","@id":"https:\/\/www.vkpakmachine.com\/lt\/service\/","url":"https:\/\/www.vkpakmachine.com\/lt\/service\/","name":"Service - VKPAK","isPartOf":{"@id":"https:\/\/www.vkpakmachine.com\/lv\/#website"},"datePublished":"2022-12-26T07:11:57+00:00","dateModified":"2022-12-26T07:11:57+00:00","breadcrumb":{"@id":"https:\/\/www.vkpakmachine.com\/lt\/service\/#breadcrumb"},"inLanguage":"tr","potentialAction":[{"@type":"ReadAction","target":["https:\/\/www.vkpakmachine.com\/lt\/service\/"]}]},{"@type":"BreadcrumbList","@id":"https:\/\/www.vkpakmachine.com\/lt\/service\/#breadcrumb","itemListElement":[{"@type":"ListItem","position":1,"name":"Home","item":"https:\/\/www.vkpakmachine.com\/lv\/"},{"@type":"ListItem","position":2,"name":"Service"}]},{"@type":"WebSite","@id":"https:\/\/www.vkpakmachine.com\/lv\/#website","url":"https:\/\/www.vkpakmachine.com\/lv\/","name":"VKPAK","description":"","publisher":{"@id":"https:\/\/www.vkpakmachine.com\/lv\/#organization"},"potentialAction":[{"@type":"SearchAction","target":{"@type":"EntryPoint","urlTemplate":"https:\/\/www.vkpakmachine.com\/lv\/?s={search_term_string}"},"query-input":"required name=search_term_string"}],"inLanguage":"tr"},{"@type":"Organization","@id":"https:\/\/www.vkpakmachine.com\/lv\/#organization","name":"VKPAK","url":"https:\/\/www.vkpakmachine.com\/lv\/","logo":{"@type":"ImageObject","inLanguage":"tr","@id":"https:\/\/www.vkpakmachine.com\/lv\/#\/schema\/logo\/image\/","url":"https:\/\/www.vkpakmachine.com\/wp-content\/uploads\/Logo.png","contentUrl":"https:\/\/www.vkpakmachine.com\/wp-content\/uploads\/Logo.png","width":300,"height":57,"caption":"VKPAK"},"image":{"@id":"https:\/\/www.vkpakmachine.com\/lv\/#\/schema\/logo\/image\/"}}]}},"_links":{"self":[{"href":"https:\/\/www.vkpakmachine.com\/tr\/wp-json\/wp\/v2\/pages\/2426"}],"collection":[{"href":"https:\/\/www.vkpakmachine.com\/tr\/wp-json\/wp\/v2\/pages"}],"about":[{"href":"https:\/\/www.vkpakmachine.com\/tr\/wp-json\/wp\/v2\/types\/page"}],"author":[{"embeddable":true,"href":"https:\/\/www.vkpakmachine.com\/tr\/wp-json\/wp\/v2\/users\/1"}],"replies":[{"embeddable":true,"href":"https:\/\/www.vkpakmachine.com\/tr\/wp-json\/wp\/v2\/comments?post=2426"}],"version-history":[{"count":0,"href":"https:\/\/www.vkpakmachine.com\/tr\/wp-json\/wp\/v2\/pages\/2426\/revisions"}],"wp:attachment":[{"href":"https:\/\/www.vkpakmachine.com\/tr\/wp-json\/wp\/v2\/media?parent=2426"}],"curies":[{"name":"wp","href":"https:\/\/api.w.org\/{rel}","templated":true}]}}