{"id":2424,"date":"2022-12-26T07:10:39","date_gmt":"2022-12-26T07:10:39","guid":{"rendered":"https:\/\/www.vkpakmachine.com\/?page_id=2424"},"modified":"2022-12-26T07:10:39","modified_gmt":"2022-12-26T07:10:39","slug":"quality-control","status":"publish","type":"page","link":"https:\/\/www.vkpakmachine.com\/tr\/quality-control\/","title":{"rendered":"Kalite kontrol"},"content":{"rendered":"<h2><strong>Kalite g\u00fcvencesi<\/strong><\/h2>\n<hr \/>\n<p>1, \u015eirketimiz taraf\u0131ndan tedarik edilen ekipman\u0131n garantisi, en son tasar\u0131m ve uygun malzeme kullan\u0131larak yap\u0131lm\u0131\u015f, kullan\u0131lmam\u0131\u015f yeni bir ekipmand\u0131r ve s\u00f6zle\u015fmede \u00f6ng\u00f6r\u00fclen kalite spesifikasyonlar\u0131n\u0131 ve performans\u0131 her bak\u0131mdan kar\u015f\u0131lar.<\/p>\n<p>2, \u00dcr\u00fcn teknik performans g\u00f6stergelerine ula\u015fmak i\u00e7in kurulum ve hata ay\u0131klamadan 3 g\u00fcn sonra t\u00fcm sistem \u00e7al\u0131\u015fmas\u0131nda do\u011fru rehberlik sonras\u0131nda ekipman taraf\u0131ndan sa\u011flanan \u015firket garantisi.<\/p>\n<p>3, Firmam\u0131z garanti kapsam\u0131nda s\u00f6zle\u015fmede \u00f6ng\u00f6r\u00fclen kalite garanti s\u00fcresi i\u00e7erisinde, ekipman tedariki i\u00e7in tasar\u0131m s\u00fcrecinde imalat montaj hata ay\u0131klama veya malzeme kusurlar\u0131ndan ve \u00fcretim hatt\u0131ndaki her t\u00fcrl\u00fc kusur ve hasardan sat\u0131c\u0131n\u0131n sorumlulu\u011fundad\u0131r.<\/p>\n<p>4, Kabulden sonra 12 ay boyunca \u00fcretim hatt\u0131 i\u00e7in t\u00fcm makine kalite garanti s\u00fcresi. Kalite garanti s\u00fcresi i\u00e7erisinde mal\u0131n kalitesinin veya \u015fartnamesine uygun olmad\u0131\u011f\u0131n\u0131n ve s\u00f6zle\u015fme h\u00fck\u00fcmlerine uygun olmad\u0131\u011f\u0131n\u0131n tespiti veya mal\u0131n ay\u0131pl\u0131 oldu\u011funun (potansiyel kusurlar veya standartlar\u0131n alt\u0131nda malzeme kullan\u0131m\u0131 vb. dahil) kan\u0131tlanmas\u0131 halinde, Al\u0131c\u0131, sat\u0131c\u0131n\u0131n ortaya koydu\u011fu kalite garanti s\u00fcresi i\u00e7erisinde mal\u0131n hukuk departman\u0131 taraf\u0131ndan d\u00fczenlenen muayene sertifikas\u0131na g\u00f6re hak kazan\u0131r.<\/p>\n<p>5, \u015eirket, tedarik edilen ekipman\u0131n mekanik \u00f6zelliklerine ili\u015fkin \u00fcr\u00fcn\u00fcn kalitesine ve \u00fcr\u00fcn t\u00fcketim endeksinin garantisine ba\u011fl\u0131d\u0131r.<\/p>\n<h2><strong>Garanti<\/strong><\/h2>\n<hr \/>\n<p>1, Ekipman kabul\u00fcnden sonra, sat\u0131c\u0131dan kaynaklanan par\u00e7a ve bile\u015fen kusurlar\u0131 i\u00e7in 12 ay garanti, garanti s\u00fcresi ve zaman\u0131nda ve etkili hizmet i\u00e7in \u00fccretsiz garanti sa\u011flay\u0131n.<\/p>\n<p>2, garantiden sonra, \u00f6m\u00fcr boyu yayg\u0131n olarak uygun teknik destek sat\u0131\u015f sonras\u0131 hizmet sa\u011flar.<br \/>\nSat\u0131\u015f sonras\u0131 servis: \u015eirketimizin sat\u0131\u015f sonras\u0131 servis departman\u0131n\u0131n \u00f6zel bir sat\u0131\u015f sonras\u0131 servis yard\u0131m hatt\u0131 servis telefonu vard\u0131r, personelimiz telefon kullan\u0131c\u0131s\u0131n\u0131 almaktan sorumludur, kullan\u0131c\u0131ya ilk soruda ekipmandan sonra co\u015fkulu ve ciddi bir cevap vermesini sa\u011flamak Ekipman\u0131n kabul\u00fcn\u00fc 12 ay garantili hizmet s\u00fcreciyle, profesyonel ve teknik personel taraf\u0131ndan en az bir kez rutin muayeneyi sa\u011flayaca\u011f\u0131z ve ayr\u0131nt\u0131l\u0131 muayene raporunu sunaca\u011f\u0131z, kullan\u0131c\u0131 referans\u0131 olan kullan\u0131c\u0131lar i\u00e7in bak\u0131m sonras\u0131 gereksinimleri net bir \u015fekilde ortaya koyaca\u011f\u0131z, \u015firketimiz taahh\u00fct ediyor : Kullan\u0131c\u0131 sahnesi m\u00fcmk\u00fcn olan en k\u0131sa s\u00fcrede tamir servisine g\u00f6nderilir.<\/p>","protected":false},"excerpt":{"rendered":"<p>Kalite G\u00fcvencesi 1, \u015eirketimiz taraf\u0131ndan tedarik edilen ekipman\u0131n garantisi, en son tasar\u0131m ve uygun malzeme kullan\u0131larak yap\u0131lm\u0131\u015f yeni, kullan\u0131lmam\u0131\u015f bir ekipmand\u0131r ve s\u00f6zle\u015fmede \u00f6ng\u00f6r\u00fclen kalite spesifikasyonlar\u0131n\u0131 ve performans\u0131 her a\u00e7\u0131dan kar\u015f\u0131lar. 2, \u015eirket\u2026&nbsp;<a href=\"https:\/\/www.vkpakmachine.com\/tr\/quality-control\/\" class=\"more-link\">Devam\u0131n\u0131 oku<\/a><\/p>","protected":false},"author":1,"featured_media":0,"parent":0,"menu_order":0,"comment_status":"closed","ping_status":"closed","template":"","meta":{"footnotes":""},"yoast_head":"<!-- This site is optimized with the Yoast SEO plugin v22.5 - https:\/\/yoast.com\/wordpress\/plugins\/seo\/ -->\n<title>Quality Control - VKPAK<\/title>\n<meta name=\"robots\" content=\"index, follow, max-snippet:-1, max-image-preview:large, max-video-preview:-1\" \/>\n<link rel=\"canonical\" href=\"https:\/\/www.vkpakmachine.com\/tr\/quality-control\/\" \/>\n<script type=\"application\/ld+json\" class=\"yoast-schema-graph\">{\"@context\":\"https:\/\/schema.org\",\"@graph\":[{\"@type\":\"WebPage\",\"@id\":\"https:\/\/www.vkpakmachine.com\/lt\/quality-control\/\",\"url\":\"https:\/\/www.vkpakmachine.com\/lt\/quality-control\/\",\"name\":\"Quality Control - VKPAK\",\"isPartOf\":{\"@id\":\"https:\/\/www.vkpakmachine.com\/lv\/#website\"},\"datePublished\":\"2022-12-26T07:10:39+00:00\",\"dateModified\":\"2022-12-26T07:10:39+00:00\",\"breadcrumb\":{\"@id\":\"https:\/\/www.vkpakmachine.com\/lt\/quality-control\/#breadcrumb\"},\"inLanguage\":\"tr\",\"potentialAction\":[{\"@type\":\"ReadAction\",\"target\":[\"https:\/\/www.vkpakmachine.com\/lt\/quality-control\/\"]}]},{\"@type\":\"BreadcrumbList\",\"@id\":\"https:\/\/www.vkpakmachine.com\/lt\/quality-control\/#breadcrumb\",\"itemListElement\":[{\"@type\":\"ListItem\",\"position\":1,\"name\":\"Home\",\"item\":\"https:\/\/www.vkpakmachine.com\/lv\/\"},{\"@type\":\"ListItem\",\"position\":2,\"name\":\"Quality Control\"}]},{\"@type\":\"WebSite\",\"@id\":\"https:\/\/www.vkpakmachine.com\/lv\/#website\",\"url\":\"https:\/\/www.vkpakmachine.com\/lv\/\",\"name\":\"VKPAK\",\"description\":\"\",\"publisher\":{\"@id\":\"https:\/\/www.vkpakmachine.com\/lv\/#organization\"},\"potentialAction\":[{\"@type\":\"SearchAction\",\"target\":{\"@type\":\"EntryPoint\",\"urlTemplate\":\"https:\/\/www.vkpakmachine.com\/lv\/?s={search_term_string}\"},\"query-input\":\"required name=search_term_string\"}],\"inLanguage\":\"tr\"},{\"@type\":\"Organization\",\"@id\":\"https:\/\/www.vkpakmachine.com\/lv\/#organization\",\"name\":\"VKPAK\",\"url\":\"https:\/\/www.vkpakmachine.com\/lv\/\",\"logo\":{\"@type\":\"ImageObject\",\"inLanguage\":\"tr\",\"@id\":\"https:\/\/www.vkpakmachine.com\/lv\/#\/schema\/logo\/image\/\",\"url\":\"https:\/\/www.vkpakmachine.com\/wp-content\/uploads\/Logo.png\",\"contentUrl\":\"https:\/\/www.vkpakmachine.com\/wp-content\/uploads\/Logo.png\",\"width\":300,\"height\":57,\"caption\":\"VKPAK\"},\"image\":{\"@id\":\"https:\/\/www.vkpakmachine.com\/lv\/#\/schema\/logo\/image\/\"}}]}<\/script>\n<!-- \/ Yoast SEO plugin. -->","yoast_head_json":{"title":"Quality Control - VKPAK","robots":{"index":"index","follow":"follow","max-snippet":"max-snippet:-1","max-image-preview":"max-image-preview:large","max-video-preview":"max-video-preview:-1"},"canonical":"https:\/\/www.vkpakmachine.com\/tr\/quality-control\/","schema":{"@context":"https:\/\/schema.org","@graph":[{"@type":"WebPage","@id":"https:\/\/www.vkpakmachine.com\/lt\/quality-control\/","url":"https:\/\/www.vkpakmachine.com\/lt\/quality-control\/","name":"Quality Control - VKPAK","isPartOf":{"@id":"https:\/\/www.vkpakmachine.com\/lv\/#website"},"datePublished":"2022-12-26T07:10:39+00:00","dateModified":"2022-12-26T07:10:39+00:00","breadcrumb":{"@id":"https:\/\/www.vkpakmachine.com\/lt\/quality-control\/#breadcrumb"},"inLanguage":"tr","potentialAction":[{"@type":"ReadAction","target":["https:\/\/www.vkpakmachine.com\/lt\/quality-control\/"]}]},{"@type":"BreadcrumbList","@id":"https:\/\/www.vkpakmachine.com\/lt\/quality-control\/#breadcrumb","itemListElement":[{"@type":"ListItem","position":1,"name":"Home","item":"https:\/\/www.vkpakmachine.com\/lv\/"},{"@type":"ListItem","position":2,"name":"Quality Control"}]},{"@type":"WebSite","@id":"https:\/\/www.vkpakmachine.com\/lv\/#website","url":"https:\/\/www.vkpakmachine.com\/lv\/","name":"VKPAK","description":"","publisher":{"@id":"https:\/\/www.vkpakmachine.com\/lv\/#organization"},"potentialAction":[{"@type":"SearchAction","target":{"@type":"EntryPoint","urlTemplate":"https:\/\/www.vkpakmachine.com\/lv\/?s={search_term_string}"},"query-input":"required name=search_term_string"}],"inLanguage":"tr"},{"@type":"Organization","@id":"https:\/\/www.vkpakmachine.com\/lv\/#organization","name":"VKPAK","url":"https:\/\/www.vkpakmachine.com\/lv\/","logo":{"@type":"ImageObject","inLanguage":"tr","@id":"https:\/\/www.vkpakmachine.com\/lv\/#\/schema\/logo\/image\/","url":"https:\/\/www.vkpakmachine.com\/wp-content\/uploads\/Logo.png","contentUrl":"https:\/\/www.vkpakmachine.com\/wp-content\/uploads\/Logo.png","width":300,"height":57,"caption":"VKPAK"},"image":{"@id":"https:\/\/www.vkpakmachine.com\/lv\/#\/schema\/logo\/image\/"}}]}},"_links":{"self":[{"href":"https:\/\/www.vkpakmachine.com\/tr\/wp-json\/wp\/v2\/pages\/2424"}],"collection":[{"href":"https:\/\/www.vkpakmachine.com\/tr\/wp-json\/wp\/v2\/pages"}],"about":[{"href":"https:\/\/www.vkpakmachine.com\/tr\/wp-json\/wp\/v2\/types\/page"}],"author":[{"embeddable":true,"href":"https:\/\/www.vkpakmachine.com\/tr\/wp-json\/wp\/v2\/users\/1"}],"replies":[{"embeddable":true,"href":"https:\/\/www.vkpakmachine.com\/tr\/wp-json\/wp\/v2\/comments?post=2424"}],"version-history":[{"count":0,"href":"https:\/\/www.vkpakmachine.com\/tr\/wp-json\/wp\/v2\/pages\/2424\/revisions"}],"wp:attachment":[{"href":"https:\/\/www.vkpakmachine.com\/tr\/wp-json\/wp\/v2\/media?parent=2424"}],"curies":[{"name":"wp","href":"https:\/\/api.w.org\/{rel}","templated":true}]}}