{"id":2414,"date":"2022-12-26T07:08:38","date_gmt":"2022-12-26T07:08:38","guid":{"rendered":"https:\/\/www.vkpakmachine.com\/?page_id=2414"},"modified":"2022-12-26T07:08:38","modified_gmt":"2022-12-26T07:08:38","slug":"faq","status":"publish","type":"page","link":"https:\/\/www.vkpakmachine.com\/tr\/faq\/","title":{"rendered":"SSS"},"content":{"rendered":"<p><strong>S: Fabrika veya ticaret \u015firketi misiniz?<\/strong><br \/>\nC: 2003 y\u0131l\u0131ndan bu yana \u00e7e\u015fitli tipte dolum makineleri, kapak kapatma makineleri ve etiketleme makineleri tasarlama, \u00fcretme, montaj, kurulum ve hata ay\u0131klama konusunda fabrika odakl\u0131y\u0131z.<\/p>\n<p><strong>S: Makinenizin nas\u0131l \u00e7al\u0131\u015ft\u0131\u011f\u0131n\u0131 g\u00f6steren bir video g\u00f6nderebilir misiniz?<\/strong><br \/>\nC: Elbette, makinemizin t\u00fcm videosunu haz\u0131rlad\u0131k.<\/p>\n<p><strong>S: Sevk\u0131yattan \u00f6nce test yap\u0131yor musunuz?<\/strong><br \/>\nC: Makineyi her zaman tam olarak test ediyoruz ve sevkiyattan \u00f6nce sorunsuz \u00e7al\u0131\u015ft\u0131\u011f\u0131ndan emin oluyoruz.<\/p>\n<p><strong>S: \u00d6deme s\u00fcresi ve ticaret ko\u015fullar\u0131 nedir?<\/strong><br \/>\nC: Banka havalesi, Western Union, MoneyGram, Alibaba Ticaret G\u00fcvencesi \u00f6demelerini kabul ediyoruz.<br \/>\nTicaret Ko\u015fullar\u0131: EXW,FOB,CIF,CNF.<\/p>\n<p><strong>S: MOQ ve garanti nedir?<\/strong><br \/>\nC: Minimum Sipari\u015f Adedi yoktur, sipari\u015fe ho\u015f geldiniz, 12 ay garanti veriyoruz.<\/p>\n<p><strong>S: Nakliye i\u00e7in ne t\u00fcr bir paket?<\/strong><br \/>\nC: T\u00fcm makinenin etraf\u0131ndaki temel stre\u00e7 film sarg\u0131s\u0131n\u0131 kullan\u0131n ve ihra\u00e7 edilen tahta sand\u0131kla paketleyin, ayr\u0131ca ihtiya\u00e7lar\u0131n\u0131za g\u00f6re de olabilir.<\/p>\n<p><strong>S: Makinenin garanti s\u00fcresi dolmu\u015fsa, herhangi bir par\u00e7a k\u0131r\u0131l\u0131rsa ne yapabiliriz?<\/strong><br \/>\nC: Makineye t\u00fcm \u00f6m\u00fcr boyu hizmet sunuyoruz, e\u011fer bir y\u0131l sonra herhangi bir yedek par\u00e7a k\u0131r\u0131l\u0131rsa, m\u00fc\u015fteriler yedek par\u00e7alar\u0131 yerel pazardan sat\u0131n alabilir veya tedarik\u00e7ilerden sat\u0131n alabilirler, yedek par\u00e7alar\u0131 m\u00fc\u015fterilerimize 24 saat i\u00e7inde g\u00f6nderebiliriz. Ve t\u00fcm makine bile\u015fen par\u00e7alar\u0131m\u0131z d\u00fcnyaca \u00fcnl\u00fc markan\u0131n orijinalidir, yerelde bulmak kolayd\u0131r.<\/p>\n<p><strong>S: Garantiniz nedir?<\/strong><br \/>\nC: Makinelere bir y\u0131l garanti veriyoruz. Garanti y\u0131l\u0131nda, VKPAK kalite sorunu nedeniyle herhangi bir yedek par\u00e7a k\u0131r\u0131lm\u0131\u015ft\u0131r, yedek par\u00e7alar m\u00fc\u015fterilere \u00fccretsiz olarak sa\u011flanacakt\u0131r, koli a\u011f\u0131rl\u0131\u011f\u0131 500 gramdan fazla ise m\u00fc\u015fterinin navlun bedelini \u00f6demesi gerekir. Kolay y\u0131pranan yedek par\u00e7alar garanti kapsam\u0131nda de\u011fildir. Makine ile birlikte verilecek olan O ring, kay\u0131\u015f gibi garanti \u015fartlar\u0131 bir y\u0131l s\u00fcreyle ge\u00e7erlidir.<\/p>","protected":false},"excerpt":{"rendered":"<p>S: Fabrika veya ticaret \u015firketi misiniz? C: 2003&#039;ten bu yana \u00e7e\u015fitli tipte dolum makineleri, kapak kapatma makineleri ve etiketleme makineleri tasarlama, \u00fcretme, monte etme, kurma ve hata ay\u0131klama konusunda fabrika odakl\u0131y\u0131z. S: \u00dcretiminizin nas\u0131l yap\u0131ld\u0131\u011f\u0131n\u0131 g\u00f6steren bir video g\u00f6nderebilir misiniz?&nbsp;<a href=\"https:\/\/www.vkpakmachine.com\/tr\/faq\/\" class=\"more-link\">Devam\u0131n\u0131 oku<\/a><\/p>","protected":false},"author":1,"featured_media":0,"parent":0,"menu_order":0,"comment_status":"closed","ping_status":"closed","template":"","meta":{"footnotes":""},"yoast_head":"<!-- This site is optimized with the Yoast SEO plugin v22.5 - https:\/\/yoast.com\/wordpress\/plugins\/seo\/ -->\n<title>FAQ - VKPAK<\/title>\n<meta name=\"robots\" content=\"index, follow, max-snippet:-1, max-image-preview:large, max-video-preview:-1\" \/>\n<link rel=\"canonical\" href=\"https:\/\/www.vkpakmachine.com\/tr\/faq\/\" \/>\n<script type=\"application\/ld+json\" class=\"yoast-schema-graph\">{\"@context\":\"https:\/\/schema.org\",\"@graph\":[{\"@type\":\"WebPage\",\"@id\":\"https:\/\/www.vkpakmachine.com\/lv\/faq\/\",\"url\":\"https:\/\/www.vkpakmachine.com\/lv\/faq\/\",\"name\":\"FAQ - VKPAK\",\"isPartOf\":{\"@id\":\"https:\/\/www.vkpakmachine.com\/lv\/#website\"},\"datePublished\":\"2022-12-26T07:08:38+00:00\",\"dateModified\":\"2022-12-26T07:08:38+00:00\",\"breadcrumb\":{\"@id\":\"https:\/\/www.vkpakmachine.com\/lv\/faq\/#breadcrumb\"},\"inLanguage\":\"tr\",\"potentialAction\":[{\"@type\":\"ReadAction\",\"target\":[\"https:\/\/www.vkpakmachine.com\/lv\/faq\/\"]}]},{\"@type\":\"BreadcrumbList\",\"@id\":\"https:\/\/www.vkpakmachine.com\/lv\/faq\/#breadcrumb\",\"itemListElement\":[{\"@type\":\"ListItem\",\"position\":1,\"name\":\"Home\",\"item\":\"https:\/\/www.vkpakmachine.com\/lv\/\"},{\"@type\":\"ListItem\",\"position\":2,\"name\":\"FAQ\"}]},{\"@type\":\"WebSite\",\"@id\":\"https:\/\/www.vkpakmachine.com\/lv\/#website\",\"url\":\"https:\/\/www.vkpakmachine.com\/lv\/\",\"name\":\"VKPAK\",\"description\":\"\",\"publisher\":{\"@id\":\"https:\/\/www.vkpakmachine.com\/lv\/#organization\"},\"potentialAction\":[{\"@type\":\"SearchAction\",\"target\":{\"@type\":\"EntryPoint\",\"urlTemplate\":\"https:\/\/www.vkpakmachine.com\/lv\/?s={search_term_string}\"},\"query-input\":\"required name=search_term_string\"}],\"inLanguage\":\"tr\"},{\"@type\":\"Organization\",\"@id\":\"https:\/\/www.vkpakmachine.com\/lv\/#organization\",\"name\":\"VKPAK\",\"url\":\"https:\/\/www.vkpakmachine.com\/lv\/\",\"logo\":{\"@type\":\"ImageObject\",\"inLanguage\":\"tr\",\"@id\":\"https:\/\/www.vkpakmachine.com\/lv\/#\/schema\/logo\/image\/\",\"url\":\"https:\/\/www.vkpakmachine.com\/wp-content\/uploads\/Logo.png\",\"contentUrl\":\"https:\/\/www.vkpakmachine.com\/wp-content\/uploads\/Logo.png\",\"width\":300,\"height\":57,\"caption\":\"VKPAK\"},\"image\":{\"@id\":\"https:\/\/www.vkpakmachine.com\/lv\/#\/schema\/logo\/image\/\"}}]}<\/script>\n<!-- \/ Yoast SEO plugin. -->","yoast_head_json":{"title":"FAQ - VKPAK","robots":{"index":"index","follow":"follow","max-snippet":"max-snippet:-1","max-image-preview":"max-image-preview:large","max-video-preview":"max-video-preview:-1"},"canonical":"https:\/\/www.vkpakmachine.com\/tr\/faq\/","schema":{"@context":"https:\/\/schema.org","@graph":[{"@type":"WebPage","@id":"https:\/\/www.vkpakmachine.com\/lv\/faq\/","url":"https:\/\/www.vkpakmachine.com\/lv\/faq\/","name":"FAQ - VKPAK","isPartOf":{"@id":"https:\/\/www.vkpakmachine.com\/lv\/#website"},"datePublished":"2022-12-26T07:08:38+00:00","dateModified":"2022-12-26T07:08:38+00:00","breadcrumb":{"@id":"https:\/\/www.vkpakmachine.com\/lv\/faq\/#breadcrumb"},"inLanguage":"tr","potentialAction":[{"@type":"ReadAction","target":["https:\/\/www.vkpakmachine.com\/lv\/faq\/"]}]},{"@type":"BreadcrumbList","@id":"https:\/\/www.vkpakmachine.com\/lv\/faq\/#breadcrumb","itemListElement":[{"@type":"ListItem","position":1,"name":"Home","item":"https:\/\/www.vkpakmachine.com\/lv\/"},{"@type":"ListItem","position":2,"name":"FAQ"}]},{"@type":"WebSite","@id":"https:\/\/www.vkpakmachine.com\/lv\/#website","url":"https:\/\/www.vkpakmachine.com\/lv\/","name":"VKPAK","description":"","publisher":{"@id":"https:\/\/www.vkpakmachine.com\/lv\/#organization"},"potentialAction":[{"@type":"SearchAction","target":{"@type":"EntryPoint","urlTemplate":"https:\/\/www.vkpakmachine.com\/lv\/?s={search_term_string}"},"query-input":"required name=search_term_string"}],"inLanguage":"tr"},{"@type":"Organization","@id":"https:\/\/www.vkpakmachine.com\/lv\/#organization","name":"VKPAK","url":"https:\/\/www.vkpakmachine.com\/lv\/","logo":{"@type":"ImageObject","inLanguage":"tr","@id":"https:\/\/www.vkpakmachine.com\/lv\/#\/schema\/logo\/image\/","url":"https:\/\/www.vkpakmachine.com\/wp-content\/uploads\/Logo.png","contentUrl":"https:\/\/www.vkpakmachine.com\/wp-content\/uploads\/Logo.png","width":300,"height":57,"caption":"VKPAK"},"image":{"@id":"https:\/\/www.vkpakmachine.com\/lv\/#\/schema\/logo\/image\/"}}]}},"_links":{"self":[{"href":"https:\/\/www.vkpakmachine.com\/tr\/wp-json\/wp\/v2\/pages\/2414"}],"collection":[{"href":"https:\/\/www.vkpakmachine.com\/tr\/wp-json\/wp\/v2\/pages"}],"about":[{"href":"https:\/\/www.vkpakmachine.com\/tr\/wp-json\/wp\/v2\/types\/page"}],"author":[{"embeddable":true,"href":"https:\/\/www.vkpakmachine.com\/tr\/wp-json\/wp\/v2\/users\/1"}],"replies":[{"embeddable":true,"href":"https:\/\/www.vkpakmachine.com\/tr\/wp-json\/wp\/v2\/comments?post=2414"}],"version-history":[{"count":0,"href":"https:\/\/www.vkpakmachine.com\/tr\/wp-json\/wp\/v2\/pages\/2414\/revisions"}],"wp:attachment":[{"href":"https:\/\/www.vkpakmachine.com\/tr\/wp-json\/wp\/v2\/media?parent=2414"}],"curies":[{"name":"wp","href":"https:\/\/api.w.org\/{rel}","templated":true}]}}