{"id":2379,"date":"2022-12-26T06:55:32","date_gmt":"2022-12-26T06:55:32","guid":{"rendered":"https:\/\/www.vkpakmachine.com\/?page_id=2379"},"modified":"2022-12-26T08:32:48","modified_gmt":"2022-12-26T08:32:48","slug":"about-us","status":"publish","type":"page","link":"https:\/\/www.vkpakmachine.com\/tr\/about-us\/","title":{"rendered":"Hakk\u0131m\u0131zda"},"content":{"rendered":"<p>VKPAK, 2008 y\u0131l\u0131ndan bu yana \u00c7in&#039;in \u015eangay \u015fehrinde bulunan paketleme makine ve ekipmanlar\u0131n\u0131n profesyonel \u00fcreticisi ve tedarik\u00e7isidir.<\/p>\n<p>VKPAK&#039;\u0131n ana \u00fcr\u00fcnleri, komple dolum \u015fi\u015feleme hatt\u0131 i\u00e7in \u015fi\u015fe y\u0131kama makinesi, otomatik \u015fi\u015fe dolum makinesi, kapak kapatma makinesi, etiketleme makinesi vb.&#039;dir. Ekipmanlar\u0131m\u0131z ila\u00e7, g\u0131da, g\u00fcnl\u00fck kimyasallar, kozmetik end\u00fcstrileri vb. alanlarda yayg\u0131n olarak kullan\u0131lmaktad\u0131r.<\/p>\n<p>Geli\u015fmi\u015f y\u00f6netim ve i\u015f\u00e7ili\u011fe dayanarak, sipari\u015flerinizi \u00e7ok verimli bir \u015fekilde yerine getirebilmemiz i\u00e7in m\u00fckemmel \u00fcretim teknisyenlerimiz ve etkin bir da\u011f\u0131t\u0131m ekibimizin yan\u0131 s\u0131ra iyi servis personelimiz var. \u00dcr\u00fcnlerimizin y\u00fcksek kalitesine g\u00fcveniyoruz ve ayn\u0131 zamanda \u00e7ok rekabet\u00e7i fiyatlar sunabiliyoruz.<\/p>\n<p>\u0130yi kredimiz ve hizmetimiz nedeniyle ge\u00e7ti\u011fimiz y\u0131llarda b\u00fcy\u00fck ba\u015far\u0131lar elde ettik. Bir\u00e7ok m\u00fc\u015fteriyle uzun vadeli i\u015f ili\u015fkileri kurduk. \u00dcr\u00fcnlerimiz bir\u00e7ok \u00fclkeye ve b\u00f6lgeye ihra\u00e7 edilmektedir. Makine ve ekipmanlar\u0131n yan\u0131 s\u0131ra \u00fcretim hatlar\u0131, tek noktadan paketleme \u015fi\u015feleme \u00e7\u00f6z\u00fcmleri de sa\u011fl\u0131yoruz. D\u00fcnya \u00e7ap\u0131ndaki m\u00fc\u015fterilerle uzun vadeli ve ba\u015far\u0131l\u0131 bir i\u015fbirli\u011fini d\u00f6rt g\u00f6zle bekliyoruz.<\/p>\n<p><img loading=\"lazy\" decoding=\"async\" src=\"https:\/\/www.vkpakmachine.com\/wp-content\/uploads\/Factory-Show.jpg\" alt=\"Fabrika G\u00f6sterisi\" width=\"1200\" height=\"565\" class=\"alignnone size-full wp-image-2380\" \/><\/p>","protected":false},"excerpt":{"rendered":"<p>VKPAK, 2008 y\u0131l\u0131ndan bu yana \u00c7in&#039;in \u015eanghay \u015fehrinde bulunan paketleme makine ve ekipmanlar\u0131n\u0131n profesyonel \u00fcreticisi ve tedarik\u00e7isidir. VKPAK&#039;\u0131n ana \u00fcr\u00fcnleri, komple dolum \u015fi\u015feleme hatt\u0131 i\u00e7in \u015fi\u015fe y\u0131kama makinesi, otomatik \u015fi\u015fe dolum makinesi, kapak kapatma makinesi, etiketleme makinesi vb.&#039;dir.\u2026&nbsp;<a href=\"https:\/\/www.vkpakmachine.com\/tr\/about-us\/\" class=\"more-link\">Devam\u0131n\u0131 oku<\/a><\/p>","protected":false},"author":1,"featured_media":2441,"parent":0,"menu_order":0,"comment_status":"closed","ping_status":"closed","template":"","meta":{"footnotes":""},"yoast_head":"<!-- This site is optimized with the Yoast SEO plugin v22.5 - https:\/\/yoast.com\/wordpress\/plugins\/seo\/ -->\n<title>About Us - VKPAK<\/title>\n<meta name=\"robots\" content=\"index, follow, max-snippet:-1, max-image-preview:large, max-video-preview:-1\" \/>\n<link rel=\"canonical\" href=\"https:\/\/www.vkpakmachine.com\/tr\/about-us\/\" \/>\n<script type=\"application\/ld+json\" class=\"yoast-schema-graph\">{\"@context\":\"https:\/\/schema.org\",\"@graph\":[{\"@type\":\"WebPage\",\"@id\":\"https:\/\/www.vkpakmachine.com\/lt\/about-us\/\",\"url\":\"https:\/\/www.vkpakmachine.com\/lt\/about-us\/\",\"name\":\"About Us - VKPAK\",\"isPartOf\":{\"@id\":\"https:\/\/www.vkpakmachine.com\/lv\/#website\"},\"primaryImageOfPage\":{\"@id\":\"https:\/\/www.vkpakmachine.com\/lt\/about-us\/#primaryimage\"},\"image\":{\"@id\":\"https:\/\/www.vkpakmachine.com\/lt\/about-us\/#primaryimage\"},\"thumbnailUrl\":\"https:\/\/www.vkpakmachine.com\/wp-content\/uploads\/About-Us.jpg\",\"datePublished\":\"2022-12-26T06:55:32+00:00\",\"dateModified\":\"2022-12-26T08:32:48+00:00\",\"breadcrumb\":{\"@id\":\"https:\/\/www.vkpakmachine.com\/lt\/about-us\/#breadcrumb\"},\"inLanguage\":\"tr\",\"potentialAction\":[{\"@type\":\"ReadAction\",\"target\":[\"https:\/\/www.vkpakmachine.com\/lt\/about-us\/\"]}]},{\"@type\":\"ImageObject\",\"inLanguage\":\"tr\",\"@id\":\"https:\/\/www.vkpakmachine.com\/lt\/about-us\/#primaryimage\",\"url\":\"https:\/\/www.vkpakmachine.com\/wp-content\/uploads\/About-Us.jpg\",\"contentUrl\":\"https:\/\/www.vkpakmachine.com\/wp-content\/uploads\/About-Us.jpg\",\"width\":600,\"height\":341,\"caption\":\"About-Us\"},{\"@type\":\"BreadcrumbList\",\"@id\":\"https:\/\/www.vkpakmachine.com\/lt\/about-us\/#breadcrumb\",\"itemListElement\":[{\"@type\":\"ListItem\",\"position\":1,\"name\":\"Home\",\"item\":\"https:\/\/www.vkpakmachine.com\/lv\/\"},{\"@type\":\"ListItem\",\"position\":2,\"name\":\"About Us\"}]},{\"@type\":\"WebSite\",\"@id\":\"https:\/\/www.vkpakmachine.com\/lv\/#website\",\"url\":\"https:\/\/www.vkpakmachine.com\/lv\/\",\"name\":\"VKPAK\",\"description\":\"\",\"publisher\":{\"@id\":\"https:\/\/www.vkpakmachine.com\/lv\/#organization\"},\"potentialAction\":[{\"@type\":\"SearchAction\",\"target\":{\"@type\":\"EntryPoint\",\"urlTemplate\":\"https:\/\/www.vkpakmachine.com\/lv\/?s={search_term_string}\"},\"query-input\":\"required name=search_term_string\"}],\"inLanguage\":\"tr\"},{\"@type\":\"Organization\",\"@id\":\"https:\/\/www.vkpakmachine.com\/lv\/#organization\",\"name\":\"VKPAK\",\"url\":\"https:\/\/www.vkpakmachine.com\/lv\/\",\"logo\":{\"@type\":\"ImageObject\",\"inLanguage\":\"tr\",\"@id\":\"https:\/\/www.vkpakmachine.com\/lv\/#\/schema\/logo\/image\/\",\"url\":\"https:\/\/www.vkpakmachine.com\/wp-content\/uploads\/Logo.png\",\"contentUrl\":\"https:\/\/www.vkpakmachine.com\/wp-content\/uploads\/Logo.png\",\"width\":300,\"height\":57,\"caption\":\"VKPAK\"},\"image\":{\"@id\":\"https:\/\/www.vkpakmachine.com\/lv\/#\/schema\/logo\/image\/\"}}]}<\/script>\n<!-- \/ Yoast SEO plugin. -->","yoast_head_json":{"title":"About Us - VKPAK","robots":{"index":"index","follow":"follow","max-snippet":"max-snippet:-1","max-image-preview":"max-image-preview:large","max-video-preview":"max-video-preview:-1"},"canonical":"https:\/\/www.vkpakmachine.com\/tr\/about-us\/","schema":{"@context":"https:\/\/schema.org","@graph":[{"@type":"WebPage","@id":"https:\/\/www.vkpakmachine.com\/lt\/about-us\/","url":"https:\/\/www.vkpakmachine.com\/lt\/about-us\/","name":"About Us - VKPAK","isPartOf":{"@id":"https:\/\/www.vkpakmachine.com\/lv\/#website"},"primaryImageOfPage":{"@id":"https:\/\/www.vkpakmachine.com\/lt\/about-us\/#primaryimage"},"image":{"@id":"https:\/\/www.vkpakmachine.com\/lt\/about-us\/#primaryimage"},"thumbnailUrl":"https:\/\/www.vkpakmachine.com\/wp-content\/uploads\/About-Us.jpg","datePublished":"2022-12-26T06:55:32+00:00","dateModified":"2022-12-26T08:32:48+00:00","breadcrumb":{"@id":"https:\/\/www.vkpakmachine.com\/lt\/about-us\/#breadcrumb"},"inLanguage":"tr","potentialAction":[{"@type":"ReadAction","target":["https:\/\/www.vkpakmachine.com\/lt\/about-us\/"]}]},{"@type":"ImageObject","inLanguage":"tr","@id":"https:\/\/www.vkpakmachine.com\/lt\/about-us\/#primaryimage","url":"https:\/\/www.vkpakmachine.com\/wp-content\/uploads\/About-Us.jpg","contentUrl":"https:\/\/www.vkpakmachine.com\/wp-content\/uploads\/About-Us.jpg","width":600,"height":341,"caption":"About-Us"},{"@type":"BreadcrumbList","@id":"https:\/\/www.vkpakmachine.com\/lt\/about-us\/#breadcrumb","itemListElement":[{"@type":"ListItem","position":1,"name":"Home","item":"https:\/\/www.vkpakmachine.com\/lv\/"},{"@type":"ListItem","position":2,"name":"About Us"}]},{"@type":"WebSite","@id":"https:\/\/www.vkpakmachine.com\/lv\/#website","url":"https:\/\/www.vkpakmachine.com\/lv\/","name":"VKPAK","description":"","publisher":{"@id":"https:\/\/www.vkpakmachine.com\/lv\/#organization"},"potentialAction":[{"@type":"SearchAction","target":{"@type":"EntryPoint","urlTemplate":"https:\/\/www.vkpakmachine.com\/lv\/?s={search_term_string}"},"query-input":"required name=search_term_string"}],"inLanguage":"tr"},{"@type":"Organization","@id":"https:\/\/www.vkpakmachine.com\/lv\/#organization","name":"VKPAK","url":"https:\/\/www.vkpakmachine.com\/lv\/","logo":{"@type":"ImageObject","inLanguage":"tr","@id":"https:\/\/www.vkpakmachine.com\/lv\/#\/schema\/logo\/image\/","url":"https:\/\/www.vkpakmachine.com\/wp-content\/uploads\/Logo.png","contentUrl":"https:\/\/www.vkpakmachine.com\/wp-content\/uploads\/Logo.png","width":300,"height":57,"caption":"VKPAK"},"image":{"@id":"https:\/\/www.vkpakmachine.com\/lv\/#\/schema\/logo\/image\/"}}]}},"_links":{"self":[{"href":"https:\/\/www.vkpakmachine.com\/tr\/wp-json\/wp\/v2\/pages\/2379"}],"collection":[{"href":"https:\/\/www.vkpakmachine.com\/tr\/wp-json\/wp\/v2\/pages"}],"about":[{"href":"https:\/\/www.vkpakmachine.com\/tr\/wp-json\/wp\/v2\/types\/page"}],"author":[{"embeddable":true,"href":"https:\/\/www.vkpakmachine.com\/tr\/wp-json\/wp\/v2\/users\/1"}],"replies":[{"embeddable":true,"href":"https:\/\/www.vkpakmachine.com\/tr\/wp-json\/wp\/v2\/comments?post=2379"}],"version-history":[{"count":0,"href":"https:\/\/www.vkpakmachine.com\/tr\/wp-json\/wp\/v2\/pages\/2379\/revisions"}],"wp:featuredmedia":[{"embeddable":true,"href":"https:\/\/www.vkpakmachine.com\/tr\/wp-json\/wp\/v2\/media\/2441"}],"wp:attachment":[{"href":"https:\/\/www.vkpakmachine.com\/tr\/wp-json\/wp\/v2\/media?parent=2379"}],"curies":[{"name":"wp","href":"https:\/\/api.w.org\/{rel}","templated":true}]}}