{"id":2426,"date":"2022-12-26T07:11:57","date_gmt":"2022-12-26T07:11:57","guid":{"rendered":"https:\/\/www.vkpakmachine.com\/?page_id=2426"},"modified":"2022-12-26T07:11:57","modified_gmt":"2022-12-26T07:11:57","slug":"service","status":"publish","type":"page","link":"https:\/\/www.vkpakmachine.com\/sv\/service\/","title":{"rendered":"Service"},"content":{"rendered":"<h3>Tr\u00e4ning:<\/h3>\n<p>Vi erbjuder maskinutbildningssystem, kunden kan v\u00e4lja utbildning i v\u00e5r fabrik eller i kundverkstad. De vanliga tr\u00e4ningsdagarna \u00e4r 3-5 dagar.<\/p>\n<p>Vi erbjuder bruksanvisning till kund.<\/p>\n<p>Vi erbjuder utbildningsvideo och maskindriftsvideo till kund.<\/p>\n<p>Vi erbjuder fj\u00e4rrkontrollservice om kunden inte vet hur man anv\u00e4nder och anv\u00e4nder maskinen.<\/p>\n<h3>Installation:<\/h3>\n<p>Vi skickar ingenj\u00f6rer f\u00f6r att utf\u00f6ra installation och fels\u00f6kning av utrustningen i k\u00f6parens st\u00e4lle om s\u00e5 \u00f6nskas. Kostnaden f\u00f6r internationella dubbelv\u00e4gs flygbiljetter, boende, mat och transporter, medicinska ska betalas av k\u00f6paren f\u00f6r ingenj\u00f6rerna. K\u00f6paren ska fullt ut samarbeta med leverant\u00f6rens ingenj\u00f6r och g\u00f6ra allt installationsskick redo att fungera.<\/p>\n<h3>Garanti:<\/h3>\n<p>Tillverkaren ska garantera att varorna \u00e4r tillverkade av tillverkarens b\u00e4sta material. Den s\u00e5lda maskinen kommer att vara garanti inom ett \u00e5r, under garanti\u00e5ret, eventuella reservdelar trasiga p\u00e5 grund av leverant\u00f6rens kvalitetsproblem, reservdelarna kommer att levereras gratis f\u00f6r kunden, kunden m\u00e5ste betala fraktkostnaden om paketet v\u00e4ger mer \u00e4n 500 gram.<\/p>\n<h3>Efter f\u00f6rs\u00e4ljningsinstallationsmaskiner<\/h3>\n<div class=\"su-custom-gallery su-custom-gallery-title-hover su-lightbox-gallery\"><div class=\"su-custom-gallery-slide\"><a href=\"https:\/\/www.vkpakmachine.com\/wp-content\/uploads\/After-sales-installation-machinery-2.jpg\" title=\"Installationsmaskiner efter f\u00f6rs\u00e4ljning\"><img loading=\"lazy\" decoding=\"async\" src=\"https:\/\/www.vkpakmachine.com\/wp-content\/uploads\/After-sales-installation-machinery-2-380x250.jpg\" alt=\"Installationsmaskiner efter f\u00f6rs\u00e4ljning\" width=\"380\" height=\"250\" \/><span class=\"su-custom-gallery-title\">Installationsmaskiner efter f\u00f6rs\u00e4ljning<\/span><\/a><\/div><div class=\"su-custom-gallery-slide\"><a href=\"https:\/\/www.vkpakmachine.com\/wp-content\/uploads\/After-sales-installation-machinery-3.jpg\" title=\"Installationsmaskiner efter f\u00f6rs\u00e4ljning\"><img loading=\"lazy\" decoding=\"async\" src=\"https:\/\/www.vkpakmachine.com\/wp-content\/uploads\/After-sales-installation-machinery-3-380x250.jpg\" alt=\"Installationsmaskiner efter f\u00f6rs\u00e4ljning\" width=\"380\" height=\"250\" \/><span class=\"su-custom-gallery-title\">Installationsmaskiner efter f\u00f6rs\u00e4ljning<\/span><\/a><\/div><div class=\"su-custom-gallery-slide\"><a href=\"https:\/\/www.vkpakmachine.com\/wp-content\/uploads\/After-sales-installation-machinery.jpg\" title=\"Installationsmaskiner efter f\u00f6rs\u00e4ljning\"><img loading=\"lazy\" decoding=\"async\" src=\"https:\/\/www.vkpakmachine.com\/wp-content\/uploads\/After-sales-installation-machinery-380x250.jpg\" alt=\"Installationsmaskiner efter f\u00f6rs\u00e4ljning\" width=\"380\" height=\"250\" \/><span class=\"su-custom-gallery-title\">Installationsmaskiner efter f\u00f6rs\u00e4ljning<\/span><\/a><\/div><div class=\"su-clear\"><\/div><\/div>","protected":false},"excerpt":{"rendered":"<p>Utbildning: Vi erbjuder maskinutbildningssystem, kunden kan v\u00e4lja utbildning i v\u00e5r fabrik eller i kundverkstad. De vanliga tr\u00e4ningsdagarna \u00e4r 3-5 dagar. Vi erbjuder bruksanvisning till kund. Vi erbjuder utbildningsvideo och maskindriftsvideo till...&nbsp;<a href=\"https:\/\/www.vkpakmachine.com\/sv\/service\/\" class=\"more-link\">L\u00e4s mer<\/a><\/p>","protected":false},"author":1,"featured_media":0,"parent":0,"menu_order":0,"comment_status":"closed","ping_status":"closed","template":"","meta":{"footnotes":""},"yoast_head":"<!-- This site is optimized with the Yoast SEO plugin v22.5 - https:\/\/yoast.com\/wordpress\/plugins\/seo\/ -->\n<title>Service - VKPAK<\/title>\n<meta name=\"robots\" content=\"index, follow, max-snippet:-1, max-image-preview:large, max-video-preview:-1\" \/>\n<link rel=\"canonical\" href=\"https:\/\/www.vkpakmachine.com\/sv\/service\/\" \/>\n<script type=\"application\/ld+json\" class=\"yoast-schema-graph\">{\"@context\":\"https:\/\/schema.org\",\"@graph\":[{\"@type\":\"WebPage\",\"@id\":\"https:\/\/www.vkpakmachine.com\/lt\/service\/\",\"url\":\"https:\/\/www.vkpakmachine.com\/lt\/service\/\",\"name\":\"Service - VKPAK\",\"isPartOf\":{\"@id\":\"https:\/\/www.vkpakmachine.com\/lv\/#website\"},\"datePublished\":\"2022-12-26T07:11:57+00:00\",\"dateModified\":\"2022-12-26T07:11:57+00:00\",\"breadcrumb\":{\"@id\":\"https:\/\/www.vkpakmachine.com\/lt\/service\/#breadcrumb\"},\"inLanguage\":\"sv-SE\",\"potentialAction\":[{\"@type\":\"ReadAction\",\"target\":[\"https:\/\/www.vkpakmachine.com\/lt\/service\/\"]}]},{\"@type\":\"BreadcrumbList\",\"@id\":\"https:\/\/www.vkpakmachine.com\/lt\/service\/#breadcrumb\",\"itemListElement\":[{\"@type\":\"ListItem\",\"position\":1,\"name\":\"Home\",\"item\":\"https:\/\/www.vkpakmachine.com\/lv\/\"},{\"@type\":\"ListItem\",\"position\":2,\"name\":\"Service\"}]},{\"@type\":\"WebSite\",\"@id\":\"https:\/\/www.vkpakmachine.com\/lv\/#website\",\"url\":\"https:\/\/www.vkpakmachine.com\/lv\/\",\"name\":\"VKPAK\",\"description\":\"\",\"publisher\":{\"@id\":\"https:\/\/www.vkpakmachine.com\/lv\/#organization\"},\"potentialAction\":[{\"@type\":\"SearchAction\",\"target\":{\"@type\":\"EntryPoint\",\"urlTemplate\":\"https:\/\/www.vkpakmachine.com\/lv\/?s={search_term_string}\"},\"query-input\":\"required name=search_term_string\"}],\"inLanguage\":\"sv-SE\"},{\"@type\":\"Organization\",\"@id\":\"https:\/\/www.vkpakmachine.com\/lv\/#organization\",\"name\":\"VKPAK\",\"url\":\"https:\/\/www.vkpakmachine.com\/lv\/\",\"logo\":{\"@type\":\"ImageObject\",\"inLanguage\":\"sv-SE\",\"@id\":\"https:\/\/www.vkpakmachine.com\/lv\/#\/schema\/logo\/image\/\",\"url\":\"https:\/\/www.vkpakmachine.com\/wp-content\/uploads\/Logo.png\",\"contentUrl\":\"https:\/\/www.vkpakmachine.com\/wp-content\/uploads\/Logo.png\",\"width\":300,\"height\":57,\"caption\":\"VKPAK\"},\"image\":{\"@id\":\"https:\/\/www.vkpakmachine.com\/lv\/#\/schema\/logo\/image\/\"}}]}<\/script>\n<!-- \/ Yoast SEO plugin. -->","yoast_head_json":{"title":"Service - VKPAK","robots":{"index":"index","follow":"follow","max-snippet":"max-snippet:-1","max-image-preview":"max-image-preview:large","max-video-preview":"max-video-preview:-1"},"canonical":"https:\/\/www.vkpakmachine.com\/sv\/service\/","schema":{"@context":"https:\/\/schema.org","@graph":[{"@type":"WebPage","@id":"https:\/\/www.vkpakmachine.com\/lt\/service\/","url":"https:\/\/www.vkpakmachine.com\/lt\/service\/","name":"Service - VKPAK","isPartOf":{"@id":"https:\/\/www.vkpakmachine.com\/lv\/#website"},"datePublished":"2022-12-26T07:11:57+00:00","dateModified":"2022-12-26T07:11:57+00:00","breadcrumb":{"@id":"https:\/\/www.vkpakmachine.com\/lt\/service\/#breadcrumb"},"inLanguage":"sv-SE","potentialAction":[{"@type":"ReadAction","target":["https:\/\/www.vkpakmachine.com\/lt\/service\/"]}]},{"@type":"BreadcrumbList","@id":"https:\/\/www.vkpakmachine.com\/lt\/service\/#breadcrumb","itemListElement":[{"@type":"ListItem","position":1,"name":"Home","item":"https:\/\/www.vkpakmachine.com\/lv\/"},{"@type":"ListItem","position":2,"name":"Service"}]},{"@type":"WebSite","@id":"https:\/\/www.vkpakmachine.com\/lv\/#website","url":"https:\/\/www.vkpakmachine.com\/lv\/","name":"VKPAK","description":"","publisher":{"@id":"https:\/\/www.vkpakmachine.com\/lv\/#organization"},"potentialAction":[{"@type":"SearchAction","target":{"@type":"EntryPoint","urlTemplate":"https:\/\/www.vkpakmachine.com\/lv\/?s={search_term_string}"},"query-input":"required name=search_term_string"}],"inLanguage":"sv-SE"},{"@type":"Organization","@id":"https:\/\/www.vkpakmachine.com\/lv\/#organization","name":"VKPAK","url":"https:\/\/www.vkpakmachine.com\/lv\/","logo":{"@type":"ImageObject","inLanguage":"sv-SE","@id":"https:\/\/www.vkpakmachine.com\/lv\/#\/schema\/logo\/image\/","url":"https:\/\/www.vkpakmachine.com\/wp-content\/uploads\/Logo.png","contentUrl":"https:\/\/www.vkpakmachine.com\/wp-content\/uploads\/Logo.png","width":300,"height":57,"caption":"VKPAK"},"image":{"@id":"https:\/\/www.vkpakmachine.com\/lv\/#\/schema\/logo\/image\/"}}]}},"_links":{"self":[{"href":"https:\/\/www.vkpakmachine.com\/sv\/wp-json\/wp\/v2\/pages\/2426"}],"collection":[{"href":"https:\/\/www.vkpakmachine.com\/sv\/wp-json\/wp\/v2\/pages"}],"about":[{"href":"https:\/\/www.vkpakmachine.com\/sv\/wp-json\/wp\/v2\/types\/page"}],"author":[{"embeddable":true,"href":"https:\/\/www.vkpakmachine.com\/sv\/wp-json\/wp\/v2\/users\/1"}],"replies":[{"embeddable":true,"href":"https:\/\/www.vkpakmachine.com\/sv\/wp-json\/wp\/v2\/comments?post=2426"}],"version-history":[{"count":0,"href":"https:\/\/www.vkpakmachine.com\/sv\/wp-json\/wp\/v2\/pages\/2426\/revisions"}],"wp:attachment":[{"href":"https:\/\/www.vkpakmachine.com\/sv\/wp-json\/wp\/v2\/media?parent=2426"}],"curies":[{"name":"wp","href":"https:\/\/api.w.org\/{rel}","templated":true}]}}