{"id":2424,"date":"2022-12-26T07:10:39","date_gmt":"2022-12-26T07:10:39","guid":{"rendered":"https:\/\/www.vkpakmachine.com\/?page_id=2424"},"modified":"2022-12-26T07:10:39","modified_gmt":"2022-12-26T07:10:39","slug":"quality-control","status":"publish","type":"page","link":"https:\/\/www.vkpakmachine.com\/sv\/quality-control\/","title":{"rendered":"Kvalitetskontroll"},"content":{"rendered":"<h2><strong>Kvalitetss\u00e4kring<\/strong><\/h2>\n<hr \/>\n<p>1, Garanti f\u00f6r den utrustning som tillhandah\u00e5lls av v\u00e5rt f\u00f6retag \u00e4r en ny oanv\u00e4nd med den senaste designen och l\u00e4mpligt material tillverkat, och i alla aspekter uppfyller kvalitetsspecifikationen och prestanda som anges i kontraktet.<\/p>\n<p>2, F\u00f6retagets garanti som tillhandah\u00e5lls av utrustningen efter dess korrekta v\u00e4gledning i hela systemet fungerar 3 dagar efter installationen och fels\u00f6kning, f\u00f6r att uppn\u00e5 produkttekniska prestandaindikatorer.<\/p>\n<p>3, V\u00e5rt f\u00f6retags garanti under kvalitetsgarantiperioden som anges i kontraktet, designprocessen f\u00f6r att leverera utrustningstillverkning installationsfels\u00f6kning eller materialfel och allt som orsakas av s\u00e4ljarens ansvar \u00e4r ansvarig f\u00f6r eventuella defekter i produktionslinjen av fel och skador.<\/p>\n<p>4, Hela maskinkvalitetsgarantiperioden f\u00f6r produktionslinjen i 12 m\u00e5nader efter godk\u00e4nnande. Om det finns inom kvalitetsgarantiperioden, varornas kvalitet eller specifikationen och inte \u00f6verensst\u00e4mmer med best\u00e4mmelserna i avtalet, eller bevisar att varorna \u00e4r defekta (inklusive potentiella defekter eller anv\u00e4ndning av underm\u00e5liga material, etc.), k\u00f6paren \u00e4r ber\u00e4ttigad till enligt inspektionsintyget utf\u00e4rdat av den juridiska avdelningen f\u00f6r varorna inom kvalitetsgarantiperioden s\u00e4ljarens behandlingssystem presenteras.<\/p>\n<p>5, F\u00f6retaget till kvaliteten p\u00e5 produkten p\u00e5 de mekaniska egenskaperna hos den medf\u00f6ljande utrustningen och garanti f\u00f6r produktkonsumtion index.<\/p>\n<h2><strong>Garanti<\/strong><\/h2>\n<hr \/>\n<p>1, Efter godk\u00e4nnande av utrustningen, ge 12 m\u00e5naders garanti, garantiperioden tillhandah\u00e5lls gratis f\u00f6r delar och komponenter defekter orsakade av s\u00e4ljaren och snabb och effektiv service.<\/p>\n<p>2, Efter garantin, livsl\u00e5ng tillhandah\u00e5lla allm\u00e4nt gynnsam teknisk support efter f\u00f6rs\u00e4ljningsservice.<br \/>\nEftermarknadsservice: v\u00e5rt f\u00f6retags kundserviceavdelning har en dedikerad kundtj\u00e4nsthotline-telefon, v\u00e5r personal \u00e4r ansvarig f\u00f6r att plocka upp telefonanv\u00e4ndaren, se till att anv\u00e4ndaren i den f\u00f6rsta fr\u00e5gan ger entusiasm ett allvarligt svar efter utrustningen godk\u00e4nnande av utrustningen vi tillhandah\u00e5ller 12 m\u00e5naders garantiserviceprocess, vi kommer att tillhandah\u00e5lla minst en g\u00e5ng av professionell och teknisk personal f\u00f6r rutininspektion och tillhandah\u00e5lla den detaljerade inspektionsrapporten, f\u00f6r anv\u00e4ndaren referensanv\u00e4ndare som presenteras tydligt efter underh\u00e5llskrav, lovar v\u00e5rt f\u00f6retag : anv\u00e4ndarscenen p\u00e5 kortast m\u00f6jliga tid skickad f\u00f6r reparationsservice.<\/p>","protected":false},"excerpt":{"rendered":"<p>Kvalitetss\u00e4kring 1, Garanti f\u00f6r den utrustning som tillhandah\u00e5lls av v\u00e5rt f\u00f6retag \u00e4r en ny oanv\u00e4nd med den senaste designen och l\u00e4mpligt material, och uppfyller i alla avseenden kvalitetsspecifikationen och prestanda som anges i kontraktet. 2, f\u00f6retaget...&nbsp;<a href=\"https:\/\/www.vkpakmachine.com\/sv\/quality-control\/\" class=\"more-link\">L\u00e4s mer<\/a><\/p>","protected":false},"author":1,"featured_media":0,"parent":0,"menu_order":0,"comment_status":"closed","ping_status":"closed","template":"","meta":{"footnotes":""},"yoast_head":"<!-- This site is optimized with the Yoast SEO plugin v22.5 - https:\/\/yoast.com\/wordpress\/plugins\/seo\/ -->\n<title>Quality Control - VKPAK<\/title>\n<meta name=\"robots\" content=\"index, follow, max-snippet:-1, max-image-preview:large, max-video-preview:-1\" \/>\n<link rel=\"canonical\" href=\"https:\/\/www.vkpakmachine.com\/sv\/quality-control\/\" \/>\n<script type=\"application\/ld+json\" class=\"yoast-schema-graph\">{\"@context\":\"https:\/\/schema.org\",\"@graph\":[{\"@type\":\"WebPage\",\"@id\":\"https:\/\/www.vkpakmachine.com\/lt\/quality-control\/\",\"url\":\"https:\/\/www.vkpakmachine.com\/lt\/quality-control\/\",\"name\":\"Quality Control - VKPAK\",\"isPartOf\":{\"@id\":\"https:\/\/www.vkpakmachine.com\/lv\/#website\"},\"datePublished\":\"2022-12-26T07:10:39+00:00\",\"dateModified\":\"2022-12-26T07:10:39+00:00\",\"breadcrumb\":{\"@id\":\"https:\/\/www.vkpakmachine.com\/lt\/quality-control\/#breadcrumb\"},\"inLanguage\":\"sv-SE\",\"potentialAction\":[{\"@type\":\"ReadAction\",\"target\":[\"https:\/\/www.vkpakmachine.com\/lt\/quality-control\/\"]}]},{\"@type\":\"BreadcrumbList\",\"@id\":\"https:\/\/www.vkpakmachine.com\/lt\/quality-control\/#breadcrumb\",\"itemListElement\":[{\"@type\":\"ListItem\",\"position\":1,\"name\":\"Home\",\"item\":\"https:\/\/www.vkpakmachine.com\/lv\/\"},{\"@type\":\"ListItem\",\"position\":2,\"name\":\"Quality Control\"}]},{\"@type\":\"WebSite\",\"@id\":\"https:\/\/www.vkpakmachine.com\/lv\/#website\",\"url\":\"https:\/\/www.vkpakmachine.com\/lv\/\",\"name\":\"VKPAK\",\"description\":\"\",\"publisher\":{\"@id\":\"https:\/\/www.vkpakmachine.com\/lv\/#organization\"},\"potentialAction\":[{\"@type\":\"SearchAction\",\"target\":{\"@type\":\"EntryPoint\",\"urlTemplate\":\"https:\/\/www.vkpakmachine.com\/lv\/?s={search_term_string}\"},\"query-input\":\"required name=search_term_string\"}],\"inLanguage\":\"sv-SE\"},{\"@type\":\"Organization\",\"@id\":\"https:\/\/www.vkpakmachine.com\/lv\/#organization\",\"name\":\"VKPAK\",\"url\":\"https:\/\/www.vkpakmachine.com\/lv\/\",\"logo\":{\"@type\":\"ImageObject\",\"inLanguage\":\"sv-SE\",\"@id\":\"https:\/\/www.vkpakmachine.com\/lv\/#\/schema\/logo\/image\/\",\"url\":\"https:\/\/www.vkpakmachine.com\/wp-content\/uploads\/Logo.png\",\"contentUrl\":\"https:\/\/www.vkpakmachine.com\/wp-content\/uploads\/Logo.png\",\"width\":300,\"height\":57,\"caption\":\"VKPAK\"},\"image\":{\"@id\":\"https:\/\/www.vkpakmachine.com\/lv\/#\/schema\/logo\/image\/\"}}]}<\/script>\n<!-- \/ Yoast SEO plugin. -->","yoast_head_json":{"title":"Quality Control - VKPAK","robots":{"index":"index","follow":"follow","max-snippet":"max-snippet:-1","max-image-preview":"max-image-preview:large","max-video-preview":"max-video-preview:-1"},"canonical":"https:\/\/www.vkpakmachine.com\/sv\/quality-control\/","schema":{"@context":"https:\/\/schema.org","@graph":[{"@type":"WebPage","@id":"https:\/\/www.vkpakmachine.com\/lt\/quality-control\/","url":"https:\/\/www.vkpakmachine.com\/lt\/quality-control\/","name":"Quality Control - VKPAK","isPartOf":{"@id":"https:\/\/www.vkpakmachine.com\/lv\/#website"},"datePublished":"2022-12-26T07:10:39+00:00","dateModified":"2022-12-26T07:10:39+00:00","breadcrumb":{"@id":"https:\/\/www.vkpakmachine.com\/lt\/quality-control\/#breadcrumb"},"inLanguage":"sv-SE","potentialAction":[{"@type":"ReadAction","target":["https:\/\/www.vkpakmachine.com\/lt\/quality-control\/"]}]},{"@type":"BreadcrumbList","@id":"https:\/\/www.vkpakmachine.com\/lt\/quality-control\/#breadcrumb","itemListElement":[{"@type":"ListItem","position":1,"name":"Home","item":"https:\/\/www.vkpakmachine.com\/lv\/"},{"@type":"ListItem","position":2,"name":"Quality Control"}]},{"@type":"WebSite","@id":"https:\/\/www.vkpakmachine.com\/lv\/#website","url":"https:\/\/www.vkpakmachine.com\/lv\/","name":"VKPAK","description":"","publisher":{"@id":"https:\/\/www.vkpakmachine.com\/lv\/#organization"},"potentialAction":[{"@type":"SearchAction","target":{"@type":"EntryPoint","urlTemplate":"https:\/\/www.vkpakmachine.com\/lv\/?s={search_term_string}"},"query-input":"required name=search_term_string"}],"inLanguage":"sv-SE"},{"@type":"Organization","@id":"https:\/\/www.vkpakmachine.com\/lv\/#organization","name":"VKPAK","url":"https:\/\/www.vkpakmachine.com\/lv\/","logo":{"@type":"ImageObject","inLanguage":"sv-SE","@id":"https:\/\/www.vkpakmachine.com\/lv\/#\/schema\/logo\/image\/","url":"https:\/\/www.vkpakmachine.com\/wp-content\/uploads\/Logo.png","contentUrl":"https:\/\/www.vkpakmachine.com\/wp-content\/uploads\/Logo.png","width":300,"height":57,"caption":"VKPAK"},"image":{"@id":"https:\/\/www.vkpakmachine.com\/lv\/#\/schema\/logo\/image\/"}}]}},"_links":{"self":[{"href":"https:\/\/www.vkpakmachine.com\/sv\/wp-json\/wp\/v2\/pages\/2424"}],"collection":[{"href":"https:\/\/www.vkpakmachine.com\/sv\/wp-json\/wp\/v2\/pages"}],"about":[{"href":"https:\/\/www.vkpakmachine.com\/sv\/wp-json\/wp\/v2\/types\/page"}],"author":[{"embeddable":true,"href":"https:\/\/www.vkpakmachine.com\/sv\/wp-json\/wp\/v2\/users\/1"}],"replies":[{"embeddable":true,"href":"https:\/\/www.vkpakmachine.com\/sv\/wp-json\/wp\/v2\/comments?post=2424"}],"version-history":[{"count":0,"href":"https:\/\/www.vkpakmachine.com\/sv\/wp-json\/wp\/v2\/pages\/2424\/revisions"}],"wp:attachment":[{"href":"https:\/\/www.vkpakmachine.com\/sv\/wp-json\/wp\/v2\/media?parent=2424"}],"curies":[{"name":"wp","href":"https:\/\/api.w.org\/{rel}","templated":true}]}}