{"id":6056,"date":"2024-04-07T03:42:52","date_gmt":"2024-04-07T03:42:52","guid":{"rendered":"https:\/\/www.vkpakmachine.com\/?page_id=6056"},"modified":"2024-04-09T02:19:38","modified_gmt":"2024-04-09T02:19:38","slug":"labeling-machine-videos","status":"publish","type":"page","link":"https:\/\/www.vkpakmachine.com\/sl\/labeling-machine-videos\/","title":{"rendered":"Videoposnetki strojev za etiketiranje"},"content":{"rendered":"<div class=\"su-row\"><div class=\"su-column su-column-size-1-3\"><div class=\"su-column-inner su-u-clearfix su-u-trim\"><span class=\"su-lightbox\" data-mfp-src=\"https:\/\/www.youtube.com\/watch?v=ue9X6XsSvyA\" data-mfp-type=\"iframe\" data-mobile=\"yes\"><img loading=\"lazy\" decoding=\"async\" src=\"https:\/\/www.vkpakmachine.com\/wp-content\/uploads\/Wine-Bottle-Labeler-Machine.jpg\" alt=\"Stroj za etiketiranje vinskih steklenic\" width=\"800\" height=\"450\" class=\"alignnone size-full wp-image-6379\" \/><\/span>\n<h4>Stroj za etiketiranje vinskih steklenic<\/h4>\n<\/div><\/div> <div class=\"su-column su-column-size-1-3\"><div class=\"su-column-inner su-u-clearfix su-u-trim\"><span class=\"su-lightbox\" data-mfp-src=\"https:\/\/www.youtube.com\/watch?v=wcz6pS-mMsg\" data-mfp-type=\"iframe\" data-mobile=\"yes\"><img loading=\"lazy\" decoding=\"async\" src=\"https:\/\/www.vkpakmachine.com\/wp-content\/uploads\/Automatic-Horizontal-Essential-Oil-Bottle-Labeling-Machine.jpg\" alt=\"Samodejni vodoravni stroj za ozna\u010devanje steklenic z eteri\u010dnim oljem\" width=\"800\" height=\"450\" class=\"alignnone size-full wp-image-6380\" \/><\/span>\n<h4>Samodejni vodoravni stroj za ozna\u010devanje steklenic z eteri\u010dnim oljem<\/h4>\n<\/div><\/div><div class=\"su-column su-column-size-1-3\"><div class=\"su-column-inner su-u-clearfix su-u-trim\"><span class=\"su-lightbox\" data-mfp-src=\"https:\/\/www.youtube.com\/watch?v=S59XufcTJRI\" data-mfp-type=\"iframe\" data-mobile=\"yes\"><img loading=\"lazy\" decoding=\"async\" src=\"https:\/\/www.vkpakmachine.com\/wp-content\/uploads\/VK-TL-Automatic-Tabletop-Water-Bottle-Labeling-Machine.jpg\" alt=\"Avtomatski namizni stroj za etiketiranje steklenic vode VK-TL\" width=\"800\" height=\"450\" class=\"alignnone size-full wp-image-6381\" \/><\/span>\n<h4>Avtomatski namizni stroj za etiketiranje steklenic vode VK-TL<\/h4>\n<\/div><\/div><\/div>\n<div class=\"su-row\"><div class=\"su-column su-column-size-1-3\"><div class=\"su-column-inner su-u-clearfix su-u-trim\"><span class=\"su-lightbox\" data-mfp-src=\"https:\/\/www.youtube.com\/watch?v=5MLBda0ZVeA\" data-mfp-type=\"iframe\" data-mobile=\"yes\"><img loading=\"lazy\" decoding=\"async\" src=\"https:\/\/www.vkpakmachine.com\/wp-content\/uploads\/Bag-Labeling-Machine-Pouch-Label-Applicator-Machine.jpg\" alt=\"Stroj za etiketiranje vre\u010dk, stroj za nana\u0161anje etiket za vre\u010dke\" width=\"800\" height=\"450\" class=\"alignnone size-full wp-image-6384\" \/><\/span>\n<h4>Stroj za etiketiranje vre\u010dk, stroj za nana\u0161anje etiket za vre\u010dke<\/h4>\n<\/div><\/div> <div class=\"su-column su-column-size-1-3\"><div class=\"su-column-inner su-u-clearfix su-u-trim\"><span class=\"su-lightbox\" data-mfp-src=\"https:\/\/www.youtube.com\/watch?v=0FHOkHn0k1M\" data-mfp-type=\"iframe\" data-mobile=\"yes\"><img loading=\"lazy\" decoding=\"async\" src=\"https:\/\/www.vkpakmachine.com\/wp-content\/uploads\/Automatic-Top-and-Bottom-Labeling-Machine.jpg\" alt=\"Avtomatski zgornji in spodnji stroj za etiketiranje\" width=\"800\" height=\"450\" class=\"alignnone size-full wp-image-6385\" \/><\/span>\n<h4>Avtomatski zgornji in spodnji stroj za etiketiranje<\/h4>\n<\/div><\/div><div class=\"su-column su-column-size-1-3\"><div class=\"su-column-inner su-u-clearfix su-u-trim\"><span class=\"su-lightbox\" data-mfp-src=\"https:\/\/www.youtube.com\/watch?v=rF-sk_7JT4U\" data-mfp-type=\"iframe\" data-mobile=\"yes\"><img loading=\"lazy\" decoding=\"async\" src=\"https:\/\/www.vkpakmachine.com\/wp-content\/uploads\/Automatic-Horizontal-Sticker-Labeling-Machine.jpg\" alt=\"Samodejni vodoravni stroj za etiketiranje nalepk\" width=\"800\" height=\"450\" class=\"alignnone size-full wp-image-6386\" \/><\/span>\n<h4>Samodejni vodoravni stroj za etiketiranje nalepk<\/h4>\n<\/div><\/div><\/div>\n<div class=\"su-row\"><div class=\"su-column su-column-size-1-3\"><div class=\"su-column-inner su-u-clearfix su-u-trim\"><span class=\"su-lightbox\" data-mfp-src=\"https:\/\/www.youtube.com\/watch?v=JWYGQOetE9g\" data-mfp-type=\"iframe\" data-mobile=\"yes\"><img loading=\"lazy\" decoding=\"async\" src=\"https:\/\/www.vkpakmachine.com\/wp-content\/uploads\/VK-SSL-Automatic-Shrink-Sleeve-Labeling-Machine.jpg\" alt=\"VK-SSL avtomatski stroj za etiketiranje s skr\u010dljivimi rokavi za steklenico vode\" width=\"800\" height=\"450\" class=\"alignnone size-full wp-image-6387\" \/><\/span>\n<h4>VK-SSL avtomatski stroj za etiketiranje s skr\u010dljivimi rokavi za steklenico vode<\/h4>\n<\/div><\/div> <div class=\"su-column su-column-size-1-3\"><div class=\"su-column-inner su-u-clearfix su-u-trim\"><span class=\"su-lightbox\" data-mfp-src=\"https:\/\/www.youtube.com\/watch?v=bhmDexEJREw\" data-mfp-type=\"iframe\" data-mobile=\"yes\"><img loading=\"lazy\" decoding=\"async\" src=\"https:\/\/www.vkpakmachine.com\/wp-content\/uploads\/Automatic-Square-Bottle-Multi-Sided-Label-Applicator-Machine.jpg\" alt=\"Samodejni stroj za ve\u010dstransko nana\u0161anje nalepk s kvadratnimi steklenicami\" width=\"800\" height=\"450\" class=\"alignnone size-full wp-image-6389\" \/><\/span>\n<h4>Samodejni stroj za ve\u010dstransko nana\u0161anje nalepk s kvadratnimi steklenicami<\/h4>\n<\/div><\/div><div class=\"su-column su-column-size-1-3\"><div class=\"su-column-inner su-u-clearfix su-u-trim\"><span class=\"su-lightbox\" data-mfp-src=\"https:\/\/www.youtube.com\/watch?v=83NtkLyAa_Q\" data-mfp-type=\"iframe\" data-mobile=\"yes\"><img loading=\"lazy\" decoding=\"async\" src=\"https:\/\/www.vkpakmachine.com\/wp-content\/uploads\/Hot-Melt-Glue-Labeling-Machine-For-Water-Bottle.jpg\" alt=\"Stroj za etiketiranje z vro\u010dim lepilom za steklenico vode\" width=\"800\" height=\"450\" class=\"alignnone size-full wp-image-6388\" \/><\/span>\n<h4>Stroj za etiketiranje z vro\u010dim lepilom za steklenico vode<\/h4>\n<\/div><\/div><\/div>\n<div class=\"su-button-center\"><a href=\"https:\/\/www.youtube.com\/playlist?list=PLGNCWPBfhNLiqi4qTuZH92-dExpTcY2xn\" class=\"su-button su-button-style-default\" style=\"color:#FFFFFF;background-color:#ea6f22;border-color:#bc591c;border-radius:6px;-moz-border-radius:6px;-webkit-border-radius:6px\" target=\"_blank\" rel=\"noopener noreferrer\"><span style=\"color:#FFFFFF;padding:6px 18px;font-size:14px;line-height:21px;border-color:#f19b65;border-radius:6px;-moz-border-radius:6px;-webkit-border-radius:6px;text-shadow:none;-moz-text-shadow:none;-webkit-text-shadow:none\"><i class=\"sui sui-fast-forward\" style=\"font-size:14px;color:#FFFFFF\"><\/i> Oglejte si ve\u010d videoposnetkov strojev za etiketiranje<\/span><\/a><\/div>","protected":false},"excerpt":{"rendered":"","protected":false},"author":1,"featured_media":0,"parent":0,"menu_order":0,"comment_status":"closed","ping_status":"closed","template":"","meta":{"footnotes":""},"yoast_head":"<!-- This site is optimized with the Yoast SEO plugin v22.5 - https:\/\/yoast.com\/wordpress\/plugins\/seo\/ -->\n<title>Labeling Machine Videos - VKPAK<\/title>\n<meta name=\"robots\" content=\"index, follow, max-snippet:-1, max-image-preview:large, max-video-preview:-1\" \/>\n<link rel=\"canonical\" href=\"https:\/\/www.vkpakmachine.com\/sl\/labeling-machine-videos\/\" \/>\n<script type=\"application\/ld+json\" class=\"yoast-schema-graph\">{\"@context\":\"https:\/\/schema.org\",\"@graph\":[{\"@type\":\"WebPage\",\"@id\":\"https:\/\/www.vkpakmachine.com\/lv\/labeling-machine-videos\/\",\"url\":\"https:\/\/www.vkpakmachine.com\/lv\/labeling-machine-videos\/\",\"name\":\"Labeling Machine Videos - VKPAK\",\"isPartOf\":{\"@id\":\"https:\/\/www.vkpakmachine.com\/lv\/#website\"},\"primaryImageOfPage\":{\"@id\":\"https:\/\/www.vkpakmachine.com\/lv\/labeling-machine-videos\/#primaryimage\"},\"image\":{\"@id\":\"https:\/\/www.vkpakmachine.com\/lv\/labeling-machine-videos\/#primaryimage\"},\"thumbnailUrl\":\"https:\/\/www.vkpakmachine.com\/wp-content\/uploads\/Wine-Bottle-Labeler-Machine.jpg\",\"datePublished\":\"2024-04-07T03:42:52+00:00\",\"dateModified\":\"2024-04-09T02:19:38+00:00\",\"breadcrumb\":{\"@id\":\"https:\/\/www.vkpakmachine.com\/lv\/labeling-machine-videos\/#breadcrumb\"},\"inLanguage\":\"sl-SI\",\"potentialAction\":[{\"@type\":\"ReadAction\",\"target\":[\"https:\/\/www.vkpakmachine.com\/lv\/labeling-machine-videos\/\"]}]},{\"@type\":\"ImageObject\",\"inLanguage\":\"sl-SI\",\"@id\":\"https:\/\/www.vkpakmachine.com\/lv\/labeling-machine-videos\/#primaryimage\",\"url\":\"https:\/\/www.vkpakmachine.com\/wp-content\/uploads\/Wine-Bottle-Labeler-Machine.jpg\",\"contentUrl\":\"https:\/\/www.vkpakmachine.com\/wp-content\/uploads\/Wine-Bottle-Labeler-Machine.jpg\"},{\"@type\":\"BreadcrumbList\",\"@id\":\"https:\/\/www.vkpakmachine.com\/lv\/labeling-machine-videos\/#breadcrumb\",\"itemListElement\":[{\"@type\":\"ListItem\",\"position\":1,\"name\":\"Home\",\"item\":\"https:\/\/www.vkpakmachine.com\/lv\/\"},{\"@type\":\"ListItem\",\"position\":2,\"name\":\"Labeling Machine Videos\"}]},{\"@type\":\"WebSite\",\"@id\":\"https:\/\/www.vkpakmachine.com\/lv\/#website\",\"url\":\"https:\/\/www.vkpakmachine.com\/lv\/\",\"name\":\"VKPAK\",\"description\":\"\",\"publisher\":{\"@id\":\"https:\/\/www.vkpakmachine.com\/lv\/#organization\"},\"potentialAction\":[{\"@type\":\"SearchAction\",\"target\":{\"@type\":\"EntryPoint\",\"urlTemplate\":\"https:\/\/www.vkpakmachine.com\/lv\/?s={search_term_string}\"},\"query-input\":\"required name=search_term_string\"}],\"inLanguage\":\"sl-SI\"},{\"@type\":\"Organization\",\"@id\":\"https:\/\/www.vkpakmachine.com\/lv\/#organization\",\"name\":\"VKPAK\",\"url\":\"https:\/\/www.vkpakmachine.com\/lv\/\",\"logo\":{\"@type\":\"ImageObject\",\"inLanguage\":\"sl-SI\",\"@id\":\"https:\/\/www.vkpakmachine.com\/lv\/#\/schema\/logo\/image\/\",\"url\":\"https:\/\/www.vkpakmachine.com\/wp-content\/uploads\/Logo.png\",\"contentUrl\":\"https:\/\/www.vkpakmachine.com\/wp-content\/uploads\/Logo.png\",\"width\":300,\"height\":57,\"caption\":\"VKPAK\"},\"image\":{\"@id\":\"https:\/\/www.vkpakmachine.com\/lv\/#\/schema\/logo\/image\/\"}}]}<\/script>\n<!-- \/ Yoast SEO plugin. -->","yoast_head_json":{"title":"Labeling Machine Videos - VKPAK","robots":{"index":"index","follow":"follow","max-snippet":"max-snippet:-1","max-image-preview":"max-image-preview:large","max-video-preview":"max-video-preview:-1"},"canonical":"https:\/\/www.vkpakmachine.com\/sl\/labeling-machine-videos\/","schema":{"@context":"https:\/\/schema.org","@graph":[{"@type":"WebPage","@id":"https:\/\/www.vkpakmachine.com\/lv\/labeling-machine-videos\/","url":"https:\/\/www.vkpakmachine.com\/lv\/labeling-machine-videos\/","name":"Labeling Machine Videos - VKPAK","isPartOf":{"@id":"https:\/\/www.vkpakmachine.com\/lv\/#website"},"primaryImageOfPage":{"@id":"https:\/\/www.vkpakmachine.com\/lv\/labeling-machine-videos\/#primaryimage"},"image":{"@id":"https:\/\/www.vkpakmachine.com\/lv\/labeling-machine-videos\/#primaryimage"},"thumbnailUrl":"https:\/\/www.vkpakmachine.com\/wp-content\/uploads\/Wine-Bottle-Labeler-Machine.jpg","datePublished":"2024-04-07T03:42:52+00:00","dateModified":"2024-04-09T02:19:38+00:00","breadcrumb":{"@id":"https:\/\/www.vkpakmachine.com\/lv\/labeling-machine-videos\/#breadcrumb"},"inLanguage":"sl-SI","potentialAction":[{"@type":"ReadAction","target":["https:\/\/www.vkpakmachine.com\/lv\/labeling-machine-videos\/"]}]},{"@type":"ImageObject","inLanguage":"sl-SI","@id":"https:\/\/www.vkpakmachine.com\/lv\/labeling-machine-videos\/#primaryimage","url":"https:\/\/www.vkpakmachine.com\/wp-content\/uploads\/Wine-Bottle-Labeler-Machine.jpg","contentUrl":"https:\/\/www.vkpakmachine.com\/wp-content\/uploads\/Wine-Bottle-Labeler-Machine.jpg"},{"@type":"BreadcrumbList","@id":"https:\/\/www.vkpakmachine.com\/lv\/labeling-machine-videos\/#breadcrumb","itemListElement":[{"@type":"ListItem","position":1,"name":"Home","item":"https:\/\/www.vkpakmachine.com\/lv\/"},{"@type":"ListItem","position":2,"name":"Labeling Machine Videos"}]},{"@type":"WebSite","@id":"https:\/\/www.vkpakmachine.com\/lv\/#website","url":"https:\/\/www.vkpakmachine.com\/lv\/","name":"VKPAK","description":"","publisher":{"@id":"https:\/\/www.vkpakmachine.com\/lv\/#organization"},"potentialAction":[{"@type":"SearchAction","target":{"@type":"EntryPoint","urlTemplate":"https:\/\/www.vkpakmachine.com\/lv\/?s={search_term_string}"},"query-input":"required name=search_term_string"}],"inLanguage":"sl-SI"},{"@type":"Organization","@id":"https:\/\/www.vkpakmachine.com\/lv\/#organization","name":"VKPAK","url":"https:\/\/www.vkpakmachine.com\/lv\/","logo":{"@type":"ImageObject","inLanguage":"sl-SI","@id":"https:\/\/www.vkpakmachine.com\/lv\/#\/schema\/logo\/image\/","url":"https:\/\/www.vkpakmachine.com\/wp-content\/uploads\/Logo.png","contentUrl":"https:\/\/www.vkpakmachine.com\/wp-content\/uploads\/Logo.png","width":300,"height":57,"caption":"VKPAK"},"image":{"@id":"https:\/\/www.vkpakmachine.com\/lv\/#\/schema\/logo\/image\/"}}]}},"_links":{"self":[{"href":"https:\/\/www.vkpakmachine.com\/sl\/wp-json\/wp\/v2\/pages\/6056"}],"collection":[{"href":"https:\/\/www.vkpakmachine.com\/sl\/wp-json\/wp\/v2\/pages"}],"about":[{"href":"https:\/\/www.vkpakmachine.com\/sl\/wp-json\/wp\/v2\/types\/page"}],"author":[{"embeddable":true,"href":"https:\/\/www.vkpakmachine.com\/sl\/wp-json\/wp\/v2\/users\/1"}],"replies":[{"embeddable":true,"href":"https:\/\/www.vkpakmachine.com\/sl\/wp-json\/wp\/v2\/comments?post=6056"}],"version-history":[{"count":1,"href":"https:\/\/www.vkpakmachine.com\/sl\/wp-json\/wp\/v2\/pages\/6056\/revisions"}],"predecessor-version":[{"id":6524,"href":"https:\/\/www.vkpakmachine.com\/sl\/wp-json\/wp\/v2\/pages\/6056\/revisions\/6524"}],"wp:attachment":[{"href":"https:\/\/www.vkpakmachine.com\/sl\/wp-json\/wp\/v2\/media?parent=6056"}],"curies":[{"name":"wp","href":"https:\/\/api.w.org\/{rel}","templated":true}]}}