{"id":2424,"date":"2022-12-26T07:10:39","date_gmt":"2022-12-26T07:10:39","guid":{"rendered":"https:\/\/www.vkpakmachine.com\/?page_id=2424"},"modified":"2022-12-26T07:10:39","modified_gmt":"2022-12-26T07:10:39","slug":"quality-control","status":"publish","type":"page","link":"https:\/\/www.vkpakmachine.com\/sl\/quality-control\/","title":{"rendered":"Kontrola kakovosti"},"content":{"rendered":"<h2><strong>Zagotavljanje kakovosti<\/strong><\/h2>\n<hr \/>\n<p>1, Garancija za opremo, ki jo dobavlja na\u0161e podjetje, je nova, neuporabljena z uporabo najnovej\u0161e zasnove in izdelanega ustreznega materiala ter v vseh pogledih izpolnjuje specifikacijo kakovosti in zmogljivost, dolo\u010deno v pogodbi.<\/p>\n<p>2, Garancija podjetja, ki jo zagotavlja oprema po pravilnem vodenju celotnega sistema, deluje 3 dni po namestitvi in odpravljanju napak, da se dose\u017eejo kazalniki tehni\u010dne u\u010dinkovitosti izdelka.<\/p>\n<p>3, Na\u0161e podjetje jam\u010di v obdobju garancije kakovosti, dolo\u010denem v pogodbi, procesu na\u010drtovanja za dobavo opreme, proizvodnjo in namestitev, odpravljanje napak ali materialne napake in vse, kar povzro\u010di odgovornost prodajalca, je odgovoren za vse napake v proizvodni liniji napake in \u0161kodo.<\/p>\n<p>4, celotno garancijsko obdobje kakovosti stroja za proizvodno linijo 12 mesecev po sprejemu. \u010ce se ugotovi v garancijskem roku kakovosti, kakovost blaga ali specifikacija in ni v skladu z dolo\u010dili pogodbe ali doka\u017ee, da je blago pomanjkljivo (vklju\u010dno z morebitnimi napakami ali uporabo podstandardnih materialov itd.), kupec je v skladu s potrdilom o in\u0161pekcijskem pregledu, ki ga je izdal pravni oddelek, upravi\u010den do tega, da je v obdobju garancije kakovosti predlo\u017eena shema obravnave prodajalca.<\/p>\n<p>5, Podjetje na kakovost izdelka na mehanske lastnosti dobavljene opreme in jamstvo za indeks porabe izdelka.<\/p>\n<h2><strong>Garancija<\/strong><\/h2>\n<hr \/>\n<p>1, po prevzemu opreme zagotovite 12-mese\u010dno garancijo, brezpla\u010dno garancijsko obdobje za okvaro delov in komponent, ki jo povzro\u010di prodajalec, ter pravo\u010dasno in u\u010dinkovito storitev.<\/p>\n<p>2, Po garanciji, vse\u017eivljenjsko zagotavljajo \u0161iroko ugodno tehni\u010dno podporo poprodajnih storitev.<br \/>\nPoprodajne storitve: oddelek za poprodajne storitve na\u0161ega podjetja ima namenski telefon za vro\u010do linijo za poprodajne storitve, na\u0161e osebje je odgovorno za dvig uporabnika telefona, zagotovite uporabniku v prvem vpra\u0161anju, da z navdu\u0161enjem iskreno odgovori po opremi sprejem opreme nudimo 12-mese\u010dno garancijo servisni proces, vsaj enkrat bomo zagotovili strokovno in tehni\u010dno osebje rutinskega pregleda in zagotovili podrobno poro\u010dilo o pregledu, za uporabnike referen\u010dnih uporabnikov, ki so jasno predlo\u017eili zahteve po vzdr\u017eevanju, na\u0161e podjetje obljublja : uporabni\u0161ka scena v najkraj\u0161em mo\u017enem \u010dasu poslana na popravilo.<\/p>","protected":false},"excerpt":{"rendered":"<p>Zagotavljanje kakovosti 1. Garancija opreme, ki jo dobavlja na\u0161e podjetje, je nova, neuporabljena z uporabo najnovej\u0161e zasnove in izdelanega ustreznega materiala ter v vseh pogledih izpolnjuje specifikacijo kakovosti in zmogljivost, dolo\u010deno v pogodbi. 2, Podjetje\u2026&nbsp;<a href=\"https:\/\/www.vkpakmachine.com\/sl\/quality-control\/\" class=\"more-link\">Preberi ve\u010d<\/a><\/p>","protected":false},"author":1,"featured_media":0,"parent":0,"menu_order":0,"comment_status":"closed","ping_status":"closed","template":"","meta":{"footnotes":""},"yoast_head":"<!-- This site is optimized with the Yoast SEO plugin v22.5 - https:\/\/yoast.com\/wordpress\/plugins\/seo\/ -->\n<title>Quality Control - VKPAK<\/title>\n<meta name=\"robots\" content=\"index, follow, max-snippet:-1, max-image-preview:large, max-video-preview:-1\" \/>\n<link rel=\"canonical\" href=\"https:\/\/www.vkpakmachine.com\/sl\/quality-control\/\" \/>\n<script type=\"application\/ld+json\" class=\"yoast-schema-graph\">{\"@context\":\"https:\/\/schema.org\",\"@graph\":[{\"@type\":\"WebPage\",\"@id\":\"https:\/\/www.vkpakmachine.com\/lt\/quality-control\/\",\"url\":\"https:\/\/www.vkpakmachine.com\/lt\/quality-control\/\",\"name\":\"Quality Control - VKPAK\",\"isPartOf\":{\"@id\":\"https:\/\/www.vkpakmachine.com\/lv\/#website\"},\"datePublished\":\"2022-12-26T07:10:39+00:00\",\"dateModified\":\"2022-12-26T07:10:39+00:00\",\"breadcrumb\":{\"@id\":\"https:\/\/www.vkpakmachine.com\/lt\/quality-control\/#breadcrumb\"},\"inLanguage\":\"sl-SI\",\"potentialAction\":[{\"@type\":\"ReadAction\",\"target\":[\"https:\/\/www.vkpakmachine.com\/lt\/quality-control\/\"]}]},{\"@type\":\"BreadcrumbList\",\"@id\":\"https:\/\/www.vkpakmachine.com\/lt\/quality-control\/#breadcrumb\",\"itemListElement\":[{\"@type\":\"ListItem\",\"position\":1,\"name\":\"Home\",\"item\":\"https:\/\/www.vkpakmachine.com\/lv\/\"},{\"@type\":\"ListItem\",\"position\":2,\"name\":\"Quality Control\"}]},{\"@type\":\"WebSite\",\"@id\":\"https:\/\/www.vkpakmachine.com\/lv\/#website\",\"url\":\"https:\/\/www.vkpakmachine.com\/lv\/\",\"name\":\"VKPAK\",\"description\":\"\",\"publisher\":{\"@id\":\"https:\/\/www.vkpakmachine.com\/lv\/#organization\"},\"potentialAction\":[{\"@type\":\"SearchAction\",\"target\":{\"@type\":\"EntryPoint\",\"urlTemplate\":\"https:\/\/www.vkpakmachine.com\/lv\/?s={search_term_string}\"},\"query-input\":\"required name=search_term_string\"}],\"inLanguage\":\"sl-SI\"},{\"@type\":\"Organization\",\"@id\":\"https:\/\/www.vkpakmachine.com\/lv\/#organization\",\"name\":\"VKPAK\",\"url\":\"https:\/\/www.vkpakmachine.com\/lv\/\",\"logo\":{\"@type\":\"ImageObject\",\"inLanguage\":\"sl-SI\",\"@id\":\"https:\/\/www.vkpakmachine.com\/lv\/#\/schema\/logo\/image\/\",\"url\":\"https:\/\/www.vkpakmachine.com\/wp-content\/uploads\/Logo.png\",\"contentUrl\":\"https:\/\/www.vkpakmachine.com\/wp-content\/uploads\/Logo.png\",\"width\":300,\"height\":57,\"caption\":\"VKPAK\"},\"image\":{\"@id\":\"https:\/\/www.vkpakmachine.com\/lv\/#\/schema\/logo\/image\/\"}}]}<\/script>\n<!-- \/ Yoast SEO plugin. -->","yoast_head_json":{"title":"Quality Control - VKPAK","robots":{"index":"index","follow":"follow","max-snippet":"max-snippet:-1","max-image-preview":"max-image-preview:large","max-video-preview":"max-video-preview:-1"},"canonical":"https:\/\/www.vkpakmachine.com\/sl\/quality-control\/","schema":{"@context":"https:\/\/schema.org","@graph":[{"@type":"WebPage","@id":"https:\/\/www.vkpakmachine.com\/lt\/quality-control\/","url":"https:\/\/www.vkpakmachine.com\/lt\/quality-control\/","name":"Quality Control - VKPAK","isPartOf":{"@id":"https:\/\/www.vkpakmachine.com\/lv\/#website"},"datePublished":"2022-12-26T07:10:39+00:00","dateModified":"2022-12-26T07:10:39+00:00","breadcrumb":{"@id":"https:\/\/www.vkpakmachine.com\/lt\/quality-control\/#breadcrumb"},"inLanguage":"sl-SI","potentialAction":[{"@type":"ReadAction","target":["https:\/\/www.vkpakmachine.com\/lt\/quality-control\/"]}]},{"@type":"BreadcrumbList","@id":"https:\/\/www.vkpakmachine.com\/lt\/quality-control\/#breadcrumb","itemListElement":[{"@type":"ListItem","position":1,"name":"Home","item":"https:\/\/www.vkpakmachine.com\/lv\/"},{"@type":"ListItem","position":2,"name":"Quality Control"}]},{"@type":"WebSite","@id":"https:\/\/www.vkpakmachine.com\/lv\/#website","url":"https:\/\/www.vkpakmachine.com\/lv\/","name":"VKPAK","description":"","publisher":{"@id":"https:\/\/www.vkpakmachine.com\/lv\/#organization"},"potentialAction":[{"@type":"SearchAction","target":{"@type":"EntryPoint","urlTemplate":"https:\/\/www.vkpakmachine.com\/lv\/?s={search_term_string}"},"query-input":"required name=search_term_string"}],"inLanguage":"sl-SI"},{"@type":"Organization","@id":"https:\/\/www.vkpakmachine.com\/lv\/#organization","name":"VKPAK","url":"https:\/\/www.vkpakmachine.com\/lv\/","logo":{"@type":"ImageObject","inLanguage":"sl-SI","@id":"https:\/\/www.vkpakmachine.com\/lv\/#\/schema\/logo\/image\/","url":"https:\/\/www.vkpakmachine.com\/wp-content\/uploads\/Logo.png","contentUrl":"https:\/\/www.vkpakmachine.com\/wp-content\/uploads\/Logo.png","width":300,"height":57,"caption":"VKPAK"},"image":{"@id":"https:\/\/www.vkpakmachine.com\/lv\/#\/schema\/logo\/image\/"}}]}},"_links":{"self":[{"href":"https:\/\/www.vkpakmachine.com\/sl\/wp-json\/wp\/v2\/pages\/2424"}],"collection":[{"href":"https:\/\/www.vkpakmachine.com\/sl\/wp-json\/wp\/v2\/pages"}],"about":[{"href":"https:\/\/www.vkpakmachine.com\/sl\/wp-json\/wp\/v2\/types\/page"}],"author":[{"embeddable":true,"href":"https:\/\/www.vkpakmachine.com\/sl\/wp-json\/wp\/v2\/users\/1"}],"replies":[{"embeddable":true,"href":"https:\/\/www.vkpakmachine.com\/sl\/wp-json\/wp\/v2\/comments?post=2424"}],"version-history":[{"count":0,"href":"https:\/\/www.vkpakmachine.com\/sl\/wp-json\/wp\/v2\/pages\/2424\/revisions"}],"wp:attachment":[{"href":"https:\/\/www.vkpakmachine.com\/sl\/wp-json\/wp\/v2\/media?parent=2424"}],"curies":[{"name":"wp","href":"https:\/\/api.w.org\/{rel}","templated":true}]}}