{"id":2414,"date":"2022-12-26T07:08:38","date_gmt":"2022-12-26T07:08:38","guid":{"rendered":"https:\/\/www.vkpakmachine.com\/?page_id=2414"},"modified":"2022-12-26T07:08:38","modified_gmt":"2022-12-26T07:08:38","slug":"faq","status":"publish","type":"page","link":"https:\/\/www.vkpakmachine.com\/sl\/faq\/","title":{"rendered":"pogosta vpra\u0161anja"},"content":{"rendered":"<p><strong>V: Ali ste tovarna ali trgovsko podjetje?<\/strong><br \/>\nO: Od leta 2003 smo tovarni\u0161ko osredoto\u010deni na na\u010drtovanje, proizvodnjo, sestavljanje, namestitev in odpravljanje napak razli\u010dnih vrst polnilnih strojev, strojev za zapiranje in strojev za etiketiranje.<\/p>\n<p><strong>V: Ali lahko po\u0161ljete video, ki prikazuje, kako deluje va\u0161 stroj?<\/strong><br \/>\nO: Vsekakor smo naredili vse videoposnetke na\u0161ega stroja.<\/p>\n<p><strong>V: Ali naredite test pred po\u0161iljanjem?<\/strong><br \/>\nO: Stroj vedno v celoti preizkusimo in se pred po\u0161iljanjem prepri\u010damo, da deluje brezhibno.<\/p>\n<p><strong>V: Kak\u0161en je rok pla\u010dila in trgovinski pogoji?<\/strong><br \/>\nO: Sprejemamo pla\u010dila T\/T, Western Union, MoneyGram, Alibaba Trade Assurance.<br \/>\nTrgovinski izraz: EXW, FOB, CIF, CNF.<\/p>\n<p><strong>V: Kak\u0161na je MOQ in garancija?<\/strong><br \/>\nO: Ni MOQ, dobrodo\u0161li pri naro\u010dilu, obljubljamo 12-mese\u010dno garancijo.<\/p>\n<p><strong>V: Kak\u0161en paket za po\u0161iljanje?<\/strong><br \/>\nO: Uporabite osnovni ovoj iz raztegljive folije okoli celotnega stroja in pakiran z izvo\u017eenim lesenim ohi\u0161jem, ki je lahko tudi v skladu z va\u0161imi zahtevami.<\/p>\n<p><strong>V: \u010ce je garancijsko leto stroja poteklo, kaj lahko storimo, \u010de se kateri koli del pokvari?<\/strong><br \/>\nO: Ponujamo vse do\u017eivljenjske storitve stroja, \u010de se kateri koli rezervni del pokvari po enem letu, lahko stranke kupijo rezervne dele na lokalnem trgu ali kupijo od dobaviteljev, strankam lahko po\u0161ljemo rezervne dele v 24 urah. In vsi deli na\u0161ih strojnih komponent so originalni svetovno znane blagovne znamke, ki jih je enostavno najti v lokalnem okolju.<\/p>\n<p><strong>V: Kak\u0161na je va\u0161a garancija?<\/strong><br \/>\nO: Za stroje jam\u010dimo eno leto. V garancijskem letu so bili vsi nadomestni deli pokvarjeni zaradi te\u017eave s kakovostjo VKPAK, nadomestni deli bodo strankam dobavljeni brezpla\u010dno, stranka mora pla\u010dati stro\u0161ke prevoza, \u010de je te\u017ea paketa ve\u010dja od 500 gramov. Nadomestni deli, ki se zlahka obrabijo, niso v uporabi garancijske pogoje, kot so O-obro\u010dki, jermeni, ki bodo prilo\u017eeni stroju za enoletno uporabo.<\/p>","protected":false},"excerpt":{"rendered":"<p>V: Ali ste tovarna ali trgovsko podjetje? O: Od leta 2003 smo tovarni\u0161ko osredoto\u010deni na na\u010drtovanje, proizvodnjo, sestavljanje, name\u0161\u010danje in odpravljanje napak razli\u010dnih vrst polnilnih strojev, strojev za zapiranje in strojev za etiketiranje. V: Ali lahko po\u0161ljete video, ki prikazuje, kako va\u0161...&nbsp;<a href=\"https:\/\/www.vkpakmachine.com\/sl\/faq\/\" class=\"more-link\">Preberi ve\u010d<\/a><\/p>","protected":false},"author":1,"featured_media":0,"parent":0,"menu_order":0,"comment_status":"closed","ping_status":"closed","template":"","meta":{"footnotes":""},"yoast_head":"<!-- This site is optimized with the Yoast SEO plugin v22.5 - https:\/\/yoast.com\/wordpress\/plugins\/seo\/ -->\n<title>FAQ - VKPAK<\/title>\n<meta name=\"robots\" content=\"index, follow, max-snippet:-1, max-image-preview:large, max-video-preview:-1\" \/>\n<link rel=\"canonical\" href=\"https:\/\/www.vkpakmachine.com\/sl\/faq\/\" \/>\n<script type=\"application\/ld+json\" class=\"yoast-schema-graph\">{\"@context\":\"https:\/\/schema.org\",\"@graph\":[{\"@type\":\"WebPage\",\"@id\":\"https:\/\/www.vkpakmachine.com\/lv\/faq\/\",\"url\":\"https:\/\/www.vkpakmachine.com\/lv\/faq\/\",\"name\":\"FAQ - VKPAK\",\"isPartOf\":{\"@id\":\"https:\/\/www.vkpakmachine.com\/lv\/#website\"},\"datePublished\":\"2022-12-26T07:08:38+00:00\",\"dateModified\":\"2022-12-26T07:08:38+00:00\",\"breadcrumb\":{\"@id\":\"https:\/\/www.vkpakmachine.com\/lv\/faq\/#breadcrumb\"},\"inLanguage\":\"sl-SI\",\"potentialAction\":[{\"@type\":\"ReadAction\",\"target\":[\"https:\/\/www.vkpakmachine.com\/lv\/faq\/\"]}]},{\"@type\":\"BreadcrumbList\",\"@id\":\"https:\/\/www.vkpakmachine.com\/lv\/faq\/#breadcrumb\",\"itemListElement\":[{\"@type\":\"ListItem\",\"position\":1,\"name\":\"Home\",\"item\":\"https:\/\/www.vkpakmachine.com\/lv\/\"},{\"@type\":\"ListItem\",\"position\":2,\"name\":\"FAQ\"}]},{\"@type\":\"WebSite\",\"@id\":\"https:\/\/www.vkpakmachine.com\/lv\/#website\",\"url\":\"https:\/\/www.vkpakmachine.com\/lv\/\",\"name\":\"VKPAK\",\"description\":\"\",\"publisher\":{\"@id\":\"https:\/\/www.vkpakmachine.com\/lv\/#organization\"},\"potentialAction\":[{\"@type\":\"SearchAction\",\"target\":{\"@type\":\"EntryPoint\",\"urlTemplate\":\"https:\/\/www.vkpakmachine.com\/lv\/?s={search_term_string}\"},\"query-input\":\"required name=search_term_string\"}],\"inLanguage\":\"sl-SI\"},{\"@type\":\"Organization\",\"@id\":\"https:\/\/www.vkpakmachine.com\/lv\/#organization\",\"name\":\"VKPAK\",\"url\":\"https:\/\/www.vkpakmachine.com\/lv\/\",\"logo\":{\"@type\":\"ImageObject\",\"inLanguage\":\"sl-SI\",\"@id\":\"https:\/\/www.vkpakmachine.com\/lv\/#\/schema\/logo\/image\/\",\"url\":\"https:\/\/www.vkpakmachine.com\/wp-content\/uploads\/Logo.png\",\"contentUrl\":\"https:\/\/www.vkpakmachine.com\/wp-content\/uploads\/Logo.png\",\"width\":300,\"height\":57,\"caption\":\"VKPAK\"},\"image\":{\"@id\":\"https:\/\/www.vkpakmachine.com\/lv\/#\/schema\/logo\/image\/\"}}]}<\/script>\n<!-- \/ Yoast SEO plugin. -->","yoast_head_json":{"title":"FAQ - VKPAK","robots":{"index":"index","follow":"follow","max-snippet":"max-snippet:-1","max-image-preview":"max-image-preview:large","max-video-preview":"max-video-preview:-1"},"canonical":"https:\/\/www.vkpakmachine.com\/sl\/faq\/","schema":{"@context":"https:\/\/schema.org","@graph":[{"@type":"WebPage","@id":"https:\/\/www.vkpakmachine.com\/lv\/faq\/","url":"https:\/\/www.vkpakmachine.com\/lv\/faq\/","name":"FAQ - VKPAK","isPartOf":{"@id":"https:\/\/www.vkpakmachine.com\/lv\/#website"},"datePublished":"2022-12-26T07:08:38+00:00","dateModified":"2022-12-26T07:08:38+00:00","breadcrumb":{"@id":"https:\/\/www.vkpakmachine.com\/lv\/faq\/#breadcrumb"},"inLanguage":"sl-SI","potentialAction":[{"@type":"ReadAction","target":["https:\/\/www.vkpakmachine.com\/lv\/faq\/"]}]},{"@type":"BreadcrumbList","@id":"https:\/\/www.vkpakmachine.com\/lv\/faq\/#breadcrumb","itemListElement":[{"@type":"ListItem","position":1,"name":"Home","item":"https:\/\/www.vkpakmachine.com\/lv\/"},{"@type":"ListItem","position":2,"name":"FAQ"}]},{"@type":"WebSite","@id":"https:\/\/www.vkpakmachine.com\/lv\/#website","url":"https:\/\/www.vkpakmachine.com\/lv\/","name":"VKPAK","description":"","publisher":{"@id":"https:\/\/www.vkpakmachine.com\/lv\/#organization"},"potentialAction":[{"@type":"SearchAction","target":{"@type":"EntryPoint","urlTemplate":"https:\/\/www.vkpakmachine.com\/lv\/?s={search_term_string}"},"query-input":"required name=search_term_string"}],"inLanguage":"sl-SI"},{"@type":"Organization","@id":"https:\/\/www.vkpakmachine.com\/lv\/#organization","name":"VKPAK","url":"https:\/\/www.vkpakmachine.com\/lv\/","logo":{"@type":"ImageObject","inLanguage":"sl-SI","@id":"https:\/\/www.vkpakmachine.com\/lv\/#\/schema\/logo\/image\/","url":"https:\/\/www.vkpakmachine.com\/wp-content\/uploads\/Logo.png","contentUrl":"https:\/\/www.vkpakmachine.com\/wp-content\/uploads\/Logo.png","width":300,"height":57,"caption":"VKPAK"},"image":{"@id":"https:\/\/www.vkpakmachine.com\/lv\/#\/schema\/logo\/image\/"}}]}},"_links":{"self":[{"href":"https:\/\/www.vkpakmachine.com\/sl\/wp-json\/wp\/v2\/pages\/2414"}],"collection":[{"href":"https:\/\/www.vkpakmachine.com\/sl\/wp-json\/wp\/v2\/pages"}],"about":[{"href":"https:\/\/www.vkpakmachine.com\/sl\/wp-json\/wp\/v2\/types\/page"}],"author":[{"embeddable":true,"href":"https:\/\/www.vkpakmachine.com\/sl\/wp-json\/wp\/v2\/users\/1"}],"replies":[{"embeddable":true,"href":"https:\/\/www.vkpakmachine.com\/sl\/wp-json\/wp\/v2\/comments?post=2414"}],"version-history":[{"count":0,"href":"https:\/\/www.vkpakmachine.com\/sl\/wp-json\/wp\/v2\/pages\/2414\/revisions"}],"wp:attachment":[{"href":"https:\/\/www.vkpakmachine.com\/sl\/wp-json\/wp\/v2\/media?parent=2414"}],"curies":[{"name":"wp","href":"https:\/\/api.w.org\/{rel}","templated":true}]}}