{"id":2426,"date":"2022-12-26T07:11:57","date_gmt":"2022-12-26T07:11:57","guid":{"rendered":"https:\/\/www.vkpakmachine.com\/?page_id=2426"},"modified":"2022-12-26T07:11:57","modified_gmt":"2022-12-26T07:11:57","slug":"service","status":"publish","type":"page","link":"https:\/\/www.vkpakmachine.com\/sk\/service\/","title":{"rendered":"servis"},"content":{"rendered":"<h3>\u0160kolenie:<\/h3>\n<p>Pon\u00fakame syst\u00e9m \u0161kolenia strojov, z\u00e1kazn\u00edk si m\u00f4\u017ee vybra\u0165 \u0161kolenie v na\u0161ej tov\u00e1rni alebo v z\u00e1kazn\u00edckej dielni. Be\u017en\u00e9 tr\u00e9ningov\u00e9 dni s\u00fa 3-5 dn\u00ed.<\/p>\n<p>Z\u00e1kazn\u00edkovi pon\u00fakame n\u00e1vod na obsluhu.<\/p>\n<p>Z\u00e1kazn\u00edkovi pon\u00fakame \u0161koliace video a video obsluhy stroja.<\/p>\n<p>Pon\u00fakame slu\u017ebu dia\u013ekov\u00e9ho ovl\u00e1dania, ak z\u00e1kazn\u00edk nevie, ako obsluhova\u0165 a pou\u017e\u00edva\u0165 stroj.<\/p>\n<h3>In\u0161tal\u00e1cia:<\/h3>\n<p>Na po\u017eiadanie vy\u0161leme in\u017einierov, aby vykonali in\u0161tal\u00e1ciu a odladenie zariadenia na mieste kupuj\u00faceho. N\u00e1klady na medzin\u00e1rodn\u00e9 obojsmern\u00e9 letenky, ubytovanie, stravu a dopravu, lek\u00e1rsku starostlivos\u0165 hrad\u00ed za in\u017einierov kupuj\u00faci. Kupuj\u00faci je povinn\u00fd plne spolupracova\u0165 s technikom Dod\u00e1vate\u013ea a pripravi\u0165 v\u0161etky podmienky in\u0161tal\u00e1cie na prev\u00e1dzku.<\/p>\n<h3>Z\u00e1ruka:<\/h3>\n<p>V\u00fdrobca zaru\u010duje, \u017ee tovar je vyroben\u00fd z najlep\u0161\u00edch materi\u00e1lov v\u00fdrobcu. Na predan\u00fd stroj bude z\u00e1ruka do jedn\u00e9ho roka, v z\u00e1ru\u010dnom roku, ak\u00e9ko\u013evek n\u00e1hradn\u00e9 diely po\u0161koden\u00e9 v d\u00f4sledku probl\u00e9mu s kvalitou dod\u00e1vate\u013ea, n\u00e1hradn\u00e9 diely bud\u00fa z\u00e1kazn\u00edkovi dodan\u00e9 bezplatne, z\u00e1kazn\u00edk mus\u00ed zaplati\u0165 prepravn\u00e9, ak hmotnos\u0165 bal\u00edka presahuje 500 gramov.<\/p>\n<h3>Popredajn\u00e9 in\u0161tala\u010dn\u00e9 stroje<\/h3>\n<div class=\"su-custom-gallery su-custom-gallery-title-hover su-lightbox-gallery\"><div class=\"su-custom-gallery-slide\"><a href=\"https:\/\/www.vkpakmachine.com\/wp-content\/uploads\/After-sales-installation-machinery-2.jpg\" title=\"Popredajn\u00e9 in\u0161tala\u010dn\u00e9 stroje\"><img loading=\"lazy\" decoding=\"async\" src=\"https:\/\/www.vkpakmachine.com\/wp-content\/uploads\/After-sales-installation-machinery-2-380x250.jpg\" alt=\"Popredajn\u00e9 in\u0161tala\u010dn\u00e9 stroje\" width=\"380\" height=\"250\" \/><span class=\"su-custom-gallery-title\">Popredajn\u00e9 in\u0161tala\u010dn\u00e9 stroje<\/span><\/a><\/div><div class=\"su-custom-gallery-slide\"><a href=\"https:\/\/www.vkpakmachine.com\/wp-content\/uploads\/After-sales-installation-machinery-3.jpg\" title=\"Popredajn\u00e9 in\u0161tala\u010dn\u00e9 stroje\"><img loading=\"lazy\" decoding=\"async\" src=\"https:\/\/www.vkpakmachine.com\/wp-content\/uploads\/After-sales-installation-machinery-3-380x250.jpg\" alt=\"Popredajn\u00e9 in\u0161tala\u010dn\u00e9 stroje\" width=\"380\" height=\"250\" \/><span class=\"su-custom-gallery-title\">Popredajn\u00e9 in\u0161tala\u010dn\u00e9 stroje<\/span><\/a><\/div><div class=\"su-custom-gallery-slide\"><a href=\"https:\/\/www.vkpakmachine.com\/wp-content\/uploads\/After-sales-installation-machinery.jpg\" title=\"Popredajn\u00e9 in\u0161tala\u010dn\u00e9 stroje\"><img loading=\"lazy\" decoding=\"async\" src=\"https:\/\/www.vkpakmachine.com\/wp-content\/uploads\/After-sales-installation-machinery-380x250.jpg\" alt=\"Popredajn\u00e9 in\u0161tala\u010dn\u00e9 stroje\" width=\"380\" height=\"250\" \/><span class=\"su-custom-gallery-title\">Popredajn\u00e9 in\u0161tala\u010dn\u00e9 stroje<\/span><\/a><\/div><div class=\"su-clear\"><\/div><\/div>","protected":false},"excerpt":{"rendered":"<p>\u0160kolenie: Pon\u00fakame syst\u00e9m \u0161kolenia strojov, z\u00e1kazn\u00edk si m\u00f4\u017ee vybra\u0165 \u0161kolenie v na\u0161ej tov\u00e1rni alebo v z\u00e1kazn\u00edckej dielni. Be\u017en\u00e9 tr\u00e9ningov\u00e9 dni s\u00fa 3-5 dn\u00ed. Z\u00e1kazn\u00edkovi pon\u00fakame n\u00e1vod na obsluhu. Pon\u00fakame \u0161koliace video a video obsluhy stroja pre\u2026&nbsp;<a href=\"https:\/\/www.vkpakmachine.com\/sk\/service\/\" class=\"more-link\">\u010c\u00edtaj viac<\/a><\/p>","protected":false},"author":1,"featured_media":0,"parent":0,"menu_order":0,"comment_status":"closed","ping_status":"closed","template":"","meta":{"footnotes":""},"yoast_head":"<!-- This site is optimized with the Yoast SEO plugin v22.5 - https:\/\/yoast.com\/wordpress\/plugins\/seo\/ -->\n<title>Service - VKPAK<\/title>\n<meta name=\"robots\" content=\"index, follow, max-snippet:-1, max-image-preview:large, max-video-preview:-1\" \/>\n<link rel=\"canonical\" href=\"https:\/\/www.vkpakmachine.com\/sk\/service\/\" \/>\n<script type=\"application\/ld+json\" class=\"yoast-schema-graph\">{\"@context\":\"https:\/\/schema.org\",\"@graph\":[{\"@type\":\"WebPage\",\"@id\":\"https:\/\/www.vkpakmachine.com\/lt\/service\/\",\"url\":\"https:\/\/www.vkpakmachine.com\/lt\/service\/\",\"name\":\"Service - VKPAK\",\"isPartOf\":{\"@id\":\"https:\/\/www.vkpakmachine.com\/lv\/#website\"},\"datePublished\":\"2022-12-26T07:11:57+00:00\",\"dateModified\":\"2022-12-26T07:11:57+00:00\",\"breadcrumb\":{\"@id\":\"https:\/\/www.vkpakmachine.com\/lt\/service\/#breadcrumb\"},\"inLanguage\":\"sk-SK\",\"potentialAction\":[{\"@type\":\"ReadAction\",\"target\":[\"https:\/\/www.vkpakmachine.com\/lt\/service\/\"]}]},{\"@type\":\"BreadcrumbList\",\"@id\":\"https:\/\/www.vkpakmachine.com\/lt\/service\/#breadcrumb\",\"itemListElement\":[{\"@type\":\"ListItem\",\"position\":1,\"name\":\"Home\",\"item\":\"https:\/\/www.vkpakmachine.com\/lv\/\"},{\"@type\":\"ListItem\",\"position\":2,\"name\":\"Service\"}]},{\"@type\":\"WebSite\",\"@id\":\"https:\/\/www.vkpakmachine.com\/lv\/#website\",\"url\":\"https:\/\/www.vkpakmachine.com\/lv\/\",\"name\":\"VKPAK\",\"description\":\"\",\"publisher\":{\"@id\":\"https:\/\/www.vkpakmachine.com\/lv\/#organization\"},\"potentialAction\":[{\"@type\":\"SearchAction\",\"target\":{\"@type\":\"EntryPoint\",\"urlTemplate\":\"https:\/\/www.vkpakmachine.com\/lv\/?s={search_term_string}\"},\"query-input\":\"required name=search_term_string\"}],\"inLanguage\":\"sk-SK\"},{\"@type\":\"Organization\",\"@id\":\"https:\/\/www.vkpakmachine.com\/lv\/#organization\",\"name\":\"VKPAK\",\"url\":\"https:\/\/www.vkpakmachine.com\/lv\/\",\"logo\":{\"@type\":\"ImageObject\",\"inLanguage\":\"sk-SK\",\"@id\":\"https:\/\/www.vkpakmachine.com\/lv\/#\/schema\/logo\/image\/\",\"url\":\"https:\/\/www.vkpakmachine.com\/wp-content\/uploads\/Logo.png\",\"contentUrl\":\"https:\/\/www.vkpakmachine.com\/wp-content\/uploads\/Logo.png\",\"width\":300,\"height\":57,\"caption\":\"VKPAK\"},\"image\":{\"@id\":\"https:\/\/www.vkpakmachine.com\/lv\/#\/schema\/logo\/image\/\"}}]}<\/script>\n<!-- \/ Yoast SEO plugin. -->","yoast_head_json":{"title":"Service - VKPAK","robots":{"index":"index","follow":"follow","max-snippet":"max-snippet:-1","max-image-preview":"max-image-preview:large","max-video-preview":"max-video-preview:-1"},"canonical":"https:\/\/www.vkpakmachine.com\/sk\/service\/","schema":{"@context":"https:\/\/schema.org","@graph":[{"@type":"WebPage","@id":"https:\/\/www.vkpakmachine.com\/lt\/service\/","url":"https:\/\/www.vkpakmachine.com\/lt\/service\/","name":"Service - VKPAK","isPartOf":{"@id":"https:\/\/www.vkpakmachine.com\/lv\/#website"},"datePublished":"2022-12-26T07:11:57+00:00","dateModified":"2022-12-26T07:11:57+00:00","breadcrumb":{"@id":"https:\/\/www.vkpakmachine.com\/lt\/service\/#breadcrumb"},"inLanguage":"sk-SK","potentialAction":[{"@type":"ReadAction","target":["https:\/\/www.vkpakmachine.com\/lt\/service\/"]}]},{"@type":"BreadcrumbList","@id":"https:\/\/www.vkpakmachine.com\/lt\/service\/#breadcrumb","itemListElement":[{"@type":"ListItem","position":1,"name":"Home","item":"https:\/\/www.vkpakmachine.com\/lv\/"},{"@type":"ListItem","position":2,"name":"Service"}]},{"@type":"WebSite","@id":"https:\/\/www.vkpakmachine.com\/lv\/#website","url":"https:\/\/www.vkpakmachine.com\/lv\/","name":"VKPAK","description":"","publisher":{"@id":"https:\/\/www.vkpakmachine.com\/lv\/#organization"},"potentialAction":[{"@type":"SearchAction","target":{"@type":"EntryPoint","urlTemplate":"https:\/\/www.vkpakmachine.com\/lv\/?s={search_term_string}"},"query-input":"required name=search_term_string"}],"inLanguage":"sk-SK"},{"@type":"Organization","@id":"https:\/\/www.vkpakmachine.com\/lv\/#organization","name":"VKPAK","url":"https:\/\/www.vkpakmachine.com\/lv\/","logo":{"@type":"ImageObject","inLanguage":"sk-SK","@id":"https:\/\/www.vkpakmachine.com\/lv\/#\/schema\/logo\/image\/","url":"https:\/\/www.vkpakmachine.com\/wp-content\/uploads\/Logo.png","contentUrl":"https:\/\/www.vkpakmachine.com\/wp-content\/uploads\/Logo.png","width":300,"height":57,"caption":"VKPAK"},"image":{"@id":"https:\/\/www.vkpakmachine.com\/lv\/#\/schema\/logo\/image\/"}}]}},"_links":{"self":[{"href":"https:\/\/www.vkpakmachine.com\/sk\/wp-json\/wp\/v2\/pages\/2426"}],"collection":[{"href":"https:\/\/www.vkpakmachine.com\/sk\/wp-json\/wp\/v2\/pages"}],"about":[{"href":"https:\/\/www.vkpakmachine.com\/sk\/wp-json\/wp\/v2\/types\/page"}],"author":[{"embeddable":true,"href":"https:\/\/www.vkpakmachine.com\/sk\/wp-json\/wp\/v2\/users\/1"}],"replies":[{"embeddable":true,"href":"https:\/\/www.vkpakmachine.com\/sk\/wp-json\/wp\/v2\/comments?post=2426"}],"version-history":[{"count":0,"href":"https:\/\/www.vkpakmachine.com\/sk\/wp-json\/wp\/v2\/pages\/2426\/revisions"}],"wp:attachment":[{"href":"https:\/\/www.vkpakmachine.com\/sk\/wp-json\/wp\/v2\/media?parent=2426"}],"curies":[{"name":"wp","href":"https:\/\/api.w.org\/{rel}","templated":true}]}}