{"id":2424,"date":"2022-12-26T07:10:39","date_gmt":"2022-12-26T07:10:39","guid":{"rendered":"https:\/\/www.vkpakmachine.com\/?page_id=2424"},"modified":"2022-12-26T07:10:39","modified_gmt":"2022-12-26T07:10:39","slug":"quality-control","status":"publish","type":"page","link":"https:\/\/www.vkpakmachine.com\/sk\/quality-control\/","title":{"rendered":"Kontrola kvality"},"content":{"rendered":"<h2><strong>Zabezpe\u010denie kvality<\/strong><\/h2>\n<hr \/>\n<p>1, Z\u00e1ruka na zariadenie dod\u00e1van\u00e9 na\u0161ou spolo\u010dnos\u0165ou je nov\u00e9 nepou\u017eit\u00e9 s pou\u017eit\u00edm najnov\u0161ieho dizajnu a vhodn\u00e9ho vyroben\u00e9ho materi\u00e1lu a po v\u0161etk\u00fdch str\u00e1nkach zodpoved\u00e1 \u0161pecifik\u00e1cii kvality a v\u00fdkonu stanoven\u00e9mu v zmluve.<\/p>\n<p>2, Z\u00e1ruka spolo\u010dnosti poskytovan\u00e1 zariaden\u00edm po jeho spr\u00e1vnom nasmerovan\u00ed v pr\u00e1ci cel\u00e9ho syst\u00e9mu 3 dni po in\u0161tal\u00e1cii a odladen\u00ed, aby sa dosiahli ukazovatele technickej v\u00fdkonnosti produktu.<\/p>\n<p>3, Na\u0161a spolo\u010dnos\u0165 ru\u010d\u00ed v z\u00e1ru\u010dnej dobe za kvalitu stanoven\u00fa v zmluve, v procese navrhovania pri dodan\u00ed v\u00fdrobn\u00fdch zariaden\u00ed, odla\u010fovan\u00ed in\u0161tal\u00e1cie alebo chyb\u00e1ch materi\u00e1lu a v\u0161etko, \u010do je sp\u00f4soben\u00e9 zodpovednos\u0165ou pred\u00e1vaj\u00faceho, je zodpovedn\u00e9 za ak\u00e9ko\u013evek chyby vo v\u00fdrobnej linke a po\u0161kodenie.<\/p>\n<p>4, cel\u00e9 obdobie z\u00e1ruky kvality stroja pre v\u00fdrobn\u00fa linku po dobu 12 mesiacov po prijat\u00ed. Ak sa v z\u00e1ru\u010dnej dobe zist\u00ed akos\u0165 tovaru alebo \u0161pecifik\u00e1cia a nie je v s\u00falade s ustanoveniami zmluvy, alebo sa preuk\u00e1\u017ee, \u017ee tovar je chybn\u00fd (vr\u00e1tane pr\u00edpadn\u00fdch ch\u00fdb alebo pou\u017eitia nekvalitn\u00fdch materi\u00e1lov a pod.), kupuj\u00faci je opr\u00e1vnen\u00fd pod\u013ea osved\u010denia o kontrole vydan\u00e9ho pr\u00e1vnym oddelen\u00edm tovaru v z\u00e1ru\u010dnej dobe za akos\u0165 navrhn\u00fa\u0165 sch\u00e9mu zaobch\u00e1dzania pred\u00e1vaj\u00faceho.<\/p>\n<p>5, Spolo\u010dnos\u0165 na kvalitu v\u00fdrobku na mechanick\u00e9 vlastnosti dod\u00e1van\u00e9ho zariadenia a garanciu indexu spotreby v\u00fdrobkov.<\/p>\n<h2><strong>Z\u00e1ruka<\/strong><\/h2>\n<hr \/>\n<p>1, Po prevzat\u00ed zariadenia poskytnite z\u00e1ruku 12 mesiacov, z\u00e1ru\u010dn\u00fa dobu poskytovan\u00fa bezplatne na chyby dielov a komponentov zavinen\u00e9 pred\u00e1vaj\u00facim a v\u010dasn\u00fa a efekt\u00edvnu slu\u017ebu.<\/p>\n<p>2, Po z\u00e1ruke celo\u017eivotne poskytujeme \u0161iroko priazniv\u00fa technick\u00fa podporu po predaji.<br \/>\nPopredajn\u00fd servis: oddelenie popredajn\u00e9ho servisu na\u0161ej spolo\u010dnosti m\u00e1 vyhraden\u00fd servisn\u00fd telef\u00f3n na hor\u00facu linku popredajn\u00fdch slu\u017eieb, na\u0161i zamestnanci s\u00fa zodpovedn\u00ed za vyzdvihnutie pou\u017e\u00edvate\u013ea telef\u00f3nu, zaistite pou\u017e\u00edvate\u013eovi v prvej ot\u00e1zke, aby po vybaven\u00ed poskytol nad\u0161enie seri\u00f3znu odpove\u010f akceptovanie zariadenia, ktor\u00e9 poskytujeme, 12-mesa\u010dn\u00fd z\u00e1ru\u010dn\u00fd servisn\u00fd proces, poskytneme aspo\u0148 raz odborn\u00fdm a technick\u00fdm pracovn\u00edkom rutinn\u00fa kontrolu a poskytneme podrobn\u00fa in\u0161pek\u010dn\u00fa spr\u00e1vu, pre pou\u017e\u00edvate\u013eov referen\u010dn\u00fdch pou\u017e\u00edvate\u013eov, ktor\u00ed s\u00fa predlo\u017een\u00ed po po\u017eiadavk\u00e1ch na \u00fadr\u017ebu, s\u013eubuje na\u0161a spolo\u010dnos\u0165 : u\u017e\u00edvate\u013esk\u00e1 sc\u00e9na v \u010do najkrat\u0161om \u010dase odoslan\u00e1 na opravu.<\/p>","protected":false},"excerpt":{"rendered":"<p>Zabezpe\u010denie kvality 1, Z\u00e1ruka na zariadenie dod\u00e1van\u00e9 na\u0161ou spolo\u010dnos\u0165ou je nov\u00e9 nepou\u017eit\u00e9 s pou\u017eit\u00edm najnov\u0161ieho dizajnu a vhodn\u00e9ho vyroben\u00e9ho materi\u00e1lu a po v\u0161etk\u00fdch str\u00e1nkach zodpoved\u00e1 \u0161pecifik\u00e1cii kvality a v\u00fdkonu stanoven\u00e9mu v zmluve. 2, Spolo\u010dnos\u0165\u2026&nbsp;<a href=\"https:\/\/www.vkpakmachine.com\/sk\/quality-control\/\" class=\"more-link\">\u010c\u00edtaj viac<\/a><\/p>","protected":false},"author":1,"featured_media":0,"parent":0,"menu_order":0,"comment_status":"closed","ping_status":"closed","template":"","meta":{"footnotes":""},"yoast_head":"<!-- This site is optimized with the Yoast SEO plugin v22.5 - https:\/\/yoast.com\/wordpress\/plugins\/seo\/ -->\n<title>Quality Control - VKPAK<\/title>\n<meta name=\"robots\" content=\"index, follow, max-snippet:-1, max-image-preview:large, max-video-preview:-1\" \/>\n<link rel=\"canonical\" href=\"https:\/\/www.vkpakmachine.com\/sk\/quality-control\/\" \/>\n<script type=\"application\/ld+json\" class=\"yoast-schema-graph\">{\"@context\":\"https:\/\/schema.org\",\"@graph\":[{\"@type\":\"WebPage\",\"@id\":\"https:\/\/www.vkpakmachine.com\/lt\/quality-control\/\",\"url\":\"https:\/\/www.vkpakmachine.com\/lt\/quality-control\/\",\"name\":\"Quality Control - VKPAK\",\"isPartOf\":{\"@id\":\"https:\/\/www.vkpakmachine.com\/lv\/#website\"},\"datePublished\":\"2022-12-26T07:10:39+00:00\",\"dateModified\":\"2022-12-26T07:10:39+00:00\",\"breadcrumb\":{\"@id\":\"https:\/\/www.vkpakmachine.com\/lt\/quality-control\/#breadcrumb\"},\"inLanguage\":\"sk-SK\",\"potentialAction\":[{\"@type\":\"ReadAction\",\"target\":[\"https:\/\/www.vkpakmachine.com\/lt\/quality-control\/\"]}]},{\"@type\":\"BreadcrumbList\",\"@id\":\"https:\/\/www.vkpakmachine.com\/lt\/quality-control\/#breadcrumb\",\"itemListElement\":[{\"@type\":\"ListItem\",\"position\":1,\"name\":\"Home\",\"item\":\"https:\/\/www.vkpakmachine.com\/lv\/\"},{\"@type\":\"ListItem\",\"position\":2,\"name\":\"Quality Control\"}]},{\"@type\":\"WebSite\",\"@id\":\"https:\/\/www.vkpakmachine.com\/lv\/#website\",\"url\":\"https:\/\/www.vkpakmachine.com\/lv\/\",\"name\":\"VKPAK\",\"description\":\"\",\"publisher\":{\"@id\":\"https:\/\/www.vkpakmachine.com\/lv\/#organization\"},\"potentialAction\":[{\"@type\":\"SearchAction\",\"target\":{\"@type\":\"EntryPoint\",\"urlTemplate\":\"https:\/\/www.vkpakmachine.com\/lv\/?s={search_term_string}\"},\"query-input\":\"required name=search_term_string\"}],\"inLanguage\":\"sk-SK\"},{\"@type\":\"Organization\",\"@id\":\"https:\/\/www.vkpakmachine.com\/lv\/#organization\",\"name\":\"VKPAK\",\"url\":\"https:\/\/www.vkpakmachine.com\/lv\/\",\"logo\":{\"@type\":\"ImageObject\",\"inLanguage\":\"sk-SK\",\"@id\":\"https:\/\/www.vkpakmachine.com\/lv\/#\/schema\/logo\/image\/\",\"url\":\"https:\/\/www.vkpakmachine.com\/wp-content\/uploads\/Logo.png\",\"contentUrl\":\"https:\/\/www.vkpakmachine.com\/wp-content\/uploads\/Logo.png\",\"width\":300,\"height\":57,\"caption\":\"VKPAK\"},\"image\":{\"@id\":\"https:\/\/www.vkpakmachine.com\/lv\/#\/schema\/logo\/image\/\"}}]}<\/script>\n<!-- \/ Yoast SEO plugin. -->","yoast_head_json":{"title":"Quality Control - VKPAK","robots":{"index":"index","follow":"follow","max-snippet":"max-snippet:-1","max-image-preview":"max-image-preview:large","max-video-preview":"max-video-preview:-1"},"canonical":"https:\/\/www.vkpakmachine.com\/sk\/quality-control\/","schema":{"@context":"https:\/\/schema.org","@graph":[{"@type":"WebPage","@id":"https:\/\/www.vkpakmachine.com\/lt\/quality-control\/","url":"https:\/\/www.vkpakmachine.com\/lt\/quality-control\/","name":"Quality Control - VKPAK","isPartOf":{"@id":"https:\/\/www.vkpakmachine.com\/lv\/#website"},"datePublished":"2022-12-26T07:10:39+00:00","dateModified":"2022-12-26T07:10:39+00:00","breadcrumb":{"@id":"https:\/\/www.vkpakmachine.com\/lt\/quality-control\/#breadcrumb"},"inLanguage":"sk-SK","potentialAction":[{"@type":"ReadAction","target":["https:\/\/www.vkpakmachine.com\/lt\/quality-control\/"]}]},{"@type":"BreadcrumbList","@id":"https:\/\/www.vkpakmachine.com\/lt\/quality-control\/#breadcrumb","itemListElement":[{"@type":"ListItem","position":1,"name":"Home","item":"https:\/\/www.vkpakmachine.com\/lv\/"},{"@type":"ListItem","position":2,"name":"Quality Control"}]},{"@type":"WebSite","@id":"https:\/\/www.vkpakmachine.com\/lv\/#website","url":"https:\/\/www.vkpakmachine.com\/lv\/","name":"VKPAK","description":"","publisher":{"@id":"https:\/\/www.vkpakmachine.com\/lv\/#organization"},"potentialAction":[{"@type":"SearchAction","target":{"@type":"EntryPoint","urlTemplate":"https:\/\/www.vkpakmachine.com\/lv\/?s={search_term_string}"},"query-input":"required name=search_term_string"}],"inLanguage":"sk-SK"},{"@type":"Organization","@id":"https:\/\/www.vkpakmachine.com\/lv\/#organization","name":"VKPAK","url":"https:\/\/www.vkpakmachine.com\/lv\/","logo":{"@type":"ImageObject","inLanguage":"sk-SK","@id":"https:\/\/www.vkpakmachine.com\/lv\/#\/schema\/logo\/image\/","url":"https:\/\/www.vkpakmachine.com\/wp-content\/uploads\/Logo.png","contentUrl":"https:\/\/www.vkpakmachine.com\/wp-content\/uploads\/Logo.png","width":300,"height":57,"caption":"VKPAK"},"image":{"@id":"https:\/\/www.vkpakmachine.com\/lv\/#\/schema\/logo\/image\/"}}]}},"_links":{"self":[{"href":"https:\/\/www.vkpakmachine.com\/sk\/wp-json\/wp\/v2\/pages\/2424"}],"collection":[{"href":"https:\/\/www.vkpakmachine.com\/sk\/wp-json\/wp\/v2\/pages"}],"about":[{"href":"https:\/\/www.vkpakmachine.com\/sk\/wp-json\/wp\/v2\/types\/page"}],"author":[{"embeddable":true,"href":"https:\/\/www.vkpakmachine.com\/sk\/wp-json\/wp\/v2\/users\/1"}],"replies":[{"embeddable":true,"href":"https:\/\/www.vkpakmachine.com\/sk\/wp-json\/wp\/v2\/comments?post=2424"}],"version-history":[{"count":0,"href":"https:\/\/www.vkpakmachine.com\/sk\/wp-json\/wp\/v2\/pages\/2424\/revisions"}],"wp:attachment":[{"href":"https:\/\/www.vkpakmachine.com\/sk\/wp-json\/wp\/v2\/media?parent=2424"}],"curies":[{"name":"wp","href":"https:\/\/api.w.org\/{rel}","templated":true}]}}