{"id":2414,"date":"2022-12-26T07:08:38","date_gmt":"2022-12-26T07:08:38","guid":{"rendered":"https:\/\/www.vkpakmachine.com\/?page_id=2414"},"modified":"2022-12-26T07:08:38","modified_gmt":"2022-12-26T07:08:38","slug":"faq","status":"publish","type":"page","link":"https:\/\/www.vkpakmachine.com\/sk\/faq\/","title":{"rendered":"FAQ"},"content":{"rendered":"<p><strong>Ot\u00e1zka: Ste tov\u00e1re\u0148 alebo obchodn\u00e1 spolo\u010dnos\u0165?<\/strong><br \/>\nOdpove\u010f: Od roku 2003 sa zameriavame na navrhovanie, v\u00fdrobu, mont\u00e1\u017e, in\u0161tal\u00e1ciu a ladenie r\u00f4znych typov plniacich strojov, uzatv\u00e1rac\u00edch strojov a etiketovac\u00edch strojov.<\/p>\n<p><strong>Ot\u00e1zka: M\u00f4\u017eete posla\u0165 video, ktor\u00e9 ukazuje, ako v\u00e1\u0161 stroj funguje?<\/strong><br \/>\nOdpove\u010f: Iste, nato\u010dili sme cel\u00e9 video n\u00e1\u0161ho stroja.<\/p>\n<p><strong>Ot\u00e1zka: Rob\u00edte test pred odoslan\u00edm?<\/strong><br \/>\nOdpove\u010f: Stroj v\u017edy \u00faplne otestujeme a pred odoslan\u00edm sa ubezpe\u010d\u00edme, \u017ee funguje hladko.<\/p>\n<p><strong>Ot\u00e1zka: Ak\u00e9 s\u00fa platobn\u00e9 a obchodn\u00e9 podmienky?<\/strong><br \/>\nOdpove\u010f: Prij\u00edmame platby T \/ T, Western Union, MoneyGram, Alibaba Trade Assurance.<br \/>\nObchodn\u00fd term\u00edn: EXW, FOB, CIF, CNF.<\/p>\n<p><strong>Ot\u00e1zka: \u010co je MOQ a z\u00e1ruka?<\/strong><br \/>\nOdpove\u010f: Neexistuje \u017eiadne MOQ, vitajte na objedn\u00e1vku, s\u013eubujeme 12-mesa\u010dn\u00fa z\u00e1ruku.<\/p>\n<p><strong>Ot\u00e1zka: Ak\u00fd druh bal\u00edka na odoslanie?<\/strong><br \/>\nOdpove\u010f: Pou\u017eite z\u00e1kladn\u00fa stretch f\u00f3liu omotan\u00fa okolo cel\u00e9ho stroja a zabalen\u00fa s exportovan\u00fdm dreven\u00fdm puzdrom, m\u00f4\u017ee by\u0165 tie\u017e pod\u013ea va\u0161ich po\u017eiadaviek.<\/p>\n<p><strong>Ot\u00e1zka: Ak je stroj mimo z\u00e1ru\u010dn\u00fd rok, \u010do m\u00f4\u017eeme urobi\u0165, ak sa pokazia nejak\u00e9 diely?<\/strong><br \/>\nOdpove\u010f: Pon\u00fakame cel\u00fd \u017eivotn\u00fd servis stroja, ak sa po jednom roku pokazili nejak\u00e9 n\u00e1hradn\u00e9 diely, z\u00e1kazn\u00edci si m\u00f4\u017eu k\u00fapi\u0165 n\u00e1hradn\u00e9 diely na miestnom trhu alebo k\u00fapi\u0165 od dod\u00e1vate\u013eov, n\u00e1hradn\u00e9 diely m\u00f4\u017eeme posla\u0165 z\u00e1kazn\u00edkom do 24 hod\u00edn. A v\u0161etky \u010dasti na\u0161ich strojov\u00fdch komponentov s\u00fa origin\u00e1lne od svetozn\u00e1mej zna\u010dky, je \u013eahk\u00e9 ich n\u00e1js\u0165 v miestnej.<\/p>\n<p><strong>Ot\u00e1zka: Ak\u00e1 je va\u0161a z\u00e1ruka?<\/strong><br \/>\nOdpove\u010f: Na stroje garantujeme jeden rok. V z\u00e1ru\u010dnom roku boli ak\u00e9ko\u013evek n\u00e1hradn\u00e9 diely po\u0161koden\u00e9 kv\u00f4li probl\u00e9mom s kvalitou VKPAK, n\u00e1hradn\u00e9 diely bud\u00fa z\u00e1kazn\u00edkom dod\u00e1van\u00e9 bezplatne, z\u00e1kazn\u00edk mus\u00ed zaplati\u0165 prepravn\u00e9, ak hmotnos\u0165 bal\u00edka presahuje 500 gramov. \u013dahko sa opotrebite\u013en\u00e9 n\u00e1hradn\u00e9 diely nie s\u00fa v z\u00e1ru\u010dn\u00e9 podmienky, ako s\u00fa O-kr\u00fa\u017eky, remene, ktor\u00e9 bud\u00fa dodan\u00e9 so strojom na jeden rok pou\u017e\u00edvania.<\/p>","protected":false},"excerpt":{"rendered":"<p>Ot\u00e1zka: Ste tov\u00e1re\u0148 alebo obchodn\u00e1 spolo\u010dnos\u0165? Odpove\u010f: Od roku 2003 sa zameriavame na navrhovanie, v\u00fdrobu, mont\u00e1\u017e, in\u0161tal\u00e1ciu a ladenie r\u00f4znych typov plniacich strojov, uzatv\u00e1rac\u00edch strojov a etiketovac\u00edch strojov. Ot\u00e1zka: M\u00f4\u017eete posla\u0165 video, ktor\u00e9 ukazuje, ako v\u00e1\u0161\u2026&nbsp;<a href=\"https:\/\/www.vkpakmachine.com\/sk\/faq\/\" class=\"more-link\">\u010c\u00edtaj viac<\/a><\/p>","protected":false},"author":1,"featured_media":0,"parent":0,"menu_order":0,"comment_status":"closed","ping_status":"closed","template":"","meta":{"footnotes":""},"yoast_head":"<!-- This site is optimized with the Yoast SEO plugin v22.5 - https:\/\/yoast.com\/wordpress\/plugins\/seo\/ -->\n<title>FAQ - VKPAK<\/title>\n<meta name=\"robots\" content=\"index, follow, max-snippet:-1, max-image-preview:large, max-video-preview:-1\" \/>\n<link rel=\"canonical\" href=\"https:\/\/www.vkpakmachine.com\/sk\/faq\/\" \/>\n<script type=\"application\/ld+json\" class=\"yoast-schema-graph\">{\"@context\":\"https:\/\/schema.org\",\"@graph\":[{\"@type\":\"WebPage\",\"@id\":\"https:\/\/www.vkpakmachine.com\/lv\/faq\/\",\"url\":\"https:\/\/www.vkpakmachine.com\/lv\/faq\/\",\"name\":\"FAQ - VKPAK\",\"isPartOf\":{\"@id\":\"https:\/\/www.vkpakmachine.com\/lv\/#website\"},\"datePublished\":\"2022-12-26T07:08:38+00:00\",\"dateModified\":\"2022-12-26T07:08:38+00:00\",\"breadcrumb\":{\"@id\":\"https:\/\/www.vkpakmachine.com\/lv\/faq\/#breadcrumb\"},\"inLanguage\":\"sk-SK\",\"potentialAction\":[{\"@type\":\"ReadAction\",\"target\":[\"https:\/\/www.vkpakmachine.com\/lv\/faq\/\"]}]},{\"@type\":\"BreadcrumbList\",\"@id\":\"https:\/\/www.vkpakmachine.com\/lv\/faq\/#breadcrumb\",\"itemListElement\":[{\"@type\":\"ListItem\",\"position\":1,\"name\":\"Home\",\"item\":\"https:\/\/www.vkpakmachine.com\/lv\/\"},{\"@type\":\"ListItem\",\"position\":2,\"name\":\"FAQ\"}]},{\"@type\":\"WebSite\",\"@id\":\"https:\/\/www.vkpakmachine.com\/lv\/#website\",\"url\":\"https:\/\/www.vkpakmachine.com\/lv\/\",\"name\":\"VKPAK\",\"description\":\"\",\"publisher\":{\"@id\":\"https:\/\/www.vkpakmachine.com\/lv\/#organization\"},\"potentialAction\":[{\"@type\":\"SearchAction\",\"target\":{\"@type\":\"EntryPoint\",\"urlTemplate\":\"https:\/\/www.vkpakmachine.com\/lv\/?s={search_term_string}\"},\"query-input\":\"required name=search_term_string\"}],\"inLanguage\":\"sk-SK\"},{\"@type\":\"Organization\",\"@id\":\"https:\/\/www.vkpakmachine.com\/lv\/#organization\",\"name\":\"VKPAK\",\"url\":\"https:\/\/www.vkpakmachine.com\/lv\/\",\"logo\":{\"@type\":\"ImageObject\",\"inLanguage\":\"sk-SK\",\"@id\":\"https:\/\/www.vkpakmachine.com\/lv\/#\/schema\/logo\/image\/\",\"url\":\"https:\/\/www.vkpakmachine.com\/wp-content\/uploads\/Logo.png\",\"contentUrl\":\"https:\/\/www.vkpakmachine.com\/wp-content\/uploads\/Logo.png\",\"width\":300,\"height\":57,\"caption\":\"VKPAK\"},\"image\":{\"@id\":\"https:\/\/www.vkpakmachine.com\/lv\/#\/schema\/logo\/image\/\"}}]}<\/script>\n<!-- \/ Yoast SEO plugin. -->","yoast_head_json":{"title":"FAQ - VKPAK","robots":{"index":"index","follow":"follow","max-snippet":"max-snippet:-1","max-image-preview":"max-image-preview:large","max-video-preview":"max-video-preview:-1"},"canonical":"https:\/\/www.vkpakmachine.com\/sk\/faq\/","schema":{"@context":"https:\/\/schema.org","@graph":[{"@type":"WebPage","@id":"https:\/\/www.vkpakmachine.com\/lv\/faq\/","url":"https:\/\/www.vkpakmachine.com\/lv\/faq\/","name":"FAQ - VKPAK","isPartOf":{"@id":"https:\/\/www.vkpakmachine.com\/lv\/#website"},"datePublished":"2022-12-26T07:08:38+00:00","dateModified":"2022-12-26T07:08:38+00:00","breadcrumb":{"@id":"https:\/\/www.vkpakmachine.com\/lv\/faq\/#breadcrumb"},"inLanguage":"sk-SK","potentialAction":[{"@type":"ReadAction","target":["https:\/\/www.vkpakmachine.com\/lv\/faq\/"]}]},{"@type":"BreadcrumbList","@id":"https:\/\/www.vkpakmachine.com\/lv\/faq\/#breadcrumb","itemListElement":[{"@type":"ListItem","position":1,"name":"Home","item":"https:\/\/www.vkpakmachine.com\/lv\/"},{"@type":"ListItem","position":2,"name":"FAQ"}]},{"@type":"WebSite","@id":"https:\/\/www.vkpakmachine.com\/lv\/#website","url":"https:\/\/www.vkpakmachine.com\/lv\/","name":"VKPAK","description":"","publisher":{"@id":"https:\/\/www.vkpakmachine.com\/lv\/#organization"},"potentialAction":[{"@type":"SearchAction","target":{"@type":"EntryPoint","urlTemplate":"https:\/\/www.vkpakmachine.com\/lv\/?s={search_term_string}"},"query-input":"required name=search_term_string"}],"inLanguage":"sk-SK"},{"@type":"Organization","@id":"https:\/\/www.vkpakmachine.com\/lv\/#organization","name":"VKPAK","url":"https:\/\/www.vkpakmachine.com\/lv\/","logo":{"@type":"ImageObject","inLanguage":"sk-SK","@id":"https:\/\/www.vkpakmachine.com\/lv\/#\/schema\/logo\/image\/","url":"https:\/\/www.vkpakmachine.com\/wp-content\/uploads\/Logo.png","contentUrl":"https:\/\/www.vkpakmachine.com\/wp-content\/uploads\/Logo.png","width":300,"height":57,"caption":"VKPAK"},"image":{"@id":"https:\/\/www.vkpakmachine.com\/lv\/#\/schema\/logo\/image\/"}}]}},"_links":{"self":[{"href":"https:\/\/www.vkpakmachine.com\/sk\/wp-json\/wp\/v2\/pages\/2414"}],"collection":[{"href":"https:\/\/www.vkpakmachine.com\/sk\/wp-json\/wp\/v2\/pages"}],"about":[{"href":"https:\/\/www.vkpakmachine.com\/sk\/wp-json\/wp\/v2\/types\/page"}],"author":[{"embeddable":true,"href":"https:\/\/www.vkpakmachine.com\/sk\/wp-json\/wp\/v2\/users\/1"}],"replies":[{"embeddable":true,"href":"https:\/\/www.vkpakmachine.com\/sk\/wp-json\/wp\/v2\/comments?post=2414"}],"version-history":[{"count":0,"href":"https:\/\/www.vkpakmachine.com\/sk\/wp-json\/wp\/v2\/pages\/2414\/revisions"}],"wp:attachment":[{"href":"https:\/\/www.vkpakmachine.com\/sk\/wp-json\/wp\/v2\/media?parent=2414"}],"curies":[{"name":"wp","href":"https:\/\/api.w.org\/{rel}","templated":true}]}}