{"id":2424,"date":"2022-12-26T07:10:39","date_gmt":"2022-12-26T07:10:39","guid":{"rendered":"https:\/\/www.vkpakmachine.com\/?page_id=2424"},"modified":"2022-12-26T07:10:39","modified_gmt":"2022-12-26T07:10:39","slug":"quality-control","status":"publish","type":"page","link":"https:\/\/www.vkpakmachine.com\/ro\/quality-control\/","title":{"rendered":"Control de calitate"},"content":{"rendered":"<h2><strong>Asigurarea calit\u0103\u021bii<\/strong><\/h2>\n<hr \/>\n<p>1, Garan\u021bia echipamentului furnizat de compania noastr\u0103 este un nou nefolosit folosind cel mai recent design \u0219i material adecvat realizat, \u0219i \u00een toate aspectele respect\u0103 specifica\u021biile de calitate \u0219i performan\u021ba stipulate \u00een contract.<\/p>\n<p>2, Garan\u021bia companiei oferit\u0103 de echipament dup\u0103 ghidarea corect\u0103 a acestuia \u00een \u00eentregul sistem de func\u021bionare la 3 zile dup\u0103 instalare \u0219i depanare, pentru a atinge indicatorii de performan\u021b\u0103 tehnic\u0103 a produsului.<\/p>\n<p>3, Garan\u021bia companiei noastre \u00een perioada de garan\u021bie a calit\u0103\u021bii stipulat\u0103 \u00een contract, procesul de proiectare pentru furnizarea echipamentelor de fabrica\u021bie instala\u021bie depanare sau defecte materiale \u0219i toate cauzate de responsabilitatea v\u00e2nz\u0103torului este responsabil pentru orice defecte \u00een linia de produc\u021bie de vin\u0103 \u0219i deteriorare.<\/p>\n<p>4, \u00eentreaga perioad\u0103 de garan\u021bie a calit\u0103\u021bii ma\u0219inii pentru linia de produc\u021bie timp de 12 luni dup\u0103 acceptare. \u00cen cazul \u00een care se constat\u0103 \u00een perioada de garan\u021bie a calit\u0103\u021bii, calitatea m\u0103rfurilor sau caietul de sarcini \u0219i nu este \u00een conformitate cu prevederile contractului, sau dovede\u0219te c\u0103 bunurile sunt defecte (inclusiv defecte poten\u021biale sau utilizarea materialelor substandard etc.), cump\u0103r\u0103torul are dreptul ca, conform certificatului de inspec\u021bie eliberat de departamentul juridic al m\u0103rfurilor, \u00een perioada de garan\u021bie a calit\u0103\u021bii, este prezentat\u0103 schema de tratament a v\u00e2nz\u0103torului.<\/p>\n<p>5, Compania la calitatea produsului cu privire la propriet\u0103\u021bile mecanice ale echipamentelor furnizate \u0219i garan\u021bia indicelui de consum al produsului.<\/p>\n<h2><strong>garan\u021bie<\/strong><\/h2>\n<hr \/>\n<p>1, Dup\u0103 acceptarea echipamentului, oferi\u021bi 12 luni garan\u021bie, perioada de garan\u021bie oferit\u0103 gratuit pentru defectele pieselor \u0219i componentelor cauzate de v\u00e2nz\u0103tor \u0219i serviciul \u00een timp util \u0219i eficient.<\/p>\n<p>2, Dup\u0103 garan\u021bie, toat\u0103 via\u021ba ofer\u0103 asisten\u021b\u0103 tehnic\u0103 favorabil\u0103 pe scar\u0103 larg\u0103 serviciu post-v\u00e2nzare.<br \/>\nServiciu post-v\u00e2nzare: departamentul de service post-v\u00e2nzare al companiei noastre are un serviciu post-v\u00e2nzare dedicat serviciului telefonic, personalul nostru este responsabil pentru ridicarea utilizatorului telefonului, asigura\u021bi-v\u0103 utilizatorului la prima \u00eentrebare pentru a oferi entuziasm r\u0103spuns serios dup\u0103 echipament acceptarea echipamentului pe care le oferim 12 luni proces de service de garan\u021bie, vom oferi cel pu\u021bin o dat\u0103 de c\u0103tre personalul profesionist \u0219i tehnic de inspec\u021bie de rutin\u0103 \u0219i vom furniza raportul de inspec\u021bie detaliat, pentru utilizatorii de referin\u021b\u0103 prezentate clar dup\u0103 cerin\u021bele de \u00eentre\u021binere, compania noastr\u0103 promite : scena utilizatorului \u00een cel mai scurt timp posibil trimis pentru service de repara\u021bii.<\/p>","protected":false},"excerpt":{"rendered":"<p>Asigurarea calit\u0103\u021bii 1, Garan\u021bia echipamentului furnizat de compania noastr\u0103 este un nou nefolosit folosind cel mai recent design \u0219i material adecvat realizat, \u0219i \u00een toate aspectele respect\u0103 specifica\u021biile de calitate \u0219i performan\u021ba stipulate \u00een contract. 2, compania...&nbsp;<a href=\"https:\/\/www.vkpakmachine.com\/ro\/quality-control\/\" class=\"more-link\">Cite\u015fte mai mult<\/a><\/p>","protected":false},"author":1,"featured_media":0,"parent":0,"menu_order":0,"comment_status":"closed","ping_status":"closed","template":"","meta":{"footnotes":""},"yoast_head":"<!-- This site is optimized with the Yoast SEO plugin v22.5 - https:\/\/yoast.com\/wordpress\/plugins\/seo\/ -->\n<title>Quality Control - VKPAK<\/title>\n<meta name=\"robots\" content=\"index, follow, max-snippet:-1, max-image-preview:large, max-video-preview:-1\" \/>\n<link rel=\"canonical\" href=\"https:\/\/www.vkpakmachine.com\/ro\/quality-control\/\" \/>\n<script type=\"application\/ld+json\" class=\"yoast-schema-graph\">{\"@context\":\"https:\/\/schema.org\",\"@graph\":[{\"@type\":\"WebPage\",\"@id\":\"https:\/\/www.vkpakmachine.com\/lt\/quality-control\/\",\"url\":\"https:\/\/www.vkpakmachine.com\/lt\/quality-control\/\",\"name\":\"Quality Control - VKPAK\",\"isPartOf\":{\"@id\":\"https:\/\/www.vkpakmachine.com\/lv\/#website\"},\"datePublished\":\"2022-12-26T07:10:39+00:00\",\"dateModified\":\"2022-12-26T07:10:39+00:00\",\"breadcrumb\":{\"@id\":\"https:\/\/www.vkpakmachine.com\/lt\/quality-control\/#breadcrumb\"},\"inLanguage\":\"ro-RO\",\"potentialAction\":[{\"@type\":\"ReadAction\",\"target\":[\"https:\/\/www.vkpakmachine.com\/lt\/quality-control\/\"]}]},{\"@type\":\"BreadcrumbList\",\"@id\":\"https:\/\/www.vkpakmachine.com\/lt\/quality-control\/#breadcrumb\",\"itemListElement\":[{\"@type\":\"ListItem\",\"position\":1,\"name\":\"Home\",\"item\":\"https:\/\/www.vkpakmachine.com\/lv\/\"},{\"@type\":\"ListItem\",\"position\":2,\"name\":\"Quality Control\"}]},{\"@type\":\"WebSite\",\"@id\":\"https:\/\/www.vkpakmachine.com\/lv\/#website\",\"url\":\"https:\/\/www.vkpakmachine.com\/lv\/\",\"name\":\"VKPAK\",\"description\":\"\",\"publisher\":{\"@id\":\"https:\/\/www.vkpakmachine.com\/lv\/#organization\"},\"potentialAction\":[{\"@type\":\"SearchAction\",\"target\":{\"@type\":\"EntryPoint\",\"urlTemplate\":\"https:\/\/www.vkpakmachine.com\/lv\/?s={search_term_string}\"},\"query-input\":\"required name=search_term_string\"}],\"inLanguage\":\"ro-RO\"},{\"@type\":\"Organization\",\"@id\":\"https:\/\/www.vkpakmachine.com\/lv\/#organization\",\"name\":\"VKPAK\",\"url\":\"https:\/\/www.vkpakmachine.com\/lv\/\",\"logo\":{\"@type\":\"ImageObject\",\"inLanguage\":\"ro-RO\",\"@id\":\"https:\/\/www.vkpakmachine.com\/lv\/#\/schema\/logo\/image\/\",\"url\":\"https:\/\/www.vkpakmachine.com\/wp-content\/uploads\/Logo.png\",\"contentUrl\":\"https:\/\/www.vkpakmachine.com\/wp-content\/uploads\/Logo.png\",\"width\":300,\"height\":57,\"caption\":\"VKPAK\"},\"image\":{\"@id\":\"https:\/\/www.vkpakmachine.com\/lv\/#\/schema\/logo\/image\/\"}}]}<\/script>\n<!-- \/ Yoast SEO plugin. -->","yoast_head_json":{"title":"Quality Control - VKPAK","robots":{"index":"index","follow":"follow","max-snippet":"max-snippet:-1","max-image-preview":"max-image-preview:large","max-video-preview":"max-video-preview:-1"},"canonical":"https:\/\/www.vkpakmachine.com\/ro\/quality-control\/","schema":{"@context":"https:\/\/schema.org","@graph":[{"@type":"WebPage","@id":"https:\/\/www.vkpakmachine.com\/lt\/quality-control\/","url":"https:\/\/www.vkpakmachine.com\/lt\/quality-control\/","name":"Quality Control - VKPAK","isPartOf":{"@id":"https:\/\/www.vkpakmachine.com\/lv\/#website"},"datePublished":"2022-12-26T07:10:39+00:00","dateModified":"2022-12-26T07:10:39+00:00","breadcrumb":{"@id":"https:\/\/www.vkpakmachine.com\/lt\/quality-control\/#breadcrumb"},"inLanguage":"ro-RO","potentialAction":[{"@type":"ReadAction","target":["https:\/\/www.vkpakmachine.com\/lt\/quality-control\/"]}]},{"@type":"BreadcrumbList","@id":"https:\/\/www.vkpakmachine.com\/lt\/quality-control\/#breadcrumb","itemListElement":[{"@type":"ListItem","position":1,"name":"Home","item":"https:\/\/www.vkpakmachine.com\/lv\/"},{"@type":"ListItem","position":2,"name":"Quality Control"}]},{"@type":"WebSite","@id":"https:\/\/www.vkpakmachine.com\/lv\/#website","url":"https:\/\/www.vkpakmachine.com\/lv\/","name":"VKPAK","description":"","publisher":{"@id":"https:\/\/www.vkpakmachine.com\/lv\/#organization"},"potentialAction":[{"@type":"SearchAction","target":{"@type":"EntryPoint","urlTemplate":"https:\/\/www.vkpakmachine.com\/lv\/?s={search_term_string}"},"query-input":"required name=search_term_string"}],"inLanguage":"ro-RO"},{"@type":"Organization","@id":"https:\/\/www.vkpakmachine.com\/lv\/#organization","name":"VKPAK","url":"https:\/\/www.vkpakmachine.com\/lv\/","logo":{"@type":"ImageObject","inLanguage":"ro-RO","@id":"https:\/\/www.vkpakmachine.com\/lv\/#\/schema\/logo\/image\/","url":"https:\/\/www.vkpakmachine.com\/wp-content\/uploads\/Logo.png","contentUrl":"https:\/\/www.vkpakmachine.com\/wp-content\/uploads\/Logo.png","width":300,"height":57,"caption":"VKPAK"},"image":{"@id":"https:\/\/www.vkpakmachine.com\/lv\/#\/schema\/logo\/image\/"}}]}},"_links":{"self":[{"href":"https:\/\/www.vkpakmachine.com\/ro\/wp-json\/wp\/v2\/pages\/2424"}],"collection":[{"href":"https:\/\/www.vkpakmachine.com\/ro\/wp-json\/wp\/v2\/pages"}],"about":[{"href":"https:\/\/www.vkpakmachine.com\/ro\/wp-json\/wp\/v2\/types\/page"}],"author":[{"embeddable":true,"href":"https:\/\/www.vkpakmachine.com\/ro\/wp-json\/wp\/v2\/users\/1"}],"replies":[{"embeddable":true,"href":"https:\/\/www.vkpakmachine.com\/ro\/wp-json\/wp\/v2\/comments?post=2424"}],"version-history":[{"count":0,"href":"https:\/\/www.vkpakmachine.com\/ro\/wp-json\/wp\/v2\/pages\/2424\/revisions"}],"wp:attachment":[{"href":"https:\/\/www.vkpakmachine.com\/ro\/wp-json\/wp\/v2\/media?parent=2424"}],"curies":[{"name":"wp","href":"https:\/\/api.w.org\/{rel}","templated":true}]}}