{"id":2414,"date":"2022-12-26T07:08:38","date_gmt":"2022-12-26T07:08:38","guid":{"rendered":"https:\/\/www.vkpakmachine.com\/?page_id=2414"},"modified":"2022-12-26T07:08:38","modified_gmt":"2022-12-26T07:08:38","slug":"faq","status":"publish","type":"page","link":"https:\/\/www.vkpakmachine.com\/ro\/faq\/","title":{"rendered":"FAQ"},"content":{"rendered":"<p><strong>\u00ce: Sunte\u021bi o fabric\u0103 sau o companie comercial\u0103?<\/strong><br \/>\nR: Ne concentr\u0103m \u00een fabric\u0103 pe proiectarea, fabricarea, asamblarea, instalarea \u0219i depanarea diferitelor tipuri de ma\u0219ini de umplere, ma\u0219ini de acoperire \u0219i ma\u0219ini de etichetat din 2003.<\/p>\n<p><strong>\u00ce: Pute\u021bi trimite un videoclip care arat\u0103 cum func\u021bioneaz\u0103 ma\u0219ina dvs.?<\/strong><br \/>\nR: Cu siguran\u021b\u0103, am realizat toate videoclipurile ma\u0219inii noastre.<\/p>\n<p><strong>\u00ce: Face\u021bi un test \u00eenainte de expediere?<\/strong><br \/>\nR: Test\u0103m \u00eentotdeauna complet ma\u0219ina \u0219i ne asigur\u0103m c\u0103 func\u021bioneaz\u0103 f\u0103r\u0103 probleme \u00eenainte de expediere.<\/p>\n<p><strong>\u00ce: Care este termenul de plat\u0103 \u0219i termenii comerciali?<\/strong><br \/>\nR: Accept\u0103m pl\u0103\u021bi T\/T, Western Union, MoneyGram, Alibaba Trade Assurance.<br \/>\nTermen comercial: EXW, FOB, CIF, CNF.<\/p>\n<p><strong>\u00ce: Care este MOQ-ul \u0219i garan\u021bia?<\/strong><br \/>\nR: Nu exist\u0103 MOQ, bine a\u021bi venit la comand\u0103, promitem 12 luni garan\u021bie.<\/p>\n<p><strong>\u00ce: Ce fel de pachet pentru expediere?<\/strong><br \/>\nR: Folosi\u021bi folie \u00eentins\u0103 de baz\u0103 \u00een jurul \u00eentregii ma\u0219ini \u0219i ambalate cu carcas\u0103 din lemn exportat\u0103, de asemenea, poate fi conform cerin\u021belor dumneavoastr\u0103.<\/p>\n<p><strong>\u00ce: Dac\u0103 ma\u0219ina este \u00een afara anului de garan\u021bie, ce putem face dac\u0103 vreo pies\u0103 este spart\u0103?<\/strong><br \/>\nR: Oferim ma\u0219inii service pe toat\u0103 durata de via\u021b\u0103, dac\u0103 vreo pies\u0103 de schimb a fost spart\u0103 dup\u0103 un an, clien\u021bii pot cump\u0103ra piese de schimb pe pia\u021ba local\u0103 sau pot cump\u0103ra de la furnizori, putem trimite piese de schimb clien\u021bilor \u00een 24 de ore. \u0218i toate piesele componente ale ma\u0219inii noastre sunt originale de la o marc\u0103 renumit\u0103 mondial, este u\u0219or de g\u0103sit \u00een local.<\/p>\n<p><strong>\u00ce: Care este garan\u021bia dvs.?<\/strong><br \/>\nR: Garant\u0103m ma\u0219inile un an. \u00cen anul de garan\u021bie, toate piesele de schimb au fost sparte din cauza problemei de calitate VKPAK, piesele de schimb vor fi furnizate gratuit clien\u021bilor, clientul trebuie s\u0103 pl\u0103teasc\u0103 costul de transport dac\u0103 greutatea coletului dep\u0103\u0219e\u0219te 500 de grame. Piesele de schimb u\u0219oare nu sunt disponibile. termenii de garan\u021bie, cum ar fi inele O, curele care vor fi furnizate cu ma\u0219ina timp de un an de utilizare.<\/p>","protected":false},"excerpt":{"rendered":"<p>\u00ce: Sunte\u021bi o fabric\u0103 sau o companie comercial\u0103? R: Ne concentr\u0103m din fabric\u0103 pe proiectarea, fabricarea, asamblarea, instalarea \u0219i depanarea diferitelor tipuri de ma\u0219ini de umplere, ma\u0219ini de acoperire \u0219i ma\u0219ini de etichetat din 2003. \u00ce: Pute\u021bi trimite un videoclip care arat\u0103 cum dvs....&nbsp;<a href=\"https:\/\/www.vkpakmachine.com\/ro\/faq\/\" class=\"more-link\">Cite\u015fte mai mult<\/a><\/p>","protected":false},"author":1,"featured_media":0,"parent":0,"menu_order":0,"comment_status":"closed","ping_status":"closed","template":"","meta":{"footnotes":""},"yoast_head":"<!-- This site is optimized with the Yoast SEO plugin v22.5 - https:\/\/yoast.com\/wordpress\/plugins\/seo\/ -->\n<title>FAQ - VKPAK<\/title>\n<meta name=\"robots\" content=\"index, follow, max-snippet:-1, max-image-preview:large, max-video-preview:-1\" \/>\n<link rel=\"canonical\" href=\"https:\/\/www.vkpakmachine.com\/ro\/faq\/\" \/>\n<script type=\"application\/ld+json\" class=\"yoast-schema-graph\">{\"@context\":\"https:\/\/schema.org\",\"@graph\":[{\"@type\":\"WebPage\",\"@id\":\"https:\/\/www.vkpakmachine.com\/lv\/faq\/\",\"url\":\"https:\/\/www.vkpakmachine.com\/lv\/faq\/\",\"name\":\"FAQ - VKPAK\",\"isPartOf\":{\"@id\":\"https:\/\/www.vkpakmachine.com\/lv\/#website\"},\"datePublished\":\"2022-12-26T07:08:38+00:00\",\"dateModified\":\"2022-12-26T07:08:38+00:00\",\"breadcrumb\":{\"@id\":\"https:\/\/www.vkpakmachine.com\/lv\/faq\/#breadcrumb\"},\"inLanguage\":\"ro-RO\",\"potentialAction\":[{\"@type\":\"ReadAction\",\"target\":[\"https:\/\/www.vkpakmachine.com\/lv\/faq\/\"]}]},{\"@type\":\"BreadcrumbList\",\"@id\":\"https:\/\/www.vkpakmachine.com\/lv\/faq\/#breadcrumb\",\"itemListElement\":[{\"@type\":\"ListItem\",\"position\":1,\"name\":\"Home\",\"item\":\"https:\/\/www.vkpakmachine.com\/lv\/\"},{\"@type\":\"ListItem\",\"position\":2,\"name\":\"FAQ\"}]},{\"@type\":\"WebSite\",\"@id\":\"https:\/\/www.vkpakmachine.com\/lv\/#website\",\"url\":\"https:\/\/www.vkpakmachine.com\/lv\/\",\"name\":\"VKPAK\",\"description\":\"\",\"publisher\":{\"@id\":\"https:\/\/www.vkpakmachine.com\/lv\/#organization\"},\"potentialAction\":[{\"@type\":\"SearchAction\",\"target\":{\"@type\":\"EntryPoint\",\"urlTemplate\":\"https:\/\/www.vkpakmachine.com\/lv\/?s={search_term_string}\"},\"query-input\":\"required name=search_term_string\"}],\"inLanguage\":\"ro-RO\"},{\"@type\":\"Organization\",\"@id\":\"https:\/\/www.vkpakmachine.com\/lv\/#organization\",\"name\":\"VKPAK\",\"url\":\"https:\/\/www.vkpakmachine.com\/lv\/\",\"logo\":{\"@type\":\"ImageObject\",\"inLanguage\":\"ro-RO\",\"@id\":\"https:\/\/www.vkpakmachine.com\/lv\/#\/schema\/logo\/image\/\",\"url\":\"https:\/\/www.vkpakmachine.com\/wp-content\/uploads\/Logo.png\",\"contentUrl\":\"https:\/\/www.vkpakmachine.com\/wp-content\/uploads\/Logo.png\",\"width\":300,\"height\":57,\"caption\":\"VKPAK\"},\"image\":{\"@id\":\"https:\/\/www.vkpakmachine.com\/lv\/#\/schema\/logo\/image\/\"}}]}<\/script>\n<!-- \/ Yoast SEO plugin. -->","yoast_head_json":{"title":"FAQ - VKPAK","robots":{"index":"index","follow":"follow","max-snippet":"max-snippet:-1","max-image-preview":"max-image-preview:large","max-video-preview":"max-video-preview:-1"},"canonical":"https:\/\/www.vkpakmachine.com\/ro\/faq\/","schema":{"@context":"https:\/\/schema.org","@graph":[{"@type":"WebPage","@id":"https:\/\/www.vkpakmachine.com\/lv\/faq\/","url":"https:\/\/www.vkpakmachine.com\/lv\/faq\/","name":"FAQ - VKPAK","isPartOf":{"@id":"https:\/\/www.vkpakmachine.com\/lv\/#website"},"datePublished":"2022-12-26T07:08:38+00:00","dateModified":"2022-12-26T07:08:38+00:00","breadcrumb":{"@id":"https:\/\/www.vkpakmachine.com\/lv\/faq\/#breadcrumb"},"inLanguage":"ro-RO","potentialAction":[{"@type":"ReadAction","target":["https:\/\/www.vkpakmachine.com\/lv\/faq\/"]}]},{"@type":"BreadcrumbList","@id":"https:\/\/www.vkpakmachine.com\/lv\/faq\/#breadcrumb","itemListElement":[{"@type":"ListItem","position":1,"name":"Home","item":"https:\/\/www.vkpakmachine.com\/lv\/"},{"@type":"ListItem","position":2,"name":"FAQ"}]},{"@type":"WebSite","@id":"https:\/\/www.vkpakmachine.com\/lv\/#website","url":"https:\/\/www.vkpakmachine.com\/lv\/","name":"VKPAK","description":"","publisher":{"@id":"https:\/\/www.vkpakmachine.com\/lv\/#organization"},"potentialAction":[{"@type":"SearchAction","target":{"@type":"EntryPoint","urlTemplate":"https:\/\/www.vkpakmachine.com\/lv\/?s={search_term_string}"},"query-input":"required name=search_term_string"}],"inLanguage":"ro-RO"},{"@type":"Organization","@id":"https:\/\/www.vkpakmachine.com\/lv\/#organization","name":"VKPAK","url":"https:\/\/www.vkpakmachine.com\/lv\/","logo":{"@type":"ImageObject","inLanguage":"ro-RO","@id":"https:\/\/www.vkpakmachine.com\/lv\/#\/schema\/logo\/image\/","url":"https:\/\/www.vkpakmachine.com\/wp-content\/uploads\/Logo.png","contentUrl":"https:\/\/www.vkpakmachine.com\/wp-content\/uploads\/Logo.png","width":300,"height":57,"caption":"VKPAK"},"image":{"@id":"https:\/\/www.vkpakmachine.com\/lv\/#\/schema\/logo\/image\/"}}]}},"_links":{"self":[{"href":"https:\/\/www.vkpakmachine.com\/ro\/wp-json\/wp\/v2\/pages\/2414"}],"collection":[{"href":"https:\/\/www.vkpakmachine.com\/ro\/wp-json\/wp\/v2\/pages"}],"about":[{"href":"https:\/\/www.vkpakmachine.com\/ro\/wp-json\/wp\/v2\/types\/page"}],"author":[{"embeddable":true,"href":"https:\/\/www.vkpakmachine.com\/ro\/wp-json\/wp\/v2\/users\/1"}],"replies":[{"embeddable":true,"href":"https:\/\/www.vkpakmachine.com\/ro\/wp-json\/wp\/v2\/comments?post=2414"}],"version-history":[{"count":0,"href":"https:\/\/www.vkpakmachine.com\/ro\/wp-json\/wp\/v2\/pages\/2414\/revisions"}],"wp:attachment":[{"href":"https:\/\/www.vkpakmachine.com\/ro\/wp-json\/wp\/v2\/media?parent=2414"}],"curies":[{"name":"wp","href":"https:\/\/api.w.org\/{rel}","templated":true}]}}