{"id":2379,"date":"2022-12-26T06:55:32","date_gmt":"2022-12-26T06:55:32","guid":{"rendered":"https:\/\/www.vkpakmachine.com\/?page_id=2379"},"modified":"2022-12-26T08:32:48","modified_gmt":"2022-12-26T08:32:48","slug":"about-us","status":"publish","type":"page","link":"https:\/\/www.vkpakmachine.com\/ro\/about-us\/","title":{"rendered":"Despre noi"},"content":{"rendered":"<p>VKPAK este un produc\u0103tor \u0219i furnizor profesionist de ma\u0219ini \u0219i echipamente de ambalare situat \u00een shanghai China din 2008.<\/p>\n<p>Principalele produse VKPAK sunt ma\u0219ina de sp\u0103lat sticle, ma\u0219ina automat\u0103 de umplere a sticlelor, ma\u0219ina de acoperire, ma\u0219ina de etichetare \u0219i etc pentru linia complet\u0103 de \u00eembuteliere de umplere. Echipamentele noastre sunt utilizate pe scar\u0103 larg\u0103 \u00een industria farmaceutic\u0103, alimentar\u0103, chimic\u0103 zilnic\u0103, industria cosmetic\u0103 \u0219i etc.<\/p>\n<p>Pe baza unui management avansat \u0219i a manoperei, avem tehnicieni de produc\u021bie excelen\u021bi \u0219i o echip\u0103 de distribu\u021bie eficient\u0103, precum \u0219i membri buni ai personalului de service, astfel \u00eenc\u00e2t s\u0103 putem prelua comenzile dumneavoastr\u0103 foarte eficient. Avem \u00eencredere \u00een calitatea \u00eenalt\u0103 a produselor noastre \u0219i putem oferi pre\u021buri foarte competitive \u00een acela\u0219i timp.<\/p>\n<p>Datorit\u0103 creditului \u0219i serviciilor noastre bune, am realizat mari realiz\u0103ri \u00een ultimii ani. Am stabilit rela\u021bii de afaceri pe termen lung cu mul\u021bi clien\u021bi. Produsele noastre sunt exportate \u00een multe \u021b\u0103ri \u0219i zone. Pe l\u00e2ng\u0103 ma\u0219ini \u0219i echipamente, furniz\u0103m \u0219i linii de produc\u021bie, solu\u021bii unice de \u00eembuteliere de ambalare. A\u0219tept\u0103m cu ner\u0103bdare o cooperare pe termen lung \u0219i prosper\u0103 cu clien\u021bii din \u00eentreaga lume.<\/p>\n<p><img loading=\"lazy\" decoding=\"async\" src=\"https:\/\/www.vkpakmachine.com\/wp-content\/uploads\/Factory-Show.jpg\" alt=\"Factory-Show\" width=\"1200\" height=\"565\" class=\"alignnone size-full wp-image-2380\" \/><\/p>","protected":false},"excerpt":{"rendered":"<p>VKPAK este un produc\u0103tor \u0219i furnizor profesionist de ma\u0219ini \u0219i echipamente de ambalare situat \u00een shanghai, China din 2008. Principalele produse VKPAK sunt ma\u0219ina de sp\u0103lat sticle, ma\u0219ina de umplere automat\u0103 a sticlelor, ma\u0219ina de acoperire, ma\u0219ina de etichetat \u0219i etc pentru linia complet\u0103 de \u00eembuteliere de umplere...&nbsp;<a href=\"https:\/\/www.vkpakmachine.com\/ro\/about-us\/\" class=\"more-link\">Cite\u015fte mai mult<\/a><\/p>","protected":false},"author":1,"featured_media":2441,"parent":0,"menu_order":0,"comment_status":"closed","ping_status":"closed","template":"","meta":{"footnotes":""},"yoast_head":"<!-- This site is optimized with the Yoast SEO plugin v22.5 - https:\/\/yoast.com\/wordpress\/plugins\/seo\/ -->\n<title>About Us - VKPAK<\/title>\n<meta name=\"robots\" content=\"index, follow, max-snippet:-1, max-image-preview:large, max-video-preview:-1\" \/>\n<link rel=\"canonical\" href=\"https:\/\/www.vkpakmachine.com\/ro\/about-us\/\" \/>\n<script type=\"application\/ld+json\" class=\"yoast-schema-graph\">{\"@context\":\"https:\/\/schema.org\",\"@graph\":[{\"@type\":\"WebPage\",\"@id\":\"https:\/\/www.vkpakmachine.com\/lt\/about-us\/\",\"url\":\"https:\/\/www.vkpakmachine.com\/lt\/about-us\/\",\"name\":\"About Us - VKPAK\",\"isPartOf\":{\"@id\":\"https:\/\/www.vkpakmachine.com\/lv\/#website\"},\"primaryImageOfPage\":{\"@id\":\"https:\/\/www.vkpakmachine.com\/lt\/about-us\/#primaryimage\"},\"image\":{\"@id\":\"https:\/\/www.vkpakmachine.com\/lt\/about-us\/#primaryimage\"},\"thumbnailUrl\":\"https:\/\/www.vkpakmachine.com\/wp-content\/uploads\/About-Us.jpg\",\"datePublished\":\"2022-12-26T06:55:32+00:00\",\"dateModified\":\"2022-12-26T08:32:48+00:00\",\"breadcrumb\":{\"@id\":\"https:\/\/www.vkpakmachine.com\/lt\/about-us\/#breadcrumb\"},\"inLanguage\":\"ro-RO\",\"potentialAction\":[{\"@type\":\"ReadAction\",\"target\":[\"https:\/\/www.vkpakmachine.com\/lt\/about-us\/\"]}]},{\"@type\":\"ImageObject\",\"inLanguage\":\"ro-RO\",\"@id\":\"https:\/\/www.vkpakmachine.com\/lt\/about-us\/#primaryimage\",\"url\":\"https:\/\/www.vkpakmachine.com\/wp-content\/uploads\/About-Us.jpg\",\"contentUrl\":\"https:\/\/www.vkpakmachine.com\/wp-content\/uploads\/About-Us.jpg\",\"width\":600,\"height\":341,\"caption\":\"About-Us\"},{\"@type\":\"BreadcrumbList\",\"@id\":\"https:\/\/www.vkpakmachine.com\/lt\/about-us\/#breadcrumb\",\"itemListElement\":[{\"@type\":\"ListItem\",\"position\":1,\"name\":\"Home\",\"item\":\"https:\/\/www.vkpakmachine.com\/lv\/\"},{\"@type\":\"ListItem\",\"position\":2,\"name\":\"About Us\"}]},{\"@type\":\"WebSite\",\"@id\":\"https:\/\/www.vkpakmachine.com\/lv\/#website\",\"url\":\"https:\/\/www.vkpakmachine.com\/lv\/\",\"name\":\"VKPAK\",\"description\":\"\",\"publisher\":{\"@id\":\"https:\/\/www.vkpakmachine.com\/lv\/#organization\"},\"potentialAction\":[{\"@type\":\"SearchAction\",\"target\":{\"@type\":\"EntryPoint\",\"urlTemplate\":\"https:\/\/www.vkpakmachine.com\/lv\/?s={search_term_string}\"},\"query-input\":\"required name=search_term_string\"}],\"inLanguage\":\"ro-RO\"},{\"@type\":\"Organization\",\"@id\":\"https:\/\/www.vkpakmachine.com\/lv\/#organization\",\"name\":\"VKPAK\",\"url\":\"https:\/\/www.vkpakmachine.com\/lv\/\",\"logo\":{\"@type\":\"ImageObject\",\"inLanguage\":\"ro-RO\",\"@id\":\"https:\/\/www.vkpakmachine.com\/lv\/#\/schema\/logo\/image\/\",\"url\":\"https:\/\/www.vkpakmachine.com\/wp-content\/uploads\/Logo.png\",\"contentUrl\":\"https:\/\/www.vkpakmachine.com\/wp-content\/uploads\/Logo.png\",\"width\":300,\"height\":57,\"caption\":\"VKPAK\"},\"image\":{\"@id\":\"https:\/\/www.vkpakmachine.com\/lv\/#\/schema\/logo\/image\/\"}}]}<\/script>\n<!-- \/ Yoast SEO plugin. -->","yoast_head_json":{"title":"About Us - VKPAK","robots":{"index":"index","follow":"follow","max-snippet":"max-snippet:-1","max-image-preview":"max-image-preview:large","max-video-preview":"max-video-preview:-1"},"canonical":"https:\/\/www.vkpakmachine.com\/ro\/about-us\/","schema":{"@context":"https:\/\/schema.org","@graph":[{"@type":"WebPage","@id":"https:\/\/www.vkpakmachine.com\/lt\/about-us\/","url":"https:\/\/www.vkpakmachine.com\/lt\/about-us\/","name":"About Us - VKPAK","isPartOf":{"@id":"https:\/\/www.vkpakmachine.com\/lv\/#website"},"primaryImageOfPage":{"@id":"https:\/\/www.vkpakmachine.com\/lt\/about-us\/#primaryimage"},"image":{"@id":"https:\/\/www.vkpakmachine.com\/lt\/about-us\/#primaryimage"},"thumbnailUrl":"https:\/\/www.vkpakmachine.com\/wp-content\/uploads\/About-Us.jpg","datePublished":"2022-12-26T06:55:32+00:00","dateModified":"2022-12-26T08:32:48+00:00","breadcrumb":{"@id":"https:\/\/www.vkpakmachine.com\/lt\/about-us\/#breadcrumb"},"inLanguage":"ro-RO","potentialAction":[{"@type":"ReadAction","target":["https:\/\/www.vkpakmachine.com\/lt\/about-us\/"]}]},{"@type":"ImageObject","inLanguage":"ro-RO","@id":"https:\/\/www.vkpakmachine.com\/lt\/about-us\/#primaryimage","url":"https:\/\/www.vkpakmachine.com\/wp-content\/uploads\/About-Us.jpg","contentUrl":"https:\/\/www.vkpakmachine.com\/wp-content\/uploads\/About-Us.jpg","width":600,"height":341,"caption":"About-Us"},{"@type":"BreadcrumbList","@id":"https:\/\/www.vkpakmachine.com\/lt\/about-us\/#breadcrumb","itemListElement":[{"@type":"ListItem","position":1,"name":"Home","item":"https:\/\/www.vkpakmachine.com\/lv\/"},{"@type":"ListItem","position":2,"name":"About Us"}]},{"@type":"WebSite","@id":"https:\/\/www.vkpakmachine.com\/lv\/#website","url":"https:\/\/www.vkpakmachine.com\/lv\/","name":"VKPAK","description":"","publisher":{"@id":"https:\/\/www.vkpakmachine.com\/lv\/#organization"},"potentialAction":[{"@type":"SearchAction","target":{"@type":"EntryPoint","urlTemplate":"https:\/\/www.vkpakmachine.com\/lv\/?s={search_term_string}"},"query-input":"required name=search_term_string"}],"inLanguage":"ro-RO"},{"@type":"Organization","@id":"https:\/\/www.vkpakmachine.com\/lv\/#organization","name":"VKPAK","url":"https:\/\/www.vkpakmachine.com\/lv\/","logo":{"@type":"ImageObject","inLanguage":"ro-RO","@id":"https:\/\/www.vkpakmachine.com\/lv\/#\/schema\/logo\/image\/","url":"https:\/\/www.vkpakmachine.com\/wp-content\/uploads\/Logo.png","contentUrl":"https:\/\/www.vkpakmachine.com\/wp-content\/uploads\/Logo.png","width":300,"height":57,"caption":"VKPAK"},"image":{"@id":"https:\/\/www.vkpakmachine.com\/lv\/#\/schema\/logo\/image\/"}}]}},"_links":{"self":[{"href":"https:\/\/www.vkpakmachine.com\/ro\/wp-json\/wp\/v2\/pages\/2379"}],"collection":[{"href":"https:\/\/www.vkpakmachine.com\/ro\/wp-json\/wp\/v2\/pages"}],"about":[{"href":"https:\/\/www.vkpakmachine.com\/ro\/wp-json\/wp\/v2\/types\/page"}],"author":[{"embeddable":true,"href":"https:\/\/www.vkpakmachine.com\/ro\/wp-json\/wp\/v2\/users\/1"}],"replies":[{"embeddable":true,"href":"https:\/\/www.vkpakmachine.com\/ro\/wp-json\/wp\/v2\/comments?post=2379"}],"version-history":[{"count":0,"href":"https:\/\/www.vkpakmachine.com\/ro\/wp-json\/wp\/v2\/pages\/2379\/revisions"}],"wp:featuredmedia":[{"embeddable":true,"href":"https:\/\/www.vkpakmachine.com\/ro\/wp-json\/wp\/v2\/media\/2441"}],"wp:attachment":[{"href":"https:\/\/www.vkpakmachine.com\/ro\/wp-json\/wp\/v2\/media?parent=2379"}],"curies":[{"name":"wp","href":"https:\/\/api.w.org\/{rel}","templated":true}]}}