{"id":2424,"date":"2022-12-26T07:10:39","date_gmt":"2022-12-26T07:10:39","guid":{"rendered":"https:\/\/www.vkpakmachine.com\/?page_id=2424"},"modified":"2022-12-26T07:10:39","modified_gmt":"2022-12-26T07:10:39","slug":"quality-control","status":"publish","type":"page","link":"https:\/\/www.vkpakmachine.com\/pt\/quality-control\/","title":{"rendered":"Controle de qualidade"},"content":{"rendered":"<h2><strong>Garantia da Qualidade<\/strong><\/h2>\n<hr \/>\n<p>1, A garantia do equipamento fornecido pela nossa empresa \u00e9 um novo n\u00e3o utilizado, utilizando o design mais recente e material adequado feito, e em todos os aspectos atende \u00e0s especifica\u00e7\u00f5es de qualidade e desempenho estipuladas no contrato.<\/p>\n<p>2, A garantia da empresa fornecida pelo equipamento ap\u00f3s sua correta orienta\u00e7\u00e3o em todo o sistema funciona 3 dias ap\u00f3s a instala\u00e7\u00e3o e depura\u00e7\u00e3o, para atingir indicadores de desempenho t\u00e9cnico do produto.<\/p>\n<p>3, nossa empresa garante no per\u00edodo de garantia de qualidade estipulado no contrato, o processo de design para fornecimento de depura\u00e7\u00e3o de instala\u00e7\u00e3o de fabrica\u00e7\u00e3o de equipamentos ou defeitos de material e todos causados pela responsabilidade do vendedor \u00e9 respons\u00e1vel por quaisquer defeitos na linha de produ\u00e7\u00e3o de falhas e danos.<\/p>\n<p>4, todo o per\u00edodo de garantia de qualidade da m\u00e1quina para a linha de produ\u00e7\u00e3o por 12 meses ap\u00f3s a aceita\u00e7\u00e3o. Se for encontrado dentro do per\u00edodo de garantia de qualidade, a qualidade dos produtos ou a especifica\u00e7\u00e3o e n\u00e3o estiver em conformidade com as disposi\u00e7\u00f5es do contrato, ou provar que os produtos est\u00e3o defeituosos (incluindo defeitos potenciais ou o uso de materiais de baixa qualidade, etc.), o o comprador tem direito, de acordo com o certificado de inspe\u00e7\u00e3o emitido pelo departamento jur\u00eddico das mercadorias, dentro do per\u00edodo de garantia de qualidade, o esquema de tratamento do vendedor \u00e9 apresentado.<\/p>\n<p>5, A empresa \u00e0 qualidade do produto nas propriedades mec\u00e2nicas dos equipamentos fornecidos e garantia do \u00edndice de consumo do produto.<\/p>\n<h2><strong>garantia<\/strong><\/h2>\n<hr \/>\n<p>1, ap\u00f3s a aceita\u00e7\u00e3o do equipamento, forne\u00e7a 12 meses de garantia, o per\u00edodo de garantia fornecido gratuitamente para defeitos de pe\u00e7as e componentes causados pelo vendedor e o servi\u00e7o oportuno e eficaz.<\/p>\n<p>2, ap\u00f3s a garantia, fornece servi\u00e7o p\u00f3s-venda de suporte t\u00e9cnico amplamente favor\u00e1vel ao longo da vida.<br \/>\nServi\u00e7o p\u00f3s-venda: nosso departamento de servi\u00e7o p\u00f3s-venda da empresa tem um telefone de servi\u00e7o de linha direta de servi\u00e7o p\u00f3s-venda dedicado, nossa equipe \u00e9 respons\u00e1vel por atender o usu\u00e1rio do telefone, garantir ao usu\u00e1rio na primeira pergunta dar uma resposta sincera e entusiasmada ap\u00f3s o equipamento aceita\u00e7\u00e3o do equipamento, fornecemos processo de servi\u00e7o de garantia de 12 meses, forneceremos pelo menos uma vez pelo pessoal profissional e t\u00e9cnico de inspe\u00e7\u00e3o de rotina e forneceremos o relat\u00f3rio de inspe\u00e7\u00e3o detalhado, para a refer\u00eancia do usu\u00e1rio, os usu\u00e1rios apresentam claros ap\u00f3s os requisitos de manuten\u00e7\u00e3o, nossa empresa promete : a cena do usu\u00e1rio no menor tempo poss\u00edvel enviada para servi\u00e7o de reparo.<\/p>","protected":false},"excerpt":{"rendered":"<p>Garantia de Qualidade 1, Garantia do equipamento fornecido pela nossa empresa \u00e9 um novo n\u00e3o utilizado utilizando o mais recente design e material adequado fabricado, e em todos os aspectos atende \u00e0s especifica\u00e7\u00f5es de qualidade e desempenho estipuladas no contrato. 2, A empresa\u2026&nbsp;<a href=\"https:\/\/www.vkpakmachine.com\/pt\/quality-control\/\" class=\"more-link\">consulte Mais informa\u00e7\u00e3o<\/a><\/p>","protected":false},"author":1,"featured_media":0,"parent":0,"menu_order":0,"comment_status":"closed","ping_status":"closed","template":"","meta":{"footnotes":""},"yoast_head":"<!-- This site is optimized with the Yoast SEO plugin v22.5 - https:\/\/yoast.com\/wordpress\/plugins\/seo\/ -->\n<title>Quality Control - VKPAK<\/title>\n<meta name=\"robots\" content=\"index, follow, max-snippet:-1, max-image-preview:large, max-video-preview:-1\" \/>\n<link rel=\"canonical\" href=\"https:\/\/www.vkpakmachine.com\/pt\/quality-control\/\" \/>\n<script type=\"application\/ld+json\" class=\"yoast-schema-graph\">{\"@context\":\"https:\/\/schema.org\",\"@graph\":[{\"@type\":\"WebPage\",\"@id\":\"https:\/\/www.vkpakmachine.com\/lt\/quality-control\/\",\"url\":\"https:\/\/www.vkpakmachine.com\/lt\/quality-control\/\",\"name\":\"Quality Control - VKPAK\",\"isPartOf\":{\"@id\":\"https:\/\/www.vkpakmachine.com\/lv\/#website\"},\"datePublished\":\"2022-12-26T07:10:39+00:00\",\"dateModified\":\"2022-12-26T07:10:39+00:00\",\"breadcrumb\":{\"@id\":\"https:\/\/www.vkpakmachine.com\/lt\/quality-control\/#breadcrumb\"},\"inLanguage\":\"pt-BR\",\"potentialAction\":[{\"@type\":\"ReadAction\",\"target\":[\"https:\/\/www.vkpakmachine.com\/lt\/quality-control\/\"]}]},{\"@type\":\"BreadcrumbList\",\"@id\":\"https:\/\/www.vkpakmachine.com\/lt\/quality-control\/#breadcrumb\",\"itemListElement\":[{\"@type\":\"ListItem\",\"position\":1,\"name\":\"Home\",\"item\":\"https:\/\/www.vkpakmachine.com\/lv\/\"},{\"@type\":\"ListItem\",\"position\":2,\"name\":\"Quality Control\"}]},{\"@type\":\"WebSite\",\"@id\":\"https:\/\/www.vkpakmachine.com\/lv\/#website\",\"url\":\"https:\/\/www.vkpakmachine.com\/lv\/\",\"name\":\"VKPAK\",\"description\":\"\",\"publisher\":{\"@id\":\"https:\/\/www.vkpakmachine.com\/lv\/#organization\"},\"potentialAction\":[{\"@type\":\"SearchAction\",\"target\":{\"@type\":\"EntryPoint\",\"urlTemplate\":\"https:\/\/www.vkpakmachine.com\/lv\/?s={search_term_string}\"},\"query-input\":\"required name=search_term_string\"}],\"inLanguage\":\"pt-BR\"},{\"@type\":\"Organization\",\"@id\":\"https:\/\/www.vkpakmachine.com\/lv\/#organization\",\"name\":\"VKPAK\",\"url\":\"https:\/\/www.vkpakmachine.com\/lv\/\",\"logo\":{\"@type\":\"ImageObject\",\"inLanguage\":\"pt-BR\",\"@id\":\"https:\/\/www.vkpakmachine.com\/lv\/#\/schema\/logo\/image\/\",\"url\":\"https:\/\/www.vkpakmachine.com\/wp-content\/uploads\/Logo.png\",\"contentUrl\":\"https:\/\/www.vkpakmachine.com\/wp-content\/uploads\/Logo.png\",\"width\":300,\"height\":57,\"caption\":\"VKPAK\"},\"image\":{\"@id\":\"https:\/\/www.vkpakmachine.com\/lv\/#\/schema\/logo\/image\/\"}}]}<\/script>\n<!-- \/ Yoast SEO plugin. -->","yoast_head_json":{"title":"Quality Control - VKPAK","robots":{"index":"index","follow":"follow","max-snippet":"max-snippet:-1","max-image-preview":"max-image-preview:large","max-video-preview":"max-video-preview:-1"},"canonical":"https:\/\/www.vkpakmachine.com\/pt\/quality-control\/","schema":{"@context":"https:\/\/schema.org","@graph":[{"@type":"WebPage","@id":"https:\/\/www.vkpakmachine.com\/lt\/quality-control\/","url":"https:\/\/www.vkpakmachine.com\/lt\/quality-control\/","name":"Quality Control - VKPAK","isPartOf":{"@id":"https:\/\/www.vkpakmachine.com\/lv\/#website"},"datePublished":"2022-12-26T07:10:39+00:00","dateModified":"2022-12-26T07:10:39+00:00","breadcrumb":{"@id":"https:\/\/www.vkpakmachine.com\/lt\/quality-control\/#breadcrumb"},"inLanguage":"pt-BR","potentialAction":[{"@type":"ReadAction","target":["https:\/\/www.vkpakmachine.com\/lt\/quality-control\/"]}]},{"@type":"BreadcrumbList","@id":"https:\/\/www.vkpakmachine.com\/lt\/quality-control\/#breadcrumb","itemListElement":[{"@type":"ListItem","position":1,"name":"Home","item":"https:\/\/www.vkpakmachine.com\/lv\/"},{"@type":"ListItem","position":2,"name":"Quality Control"}]},{"@type":"WebSite","@id":"https:\/\/www.vkpakmachine.com\/lv\/#website","url":"https:\/\/www.vkpakmachine.com\/lv\/","name":"VKPAK","description":"","publisher":{"@id":"https:\/\/www.vkpakmachine.com\/lv\/#organization"},"potentialAction":[{"@type":"SearchAction","target":{"@type":"EntryPoint","urlTemplate":"https:\/\/www.vkpakmachine.com\/lv\/?s={search_term_string}"},"query-input":"required name=search_term_string"}],"inLanguage":"pt-BR"},{"@type":"Organization","@id":"https:\/\/www.vkpakmachine.com\/lv\/#organization","name":"VKPAK","url":"https:\/\/www.vkpakmachine.com\/lv\/","logo":{"@type":"ImageObject","inLanguage":"pt-BR","@id":"https:\/\/www.vkpakmachine.com\/lv\/#\/schema\/logo\/image\/","url":"https:\/\/www.vkpakmachine.com\/wp-content\/uploads\/Logo.png","contentUrl":"https:\/\/www.vkpakmachine.com\/wp-content\/uploads\/Logo.png","width":300,"height":57,"caption":"VKPAK"},"image":{"@id":"https:\/\/www.vkpakmachine.com\/lv\/#\/schema\/logo\/image\/"}}]}},"_links":{"self":[{"href":"https:\/\/www.vkpakmachine.com\/pt\/wp-json\/wp\/v2\/pages\/2424"}],"collection":[{"href":"https:\/\/www.vkpakmachine.com\/pt\/wp-json\/wp\/v2\/pages"}],"about":[{"href":"https:\/\/www.vkpakmachine.com\/pt\/wp-json\/wp\/v2\/types\/page"}],"author":[{"embeddable":true,"href":"https:\/\/www.vkpakmachine.com\/pt\/wp-json\/wp\/v2\/users\/1"}],"replies":[{"embeddable":true,"href":"https:\/\/www.vkpakmachine.com\/pt\/wp-json\/wp\/v2\/comments?post=2424"}],"version-history":[{"count":0,"href":"https:\/\/www.vkpakmachine.com\/pt\/wp-json\/wp\/v2\/pages\/2424\/revisions"}],"wp:attachment":[{"href":"https:\/\/www.vkpakmachine.com\/pt\/wp-json\/wp\/v2\/media?parent=2424"}],"curies":[{"name":"wp","href":"https:\/\/api.w.org\/{rel}","templated":true}]}}