{"id":2414,"date":"2022-12-26T07:08:38","date_gmt":"2022-12-26T07:08:38","guid":{"rendered":"https:\/\/www.vkpakmachine.com\/?page_id=2414"},"modified":"2022-12-26T07:08:38","modified_gmt":"2022-12-26T07:08:38","slug":"faq","status":"publish","type":"page","link":"https:\/\/www.vkpakmachine.com\/pt\/faq\/","title":{"rendered":"Perguntas frequentes"},"content":{"rendered":"<p><strong>P: voc\u00ea \u00e9 uma f\u00e1brica ou empresa comercial?<\/strong><br \/>\nR: Nosso foco de f\u00e1brica \u00e9 projetar, fabricar, montar, instalar e depurar v\u00e1rios tipos de m\u00e1quinas de envase, m\u00e1quinas de nivelamento e m\u00e1quinas de etiquetagem desde 2003.<\/p>\n<p><strong>P: Voc\u00ea pode enviar um v\u00eddeo mostrando como sua m\u00e1quina funciona?<\/strong><br \/>\nR: Certamente, fizemos todos os v\u00eddeos da nossa m\u00e1quina.<\/p>\n<p><strong>P: Voc\u00ea faz testes antes do envio?<\/strong><br \/>\nR: Sempre testamos a m\u00e1quina totalmente e garantimos que ela funcione perfeitamente antes do envio.<\/p>\n<p><strong>P: Qual \u00e9 o prazo de pagamento e as condi\u00e7\u00f5es comerciais?<\/strong><br \/>\nR: Aceitamos pagamentos T\/T, Western Union, MoneyGram, Alibaba Trade Assurance.<br \/>\nPrazo comercial: EXW, FOB, CIF, CNF.<\/p>\n<p><strong>P: Qual \u00e9 o MOQ e a garantia?<\/strong><br \/>\nR: N\u00e3o h\u00e1 MOQ, bem-vindo ao pedido, prometemos garantia de 12 meses.<\/p>\n<p><strong>P: Que tipo de pacote para envio?<\/strong><br \/>\nR: Use o filme extens\u00edvel b\u00e1sico em torno de toda a m\u00e1quina e embalado com caixa de madeira exportada, tamb\u00e9m pode estar de acordo com suas necessidades.<\/p>\n<p><strong>P: Se a m\u00e1quina estiver fora do ano de garantia, o que podemos fazer se alguma pe\u00e7a estiver quebrada?<\/strong><br \/>\nR: Oferecemos servi\u00e7o para toda a vida \u00fatil da m\u00e1quina, se alguma pe\u00e7a de reposi\u00e7\u00e3o for quebrada ap\u00f3s um ano, os clientes podem comprar as pe\u00e7as de reposi\u00e7\u00e3o no mercado local ou comprar de fornecedores, podemos enviar pe\u00e7as de reposi\u00e7\u00e3o aos clientes em 24 horas. E todos os nossos componentes de m\u00e1quinas s\u00e3o originais de marcas mundialmente famosas, s\u00e3o f\u00e1ceis de encontrar no local.<\/p>\n<p><strong>P: Qual \u00e9 a sua garantia?<\/strong><br \/>\nR: Garantimos as m\u00e1quinas por um ano. No ano de garantia, todas as pe\u00e7as sobressalentes foram quebradas devido a problemas de qualidade do VKPAK, as pe\u00e7as sobressalentes ser\u00e3o fornecidas gratuitamente para os clientes, o cliente precisar\u00e1 pagar o custo do frete se o peso do pacote for superior a 500 gramas. os termos de garantia, como O-rings, correias que ser\u00e3o fornecidas com a m\u00e1quina por um ano de uso.<\/p>","protected":false},"excerpt":{"rendered":"<p>P: voc\u00ea \u00e9 uma f\u00e1brica ou empresa comercial? R: Nosso foco de f\u00e1brica \u00e9 projetar, fabricar, montar, instalar e depurar v\u00e1rios tipos de m\u00e1quinas de envase, tampadoras e etiquetadoras desde 2003. P: Voc\u00ea pode enviar um v\u00eddeo mostrando como seu\u2026&nbsp;<a href=\"https:\/\/www.vkpakmachine.com\/pt\/faq\/\" class=\"more-link\">consulte Mais informa\u00e7\u00e3o<\/a><\/p>","protected":false},"author":1,"featured_media":0,"parent":0,"menu_order":0,"comment_status":"closed","ping_status":"closed","template":"","meta":{"footnotes":""},"yoast_head":"<!-- This site is optimized with the Yoast SEO plugin v22.5 - https:\/\/yoast.com\/wordpress\/plugins\/seo\/ -->\n<title>FAQ - VKPAK<\/title>\n<meta name=\"robots\" content=\"index, follow, max-snippet:-1, max-image-preview:large, max-video-preview:-1\" \/>\n<link rel=\"canonical\" href=\"https:\/\/www.vkpakmachine.com\/pt\/faq\/\" \/>\n<script type=\"application\/ld+json\" class=\"yoast-schema-graph\">{\"@context\":\"https:\/\/schema.org\",\"@graph\":[{\"@type\":\"WebPage\",\"@id\":\"https:\/\/www.vkpakmachine.com\/lv\/faq\/\",\"url\":\"https:\/\/www.vkpakmachine.com\/lv\/faq\/\",\"name\":\"FAQ - VKPAK\",\"isPartOf\":{\"@id\":\"https:\/\/www.vkpakmachine.com\/lv\/#website\"},\"datePublished\":\"2022-12-26T07:08:38+00:00\",\"dateModified\":\"2022-12-26T07:08:38+00:00\",\"breadcrumb\":{\"@id\":\"https:\/\/www.vkpakmachine.com\/lv\/faq\/#breadcrumb\"},\"inLanguage\":\"pt-BR\",\"potentialAction\":[{\"@type\":\"ReadAction\",\"target\":[\"https:\/\/www.vkpakmachine.com\/lv\/faq\/\"]}]},{\"@type\":\"BreadcrumbList\",\"@id\":\"https:\/\/www.vkpakmachine.com\/lv\/faq\/#breadcrumb\",\"itemListElement\":[{\"@type\":\"ListItem\",\"position\":1,\"name\":\"Home\",\"item\":\"https:\/\/www.vkpakmachine.com\/lv\/\"},{\"@type\":\"ListItem\",\"position\":2,\"name\":\"FAQ\"}]},{\"@type\":\"WebSite\",\"@id\":\"https:\/\/www.vkpakmachine.com\/lv\/#website\",\"url\":\"https:\/\/www.vkpakmachine.com\/lv\/\",\"name\":\"VKPAK\",\"description\":\"\",\"publisher\":{\"@id\":\"https:\/\/www.vkpakmachine.com\/lv\/#organization\"},\"potentialAction\":[{\"@type\":\"SearchAction\",\"target\":{\"@type\":\"EntryPoint\",\"urlTemplate\":\"https:\/\/www.vkpakmachine.com\/lv\/?s={search_term_string}\"},\"query-input\":\"required name=search_term_string\"}],\"inLanguage\":\"pt-BR\"},{\"@type\":\"Organization\",\"@id\":\"https:\/\/www.vkpakmachine.com\/lv\/#organization\",\"name\":\"VKPAK\",\"url\":\"https:\/\/www.vkpakmachine.com\/lv\/\",\"logo\":{\"@type\":\"ImageObject\",\"inLanguage\":\"pt-BR\",\"@id\":\"https:\/\/www.vkpakmachine.com\/lv\/#\/schema\/logo\/image\/\",\"url\":\"https:\/\/www.vkpakmachine.com\/wp-content\/uploads\/Logo.png\",\"contentUrl\":\"https:\/\/www.vkpakmachine.com\/wp-content\/uploads\/Logo.png\",\"width\":300,\"height\":57,\"caption\":\"VKPAK\"},\"image\":{\"@id\":\"https:\/\/www.vkpakmachine.com\/lv\/#\/schema\/logo\/image\/\"}}]}<\/script>\n<!-- \/ Yoast SEO plugin. -->","yoast_head_json":{"title":"FAQ - VKPAK","robots":{"index":"index","follow":"follow","max-snippet":"max-snippet:-1","max-image-preview":"max-image-preview:large","max-video-preview":"max-video-preview:-1"},"canonical":"https:\/\/www.vkpakmachine.com\/pt\/faq\/","schema":{"@context":"https:\/\/schema.org","@graph":[{"@type":"WebPage","@id":"https:\/\/www.vkpakmachine.com\/lv\/faq\/","url":"https:\/\/www.vkpakmachine.com\/lv\/faq\/","name":"FAQ - VKPAK","isPartOf":{"@id":"https:\/\/www.vkpakmachine.com\/lv\/#website"},"datePublished":"2022-12-26T07:08:38+00:00","dateModified":"2022-12-26T07:08:38+00:00","breadcrumb":{"@id":"https:\/\/www.vkpakmachine.com\/lv\/faq\/#breadcrumb"},"inLanguage":"pt-BR","potentialAction":[{"@type":"ReadAction","target":["https:\/\/www.vkpakmachine.com\/lv\/faq\/"]}]},{"@type":"BreadcrumbList","@id":"https:\/\/www.vkpakmachine.com\/lv\/faq\/#breadcrumb","itemListElement":[{"@type":"ListItem","position":1,"name":"Home","item":"https:\/\/www.vkpakmachine.com\/lv\/"},{"@type":"ListItem","position":2,"name":"FAQ"}]},{"@type":"WebSite","@id":"https:\/\/www.vkpakmachine.com\/lv\/#website","url":"https:\/\/www.vkpakmachine.com\/lv\/","name":"VKPAK","description":"","publisher":{"@id":"https:\/\/www.vkpakmachine.com\/lv\/#organization"},"potentialAction":[{"@type":"SearchAction","target":{"@type":"EntryPoint","urlTemplate":"https:\/\/www.vkpakmachine.com\/lv\/?s={search_term_string}"},"query-input":"required name=search_term_string"}],"inLanguage":"pt-BR"},{"@type":"Organization","@id":"https:\/\/www.vkpakmachine.com\/lv\/#organization","name":"VKPAK","url":"https:\/\/www.vkpakmachine.com\/lv\/","logo":{"@type":"ImageObject","inLanguage":"pt-BR","@id":"https:\/\/www.vkpakmachine.com\/lv\/#\/schema\/logo\/image\/","url":"https:\/\/www.vkpakmachine.com\/wp-content\/uploads\/Logo.png","contentUrl":"https:\/\/www.vkpakmachine.com\/wp-content\/uploads\/Logo.png","width":300,"height":57,"caption":"VKPAK"},"image":{"@id":"https:\/\/www.vkpakmachine.com\/lv\/#\/schema\/logo\/image\/"}}]}},"_links":{"self":[{"href":"https:\/\/www.vkpakmachine.com\/pt\/wp-json\/wp\/v2\/pages\/2414"}],"collection":[{"href":"https:\/\/www.vkpakmachine.com\/pt\/wp-json\/wp\/v2\/pages"}],"about":[{"href":"https:\/\/www.vkpakmachine.com\/pt\/wp-json\/wp\/v2\/types\/page"}],"author":[{"embeddable":true,"href":"https:\/\/www.vkpakmachine.com\/pt\/wp-json\/wp\/v2\/users\/1"}],"replies":[{"embeddable":true,"href":"https:\/\/www.vkpakmachine.com\/pt\/wp-json\/wp\/v2\/comments?post=2414"}],"version-history":[{"count":0,"href":"https:\/\/www.vkpakmachine.com\/pt\/wp-json\/wp\/v2\/pages\/2414\/revisions"}],"wp:attachment":[{"href":"https:\/\/www.vkpakmachine.com\/pt\/wp-json\/wp\/v2\/media?parent=2414"}],"curies":[{"name":"wp","href":"https:\/\/api.w.org\/{rel}","templated":true}]}}