{"id":2424,"date":"2022-12-26T07:10:39","date_gmt":"2022-12-26T07:10:39","guid":{"rendered":"https:\/\/www.vkpakmachine.com\/?page_id=2424"},"modified":"2022-12-26T07:10:39","modified_gmt":"2022-12-26T07:10:39","slug":"quality-control","status":"publish","type":"page","link":"https:\/\/www.vkpakmachine.com\/pl\/quality-control\/","title":{"rendered":"Kontrola jako\u015bci"},"content":{"rendered":"<h2><strong>Zapewnienie jako\u015bci<\/strong><\/h2>\n<hr \/>\n<p>1. Gwarancja na sprz\u0119t dostarczony przez nasz\u0105 firm\u0119 jest nowym, nieu\u017cywanym sprz\u0119tem, wykonanym wed\u0142ug najnowszej konstrukcji i z odpowiedniego materia\u0142u, i pod ka\u017cdym wzgl\u0119dem spe\u0142nia specyfikacj\u0119 jako\u015bciow\u0105 i wydajno\u015b\u0107 okre\u015blon\u0105 w umowie.<\/p>\n<p>2. Gwarancja firmy na sprz\u0119t po prawid\u0142owym prowadzeniu ca\u0142ego systemu po 3 dniach od instalacji i debugowania, w celu osi\u0105gni\u0119cia wska\u017anik\u00f3w wydajno\u015bci technicznej produktu.<\/p>\n<p>3, Nasza firma gwarantuje w okresie gwarancji jako\u015bci okre\u015blonym w umowie, proces projektowania dostarczania sprz\u0119tu do produkcji sprz\u0119tu, debugowanie instalacji produkcyjnej lub wady materia\u0142owe, a wszystko spowodowane odpowiedzialno\u015bci\u0105 sprzedawcy jest odpowiedzialne za wszelkie wady i uszkodzenia linii produkcyjnej.<\/p>\n<p>4, Ca\u0142y okres gwarancji jako\u015bci maszyny na lini\u0119 produkcyjn\u0105 przez 12 miesi\u0119cy po akceptacji. Je\u017celi w okresie gwarancji jako\u015bci oka\u017ce si\u0119, \u017ce jako\u015b\u0107 towaru lub jego specyfikacja jest niezgodna z postanowieniami umowy lub wyka\u017ce, \u017ce towar ma wad\u0119 (w tym potencjalne wady lub u\u017cycie niespe\u0142niaj\u0105cych norm materia\u0142\u00f3w itp.), Kupuj\u0105cy ma prawo zgodnie ze \u015bwiadectwem kontroli wydanym przez dzia\u0142 prawny towaru w okresie gwarancji jako\u015bci zaproponowanym przez sprzedawc\u0119.<\/p>\n<p>5, Firma potwierdza jako\u015b\u0107 produktu na podstawie w\u0142a\u015bciwo\u015bci mechanicznych dostarczonego sprz\u0119tu i gwarantuje wska\u017anik zu\u017cycia produktu.<\/p>\n<h2><strong>Gwarancja<\/strong><\/h2>\n<hr \/>\n<p>1, Po odbiorze sprz\u0119tu udzielamy 12-miesi\u0119cznej gwarancji, okresu gwarancji udzielanej bezp\u0142atnie na wady cz\u0119\u015bci i podzespo\u0142\u00f3w spowodowane przez sprzedawc\u0119 oraz terminowego i skutecznego serwisu.<\/p>\n<p>2, po gwarancji, przez ca\u0142e \u017cycie zapewniamy szeroko korzystn\u0105 obs\u0142ug\u0119 posprzeda\u017cn\u0105 w zakresie wsparcia technicznego.<br \/>\nObs\u0142uga posprzeda\u017cna: Dzia\u0142 obs\u0142ugi posprzeda\u017cnej naszej firmy posiada wydzielon\u0105 infolini\u0119 obs\u0142ugi posprzeda\u017cnej, nasi pracownicy s\u0105 odpowiedzialni za odebranie u\u017cytkownika telefonu, upewnij si\u0119, \u017ce u\u017cytkownik w pierwszym pytaniu udzieli\u0142 entuzjazmu i szczerej odpowiedzi po sprz\u0119cie akceptacja sprz\u0119tu zapewniamy 12-miesi\u0119czny proces serwisu gwarancyjnego, co najmniej raz przeprowadzimy rutynow\u0105 kontrol\u0119 przez profesjonalny i techniczny personel oraz przedstawimy szczeg\u00f3\u0142owy raport z inspekcji, w celu uzyskania referencji u\u017cytkownika przedstawionych przez u\u017cytkownik\u00f3w jasno po wymaganiach konserwacyjnych, obiecuje nasza firma : scena u\u017cytkownika w mo\u017cliwie najkr\u00f3tszym czasie wys\u0142ana do serwisu.<\/p>","protected":false},"excerpt":{"rendered":"<p>Zapewnienie jako\u015bci 1. Gwarancja na sprz\u0119t dostarczony przez nasz\u0105 firm\u0119 jest nowym, nieu\u017cywanym sprz\u0119tem, wykonanym wed\u0142ug najnowszej konstrukcji i z odpowiedniego materia\u0142u, i pod ka\u017cdym wzgl\u0119dem spe\u0142nia specyfikacj\u0119 jako\u015bci i wydajno\u015bci okre\u015blon\u0105 w umowie. 2, Firma\u2026&nbsp;<a href=\"https:\/\/www.vkpakmachine.com\/pl\/quality-control\/\" class=\"more-link\">Czytaj wi\u0119cej<\/a><\/p>","protected":false},"author":1,"featured_media":0,"parent":0,"menu_order":0,"comment_status":"closed","ping_status":"closed","template":"","meta":{"footnotes":""},"yoast_head":"<!-- This site is optimized with the Yoast SEO plugin v22.5 - https:\/\/yoast.com\/wordpress\/plugins\/seo\/ -->\n<title>Quality Control - VKPAK<\/title>\n<meta name=\"robots\" content=\"index, follow, max-snippet:-1, max-image-preview:large, max-video-preview:-1\" \/>\n<link rel=\"canonical\" href=\"https:\/\/www.vkpakmachine.com\/pl\/quality-control\/\" \/>\n<script type=\"application\/ld+json\" class=\"yoast-schema-graph\">{\"@context\":\"https:\/\/schema.org\",\"@graph\":[{\"@type\":\"WebPage\",\"@id\":\"https:\/\/www.vkpakmachine.com\/lt\/quality-control\/\",\"url\":\"https:\/\/www.vkpakmachine.com\/lt\/quality-control\/\",\"name\":\"Quality Control - VKPAK\",\"isPartOf\":{\"@id\":\"https:\/\/www.vkpakmachine.com\/lv\/#website\"},\"datePublished\":\"2022-12-26T07:10:39+00:00\",\"dateModified\":\"2022-12-26T07:10:39+00:00\",\"breadcrumb\":{\"@id\":\"https:\/\/www.vkpakmachine.com\/lt\/quality-control\/#breadcrumb\"},\"inLanguage\":\"pl-PL\",\"potentialAction\":[{\"@type\":\"ReadAction\",\"target\":[\"https:\/\/www.vkpakmachine.com\/lt\/quality-control\/\"]}]},{\"@type\":\"BreadcrumbList\",\"@id\":\"https:\/\/www.vkpakmachine.com\/lt\/quality-control\/#breadcrumb\",\"itemListElement\":[{\"@type\":\"ListItem\",\"position\":1,\"name\":\"Home\",\"item\":\"https:\/\/www.vkpakmachine.com\/lv\/\"},{\"@type\":\"ListItem\",\"position\":2,\"name\":\"Quality Control\"}]},{\"@type\":\"WebSite\",\"@id\":\"https:\/\/www.vkpakmachine.com\/lv\/#website\",\"url\":\"https:\/\/www.vkpakmachine.com\/lv\/\",\"name\":\"VKPAK\",\"description\":\"\",\"publisher\":{\"@id\":\"https:\/\/www.vkpakmachine.com\/lv\/#organization\"},\"potentialAction\":[{\"@type\":\"SearchAction\",\"target\":{\"@type\":\"EntryPoint\",\"urlTemplate\":\"https:\/\/www.vkpakmachine.com\/lv\/?s={search_term_string}\"},\"query-input\":\"required name=search_term_string\"}],\"inLanguage\":\"pl-PL\"},{\"@type\":\"Organization\",\"@id\":\"https:\/\/www.vkpakmachine.com\/lv\/#organization\",\"name\":\"VKPAK\",\"url\":\"https:\/\/www.vkpakmachine.com\/lv\/\",\"logo\":{\"@type\":\"ImageObject\",\"inLanguage\":\"pl-PL\",\"@id\":\"https:\/\/www.vkpakmachine.com\/lv\/#\/schema\/logo\/image\/\",\"url\":\"https:\/\/www.vkpakmachine.com\/wp-content\/uploads\/Logo.png\",\"contentUrl\":\"https:\/\/www.vkpakmachine.com\/wp-content\/uploads\/Logo.png\",\"width\":300,\"height\":57,\"caption\":\"VKPAK\"},\"image\":{\"@id\":\"https:\/\/www.vkpakmachine.com\/lv\/#\/schema\/logo\/image\/\"}}]}<\/script>\n<!-- \/ Yoast SEO plugin. -->","yoast_head_json":{"title":"Quality Control - VKPAK","robots":{"index":"index","follow":"follow","max-snippet":"max-snippet:-1","max-image-preview":"max-image-preview:large","max-video-preview":"max-video-preview:-1"},"canonical":"https:\/\/www.vkpakmachine.com\/pl\/quality-control\/","schema":{"@context":"https:\/\/schema.org","@graph":[{"@type":"WebPage","@id":"https:\/\/www.vkpakmachine.com\/lt\/quality-control\/","url":"https:\/\/www.vkpakmachine.com\/lt\/quality-control\/","name":"Quality Control - VKPAK","isPartOf":{"@id":"https:\/\/www.vkpakmachine.com\/lv\/#website"},"datePublished":"2022-12-26T07:10:39+00:00","dateModified":"2022-12-26T07:10:39+00:00","breadcrumb":{"@id":"https:\/\/www.vkpakmachine.com\/lt\/quality-control\/#breadcrumb"},"inLanguage":"pl-PL","potentialAction":[{"@type":"ReadAction","target":["https:\/\/www.vkpakmachine.com\/lt\/quality-control\/"]}]},{"@type":"BreadcrumbList","@id":"https:\/\/www.vkpakmachine.com\/lt\/quality-control\/#breadcrumb","itemListElement":[{"@type":"ListItem","position":1,"name":"Home","item":"https:\/\/www.vkpakmachine.com\/lv\/"},{"@type":"ListItem","position":2,"name":"Quality Control"}]},{"@type":"WebSite","@id":"https:\/\/www.vkpakmachine.com\/lv\/#website","url":"https:\/\/www.vkpakmachine.com\/lv\/","name":"VKPAK","description":"","publisher":{"@id":"https:\/\/www.vkpakmachine.com\/lv\/#organization"},"potentialAction":[{"@type":"SearchAction","target":{"@type":"EntryPoint","urlTemplate":"https:\/\/www.vkpakmachine.com\/lv\/?s={search_term_string}"},"query-input":"required name=search_term_string"}],"inLanguage":"pl-PL"},{"@type":"Organization","@id":"https:\/\/www.vkpakmachine.com\/lv\/#organization","name":"VKPAK","url":"https:\/\/www.vkpakmachine.com\/lv\/","logo":{"@type":"ImageObject","inLanguage":"pl-PL","@id":"https:\/\/www.vkpakmachine.com\/lv\/#\/schema\/logo\/image\/","url":"https:\/\/www.vkpakmachine.com\/wp-content\/uploads\/Logo.png","contentUrl":"https:\/\/www.vkpakmachine.com\/wp-content\/uploads\/Logo.png","width":300,"height":57,"caption":"VKPAK"},"image":{"@id":"https:\/\/www.vkpakmachine.com\/lv\/#\/schema\/logo\/image\/"}}]}},"_links":{"self":[{"href":"https:\/\/www.vkpakmachine.com\/pl\/wp-json\/wp\/v2\/pages\/2424"}],"collection":[{"href":"https:\/\/www.vkpakmachine.com\/pl\/wp-json\/wp\/v2\/pages"}],"about":[{"href":"https:\/\/www.vkpakmachine.com\/pl\/wp-json\/wp\/v2\/types\/page"}],"author":[{"embeddable":true,"href":"https:\/\/www.vkpakmachine.com\/pl\/wp-json\/wp\/v2\/users\/1"}],"replies":[{"embeddable":true,"href":"https:\/\/www.vkpakmachine.com\/pl\/wp-json\/wp\/v2\/comments?post=2424"}],"version-history":[{"count":0,"href":"https:\/\/www.vkpakmachine.com\/pl\/wp-json\/wp\/v2\/pages\/2424\/revisions"}],"wp:attachment":[{"href":"https:\/\/www.vkpakmachine.com\/pl\/wp-json\/wp\/v2\/media?parent=2424"}],"curies":[{"name":"wp","href":"https:\/\/api.w.org\/{rel}","templated":true}]}}