{"id":2414,"date":"2022-12-26T07:08:38","date_gmt":"2022-12-26T07:08:38","guid":{"rendered":"https:\/\/www.vkpakmachine.com\/?page_id=2414"},"modified":"2022-12-26T07:08:38","modified_gmt":"2022-12-26T07:08:38","slug":"faq","status":"publish","type":"page","link":"https:\/\/www.vkpakmachine.com\/pl\/faq\/","title":{"rendered":"Cz\u0119sto zadawane pytania"},"content":{"rendered":"<p><strong>P: Czy jeste\u015b fabryk\u0105 lub firm\u0105 handlow\u0105?<\/strong><br \/>\nOdp.: Od 2003 roku koncentrujemy si\u0119 na projektowaniu, produkcji, monta\u017cu, instalowaniu i debugowaniu r\u00f3\u017cnego rodzaju maszyn nape\u0142niaj\u0105cych, maszyn zamykaj\u0105cych i maszyn etykietuj\u0105cych.<\/p>\n<p><strong>P: Czy mo\u017cesz wys\u0142a\u0107 film pokazuj\u0105cy, jak dzia\u0142a Twoja maszyna?<\/strong><br \/>\nOdp .: Z pewno\u015bci\u0105 nakr\u0119cili\u015bmy wideo dotycz\u0105ce ca\u0142ej naszej maszyny.<\/p>\n<p><strong>P: Czy przeprowadzasz test przed wysy\u0142k\u0105?<\/strong><br \/>\nOdp.: Zawsze dok\u0142adnie testujemy maszyn\u0119 i upewniamy si\u0119, \u017ce dzia\u0142a sprawnie przed wysy\u0142k\u0105.<\/p>\n<p><strong>P: Jaki jest termin p\u0142atno\u015bci i warunki handlowe?<\/strong><br \/>\nOdp.: akceptujemy p\u0142atno\u015bci T\/T, Western Union, MoneyGram, Alibaba Trade Assurance.<br \/>\nTermin handlowy: EXW, FOB, CIF, CNF.<\/p>\n<p><strong>P: Jakie jest MOQ i gwarancja?<\/strong><br \/>\nOdp.: nie ma MOQ, zapraszamy do sk\u0142adania zam\u00f3wie\u0144, obiecujemy 12-miesi\u0119czn\u0105 gwarancj\u0119.<\/p>\n<p><strong>P: Jaki rodzaj paczki do wysy\u0142ki?<\/strong><br \/>\nOdp.: U\u017cyj podstawowej folii stretch wok\u00f3\u0142 ca\u0142ej maszyny i zapakowanej w eksportowan\u0105 drewnian\u0105 skrzynk\u0119, r\u00f3wnie\u017c mo\u017ce by\u0107 zgodna z Twoimi wymaganiami.<\/p>\n<p><strong>P: Je\u015bli rok gwarancji na maszyn\u0119 min\u0105\u0142, co mo\u017cemy zrobi\u0107, je\u015bli jakiekolwiek cz\u0119\u015bci zostan\u0105 uszkodzone?<\/strong><br \/>\nOdp.: Oferujemy serwis maszyn przez ca\u0142y okres eksploatacji, je\u015bli jakiekolwiek cz\u0119\u015bci zamienne ulegn\u0105 uszkodzeniu po roku, klienci mog\u0105 kupi\u0107 cz\u0119\u015bci zamienne na lokalnym rynku lub kupi\u0107 od dostawc\u00f3w, mo\u017cemy wys\u0142a\u0107 cz\u0119\u015bci zamienne do klient\u00f3w w ci\u0105gu 24 godzin. Wszystkie cz\u0119\u015bci naszych maszyn s\u0105 oryginalne i pochodz\u0105 od znanej na ca\u0142ym \u015bwiecie marki, kt\u00f3r\u0105 mo\u017cna \u0142atwo znale\u017a\u0107 w lokalnym sklepie.<\/p>\n<p><strong>P: Jaka jest twoja gwarancja?<\/strong><br \/>\nOdp .: Gwarantujemy maszyny przez jeden rok. W roku gwarancyjnym jakiekolwiek cz\u0119\u015bci zamienne uleg\u0142y uszkodzeniu ze wzgl\u0119du na problemy z jako\u015bci\u0105 VKPAK. Cz\u0119\u015bci zamienne b\u0119d\u0105 dostarczane klientom bezp\u0142atnie. Klient musi zap\u0142aci\u0107 koszty transportu, je\u015bli waga paczki przekracza 500 gram\u00f3w. Cz\u0119\u015bci zamienne, kt\u00f3re \u0142atwo si\u0119 zu\u017cywaj\u0105, nie s\u0105 dost\u0119pne warunki gwarancji, takie jak pier\u015bcienie O-ring i paski, kt\u00f3re zostan\u0105 dostarczone wraz z maszyn\u0105 na okres jednego roku u\u017cytkowania.<\/p>","protected":false},"excerpt":{"rendered":"<p>P: Czy jeste\u015b fabryk\u0105 lub firm\u0105 handlow\u0105? Odp.: Od 2003 roku koncentrujemy si\u0119 na projektowaniu, produkcji, monta\u017cu, instalowaniu i debugowaniu r\u00f3\u017cnego rodzaju maszyn nape\u0142niaj\u0105cych, maszyn zamykaj\u0105cych i etykietuj\u0105cych. P: Czy mo\u017cesz wys\u0142a\u0107 film pokazuj\u0105cy, jak\u2026&nbsp;<a href=\"https:\/\/www.vkpakmachine.com\/pl\/faq\/\" class=\"more-link\">Czytaj wi\u0119cej<\/a><\/p>","protected":false},"author":1,"featured_media":0,"parent":0,"menu_order":0,"comment_status":"closed","ping_status":"closed","template":"","meta":{"footnotes":""},"yoast_head":"<!-- This site is optimized with the Yoast SEO plugin v22.5 - https:\/\/yoast.com\/wordpress\/plugins\/seo\/ -->\n<title>FAQ - VKPAK<\/title>\n<meta name=\"robots\" content=\"index, follow, max-snippet:-1, max-image-preview:large, max-video-preview:-1\" \/>\n<link rel=\"canonical\" href=\"https:\/\/www.vkpakmachine.com\/pl\/faq\/\" \/>\n<script type=\"application\/ld+json\" class=\"yoast-schema-graph\">{\"@context\":\"https:\/\/schema.org\",\"@graph\":[{\"@type\":\"WebPage\",\"@id\":\"https:\/\/www.vkpakmachine.com\/lv\/faq\/\",\"url\":\"https:\/\/www.vkpakmachine.com\/lv\/faq\/\",\"name\":\"FAQ - VKPAK\",\"isPartOf\":{\"@id\":\"https:\/\/www.vkpakmachine.com\/lv\/#website\"},\"datePublished\":\"2022-12-26T07:08:38+00:00\",\"dateModified\":\"2022-12-26T07:08:38+00:00\",\"breadcrumb\":{\"@id\":\"https:\/\/www.vkpakmachine.com\/lv\/faq\/#breadcrumb\"},\"inLanguage\":\"pl-PL\",\"potentialAction\":[{\"@type\":\"ReadAction\",\"target\":[\"https:\/\/www.vkpakmachine.com\/lv\/faq\/\"]}]},{\"@type\":\"BreadcrumbList\",\"@id\":\"https:\/\/www.vkpakmachine.com\/lv\/faq\/#breadcrumb\",\"itemListElement\":[{\"@type\":\"ListItem\",\"position\":1,\"name\":\"Home\",\"item\":\"https:\/\/www.vkpakmachine.com\/lv\/\"},{\"@type\":\"ListItem\",\"position\":2,\"name\":\"FAQ\"}]},{\"@type\":\"WebSite\",\"@id\":\"https:\/\/www.vkpakmachine.com\/lv\/#website\",\"url\":\"https:\/\/www.vkpakmachine.com\/lv\/\",\"name\":\"VKPAK\",\"description\":\"\",\"publisher\":{\"@id\":\"https:\/\/www.vkpakmachine.com\/lv\/#organization\"},\"potentialAction\":[{\"@type\":\"SearchAction\",\"target\":{\"@type\":\"EntryPoint\",\"urlTemplate\":\"https:\/\/www.vkpakmachine.com\/lv\/?s={search_term_string}\"},\"query-input\":\"required name=search_term_string\"}],\"inLanguage\":\"pl-PL\"},{\"@type\":\"Organization\",\"@id\":\"https:\/\/www.vkpakmachine.com\/lv\/#organization\",\"name\":\"VKPAK\",\"url\":\"https:\/\/www.vkpakmachine.com\/lv\/\",\"logo\":{\"@type\":\"ImageObject\",\"inLanguage\":\"pl-PL\",\"@id\":\"https:\/\/www.vkpakmachine.com\/lv\/#\/schema\/logo\/image\/\",\"url\":\"https:\/\/www.vkpakmachine.com\/wp-content\/uploads\/Logo.png\",\"contentUrl\":\"https:\/\/www.vkpakmachine.com\/wp-content\/uploads\/Logo.png\",\"width\":300,\"height\":57,\"caption\":\"VKPAK\"},\"image\":{\"@id\":\"https:\/\/www.vkpakmachine.com\/lv\/#\/schema\/logo\/image\/\"}}]}<\/script>\n<!-- \/ Yoast SEO plugin. -->","yoast_head_json":{"title":"FAQ - VKPAK","robots":{"index":"index","follow":"follow","max-snippet":"max-snippet:-1","max-image-preview":"max-image-preview:large","max-video-preview":"max-video-preview:-1"},"canonical":"https:\/\/www.vkpakmachine.com\/pl\/faq\/","schema":{"@context":"https:\/\/schema.org","@graph":[{"@type":"WebPage","@id":"https:\/\/www.vkpakmachine.com\/lv\/faq\/","url":"https:\/\/www.vkpakmachine.com\/lv\/faq\/","name":"FAQ - VKPAK","isPartOf":{"@id":"https:\/\/www.vkpakmachine.com\/lv\/#website"},"datePublished":"2022-12-26T07:08:38+00:00","dateModified":"2022-12-26T07:08:38+00:00","breadcrumb":{"@id":"https:\/\/www.vkpakmachine.com\/lv\/faq\/#breadcrumb"},"inLanguage":"pl-PL","potentialAction":[{"@type":"ReadAction","target":["https:\/\/www.vkpakmachine.com\/lv\/faq\/"]}]},{"@type":"BreadcrumbList","@id":"https:\/\/www.vkpakmachine.com\/lv\/faq\/#breadcrumb","itemListElement":[{"@type":"ListItem","position":1,"name":"Home","item":"https:\/\/www.vkpakmachine.com\/lv\/"},{"@type":"ListItem","position":2,"name":"FAQ"}]},{"@type":"WebSite","@id":"https:\/\/www.vkpakmachine.com\/lv\/#website","url":"https:\/\/www.vkpakmachine.com\/lv\/","name":"VKPAK","description":"","publisher":{"@id":"https:\/\/www.vkpakmachine.com\/lv\/#organization"},"potentialAction":[{"@type":"SearchAction","target":{"@type":"EntryPoint","urlTemplate":"https:\/\/www.vkpakmachine.com\/lv\/?s={search_term_string}"},"query-input":"required name=search_term_string"}],"inLanguage":"pl-PL"},{"@type":"Organization","@id":"https:\/\/www.vkpakmachine.com\/lv\/#organization","name":"VKPAK","url":"https:\/\/www.vkpakmachine.com\/lv\/","logo":{"@type":"ImageObject","inLanguage":"pl-PL","@id":"https:\/\/www.vkpakmachine.com\/lv\/#\/schema\/logo\/image\/","url":"https:\/\/www.vkpakmachine.com\/wp-content\/uploads\/Logo.png","contentUrl":"https:\/\/www.vkpakmachine.com\/wp-content\/uploads\/Logo.png","width":300,"height":57,"caption":"VKPAK"},"image":{"@id":"https:\/\/www.vkpakmachine.com\/lv\/#\/schema\/logo\/image\/"}}]}},"_links":{"self":[{"href":"https:\/\/www.vkpakmachine.com\/pl\/wp-json\/wp\/v2\/pages\/2414"}],"collection":[{"href":"https:\/\/www.vkpakmachine.com\/pl\/wp-json\/wp\/v2\/pages"}],"about":[{"href":"https:\/\/www.vkpakmachine.com\/pl\/wp-json\/wp\/v2\/types\/page"}],"author":[{"embeddable":true,"href":"https:\/\/www.vkpakmachine.com\/pl\/wp-json\/wp\/v2\/users\/1"}],"replies":[{"embeddable":true,"href":"https:\/\/www.vkpakmachine.com\/pl\/wp-json\/wp\/v2\/comments?post=2414"}],"version-history":[{"count":0,"href":"https:\/\/www.vkpakmachine.com\/pl\/wp-json\/wp\/v2\/pages\/2414\/revisions"}],"wp:attachment":[{"href":"https:\/\/www.vkpakmachine.com\/pl\/wp-json\/wp\/v2\/media?parent=2414"}],"curies":[{"name":"wp","href":"https:\/\/api.w.org\/{rel}","templated":true}]}}