{"id":2379,"date":"2022-12-26T06:55:32","date_gmt":"2022-12-26T06:55:32","guid":{"rendered":"https:\/\/www.vkpakmachine.com\/?page_id=2379"},"modified":"2022-12-26T08:32:48","modified_gmt":"2022-12-26T08:32:48","slug":"about-us","status":"publish","type":"page","link":"https:\/\/www.vkpakmachine.com\/pl\/about-us\/","title":{"rendered":"O nas"},"content":{"rendered":"<p>VKPAK jest profesjonalnym producentem i dostawc\u0105 maszyn i urz\u0105dze\u0144 pakuj\u0105cych z siedzib\u0105 w Szanghaju w Chinach od 2008 roku.<\/p>\n<p>G\u0142\u00f3wnymi produktami VKPAK s\u0105 myjka do butelek, automatyczna maszyna do nape\u0142niania butelek, maszyna do zamykania, maszyna do etykietowania itp. Do kompletnej linii rozlewniczej do nape\u0142niania. Nasze urz\u0105dzenia s\u0105 szeroko stosowane w przemy\u015ble farmaceutycznym, spo\u017cywczym, chemii codziennej, przemy\u015ble kosmetycznym itp.<\/p>\n<p>W oparciu o zaawansowane zarz\u0105dzanie i jako\u015b\u0107 wykonania dysponujemy doskona\u0142ymi technikami produkcji i wydajnym zespo\u0142em dystrybucyjnym, a tak\u017ce dobrym personelem serwisowym, dzi\u0119ki czemu mo\u017cemy bardzo sprawnie realizowa\u0107 Pa\u0144stwa zam\u00f3wienia. Mamy pewno\u015b\u0107 co do wysokiej jako\u015bci naszych produkt\u00f3w, a jednocze\u015bnie mo\u017cemy zaoferowa\u0107 bardzo konkurencyjne ceny.<\/p>\n<p>Dzi\u0119ki naszemu dobremu kredytowi i obs\u0142udze, w ubieg\u0142ych latach dokonali\u015bmy wielkich osi\u0105gni\u0119\u0107. Z wieloma klientami nawi\u0105zali\u015bmy d\u0142ugoterminowe relacje biznesowe. Nasze produkty s\u0105 eksportowane do wielu kraj\u00f3w i obszar\u00f3w. Opr\u00f3cz maszyn i urz\u0105dze\u0144 dostarczamy r\u00f3wnie\u017c linie produkcyjne, kompleksowe rozwi\u0105zania w zakresie butelkowania opakowa\u0144. Cieszymy si\u0119 na d\u0142ugoterminow\u0105 i pomy\u015bln\u0105 wsp\u00f3\u0142prac\u0119 z klientami na ca\u0142ym \u015bwiecie.<\/p>\n<p><img loading=\"lazy\" decoding=\"async\" src=\"https:\/\/www.vkpakmachine.com\/wp-content\/uploads\/Factory-Show.jpg\" alt=\"Pokaz fabryczny\" width=\"1200\" height=\"565\" class=\"alignnone size-full wp-image-2380\" \/><\/p>","protected":false},"excerpt":{"rendered":"<p>VKPAK jest profesjonalnym producentem i dostawc\u0105 maszyn i sprz\u0119tu pakuj\u0105cego z siedzib\u0105 w Szanghaju w Chinach od 2008 roku. G\u0142\u00f3wnymi produktami VKPAK s\u0105 myjka do butelek, automatyczna maszyna do nape\u0142niania butelek, maszyna zamykaj\u0105ca, maszyna do etykietowania itp. Do kompletnej linii rozlewniczej do nape\u0142niania.\u2026&nbsp;<a href=\"https:\/\/www.vkpakmachine.com\/pl\/about-us\/\" class=\"more-link\">Czytaj wi\u0119cej<\/a><\/p>","protected":false},"author":1,"featured_media":2441,"parent":0,"menu_order":0,"comment_status":"closed","ping_status":"closed","template":"","meta":{"footnotes":""},"yoast_head":"<!-- This site is optimized with the Yoast SEO plugin v22.5 - https:\/\/yoast.com\/wordpress\/plugins\/seo\/ -->\n<title>About Us - VKPAK<\/title>\n<meta name=\"robots\" content=\"index, follow, max-snippet:-1, max-image-preview:large, max-video-preview:-1\" \/>\n<link rel=\"canonical\" href=\"https:\/\/www.vkpakmachine.com\/pl\/about-us\/\" \/>\n<script type=\"application\/ld+json\" class=\"yoast-schema-graph\">{\"@context\":\"https:\/\/schema.org\",\"@graph\":[{\"@type\":\"WebPage\",\"@id\":\"https:\/\/www.vkpakmachine.com\/lt\/about-us\/\",\"url\":\"https:\/\/www.vkpakmachine.com\/lt\/about-us\/\",\"name\":\"About Us - VKPAK\",\"isPartOf\":{\"@id\":\"https:\/\/www.vkpakmachine.com\/lv\/#website\"},\"primaryImageOfPage\":{\"@id\":\"https:\/\/www.vkpakmachine.com\/lt\/about-us\/#primaryimage\"},\"image\":{\"@id\":\"https:\/\/www.vkpakmachine.com\/lt\/about-us\/#primaryimage\"},\"thumbnailUrl\":\"https:\/\/www.vkpakmachine.com\/wp-content\/uploads\/About-Us.jpg\",\"datePublished\":\"2022-12-26T06:55:32+00:00\",\"dateModified\":\"2022-12-26T08:32:48+00:00\",\"breadcrumb\":{\"@id\":\"https:\/\/www.vkpakmachine.com\/lt\/about-us\/#breadcrumb\"},\"inLanguage\":\"pl-PL\",\"potentialAction\":[{\"@type\":\"ReadAction\",\"target\":[\"https:\/\/www.vkpakmachine.com\/lt\/about-us\/\"]}]},{\"@type\":\"ImageObject\",\"inLanguage\":\"pl-PL\",\"@id\":\"https:\/\/www.vkpakmachine.com\/lt\/about-us\/#primaryimage\",\"url\":\"https:\/\/www.vkpakmachine.com\/wp-content\/uploads\/About-Us.jpg\",\"contentUrl\":\"https:\/\/www.vkpakmachine.com\/wp-content\/uploads\/About-Us.jpg\",\"width\":600,\"height\":341,\"caption\":\"About-Us\"},{\"@type\":\"BreadcrumbList\",\"@id\":\"https:\/\/www.vkpakmachine.com\/lt\/about-us\/#breadcrumb\",\"itemListElement\":[{\"@type\":\"ListItem\",\"position\":1,\"name\":\"Home\",\"item\":\"https:\/\/www.vkpakmachine.com\/lv\/\"},{\"@type\":\"ListItem\",\"position\":2,\"name\":\"About Us\"}]},{\"@type\":\"WebSite\",\"@id\":\"https:\/\/www.vkpakmachine.com\/lv\/#website\",\"url\":\"https:\/\/www.vkpakmachine.com\/lv\/\",\"name\":\"VKPAK\",\"description\":\"\",\"publisher\":{\"@id\":\"https:\/\/www.vkpakmachine.com\/lv\/#organization\"},\"potentialAction\":[{\"@type\":\"SearchAction\",\"target\":{\"@type\":\"EntryPoint\",\"urlTemplate\":\"https:\/\/www.vkpakmachine.com\/lv\/?s={search_term_string}\"},\"query-input\":\"required name=search_term_string\"}],\"inLanguage\":\"pl-PL\"},{\"@type\":\"Organization\",\"@id\":\"https:\/\/www.vkpakmachine.com\/lv\/#organization\",\"name\":\"VKPAK\",\"url\":\"https:\/\/www.vkpakmachine.com\/lv\/\",\"logo\":{\"@type\":\"ImageObject\",\"inLanguage\":\"pl-PL\",\"@id\":\"https:\/\/www.vkpakmachine.com\/lv\/#\/schema\/logo\/image\/\",\"url\":\"https:\/\/www.vkpakmachine.com\/wp-content\/uploads\/Logo.png\",\"contentUrl\":\"https:\/\/www.vkpakmachine.com\/wp-content\/uploads\/Logo.png\",\"width\":300,\"height\":57,\"caption\":\"VKPAK\"},\"image\":{\"@id\":\"https:\/\/www.vkpakmachine.com\/lv\/#\/schema\/logo\/image\/\"}}]}<\/script>\n<!-- \/ Yoast SEO plugin. -->","yoast_head_json":{"title":"About Us - VKPAK","robots":{"index":"index","follow":"follow","max-snippet":"max-snippet:-1","max-image-preview":"max-image-preview:large","max-video-preview":"max-video-preview:-1"},"canonical":"https:\/\/www.vkpakmachine.com\/pl\/about-us\/","schema":{"@context":"https:\/\/schema.org","@graph":[{"@type":"WebPage","@id":"https:\/\/www.vkpakmachine.com\/lt\/about-us\/","url":"https:\/\/www.vkpakmachine.com\/lt\/about-us\/","name":"About Us - VKPAK","isPartOf":{"@id":"https:\/\/www.vkpakmachine.com\/lv\/#website"},"primaryImageOfPage":{"@id":"https:\/\/www.vkpakmachine.com\/lt\/about-us\/#primaryimage"},"image":{"@id":"https:\/\/www.vkpakmachine.com\/lt\/about-us\/#primaryimage"},"thumbnailUrl":"https:\/\/www.vkpakmachine.com\/wp-content\/uploads\/About-Us.jpg","datePublished":"2022-12-26T06:55:32+00:00","dateModified":"2022-12-26T08:32:48+00:00","breadcrumb":{"@id":"https:\/\/www.vkpakmachine.com\/lt\/about-us\/#breadcrumb"},"inLanguage":"pl-PL","potentialAction":[{"@type":"ReadAction","target":["https:\/\/www.vkpakmachine.com\/lt\/about-us\/"]}]},{"@type":"ImageObject","inLanguage":"pl-PL","@id":"https:\/\/www.vkpakmachine.com\/lt\/about-us\/#primaryimage","url":"https:\/\/www.vkpakmachine.com\/wp-content\/uploads\/About-Us.jpg","contentUrl":"https:\/\/www.vkpakmachine.com\/wp-content\/uploads\/About-Us.jpg","width":600,"height":341,"caption":"About-Us"},{"@type":"BreadcrumbList","@id":"https:\/\/www.vkpakmachine.com\/lt\/about-us\/#breadcrumb","itemListElement":[{"@type":"ListItem","position":1,"name":"Home","item":"https:\/\/www.vkpakmachine.com\/lv\/"},{"@type":"ListItem","position":2,"name":"About Us"}]},{"@type":"WebSite","@id":"https:\/\/www.vkpakmachine.com\/lv\/#website","url":"https:\/\/www.vkpakmachine.com\/lv\/","name":"VKPAK","description":"","publisher":{"@id":"https:\/\/www.vkpakmachine.com\/lv\/#organization"},"potentialAction":[{"@type":"SearchAction","target":{"@type":"EntryPoint","urlTemplate":"https:\/\/www.vkpakmachine.com\/lv\/?s={search_term_string}"},"query-input":"required name=search_term_string"}],"inLanguage":"pl-PL"},{"@type":"Organization","@id":"https:\/\/www.vkpakmachine.com\/lv\/#organization","name":"VKPAK","url":"https:\/\/www.vkpakmachine.com\/lv\/","logo":{"@type":"ImageObject","inLanguage":"pl-PL","@id":"https:\/\/www.vkpakmachine.com\/lv\/#\/schema\/logo\/image\/","url":"https:\/\/www.vkpakmachine.com\/wp-content\/uploads\/Logo.png","contentUrl":"https:\/\/www.vkpakmachine.com\/wp-content\/uploads\/Logo.png","width":300,"height":57,"caption":"VKPAK"},"image":{"@id":"https:\/\/www.vkpakmachine.com\/lv\/#\/schema\/logo\/image\/"}}]}},"_links":{"self":[{"href":"https:\/\/www.vkpakmachine.com\/pl\/wp-json\/wp\/v2\/pages\/2379"}],"collection":[{"href":"https:\/\/www.vkpakmachine.com\/pl\/wp-json\/wp\/v2\/pages"}],"about":[{"href":"https:\/\/www.vkpakmachine.com\/pl\/wp-json\/wp\/v2\/types\/page"}],"author":[{"embeddable":true,"href":"https:\/\/www.vkpakmachine.com\/pl\/wp-json\/wp\/v2\/users\/1"}],"replies":[{"embeddable":true,"href":"https:\/\/www.vkpakmachine.com\/pl\/wp-json\/wp\/v2\/comments?post=2379"}],"version-history":[{"count":0,"href":"https:\/\/www.vkpakmachine.com\/pl\/wp-json\/wp\/v2\/pages\/2379\/revisions"}],"wp:featuredmedia":[{"embeddable":true,"href":"https:\/\/www.vkpakmachine.com\/pl\/wp-json\/wp\/v2\/media\/2441"}],"wp:attachment":[{"href":"https:\/\/www.vkpakmachine.com\/pl\/wp-json\/wp\/v2\/media?parent=2379"}],"curies":[{"name":"wp","href":"https:\/\/api.w.org\/{rel}","templated":true}]}}