{"id":2426,"date":"2022-12-26T07:11:57","date_gmt":"2022-12-26T07:11:57","guid":{"rendered":"https:\/\/www.vkpakmachine.com\/?page_id=2426"},"modified":"2022-12-26T07:11:57","modified_gmt":"2022-12-26T07:11:57","slug":"service","status":"publish","type":"page","link":"https:\/\/www.vkpakmachine.com\/nb\/service\/","title":{"rendered":"Service"},"content":{"rendered":"<h3>Oppl\u00e6ring:<\/h3>\n<p>Vi tilbyr maskinoppl\u00e6ringssystem, kunden kan velge oppl\u00e6ring i v\u00e5r fabrikk eller p\u00e5 kundeverksted. Vanlige treningsdager er 3-5 dager.<\/p>\n<p>Vi tilbyr brukerveiledning til kunden.<\/p>\n<p>Vi tilbyr oppl\u00e6ringsvideo og maskindriftsvideo til kunden.<\/p>\n<p>Vi tilbyr fjernkontrolltjeneste dersom kunden ikke vet hvordan maskinen skal betjenes.<\/p>\n<h3>Installasjon:<\/h3>\n<p>Vi vil sende ut ingeni\u00f8rer for \u00e5 utf\u00f8re installasjon og feils\u00f8king av utstyret i kj\u00f8pers sted hvis forespurt. Kostnaden for internasjonale dobbeltveis flybilletter, overnatting, mat og transport, medisinsk skal betales av kj\u00f8peren for ingeni\u00f8rene. Kj\u00f8per skal fullt ut samarbeide med Leverand\u00f8rens ingeni\u00f8r og gj\u00f8re all installasjonstilstand klar til arbeid.<\/p>\n<h3>Garanti:<\/h3>\n<p>Produsenten skal garantere at varene er laget av produsentens beste materialer. Den solgte maskinen vil v\u00e6re garanti om ett \u00e5r, i garanti\u00e5ret, eventuelle reservedeler \u00f8delagt p\u00e5 grunn av leverand\u00f8rens kvalitetsproblem, reservedelene vil bli levert gratis for kunden, kunden m\u00e5 betale fraktkostnaden hvis pakken veier mer enn 500 gram.<\/p>\n<h3>Ettersalgs installasjonsmaskiner<\/h3>\n<div class=\"su-custom-gallery su-custom-gallery-title-hover su-lightbox-gallery\"><div class=\"su-custom-gallery-slide\"><a href=\"https:\/\/www.vkpakmachine.com\/wp-content\/uploads\/After-sales-installation-machinery-2.jpg\" title=\"Installasjonsmaskiner etter salg\"><img loading=\"lazy\" decoding=\"async\" src=\"https:\/\/www.vkpakmachine.com\/wp-content\/uploads\/After-sales-installation-machinery-2-380x250.jpg\" alt=\"Installasjonsmaskiner etter salg\" width=\"380\" height=\"250\" \/><span class=\"su-custom-gallery-title\">Installasjonsmaskiner etter salg<\/span><\/a><\/div><div class=\"su-custom-gallery-slide\"><a href=\"https:\/\/www.vkpakmachine.com\/wp-content\/uploads\/After-sales-installation-machinery-3.jpg\" title=\"Installasjonsmaskiner etter salg\"><img loading=\"lazy\" decoding=\"async\" src=\"https:\/\/www.vkpakmachine.com\/wp-content\/uploads\/After-sales-installation-machinery-3-380x250.jpg\" alt=\"Installasjonsmaskiner etter salg\" width=\"380\" height=\"250\" \/><span class=\"su-custom-gallery-title\">Installasjonsmaskiner etter salg<\/span><\/a><\/div><div class=\"su-custom-gallery-slide\"><a href=\"https:\/\/www.vkpakmachine.com\/wp-content\/uploads\/After-sales-installation-machinery.jpg\" title=\"Installasjonsmaskiner etter salg\"><img loading=\"lazy\" decoding=\"async\" src=\"https:\/\/www.vkpakmachine.com\/wp-content\/uploads\/After-sales-installation-machinery-380x250.jpg\" alt=\"Installasjonsmaskiner etter salg\" width=\"380\" height=\"250\" \/><span class=\"su-custom-gallery-title\">Installasjonsmaskiner etter salg<\/span><\/a><\/div><div class=\"su-clear\"><\/div><\/div>","protected":false},"excerpt":{"rendered":"<p>Oppl\u00e6ring: Vi tilbyr maskinoppl\u00e6ringssystem, kunden kan velge oppl\u00e6ring i v\u00e5r fabrikk eller p\u00e5 kundeverksted. Vanlige treningsdager er 3-5 dager. Vi tilbyr brukerveiledning til kunden. Vi tilbyr oppl\u00e6ringsvideo og maskindriftsvideo til...&nbsp;<a href=\"https:\/\/www.vkpakmachine.com\/nb\/service\/\" class=\"more-link\">Les mer<\/a><\/p>","protected":false},"author":1,"featured_media":0,"parent":0,"menu_order":0,"comment_status":"closed","ping_status":"closed","template":"","meta":{"footnotes":""},"yoast_head":"<!-- This site is optimized with the Yoast SEO plugin v22.5 - https:\/\/yoast.com\/wordpress\/plugins\/seo\/ -->\n<title>Service - VKPAK<\/title>\n<meta name=\"robots\" content=\"index, follow, max-snippet:-1, max-image-preview:large, max-video-preview:-1\" \/>\n<link rel=\"canonical\" href=\"https:\/\/www.vkpakmachine.com\/nb\/service\/\" \/>\n<script type=\"application\/ld+json\" class=\"yoast-schema-graph\">{\"@context\":\"https:\/\/schema.org\",\"@graph\":[{\"@type\":\"WebPage\",\"@id\":\"https:\/\/www.vkpakmachine.com\/lt\/service\/\",\"url\":\"https:\/\/www.vkpakmachine.com\/lt\/service\/\",\"name\":\"Service - VKPAK\",\"isPartOf\":{\"@id\":\"https:\/\/www.vkpakmachine.com\/lv\/#website\"},\"datePublished\":\"2022-12-26T07:11:57+00:00\",\"dateModified\":\"2022-12-26T07:11:57+00:00\",\"breadcrumb\":{\"@id\":\"https:\/\/www.vkpakmachine.com\/lt\/service\/#breadcrumb\"},\"inLanguage\":\"nb-NO\",\"potentialAction\":[{\"@type\":\"ReadAction\",\"target\":[\"https:\/\/www.vkpakmachine.com\/lt\/service\/\"]}]},{\"@type\":\"BreadcrumbList\",\"@id\":\"https:\/\/www.vkpakmachine.com\/lt\/service\/#breadcrumb\",\"itemListElement\":[{\"@type\":\"ListItem\",\"position\":1,\"name\":\"Home\",\"item\":\"https:\/\/www.vkpakmachine.com\/lv\/\"},{\"@type\":\"ListItem\",\"position\":2,\"name\":\"Service\"}]},{\"@type\":\"WebSite\",\"@id\":\"https:\/\/www.vkpakmachine.com\/lv\/#website\",\"url\":\"https:\/\/www.vkpakmachine.com\/lv\/\",\"name\":\"VKPAK\",\"description\":\"\",\"publisher\":{\"@id\":\"https:\/\/www.vkpakmachine.com\/lv\/#organization\"},\"potentialAction\":[{\"@type\":\"SearchAction\",\"target\":{\"@type\":\"EntryPoint\",\"urlTemplate\":\"https:\/\/www.vkpakmachine.com\/lv\/?s={search_term_string}\"},\"query-input\":\"required name=search_term_string\"}],\"inLanguage\":\"nb-NO\"},{\"@type\":\"Organization\",\"@id\":\"https:\/\/www.vkpakmachine.com\/lv\/#organization\",\"name\":\"VKPAK\",\"url\":\"https:\/\/www.vkpakmachine.com\/lv\/\",\"logo\":{\"@type\":\"ImageObject\",\"inLanguage\":\"nb-NO\",\"@id\":\"https:\/\/www.vkpakmachine.com\/lv\/#\/schema\/logo\/image\/\",\"url\":\"https:\/\/www.vkpakmachine.com\/wp-content\/uploads\/Logo.png\",\"contentUrl\":\"https:\/\/www.vkpakmachine.com\/wp-content\/uploads\/Logo.png\",\"width\":300,\"height\":57,\"caption\":\"VKPAK\"},\"image\":{\"@id\":\"https:\/\/www.vkpakmachine.com\/lv\/#\/schema\/logo\/image\/\"}}]}<\/script>\n<!-- \/ Yoast SEO plugin. -->","yoast_head_json":{"title":"Service - VKPAK","robots":{"index":"index","follow":"follow","max-snippet":"max-snippet:-1","max-image-preview":"max-image-preview:large","max-video-preview":"max-video-preview:-1"},"canonical":"https:\/\/www.vkpakmachine.com\/nb\/service\/","schema":{"@context":"https:\/\/schema.org","@graph":[{"@type":"WebPage","@id":"https:\/\/www.vkpakmachine.com\/lt\/service\/","url":"https:\/\/www.vkpakmachine.com\/lt\/service\/","name":"Service - VKPAK","isPartOf":{"@id":"https:\/\/www.vkpakmachine.com\/lv\/#website"},"datePublished":"2022-12-26T07:11:57+00:00","dateModified":"2022-12-26T07:11:57+00:00","breadcrumb":{"@id":"https:\/\/www.vkpakmachine.com\/lt\/service\/#breadcrumb"},"inLanguage":"nb-NO","potentialAction":[{"@type":"ReadAction","target":["https:\/\/www.vkpakmachine.com\/lt\/service\/"]}]},{"@type":"BreadcrumbList","@id":"https:\/\/www.vkpakmachine.com\/lt\/service\/#breadcrumb","itemListElement":[{"@type":"ListItem","position":1,"name":"Home","item":"https:\/\/www.vkpakmachine.com\/lv\/"},{"@type":"ListItem","position":2,"name":"Service"}]},{"@type":"WebSite","@id":"https:\/\/www.vkpakmachine.com\/lv\/#website","url":"https:\/\/www.vkpakmachine.com\/lv\/","name":"VKPAK","description":"","publisher":{"@id":"https:\/\/www.vkpakmachine.com\/lv\/#organization"},"potentialAction":[{"@type":"SearchAction","target":{"@type":"EntryPoint","urlTemplate":"https:\/\/www.vkpakmachine.com\/lv\/?s={search_term_string}"},"query-input":"required name=search_term_string"}],"inLanguage":"nb-NO"},{"@type":"Organization","@id":"https:\/\/www.vkpakmachine.com\/lv\/#organization","name":"VKPAK","url":"https:\/\/www.vkpakmachine.com\/lv\/","logo":{"@type":"ImageObject","inLanguage":"nb-NO","@id":"https:\/\/www.vkpakmachine.com\/lv\/#\/schema\/logo\/image\/","url":"https:\/\/www.vkpakmachine.com\/wp-content\/uploads\/Logo.png","contentUrl":"https:\/\/www.vkpakmachine.com\/wp-content\/uploads\/Logo.png","width":300,"height":57,"caption":"VKPAK"},"image":{"@id":"https:\/\/www.vkpakmachine.com\/lv\/#\/schema\/logo\/image\/"}}]}},"_links":{"self":[{"href":"https:\/\/www.vkpakmachine.com\/nb\/wp-json\/wp\/v2\/pages\/2426"}],"collection":[{"href":"https:\/\/www.vkpakmachine.com\/nb\/wp-json\/wp\/v2\/pages"}],"about":[{"href":"https:\/\/www.vkpakmachine.com\/nb\/wp-json\/wp\/v2\/types\/page"}],"author":[{"embeddable":true,"href":"https:\/\/www.vkpakmachine.com\/nb\/wp-json\/wp\/v2\/users\/1"}],"replies":[{"embeddable":true,"href":"https:\/\/www.vkpakmachine.com\/nb\/wp-json\/wp\/v2\/comments?post=2426"}],"version-history":[{"count":0,"href":"https:\/\/www.vkpakmachine.com\/nb\/wp-json\/wp\/v2\/pages\/2426\/revisions"}],"wp:attachment":[{"href":"https:\/\/www.vkpakmachine.com\/nb\/wp-json\/wp\/v2\/media?parent=2426"}],"curies":[{"name":"wp","href":"https:\/\/api.w.org\/{rel}","templated":true}]}}