{"id":2424,"date":"2022-12-26T07:10:39","date_gmt":"2022-12-26T07:10:39","guid":{"rendered":"https:\/\/www.vkpakmachine.com\/?page_id=2424"},"modified":"2022-12-26T07:10:39","modified_gmt":"2022-12-26T07:10:39","slug":"quality-control","status":"publish","type":"page","link":"https:\/\/www.vkpakmachine.com\/nb\/quality-control\/","title":{"rendered":"Kvalitetskontroll"},"content":{"rendered":"<h2><strong>Kvalitetssikring<\/strong><\/h2>\n<hr \/>\n<p>1, Garanti for utstyret levert av v\u00e5rt selskap er et nytt ubrukt ved hjelp av den nyeste designen og egnet materiale laget, og i alle aspekter oppfyller kvalitetsspesifikasjonene og ytelsen som er fastsatt i kontrakten.<\/p>\n<p>2, Selskapets garanti gitt av utstyret etter korrekt veiledning i hele systemet fungerer 3 dager etter installasjon og feils\u00f8king, for \u00e5 oppn\u00e5 produkttekniske ytelsesindikatorer.<\/p>\n<p>3, V\u00e5r firmagaranti i kvalitetsgarantiperioden fastsatt i kontrakten, designprosessen for \u00e5 levere utstyrsproduksjon installasjon feils\u00f8king eller materialfeil og alt for\u00e5rsaket av selgerens ansvar er ansvarlig for eventuelle feil i produksjonslinjen av feil og skade.<\/p>\n<p>4, hele maskinkvalitetsgarantiperioden for produksjonslinjen i 12 m\u00e5neder etter aksept. Hvis funnet i kvalitetsgarantiperioden, kvaliteten p\u00e5 varene eller spesifikasjonen og ikke er i samsvar med bestemmelsene i kontrakten, eller bevise at varene er defekte (inkludert potensielle defekter eller bruk av substandard materialer, etc.), kj\u00f8per har krav p\u00e5 i henhold til kontrollattest utstedt av juridisk avdeling av varene innen kvalitetsgarantiperioden selgerbehandlingsordningen er fremmet.<\/p>\n<p>5, Selskapet til kvaliteten p\u00e5 produktet p\u00e5 de mekaniske egenskapene til det leverte utstyret og garanti for produktforbruk indeksen.<\/p>\n<h2><strong>Garanti<\/strong><\/h2>\n<hr \/>\n<p>1, Etter at utstyret er akseptert, gi 12 m\u00e5neders garanti, garantiperioden tilbys gratis for deler og komponenter defekter for\u00e5rsaket av selgeren og rettidig og effektiv service.<\/p>\n<p>2, Etter garantien, livslang tilby allment gunstig teknisk st\u00f8tte etter-salg service.<br \/>\nEttersalgsservice: selskapets ettersalgsserviceavdeling har en dedikert ettersalgsservice-hotline servicetelefon, v\u00e5re ansatte er ansvarlige for \u00e5 plukke opp telefonen brukeren, s\u00f8rge for at brukeren i det f\u00f8rste sp\u00f8rsm\u00e5let gir en entusiasme seri\u00f8st svar etter utstyret aksept av utstyret vi gir 12 m\u00e5neders garanti serviceprosess, vi vil gi minst en gang av det profesjonelle og tekniske personellet for rutineinspeksjon, og gi den detaljerte inspeksjonsrapporten, for brukerreferansen brukere fremsatt klare etter vedlikeholdskrav, lover v\u00e5rt firma : brukerscenen p\u00e5 kortest mulig tid sendt til reparasjonsservice.<\/p>","protected":false},"excerpt":{"rendered":"<p>Kvalitetssikring 1, Garanti for utstyret levert av v\u00e5rt selskap er et nytt ubrukt ved hjelp av det nyeste designet og egnet materiale laget, og oppfyller i alle aspekter kvalitetsspesifikasjonene og ytelsen som er fastsatt i kontrakten. 2, selskapet...&nbsp;<a href=\"https:\/\/www.vkpakmachine.com\/nb\/quality-control\/\" class=\"more-link\">Les mer<\/a><\/p>","protected":false},"author":1,"featured_media":0,"parent":0,"menu_order":0,"comment_status":"closed","ping_status":"closed","template":"","meta":{"footnotes":""},"yoast_head":"<!-- This site is optimized with the Yoast SEO plugin v22.5 - https:\/\/yoast.com\/wordpress\/plugins\/seo\/ -->\n<title>Quality Control - VKPAK<\/title>\n<meta name=\"robots\" content=\"index, follow, max-snippet:-1, max-image-preview:large, max-video-preview:-1\" \/>\n<link rel=\"canonical\" href=\"https:\/\/www.vkpakmachine.com\/nb\/quality-control\/\" \/>\n<script type=\"application\/ld+json\" class=\"yoast-schema-graph\">{\"@context\":\"https:\/\/schema.org\",\"@graph\":[{\"@type\":\"WebPage\",\"@id\":\"https:\/\/www.vkpakmachine.com\/lt\/quality-control\/\",\"url\":\"https:\/\/www.vkpakmachine.com\/lt\/quality-control\/\",\"name\":\"Quality Control - VKPAK\",\"isPartOf\":{\"@id\":\"https:\/\/www.vkpakmachine.com\/lv\/#website\"},\"datePublished\":\"2022-12-26T07:10:39+00:00\",\"dateModified\":\"2022-12-26T07:10:39+00:00\",\"breadcrumb\":{\"@id\":\"https:\/\/www.vkpakmachine.com\/lt\/quality-control\/#breadcrumb\"},\"inLanguage\":\"nb-NO\",\"potentialAction\":[{\"@type\":\"ReadAction\",\"target\":[\"https:\/\/www.vkpakmachine.com\/lt\/quality-control\/\"]}]},{\"@type\":\"BreadcrumbList\",\"@id\":\"https:\/\/www.vkpakmachine.com\/lt\/quality-control\/#breadcrumb\",\"itemListElement\":[{\"@type\":\"ListItem\",\"position\":1,\"name\":\"Home\",\"item\":\"https:\/\/www.vkpakmachine.com\/lv\/\"},{\"@type\":\"ListItem\",\"position\":2,\"name\":\"Quality Control\"}]},{\"@type\":\"WebSite\",\"@id\":\"https:\/\/www.vkpakmachine.com\/lv\/#website\",\"url\":\"https:\/\/www.vkpakmachine.com\/lv\/\",\"name\":\"VKPAK\",\"description\":\"\",\"publisher\":{\"@id\":\"https:\/\/www.vkpakmachine.com\/lv\/#organization\"},\"potentialAction\":[{\"@type\":\"SearchAction\",\"target\":{\"@type\":\"EntryPoint\",\"urlTemplate\":\"https:\/\/www.vkpakmachine.com\/lv\/?s={search_term_string}\"},\"query-input\":\"required name=search_term_string\"}],\"inLanguage\":\"nb-NO\"},{\"@type\":\"Organization\",\"@id\":\"https:\/\/www.vkpakmachine.com\/lv\/#organization\",\"name\":\"VKPAK\",\"url\":\"https:\/\/www.vkpakmachine.com\/lv\/\",\"logo\":{\"@type\":\"ImageObject\",\"inLanguage\":\"nb-NO\",\"@id\":\"https:\/\/www.vkpakmachine.com\/lv\/#\/schema\/logo\/image\/\",\"url\":\"https:\/\/www.vkpakmachine.com\/wp-content\/uploads\/Logo.png\",\"contentUrl\":\"https:\/\/www.vkpakmachine.com\/wp-content\/uploads\/Logo.png\",\"width\":300,\"height\":57,\"caption\":\"VKPAK\"},\"image\":{\"@id\":\"https:\/\/www.vkpakmachine.com\/lv\/#\/schema\/logo\/image\/\"}}]}<\/script>\n<!-- \/ Yoast SEO plugin. -->","yoast_head_json":{"title":"Quality Control - VKPAK","robots":{"index":"index","follow":"follow","max-snippet":"max-snippet:-1","max-image-preview":"max-image-preview:large","max-video-preview":"max-video-preview:-1"},"canonical":"https:\/\/www.vkpakmachine.com\/nb\/quality-control\/","schema":{"@context":"https:\/\/schema.org","@graph":[{"@type":"WebPage","@id":"https:\/\/www.vkpakmachine.com\/lt\/quality-control\/","url":"https:\/\/www.vkpakmachine.com\/lt\/quality-control\/","name":"Quality Control - VKPAK","isPartOf":{"@id":"https:\/\/www.vkpakmachine.com\/lv\/#website"},"datePublished":"2022-12-26T07:10:39+00:00","dateModified":"2022-12-26T07:10:39+00:00","breadcrumb":{"@id":"https:\/\/www.vkpakmachine.com\/lt\/quality-control\/#breadcrumb"},"inLanguage":"nb-NO","potentialAction":[{"@type":"ReadAction","target":["https:\/\/www.vkpakmachine.com\/lt\/quality-control\/"]}]},{"@type":"BreadcrumbList","@id":"https:\/\/www.vkpakmachine.com\/lt\/quality-control\/#breadcrumb","itemListElement":[{"@type":"ListItem","position":1,"name":"Home","item":"https:\/\/www.vkpakmachine.com\/lv\/"},{"@type":"ListItem","position":2,"name":"Quality Control"}]},{"@type":"WebSite","@id":"https:\/\/www.vkpakmachine.com\/lv\/#website","url":"https:\/\/www.vkpakmachine.com\/lv\/","name":"VKPAK","description":"","publisher":{"@id":"https:\/\/www.vkpakmachine.com\/lv\/#organization"},"potentialAction":[{"@type":"SearchAction","target":{"@type":"EntryPoint","urlTemplate":"https:\/\/www.vkpakmachine.com\/lv\/?s={search_term_string}"},"query-input":"required name=search_term_string"}],"inLanguage":"nb-NO"},{"@type":"Organization","@id":"https:\/\/www.vkpakmachine.com\/lv\/#organization","name":"VKPAK","url":"https:\/\/www.vkpakmachine.com\/lv\/","logo":{"@type":"ImageObject","inLanguage":"nb-NO","@id":"https:\/\/www.vkpakmachine.com\/lv\/#\/schema\/logo\/image\/","url":"https:\/\/www.vkpakmachine.com\/wp-content\/uploads\/Logo.png","contentUrl":"https:\/\/www.vkpakmachine.com\/wp-content\/uploads\/Logo.png","width":300,"height":57,"caption":"VKPAK"},"image":{"@id":"https:\/\/www.vkpakmachine.com\/lv\/#\/schema\/logo\/image\/"}}]}},"_links":{"self":[{"href":"https:\/\/www.vkpakmachine.com\/nb\/wp-json\/wp\/v2\/pages\/2424"}],"collection":[{"href":"https:\/\/www.vkpakmachine.com\/nb\/wp-json\/wp\/v2\/pages"}],"about":[{"href":"https:\/\/www.vkpakmachine.com\/nb\/wp-json\/wp\/v2\/types\/page"}],"author":[{"embeddable":true,"href":"https:\/\/www.vkpakmachine.com\/nb\/wp-json\/wp\/v2\/users\/1"}],"replies":[{"embeddable":true,"href":"https:\/\/www.vkpakmachine.com\/nb\/wp-json\/wp\/v2\/comments?post=2424"}],"version-history":[{"count":0,"href":"https:\/\/www.vkpakmachine.com\/nb\/wp-json\/wp\/v2\/pages\/2424\/revisions"}],"wp:attachment":[{"href":"https:\/\/www.vkpakmachine.com\/nb\/wp-json\/wp\/v2\/media?parent=2424"}],"curies":[{"name":"wp","href":"https:\/\/api.w.org\/{rel}","templated":true}]}}