{"id":2414,"date":"2022-12-26T07:08:38","date_gmt":"2022-12-26T07:08:38","guid":{"rendered":"https:\/\/www.vkpakmachine.com\/?page_id=2414"},"modified":"2022-12-26T07:08:38","modified_gmt":"2022-12-26T07:08:38","slug":"faq","status":"publish","type":"page","link":"https:\/\/www.vkpakmachine.com\/nb\/faq\/","title":{"rendered":"FAQ"},"content":{"rendered":"<p><strong>Sp\u00f8rsm\u00e5l: Er du fabrikk eller handelsselskap?<\/strong><br \/>\nA: Vi har fabrikkfokus p\u00e5 \u00e5 designe, produsere, montere, installere og feils\u00f8ke ulike typer fyllemaskiner, lokkmaskiner og merkemaskiner siden 2003.<\/p>\n<p><strong>Sp\u00f8rsm\u00e5l: Kan du sende en video som viser hvordan maskinen din fungerer?<\/strong><br \/>\nA: Visst, vi har laget alle maskinens videoer.<\/p>\n<p><strong>Sp\u00f8rsm\u00e5l: Tester du f\u00f8r forsendelse?<\/strong><br \/>\nA: Vi tester alltid maskinen fullt ut og s\u00f8rger for at den fungerer jevnt f\u00f8r forsendelse.<\/p>\n<p><strong>Sp\u00f8rsm\u00e5l: Hva er betalingsbetingelsene og handelsvilk\u00e5rene?<\/strong><br \/>\nA: Vi aksepterer T\/T, Western Union, MoneyGram, Alibaba Trade Assurance-betalinger.<br \/>\nHandelsperiode: EXW, FOB, CIF, CNF.<\/p>\n<p><strong>Sp\u00f8rsm\u00e5l: Hva er MOQ og garanti?<\/strong><br \/>\nA: Det er ingen MOQ, velkommen til \u00e5 bestille, vi lover 12 m\u00e5neders garanti.<\/p>\n<p><strong>Sp\u00f8rsm\u00e5l: Hva slags pakke for frakt?<\/strong><br \/>\nA: Bruk den grunnleggende strekkfilmen rundt hele maskinen, og pakket med eksportert trekasse, kan ogs\u00e5 v\u00e6re i henhold til dine krav.<\/p>\n<p><strong>Sp\u00f8rsm\u00e5l: Hvis maskinen er ute av garanti\u00e5ret, hva kan vi gj\u00f8re hvis noen deler er \u00f8delagt?<\/strong><br \/>\nA: Vi tilbyr service for hele levetiden for maskinen, hvis noen reservedeler ble \u00f8delagt etter ett \u00e5r, kan kundene kj\u00f8pe reservedelene p\u00e5 det lokale markedet eller kj\u00f8pe fra leverand\u00f8rer, vi kan sende reservedeler til kunder om 24 timer. Og alle maskinkomponentene v\u00e5re er originale fra verdenskjente merke, det er lett \u00e5 finne lokalt.<\/p>\n<p><strong>Sp\u00f8rsm\u00e5l: Hva er garantien din?<\/strong><br \/>\nA: Vi garanterer maskinene ett \u00e5r. I garanti\u00e5ret ble eventuelle reservedeler \u00f8delagt p\u00e5 grunn av VKPAK-kvalitetsproblem, reservedelene vil bli levert gratis for kunder, kunden m\u00e5 betale fraktkostnaden hvis pakken veier mer enn 500 gram. De lett utslitte reservedelene er ikke i garantivilk\u00e5rene, for eksempel O-ringer, belter som vil bli levert med maskinen i ett \u00e5r ved bruk.<\/p>","protected":false},"excerpt":{"rendered":"<p>Sp\u00f8rsm\u00e5l: Er du fabrikk eller handelsselskap? A: Vi har fabrikkfokusert p\u00e5 \u00e5 designe, produsere, montere, installere og feils\u00f8ke ulike typer fyllemaskiner, lokkmaskiner og merkemaskiner siden 2003. Sp\u00f8rsm\u00e5l: Kan du sende en video som viser hvordan...&nbsp;<a href=\"https:\/\/www.vkpakmachine.com\/nb\/faq\/\" class=\"more-link\">Les mer<\/a><\/p>","protected":false},"author":1,"featured_media":0,"parent":0,"menu_order":0,"comment_status":"closed","ping_status":"closed","template":"","meta":{"footnotes":""},"yoast_head":"<!-- This site is optimized with the Yoast SEO plugin v22.5 - https:\/\/yoast.com\/wordpress\/plugins\/seo\/ -->\n<title>FAQ - VKPAK<\/title>\n<meta name=\"robots\" content=\"index, follow, max-snippet:-1, max-image-preview:large, max-video-preview:-1\" \/>\n<link rel=\"canonical\" href=\"https:\/\/www.vkpakmachine.com\/nb\/faq\/\" \/>\n<script type=\"application\/ld+json\" class=\"yoast-schema-graph\">{\"@context\":\"https:\/\/schema.org\",\"@graph\":[{\"@type\":\"WebPage\",\"@id\":\"https:\/\/www.vkpakmachine.com\/lv\/faq\/\",\"url\":\"https:\/\/www.vkpakmachine.com\/lv\/faq\/\",\"name\":\"FAQ - VKPAK\",\"isPartOf\":{\"@id\":\"https:\/\/www.vkpakmachine.com\/lv\/#website\"},\"datePublished\":\"2022-12-26T07:08:38+00:00\",\"dateModified\":\"2022-12-26T07:08:38+00:00\",\"breadcrumb\":{\"@id\":\"https:\/\/www.vkpakmachine.com\/lv\/faq\/#breadcrumb\"},\"inLanguage\":\"nb-NO\",\"potentialAction\":[{\"@type\":\"ReadAction\",\"target\":[\"https:\/\/www.vkpakmachine.com\/lv\/faq\/\"]}]},{\"@type\":\"BreadcrumbList\",\"@id\":\"https:\/\/www.vkpakmachine.com\/lv\/faq\/#breadcrumb\",\"itemListElement\":[{\"@type\":\"ListItem\",\"position\":1,\"name\":\"Home\",\"item\":\"https:\/\/www.vkpakmachine.com\/lv\/\"},{\"@type\":\"ListItem\",\"position\":2,\"name\":\"FAQ\"}]},{\"@type\":\"WebSite\",\"@id\":\"https:\/\/www.vkpakmachine.com\/lv\/#website\",\"url\":\"https:\/\/www.vkpakmachine.com\/lv\/\",\"name\":\"VKPAK\",\"description\":\"\",\"publisher\":{\"@id\":\"https:\/\/www.vkpakmachine.com\/lv\/#organization\"},\"potentialAction\":[{\"@type\":\"SearchAction\",\"target\":{\"@type\":\"EntryPoint\",\"urlTemplate\":\"https:\/\/www.vkpakmachine.com\/lv\/?s={search_term_string}\"},\"query-input\":\"required name=search_term_string\"}],\"inLanguage\":\"nb-NO\"},{\"@type\":\"Organization\",\"@id\":\"https:\/\/www.vkpakmachine.com\/lv\/#organization\",\"name\":\"VKPAK\",\"url\":\"https:\/\/www.vkpakmachine.com\/lv\/\",\"logo\":{\"@type\":\"ImageObject\",\"inLanguage\":\"nb-NO\",\"@id\":\"https:\/\/www.vkpakmachine.com\/lv\/#\/schema\/logo\/image\/\",\"url\":\"https:\/\/www.vkpakmachine.com\/wp-content\/uploads\/Logo.png\",\"contentUrl\":\"https:\/\/www.vkpakmachine.com\/wp-content\/uploads\/Logo.png\",\"width\":300,\"height\":57,\"caption\":\"VKPAK\"},\"image\":{\"@id\":\"https:\/\/www.vkpakmachine.com\/lv\/#\/schema\/logo\/image\/\"}}]}<\/script>\n<!-- \/ Yoast SEO plugin. -->","yoast_head_json":{"title":"FAQ - VKPAK","robots":{"index":"index","follow":"follow","max-snippet":"max-snippet:-1","max-image-preview":"max-image-preview:large","max-video-preview":"max-video-preview:-1"},"canonical":"https:\/\/www.vkpakmachine.com\/nb\/faq\/","schema":{"@context":"https:\/\/schema.org","@graph":[{"@type":"WebPage","@id":"https:\/\/www.vkpakmachine.com\/lv\/faq\/","url":"https:\/\/www.vkpakmachine.com\/lv\/faq\/","name":"FAQ - VKPAK","isPartOf":{"@id":"https:\/\/www.vkpakmachine.com\/lv\/#website"},"datePublished":"2022-12-26T07:08:38+00:00","dateModified":"2022-12-26T07:08:38+00:00","breadcrumb":{"@id":"https:\/\/www.vkpakmachine.com\/lv\/faq\/#breadcrumb"},"inLanguage":"nb-NO","potentialAction":[{"@type":"ReadAction","target":["https:\/\/www.vkpakmachine.com\/lv\/faq\/"]}]},{"@type":"BreadcrumbList","@id":"https:\/\/www.vkpakmachine.com\/lv\/faq\/#breadcrumb","itemListElement":[{"@type":"ListItem","position":1,"name":"Home","item":"https:\/\/www.vkpakmachine.com\/lv\/"},{"@type":"ListItem","position":2,"name":"FAQ"}]},{"@type":"WebSite","@id":"https:\/\/www.vkpakmachine.com\/lv\/#website","url":"https:\/\/www.vkpakmachine.com\/lv\/","name":"VKPAK","description":"","publisher":{"@id":"https:\/\/www.vkpakmachine.com\/lv\/#organization"},"potentialAction":[{"@type":"SearchAction","target":{"@type":"EntryPoint","urlTemplate":"https:\/\/www.vkpakmachine.com\/lv\/?s={search_term_string}"},"query-input":"required name=search_term_string"}],"inLanguage":"nb-NO"},{"@type":"Organization","@id":"https:\/\/www.vkpakmachine.com\/lv\/#organization","name":"VKPAK","url":"https:\/\/www.vkpakmachine.com\/lv\/","logo":{"@type":"ImageObject","inLanguage":"nb-NO","@id":"https:\/\/www.vkpakmachine.com\/lv\/#\/schema\/logo\/image\/","url":"https:\/\/www.vkpakmachine.com\/wp-content\/uploads\/Logo.png","contentUrl":"https:\/\/www.vkpakmachine.com\/wp-content\/uploads\/Logo.png","width":300,"height":57,"caption":"VKPAK"},"image":{"@id":"https:\/\/www.vkpakmachine.com\/lv\/#\/schema\/logo\/image\/"}}]}},"_links":{"self":[{"href":"https:\/\/www.vkpakmachine.com\/nb\/wp-json\/wp\/v2\/pages\/2414"}],"collection":[{"href":"https:\/\/www.vkpakmachine.com\/nb\/wp-json\/wp\/v2\/pages"}],"about":[{"href":"https:\/\/www.vkpakmachine.com\/nb\/wp-json\/wp\/v2\/types\/page"}],"author":[{"embeddable":true,"href":"https:\/\/www.vkpakmachine.com\/nb\/wp-json\/wp\/v2\/users\/1"}],"replies":[{"embeddable":true,"href":"https:\/\/www.vkpakmachine.com\/nb\/wp-json\/wp\/v2\/comments?post=2414"}],"version-history":[{"count":0,"href":"https:\/\/www.vkpakmachine.com\/nb\/wp-json\/wp\/v2\/pages\/2414\/revisions"}],"wp:attachment":[{"href":"https:\/\/www.vkpakmachine.com\/nb\/wp-json\/wp\/v2\/media?parent=2414"}],"curies":[{"name":"wp","href":"https:\/\/api.w.org\/{rel}","templated":true}]}}