{"id":2426,"date":"2022-12-26T07:11:57","date_gmt":"2022-12-26T07:11:57","guid":{"rendered":"https:\/\/www.vkpakmachine.com\/?page_id=2426"},"modified":"2022-12-26T07:11:57","modified_gmt":"2022-12-26T07:11:57","slug":"service","status":"publish","type":"page","link":"https:\/\/www.vkpakmachine.com\/lv\/service\/","title":{"rendered":"apkalpo\u0161ana"},"content":{"rendered":"<h3>Apm\u0101c\u012bba:<\/h3>\n<p>M\u0113s pied\u0101v\u0101jam ma\u0161\u012bnu apm\u0101c\u012bbas sist\u0113mu, klients var izv\u0113l\u0113ties apm\u0101c\u012bbu m\u016bsu r\u016bpn\u012bc\u0101 vai klienta darbn\u012bc\u0101. Parast\u0101s apm\u0101c\u012bbas dienas ir 3-5 dienas.<\/p>\n<p>M\u0113s pied\u0101v\u0101jam klientam ekspluat\u0101cijas rokasgr\u0101matu.<\/p>\n<p>M\u0113s pied\u0101v\u0101jam klientam m\u0101c\u012bbu video un ma\u0161\u012bnu darb\u012bbas video.<\/p>\n<p>M\u0113s pied\u0101v\u0101jam t\u0101lvad\u012bbas pults pakalpojumu, ja klients nezina, k\u0101 vad\u012bt un lietot iek\u0101rtu.<\/p>\n<h3>Uzst\u0101d\u012b\u0161ana:<\/h3>\n<p>P\u0113c piepras\u012bjuma m\u0113s nos\u016bt\u012bsim in\u017eenierus, kas veiks apr\u012bkojuma uzst\u0101d\u012b\u0161anu un atk\u013c\u016bdo\u0161anu pirc\u0113ja viet\u0101. Izmaksas par starptautiskaj\u0101m divvirzienu aviobi\u013cet\u0113m, izmitin\u0101\u0161anu, p\u0101rtiku un transportu, medic\u012bnisko apr\u016bpi Pirc\u0113js maks\u0101 par in\u017eenieriem. Pirc\u0113jam piln\u012bb\u0101 j\u0101sadarbojas ar Pieg\u0101d\u0101t\u0101ja in\u017eenieri un j\u0101sagatavo visi uzst\u0101d\u012b\u0161anas nosac\u012bjumi darbam.<\/p>\n<h3>Garantija:<\/h3>\n<p>Ra\u017eot\u0101js garant\u0113, ka preces ir izgatavotas no lab\u0101kajiem ra\u017eot\u0101ja materi\u0101liem. P\u0101rdotajai ma\u0161\u012bnai tiks nodro\u0161in\u0101ta garantija viena gada laik\u0101, garantijas gad\u0101 visas rezerves da\u013cas ir boj\u0101tas pieg\u0101d\u0101t\u0101ja kvalit\u0101tes probl\u0113mas d\u0113\u013c, rezerves da\u013cas klientam tiks pieg\u0101d\u0101tas bez maksas, klientam ir j\u0101maks\u0101 kravas izmaksas, ja pakas svars p\u0101rsniedz 500 gramus.<\/p>\n<h3>P\u0113cp\u0101rdo\u0161anas uzst\u0101d\u012b\u0161anas ma\u0161\u012bnas<\/h3>\n<div class=\"su-custom-gallery su-custom-gallery-title-hover su-lightbox-gallery\"><div class=\"su-custom-gallery-slide\"><a href=\"https:\/\/www.vkpakmachine.com\/wp-content\/uploads\/After-sales-installation-machinery-2.jpg\" title=\"P\u0113cp\u0101rdo\u0161anas uzst\u0101d\u012b\u0161anas tehnika\"><img loading=\"lazy\" decoding=\"async\" src=\"https:\/\/www.vkpakmachine.com\/wp-content\/uploads\/After-sales-installation-machinery-2-380x250.jpg\" alt=\"P\u0113cp\u0101rdo\u0161anas uzst\u0101d\u012b\u0161anas tehnika\" width=\"380\" height=\"250\" \/><span class=\"su-custom-gallery-title\">P\u0113cp\u0101rdo\u0161anas uzst\u0101d\u012b\u0161anas tehnika<\/span><\/a><\/div><div class=\"su-custom-gallery-slide\"><a href=\"https:\/\/www.vkpakmachine.com\/wp-content\/uploads\/After-sales-installation-machinery-3.jpg\" title=\"P\u0113cp\u0101rdo\u0161anas uzst\u0101d\u012b\u0161anas tehnika\"><img loading=\"lazy\" decoding=\"async\" src=\"https:\/\/www.vkpakmachine.com\/wp-content\/uploads\/After-sales-installation-machinery-3-380x250.jpg\" alt=\"P\u0113cp\u0101rdo\u0161anas uzst\u0101d\u012b\u0161anas tehnika\" width=\"380\" height=\"250\" \/><span class=\"su-custom-gallery-title\">P\u0113cp\u0101rdo\u0161anas uzst\u0101d\u012b\u0161anas tehnika<\/span><\/a><\/div><div class=\"su-custom-gallery-slide\"><a href=\"https:\/\/www.vkpakmachine.com\/wp-content\/uploads\/After-sales-installation-machinery.jpg\" title=\"P\u0113cp\u0101rdo\u0161anas uzst\u0101d\u012b\u0161anas tehnika\"><img loading=\"lazy\" decoding=\"async\" src=\"https:\/\/www.vkpakmachine.com\/wp-content\/uploads\/After-sales-installation-machinery-380x250.jpg\" alt=\"P\u0113cp\u0101rdo\u0161anas uzst\u0101d\u012b\u0161anas tehnika\" width=\"380\" height=\"250\" \/><span class=\"su-custom-gallery-title\">P\u0113cp\u0101rdo\u0161anas uzst\u0101d\u012b\u0161anas tehnika<\/span><\/a><\/div><div class=\"su-clear\"><\/div><\/div>","protected":false},"excerpt":{"rendered":"<p>Apm\u0101c\u012bba: M\u0113s pied\u0101v\u0101jam ma\u0161\u012bnu apm\u0101c\u012bbas sist\u0113mu, klients var izv\u0113l\u0113ties apm\u0101c\u012bbu m\u016bsu r\u016bpn\u012bc\u0101 vai klienta darbn\u012bc\u0101. Parast\u0101s apm\u0101c\u012bbas dienas ir 3-5 dienas. M\u0113s pied\u0101v\u0101jam klientam ekspluat\u0101cijas rokasgr\u0101matu. M\u0113s pied\u0101v\u0101jam m\u0101c\u012bbu video un ma\u0161\u012bnu ekspluat\u0101cijas video, lai\u2026&nbsp;<a href=\"https:\/\/www.vkpakmachine.com\/lv\/service\/\" class=\"more-link\">Las\u012bt vair\u0101k<\/a><\/p>","protected":false},"author":1,"featured_media":0,"parent":0,"menu_order":0,"comment_status":"closed","ping_status":"closed","template":"","meta":{"footnotes":""},"yoast_head":"<!-- This site is optimized with the Yoast SEO plugin v22.5 - https:\/\/yoast.com\/wordpress\/plugins\/seo\/ -->\n<title>Service - VKPAK<\/title>\n<meta name=\"robots\" content=\"index, follow, max-snippet:-1, max-image-preview:large, max-video-preview:-1\" \/>\n<link rel=\"canonical\" href=\"https:\/\/www.vkpakmachine.com\/lv\/service\/\" \/>\n<script type=\"application\/ld+json\" class=\"yoast-schema-graph\">{\"@context\":\"https:\/\/schema.org\",\"@graph\":[{\"@type\":\"WebPage\",\"@id\":\"https:\/\/www.vkpakmachine.com\/lt\/service\/\",\"url\":\"https:\/\/www.vkpakmachine.com\/lt\/service\/\",\"name\":\"Service - VKPAK\",\"isPartOf\":{\"@id\":\"https:\/\/www.vkpakmachine.com\/lv\/#website\"},\"datePublished\":\"2022-12-26T07:11:57+00:00\",\"dateModified\":\"2022-12-26T07:11:57+00:00\",\"breadcrumb\":{\"@id\":\"https:\/\/www.vkpakmachine.com\/lt\/service\/#breadcrumb\"},\"inLanguage\":\"lv\",\"potentialAction\":[{\"@type\":\"ReadAction\",\"target\":[\"https:\/\/www.vkpakmachine.com\/lt\/service\/\"]}]},{\"@type\":\"BreadcrumbList\",\"@id\":\"https:\/\/www.vkpakmachine.com\/lt\/service\/#breadcrumb\",\"itemListElement\":[{\"@type\":\"ListItem\",\"position\":1,\"name\":\"Home\",\"item\":\"https:\/\/www.vkpakmachine.com\/lv\/\"},{\"@type\":\"ListItem\",\"position\":2,\"name\":\"Service\"}]},{\"@type\":\"WebSite\",\"@id\":\"https:\/\/www.vkpakmachine.com\/lv\/#website\",\"url\":\"https:\/\/www.vkpakmachine.com\/lv\/\",\"name\":\"VKPAK\",\"description\":\"\",\"publisher\":{\"@id\":\"https:\/\/www.vkpakmachine.com\/lv\/#organization\"},\"potentialAction\":[{\"@type\":\"SearchAction\",\"target\":{\"@type\":\"EntryPoint\",\"urlTemplate\":\"https:\/\/www.vkpakmachine.com\/lv\/?s={search_term_string}\"},\"query-input\":\"required name=search_term_string\"}],\"inLanguage\":\"lv\"},{\"@type\":\"Organization\",\"@id\":\"https:\/\/www.vkpakmachine.com\/lv\/#organization\",\"name\":\"VKPAK\",\"url\":\"https:\/\/www.vkpakmachine.com\/lv\/\",\"logo\":{\"@type\":\"ImageObject\",\"inLanguage\":\"lv\",\"@id\":\"https:\/\/www.vkpakmachine.com\/lv\/#\/schema\/logo\/image\/\",\"url\":\"https:\/\/www.vkpakmachine.com\/wp-content\/uploads\/Logo.png\",\"contentUrl\":\"https:\/\/www.vkpakmachine.com\/wp-content\/uploads\/Logo.png\",\"width\":300,\"height\":57,\"caption\":\"VKPAK\"},\"image\":{\"@id\":\"https:\/\/www.vkpakmachine.com\/lv\/#\/schema\/logo\/image\/\"}}]}<\/script>\n<!-- \/ Yoast SEO plugin. -->","yoast_head_json":{"title":"Service - VKPAK","robots":{"index":"index","follow":"follow","max-snippet":"max-snippet:-1","max-image-preview":"max-image-preview:large","max-video-preview":"max-video-preview:-1"},"canonical":"https:\/\/www.vkpakmachine.com\/lv\/service\/","schema":{"@context":"https:\/\/schema.org","@graph":[{"@type":"WebPage","@id":"https:\/\/www.vkpakmachine.com\/lt\/service\/","url":"https:\/\/www.vkpakmachine.com\/lt\/service\/","name":"Service - VKPAK","isPartOf":{"@id":"https:\/\/www.vkpakmachine.com\/lv\/#website"},"datePublished":"2022-12-26T07:11:57+00:00","dateModified":"2022-12-26T07:11:57+00:00","breadcrumb":{"@id":"https:\/\/www.vkpakmachine.com\/lt\/service\/#breadcrumb"},"inLanguage":"lv","potentialAction":[{"@type":"ReadAction","target":["https:\/\/www.vkpakmachine.com\/lt\/service\/"]}]},{"@type":"BreadcrumbList","@id":"https:\/\/www.vkpakmachine.com\/lt\/service\/#breadcrumb","itemListElement":[{"@type":"ListItem","position":1,"name":"Home","item":"https:\/\/www.vkpakmachine.com\/lv\/"},{"@type":"ListItem","position":2,"name":"Service"}]},{"@type":"WebSite","@id":"https:\/\/www.vkpakmachine.com\/lv\/#website","url":"https:\/\/www.vkpakmachine.com\/lv\/","name":"VKPAK","description":"","publisher":{"@id":"https:\/\/www.vkpakmachine.com\/lv\/#organization"},"potentialAction":[{"@type":"SearchAction","target":{"@type":"EntryPoint","urlTemplate":"https:\/\/www.vkpakmachine.com\/lv\/?s={search_term_string}"},"query-input":"required name=search_term_string"}],"inLanguage":"lv"},{"@type":"Organization","@id":"https:\/\/www.vkpakmachine.com\/lv\/#organization","name":"VKPAK","url":"https:\/\/www.vkpakmachine.com\/lv\/","logo":{"@type":"ImageObject","inLanguage":"lv","@id":"https:\/\/www.vkpakmachine.com\/lv\/#\/schema\/logo\/image\/","url":"https:\/\/www.vkpakmachine.com\/wp-content\/uploads\/Logo.png","contentUrl":"https:\/\/www.vkpakmachine.com\/wp-content\/uploads\/Logo.png","width":300,"height":57,"caption":"VKPAK"},"image":{"@id":"https:\/\/www.vkpakmachine.com\/lv\/#\/schema\/logo\/image\/"}}]}},"_links":{"self":[{"href":"https:\/\/www.vkpakmachine.com\/lv\/wp-json\/wp\/v2\/pages\/2426"}],"collection":[{"href":"https:\/\/www.vkpakmachine.com\/lv\/wp-json\/wp\/v2\/pages"}],"about":[{"href":"https:\/\/www.vkpakmachine.com\/lv\/wp-json\/wp\/v2\/types\/page"}],"author":[{"embeddable":true,"href":"https:\/\/www.vkpakmachine.com\/lv\/wp-json\/wp\/v2\/users\/1"}],"replies":[{"embeddable":true,"href":"https:\/\/www.vkpakmachine.com\/lv\/wp-json\/wp\/v2\/comments?post=2426"}],"version-history":[{"count":0,"href":"https:\/\/www.vkpakmachine.com\/lv\/wp-json\/wp\/v2\/pages\/2426\/revisions"}],"wp:attachment":[{"href":"https:\/\/www.vkpakmachine.com\/lv\/wp-json\/wp\/v2\/media?parent=2426"}],"curies":[{"name":"wp","href":"https:\/\/api.w.org\/{rel}","templated":true}]}}