{"id":2424,"date":"2022-12-26T07:10:39","date_gmt":"2022-12-26T07:10:39","guid":{"rendered":"https:\/\/www.vkpakmachine.com\/?page_id=2424"},"modified":"2022-12-26T07:10:39","modified_gmt":"2022-12-26T07:10:39","slug":"quality-control","status":"publish","type":"page","link":"https:\/\/www.vkpakmachine.com\/lv\/quality-control\/","title":{"rendered":"Kvalit\u0101tes kontrole"},"content":{"rendered":"<h2><strong>Kvalit\u0101tes nodro\u0161in\u0101\u0161ana<\/strong><\/h2>\n<hr \/>\n<p>1, M\u016bsu uz\u0146\u0113muma pieg\u0101d\u0101t\u0101 apr\u012bkojuma garantija ir jauna, neizmantota, izmantojot jaun\u0101ko dizainu un piem\u0113rotu materi\u0101lu, kas visos aspektos atbilst l\u012bgum\u0101 noteiktaj\u0101m kvalit\u0101tes specifik\u0101cij\u0101m un veiktsp\u0113jai.<\/p>\n<p>2, uz\u0146\u0113muma garantija, ko nodro\u0161ina apr\u012bkojums p\u0113c t\u0101 pareizas vad\u012b\u0161anas vis\u0101 sist\u0113m\u0101, darbojas 3 dienas p\u0113c uzst\u0101d\u012b\u0161anas un atk\u013c\u016bdo\u0161anas, lai sasniegtu produkta tehniskos r\u0101d\u012bt\u0101jus.<\/p>\n<p>3, M\u016bsu uz\u0146\u0113muma garantija l\u012bgum\u0101 noteiktaj\u0101 kvalit\u0101tes garantijas period\u0101, projekt\u0113\u0161anas procesa pieg\u0101des iek\u0101rtu ra\u017eo\u0161anas instal\u0101cijas atk\u013c\u016bdo\u0161ana vai materi\u0101lu defekti un viss, ko izraisa p\u0101rdev\u0113ja atbild\u012bba, ir atbild\u012bgs par ra\u017eo\u0161anas l\u012bnijas defektiem un boj\u0101jumiem.<\/p>\n<p>4, viss ma\u0161\u012bnas kvalit\u0101tes garantijas periods ra\u017eo\u0161anas l\u012bnijai 12 m\u0113ne\u0161us p\u0113c pie\u0146em\u0161anas. Ja tiek konstat\u0113ta kvalit\u0101tes garantijas laik\u0101 preces kvalit\u0101te vai specifik\u0101cija un neatbilst l\u012bguma noteikumiem, vai pier\u0101da, ka precei ir defekti (t.sk. iesp\u0113jamie defekti vai nestandarta materi\u0101lu izmanto\u0161ana utt.), pirc\u0113jam ir ties\u012bbas saska\u0146\u0101 ar pre\u010du juridisk\u0101s noda\u013cas izsniegtu p\u0101rbaudes sertifik\u0101tu kvalit\u0101tes garantijas termi\u0146a ietvaros, tiek izvirz\u012bta p\u0101rdev\u0113ja attieksmes sh\u0113ma.<\/p>\n<p>5, uz\u0146\u0113mumam produkta kvalit\u0101ti par pieg\u0101d\u0101to iek\u0101rtu meh\u0101niskaj\u0101m \u012bpa\u0161\u012bb\u0101m un produkta pat\u0113ri\u0146a indeksa garantiju.<\/p>\n<h2><strong>Garantija<\/strong><\/h2>\n<hr \/>\n<p>1, p\u0113c apr\u012bkojuma pie\u0146em\u0161anas nodro\u0161iniet 12 m\u0113ne\u0161u garantiju, garantijas periodu, kas tiek nodro\u0161in\u0101ts bez maksas deta\u013cu un komponentu defektiem, ko izrais\u012bjis p\u0101rdev\u0113js, un savlaic\u012bgu un efekt\u012bvu servisu.<\/p>\n<p>2, p\u0113c garantijas m\u016b\u017ea garum\u0101 nodro\u0161ina pla\u0161i labv\u0113l\u012bgu tehnisko atbalstu p\u0113cp\u0101rdo\u0161anas servisu.<br \/>\nP\u0113cp\u0101rdo\u0161anas serviss: m\u016bsu uz\u0146\u0113muma p\u0113cp\u0101rdo\u0161anas servisa noda\u013cai ir \u012bpa\u0161s p\u0113cp\u0101rdo\u0161anas servisa pal\u012bdz\u012bbas t\u0101lrunis, m\u016bsu darbinieki ir atbild\u012bgi par t\u0101lru\u0146a lietot\u0101ja uz\u0146em\u0161anu, nodro\u0161ina, ka lietot\u0101js pirmaj\u0101 jaut\u0101jum\u0101 sniedz entuziasma nopietnu atbildi p\u0113c apr\u012bkojuma. iek\u0101rtas pie\u0146em\u0161ana, m\u0113s nodro\u0161in\u0101m 12\u00a0m\u0113ne\u0161u garantijas apkalpo\u0161anas procesu, m\u0113s vismaz vienu reizi nodro\u0161in\u0101sim profesion\u0101lu un tehnisko person\u0101lu regul\u0101ru p\u0101rbaudi un nodro\u0161in\u0101sim detaliz\u0113tu p\u0101rbaudes zi\u0146ojumu, lai lietot\u0101ju atsauces lietot\u0101ji izvirz\u012bja skaidras pras\u012bbas p\u0113c apkopes, m\u016bsu uz\u0146\u0113mums sola. : lietot\u0101ja aina p\u0113c iesp\u0113jas \u012bs\u0101k\u0101 laik\u0101 tiek nos\u016bt\u012bta remonta dienestam.<\/p>","protected":false},"excerpt":{"rendered":"<p>Kvalit\u0101tes nodro\u0161in\u0101\u0161ana 1, Garantija m\u016bsu uz\u0146\u0113muma pieg\u0101d\u0101tajai iek\u0101rtai ir jauna, neizmantota, izmantojot jaun\u0101ko dizainu un piem\u0113rotu materi\u0101lu, kas visos aspektos atbilst l\u012bgum\u0101 noteiktaj\u0101m kvalit\u0101tes specifik\u0101cij\u0101m un veiktsp\u0113jai. 2, uz\u0146\u0113mums\u2026&nbsp;<a href=\"https:\/\/www.vkpakmachine.com\/lv\/quality-control\/\" class=\"more-link\">Las\u012bt vair\u0101k<\/a><\/p>","protected":false},"author":1,"featured_media":0,"parent":0,"menu_order":0,"comment_status":"closed","ping_status":"closed","template":"","meta":{"footnotes":""},"yoast_head":"<!-- This site is optimized with the Yoast SEO plugin v22.5 - https:\/\/yoast.com\/wordpress\/plugins\/seo\/ -->\n<title>Quality Control - VKPAK<\/title>\n<meta name=\"robots\" content=\"index, follow, max-snippet:-1, max-image-preview:large, max-video-preview:-1\" \/>\n<link rel=\"canonical\" href=\"https:\/\/www.vkpakmachine.com\/lv\/quality-control\/\" \/>\n<script type=\"application\/ld+json\" class=\"yoast-schema-graph\">{\"@context\":\"https:\/\/schema.org\",\"@graph\":[{\"@type\":\"WebPage\",\"@id\":\"https:\/\/www.vkpakmachine.com\/lt\/quality-control\/\",\"url\":\"https:\/\/www.vkpakmachine.com\/lt\/quality-control\/\",\"name\":\"Quality Control - VKPAK\",\"isPartOf\":{\"@id\":\"https:\/\/www.vkpakmachine.com\/lv\/#website\"},\"datePublished\":\"2022-12-26T07:10:39+00:00\",\"dateModified\":\"2022-12-26T07:10:39+00:00\",\"breadcrumb\":{\"@id\":\"https:\/\/www.vkpakmachine.com\/lt\/quality-control\/#breadcrumb\"},\"inLanguage\":\"lv\",\"potentialAction\":[{\"@type\":\"ReadAction\",\"target\":[\"https:\/\/www.vkpakmachine.com\/lt\/quality-control\/\"]}]},{\"@type\":\"BreadcrumbList\",\"@id\":\"https:\/\/www.vkpakmachine.com\/lt\/quality-control\/#breadcrumb\",\"itemListElement\":[{\"@type\":\"ListItem\",\"position\":1,\"name\":\"Home\",\"item\":\"https:\/\/www.vkpakmachine.com\/lv\/\"},{\"@type\":\"ListItem\",\"position\":2,\"name\":\"Quality Control\"}]},{\"@type\":\"WebSite\",\"@id\":\"https:\/\/www.vkpakmachine.com\/lv\/#website\",\"url\":\"https:\/\/www.vkpakmachine.com\/lv\/\",\"name\":\"VKPAK\",\"description\":\"\",\"publisher\":{\"@id\":\"https:\/\/www.vkpakmachine.com\/lv\/#organization\"},\"potentialAction\":[{\"@type\":\"SearchAction\",\"target\":{\"@type\":\"EntryPoint\",\"urlTemplate\":\"https:\/\/www.vkpakmachine.com\/lv\/?s={search_term_string}\"},\"query-input\":\"required name=search_term_string\"}],\"inLanguage\":\"lv\"},{\"@type\":\"Organization\",\"@id\":\"https:\/\/www.vkpakmachine.com\/lv\/#organization\",\"name\":\"VKPAK\",\"url\":\"https:\/\/www.vkpakmachine.com\/lv\/\",\"logo\":{\"@type\":\"ImageObject\",\"inLanguage\":\"lv\",\"@id\":\"https:\/\/www.vkpakmachine.com\/lv\/#\/schema\/logo\/image\/\",\"url\":\"https:\/\/www.vkpakmachine.com\/wp-content\/uploads\/Logo.png\",\"contentUrl\":\"https:\/\/www.vkpakmachine.com\/wp-content\/uploads\/Logo.png\",\"width\":300,\"height\":57,\"caption\":\"VKPAK\"},\"image\":{\"@id\":\"https:\/\/www.vkpakmachine.com\/lv\/#\/schema\/logo\/image\/\"}}]}<\/script>\n<!-- \/ Yoast SEO plugin. -->","yoast_head_json":{"title":"Quality Control - VKPAK","robots":{"index":"index","follow":"follow","max-snippet":"max-snippet:-1","max-image-preview":"max-image-preview:large","max-video-preview":"max-video-preview:-1"},"canonical":"https:\/\/www.vkpakmachine.com\/lv\/quality-control\/","schema":{"@context":"https:\/\/schema.org","@graph":[{"@type":"WebPage","@id":"https:\/\/www.vkpakmachine.com\/lt\/quality-control\/","url":"https:\/\/www.vkpakmachine.com\/lt\/quality-control\/","name":"Quality Control - VKPAK","isPartOf":{"@id":"https:\/\/www.vkpakmachine.com\/lv\/#website"},"datePublished":"2022-12-26T07:10:39+00:00","dateModified":"2022-12-26T07:10:39+00:00","breadcrumb":{"@id":"https:\/\/www.vkpakmachine.com\/lt\/quality-control\/#breadcrumb"},"inLanguage":"lv","potentialAction":[{"@type":"ReadAction","target":["https:\/\/www.vkpakmachine.com\/lt\/quality-control\/"]}]},{"@type":"BreadcrumbList","@id":"https:\/\/www.vkpakmachine.com\/lt\/quality-control\/#breadcrumb","itemListElement":[{"@type":"ListItem","position":1,"name":"Home","item":"https:\/\/www.vkpakmachine.com\/lv\/"},{"@type":"ListItem","position":2,"name":"Quality Control"}]},{"@type":"WebSite","@id":"https:\/\/www.vkpakmachine.com\/lv\/#website","url":"https:\/\/www.vkpakmachine.com\/lv\/","name":"VKPAK","description":"","publisher":{"@id":"https:\/\/www.vkpakmachine.com\/lv\/#organization"},"potentialAction":[{"@type":"SearchAction","target":{"@type":"EntryPoint","urlTemplate":"https:\/\/www.vkpakmachine.com\/lv\/?s={search_term_string}"},"query-input":"required name=search_term_string"}],"inLanguage":"lv"},{"@type":"Organization","@id":"https:\/\/www.vkpakmachine.com\/lv\/#organization","name":"VKPAK","url":"https:\/\/www.vkpakmachine.com\/lv\/","logo":{"@type":"ImageObject","inLanguage":"lv","@id":"https:\/\/www.vkpakmachine.com\/lv\/#\/schema\/logo\/image\/","url":"https:\/\/www.vkpakmachine.com\/wp-content\/uploads\/Logo.png","contentUrl":"https:\/\/www.vkpakmachine.com\/wp-content\/uploads\/Logo.png","width":300,"height":57,"caption":"VKPAK"},"image":{"@id":"https:\/\/www.vkpakmachine.com\/lv\/#\/schema\/logo\/image\/"}}]}},"_links":{"self":[{"href":"https:\/\/www.vkpakmachine.com\/lv\/wp-json\/wp\/v2\/pages\/2424"}],"collection":[{"href":"https:\/\/www.vkpakmachine.com\/lv\/wp-json\/wp\/v2\/pages"}],"about":[{"href":"https:\/\/www.vkpakmachine.com\/lv\/wp-json\/wp\/v2\/types\/page"}],"author":[{"embeddable":true,"href":"https:\/\/www.vkpakmachine.com\/lv\/wp-json\/wp\/v2\/users\/1"}],"replies":[{"embeddable":true,"href":"https:\/\/www.vkpakmachine.com\/lv\/wp-json\/wp\/v2\/comments?post=2424"}],"version-history":[{"count":0,"href":"https:\/\/www.vkpakmachine.com\/lv\/wp-json\/wp\/v2\/pages\/2424\/revisions"}],"wp:attachment":[{"href":"https:\/\/www.vkpakmachine.com\/lv\/wp-json\/wp\/v2\/media?parent=2424"}],"curies":[{"name":"wp","href":"https:\/\/api.w.org\/{rel}","templated":true}]}}