{"id":2416,"date":"2022-12-26T07:10:01","date_gmt":"2022-12-26T07:10:01","guid":{"rendered":"https:\/\/www.vkpakmachine.com\/?page_id=2416"},"modified":"2022-12-26T07:10:01","modified_gmt":"2022-12-26T07:10:01","slug":"our-team","status":"publish","type":"page","link":"https:\/\/www.vkpakmachine.com\/lv\/our-team\/","title":{"rendered":"M\u016bsu komanda"},"content":{"rendered":"<p>M\u016bsu komanda ir viena cilv\u0113ka komanda, augstas veiktsp\u0113jas komanda un neuzvarama komanda. Ikvienam ir laba komandas apzi\u0146a, labas komunik\u0101cijas un koordin\u0101cijas sp\u0113jas; Smags, skrupulozs un paciet\u012bgs darbs var at\u013cauties darba spiedienu, kas \u013coti labi p\u0101rzina biznesa procesu un prot lab\u0101k apkalpot klientus, ir sp\u0113c\u012bgas praktiskas \u0101r\u0113j\u0101s tirdzniec\u012bbas sp\u0113jas, str\u0101d\u012bgs un velt\u012bts savai karjerai, neliels progress katru dienu. Vi\u0146i ir kaisl\u012bgi, ener\u0123iski, izpal\u012bdz\u012bgi, pieredz\u0113ju\u0161i, viesm\u012bl\u012bgi, jautri, ir labs draugs, kuram esi peln\u012bjis uztic\u0113ties, ja reiz ar mums dari dar\u012bjumus, nav nek\u0101, par ko nevar\u0113tu b\u016bt dro\u0161s. M\u016bsu uz\u0146\u0113muma komandas locek\u013ci darbojas tirgus att\u012bst\u012bbas (p\u0101rdo\u0161anas), tehnolo\u0123iju, ekspluat\u0101cijas, dizaina, p\u0113tniec\u012bbas un att\u012bst\u012bbas pieg\u0101des, p\u0113cp\u0101rdo\u0161anas pakalpojumu komand\u0101 utt.<br \/>\n<div class=\"su-custom-gallery su-custom-gallery-title-hover su-lightbox-gallery\"><div class=\"su-custom-gallery-slide\"><a href=\"https:\/\/www.vkpakmachine.com\/wp-content\/uploads\/team01.jpg\" title=\"M\u016bsu komanda\"><img loading=\"lazy\" decoding=\"async\" src=\"https:\/\/www.vkpakmachine.com\/wp-content\/uploads\/team01-380x250.jpg\" alt=\"M\u016bsu komanda\" width=\"380\" height=\"250\" \/><span class=\"su-custom-gallery-title\">M\u016bsu komanda<\/span><\/a><\/div><div class=\"su-custom-gallery-slide\"><a href=\"https:\/\/www.vkpakmachine.com\/wp-content\/uploads\/team02.jpg\" title=\"M\u016bsu komanda\"><img loading=\"lazy\" decoding=\"async\" src=\"https:\/\/www.vkpakmachine.com\/wp-content\/uploads\/team02-380x250.jpg\" alt=\"M\u016bsu komanda\" width=\"380\" height=\"250\" \/><span class=\"su-custom-gallery-title\">M\u016bsu komanda<\/span><\/a><\/div><div class=\"su-custom-gallery-slide\"><a href=\"https:\/\/www.vkpakmachine.com\/wp-content\/uploads\/team03.jpg\" title=\"M\u016bsu komanda\"><img loading=\"lazy\" decoding=\"async\" src=\"https:\/\/www.vkpakmachine.com\/wp-content\/uploads\/team03-380x250.jpg\" alt=\"M\u016bsu komanda\" width=\"380\" height=\"250\" \/><span class=\"su-custom-gallery-title\">M\u016bsu komanda<\/span><\/a><\/div><div class=\"su-custom-gallery-slide\"><a href=\"https:\/\/www.vkpakmachine.com\/wp-content\/uploads\/team04.jpg\" title=\"M\u016bsu komanda\"><img loading=\"lazy\" decoding=\"async\" src=\"https:\/\/www.vkpakmachine.com\/wp-content\/uploads\/team04-380x250.jpg\" alt=\"M\u016bsu komanda\" width=\"380\" height=\"250\" \/><span class=\"su-custom-gallery-title\">M\u016bsu komanda<\/span><\/a><\/div><div class=\"su-custom-gallery-slide\"><a href=\"https:\/\/www.vkpakmachine.com\/wp-content\/uploads\/team05.jpg\" title=\"M\u016bsu komanda\"><img loading=\"lazy\" decoding=\"async\" src=\"https:\/\/www.vkpakmachine.com\/wp-content\/uploads\/team05-380x250.jpg\" alt=\"M\u016bsu komanda\" width=\"380\" height=\"250\" \/><span class=\"su-custom-gallery-title\">M\u016bsu komanda<\/span><\/a><\/div><div class=\"su-custom-gallery-slide\"><a href=\"https:\/\/www.vkpakmachine.com\/wp-content\/uploads\/team06.jpg\" title=\"M\u016bsu komanda\"><img loading=\"lazy\" decoding=\"async\" src=\"https:\/\/www.vkpakmachine.com\/wp-content\/uploads\/team06-380x250.jpg\" alt=\"M\u016bsu komanda\" width=\"380\" height=\"250\" \/><span class=\"su-custom-gallery-title\">M\u016bsu komanda<\/span><\/a><\/div><div class=\"su-clear\"><\/div><\/div>","protected":false},"excerpt":{"rendered":"<p>M\u016bsu komanda ir viena cilv\u0113ka komanda, augstas veiktsp\u0113jas komanda un neuzvarama komanda. Ikvienam ir laba komandas apzi\u0146a, labas komunik\u0101cijas un koordin\u0101cijas sp\u0113jas; Str\u0101d\u0101jiet smagi, r\u016bp\u012bgi un paciet\u012bbu, kas var at\u013cauties darba spiedienu, kas ir \u013coti paz\u012bstams ar\u2026&nbsp;<a href=\"https:\/\/www.vkpakmachine.com\/lv\/our-team\/\" class=\"more-link\">Las\u012bt vair\u0101k<\/a><\/p>","protected":false},"author":1,"featured_media":0,"parent":0,"menu_order":0,"comment_status":"closed","ping_status":"closed","template":"","meta":{"footnotes":""},"yoast_head":"<!-- This site is optimized with the Yoast SEO plugin v22.5 - https:\/\/yoast.com\/wordpress\/plugins\/seo\/ -->\n<title>Our Team - VKPAK<\/title>\n<meta name=\"robots\" content=\"index, follow, max-snippet:-1, max-image-preview:large, max-video-preview:-1\" \/>\n<link rel=\"canonical\" href=\"https:\/\/www.vkpakmachine.com\/lv\/our-team\/\" \/>\n<script type=\"application\/ld+json\" class=\"yoast-schema-graph\">{\"@context\":\"https:\/\/schema.org\",\"@graph\":[{\"@type\":\"WebPage\",\"@id\":\"https:\/\/www.vkpakmachine.com\/lt\/our-team\/\",\"url\":\"https:\/\/www.vkpakmachine.com\/lt\/our-team\/\",\"name\":\"Our Team - VKPAK\",\"isPartOf\":{\"@id\":\"https:\/\/www.vkpakmachine.com\/lv\/#website\"},\"datePublished\":\"2022-12-26T07:10:01+00:00\",\"dateModified\":\"2022-12-26T07:10:01+00:00\",\"breadcrumb\":{\"@id\":\"https:\/\/www.vkpakmachine.com\/lt\/our-team\/#breadcrumb\"},\"inLanguage\":\"lv\",\"potentialAction\":[{\"@type\":\"ReadAction\",\"target\":[\"https:\/\/www.vkpakmachine.com\/lt\/our-team\/\"]}]},{\"@type\":\"BreadcrumbList\",\"@id\":\"https:\/\/www.vkpakmachine.com\/lt\/our-team\/#breadcrumb\",\"itemListElement\":[{\"@type\":\"ListItem\",\"position\":1,\"name\":\"Home\",\"item\":\"https:\/\/www.vkpakmachine.com\/lv\/\"},{\"@type\":\"ListItem\",\"position\":2,\"name\":\"Our Team\"}]},{\"@type\":\"WebSite\",\"@id\":\"https:\/\/www.vkpakmachine.com\/lv\/#website\",\"url\":\"https:\/\/www.vkpakmachine.com\/lv\/\",\"name\":\"VKPAK\",\"description\":\"\",\"publisher\":{\"@id\":\"https:\/\/www.vkpakmachine.com\/lv\/#organization\"},\"potentialAction\":[{\"@type\":\"SearchAction\",\"target\":{\"@type\":\"EntryPoint\",\"urlTemplate\":\"https:\/\/www.vkpakmachine.com\/lv\/?s={search_term_string}\"},\"query-input\":\"required name=search_term_string\"}],\"inLanguage\":\"lv\"},{\"@type\":\"Organization\",\"@id\":\"https:\/\/www.vkpakmachine.com\/lv\/#organization\",\"name\":\"VKPAK\",\"url\":\"https:\/\/www.vkpakmachine.com\/lv\/\",\"logo\":{\"@type\":\"ImageObject\",\"inLanguage\":\"lv\",\"@id\":\"https:\/\/www.vkpakmachine.com\/lv\/#\/schema\/logo\/image\/\",\"url\":\"https:\/\/www.vkpakmachine.com\/wp-content\/uploads\/Logo.png\",\"contentUrl\":\"https:\/\/www.vkpakmachine.com\/wp-content\/uploads\/Logo.png\",\"width\":300,\"height\":57,\"caption\":\"VKPAK\"},\"image\":{\"@id\":\"https:\/\/www.vkpakmachine.com\/lv\/#\/schema\/logo\/image\/\"}}]}<\/script>\n<!-- \/ Yoast SEO plugin. -->","yoast_head_json":{"title":"Our Team - VKPAK","robots":{"index":"index","follow":"follow","max-snippet":"max-snippet:-1","max-image-preview":"max-image-preview:large","max-video-preview":"max-video-preview:-1"},"canonical":"https:\/\/www.vkpakmachine.com\/lv\/our-team\/","schema":{"@context":"https:\/\/schema.org","@graph":[{"@type":"WebPage","@id":"https:\/\/www.vkpakmachine.com\/lt\/our-team\/","url":"https:\/\/www.vkpakmachine.com\/lt\/our-team\/","name":"Our Team - VKPAK","isPartOf":{"@id":"https:\/\/www.vkpakmachine.com\/lv\/#website"},"datePublished":"2022-12-26T07:10:01+00:00","dateModified":"2022-12-26T07:10:01+00:00","breadcrumb":{"@id":"https:\/\/www.vkpakmachine.com\/lt\/our-team\/#breadcrumb"},"inLanguage":"lv","potentialAction":[{"@type":"ReadAction","target":["https:\/\/www.vkpakmachine.com\/lt\/our-team\/"]}]},{"@type":"BreadcrumbList","@id":"https:\/\/www.vkpakmachine.com\/lt\/our-team\/#breadcrumb","itemListElement":[{"@type":"ListItem","position":1,"name":"Home","item":"https:\/\/www.vkpakmachine.com\/lv\/"},{"@type":"ListItem","position":2,"name":"Our Team"}]},{"@type":"WebSite","@id":"https:\/\/www.vkpakmachine.com\/lv\/#website","url":"https:\/\/www.vkpakmachine.com\/lv\/","name":"VKPAK","description":"","publisher":{"@id":"https:\/\/www.vkpakmachine.com\/lv\/#organization"},"potentialAction":[{"@type":"SearchAction","target":{"@type":"EntryPoint","urlTemplate":"https:\/\/www.vkpakmachine.com\/lv\/?s={search_term_string}"},"query-input":"required name=search_term_string"}],"inLanguage":"lv"},{"@type":"Organization","@id":"https:\/\/www.vkpakmachine.com\/lv\/#organization","name":"VKPAK","url":"https:\/\/www.vkpakmachine.com\/lv\/","logo":{"@type":"ImageObject","inLanguage":"lv","@id":"https:\/\/www.vkpakmachine.com\/lv\/#\/schema\/logo\/image\/","url":"https:\/\/www.vkpakmachine.com\/wp-content\/uploads\/Logo.png","contentUrl":"https:\/\/www.vkpakmachine.com\/wp-content\/uploads\/Logo.png","width":300,"height":57,"caption":"VKPAK"},"image":{"@id":"https:\/\/www.vkpakmachine.com\/lv\/#\/schema\/logo\/image\/"}}]}},"_links":{"self":[{"href":"https:\/\/www.vkpakmachine.com\/lv\/wp-json\/wp\/v2\/pages\/2416"}],"collection":[{"href":"https:\/\/www.vkpakmachine.com\/lv\/wp-json\/wp\/v2\/pages"}],"about":[{"href":"https:\/\/www.vkpakmachine.com\/lv\/wp-json\/wp\/v2\/types\/page"}],"author":[{"embeddable":true,"href":"https:\/\/www.vkpakmachine.com\/lv\/wp-json\/wp\/v2\/users\/1"}],"replies":[{"embeddable":true,"href":"https:\/\/www.vkpakmachine.com\/lv\/wp-json\/wp\/v2\/comments?post=2416"}],"version-history":[{"count":0,"href":"https:\/\/www.vkpakmachine.com\/lv\/wp-json\/wp\/v2\/pages\/2416\/revisions"}],"wp:attachment":[{"href":"https:\/\/www.vkpakmachine.com\/lv\/wp-json\/wp\/v2\/media?parent=2416"}],"curies":[{"name":"wp","href":"https:\/\/api.w.org\/{rel}","templated":true}]}}