{"id":2414,"date":"2022-12-26T07:08:38","date_gmt":"2022-12-26T07:08:38","guid":{"rendered":"https:\/\/www.vkpakmachine.com\/?page_id=2414"},"modified":"2022-12-26T07:08:38","modified_gmt":"2022-12-26T07:08:38","slug":"faq","status":"publish","type":"page","link":"https:\/\/www.vkpakmachine.com\/lv\/faq\/","title":{"rendered":"FAQ"},"content":{"rendered":"<p><strong>J: Vai j\u016bs esat r\u016bpn\u012bca vai tirdzniec\u012bbas uz\u0146\u0113mums?<\/strong><br \/>\nA: Kop\u0161 2003.\u00a0gada m\u0113s r\u016bpn\u012bc\u0101 koncentr\u0113jamies uz da\u017e\u0101da veida iepild\u012b\u0161anas ma\u0161\u012bnu, aizdares ma\u0161\u012bnu un mar\u0137\u0113\u0161anas iek\u0101rtu projekt\u0113\u0161anu, ra\u017eo\u0161anu, mont\u0101\u017eu, uzst\u0101d\u012b\u0161anu un atk\u013c\u016bdo\u0161anu.<\/p>\n<p><strong>J: Vai varat nos\u016bt\u012bt video, kur\u0101 par\u0101d\u012bts, k\u0101 darbojas j\u016bsu ma\u0161\u012bna?<\/strong><br \/>\nA: Protams, m\u0113s esam izveidoju\u0161i visu m\u016bsu ma\u0161\u012bnas video.<\/p>\n<p><strong>J: Vai j\u016bs veicat p\u0101rbaudi pirms nos\u016bt\u012b\u0161anas?<\/strong><br \/>\nA: M\u0113s vienm\u0113r piln\u012bb\u0101 p\u0101rbaud\u0101m ma\u0161\u012bnu un pirms nos\u016bt\u012b\u0161anas p\u0101rliecin\u0101mies, ka t\u0101 darbojas nevainojami.<\/p>\n<p><strong>J: K\u0101ds ir maks\u0101juma termi\u0146\u0161 un tirdzniec\u012bbas noteikumi?<\/strong><br \/>\nA: M\u0113s pie\u0146emam T\/T, Western Union, MoneyGram, Alibaba Trade Assurance maks\u0101jumus.<br \/>\nTirdzniec\u012bbas termi\u0146\u0161: EXW, FOB, CIF, CNF.<\/p>\n<p><strong>J: K\u0101ds ir MOQ un garantija?<\/strong><br \/>\nA: Nav MOQ, laipni l\u016bdzam pas\u016bt\u012bt, m\u0113s apsol\u0101m 12 m\u0113ne\u0161u garantiju.<\/p>\n<p><strong>J: K\u0101da veida iepakojums nos\u016bt\u012b\u0161anai?<\/strong><br \/>\nA: Izmantojiet pamata elast\u012bg\u0101s pl\u0113ves aptinumu ap visu ma\u0161\u012bnu un iesai\u0146ojiet ar eksport\u0113tu koka korpusu, kas var b\u016bt ar\u012b atbilsto\u0161i j\u016bsu pras\u012bb\u0101m.<\/p>\n<p><strong>J: Ja ma\u0161\u012bnai ir beidzies garantijas gads, ko m\u0113s varam dar\u012bt, ja k\u0101das da\u013cas ir salauztas?<\/strong><br \/>\nA: M\u0113s pied\u0101v\u0101jam ma\u0161\u012bnas visu m\u016b\u017eu, ja k\u0101das rezerves da\u013cas ir salauztas p\u0113c viena gada, klienti var ieg\u0101d\u0101ties rezerves da\u013cas viet\u0113j\u0101 tirg\u016b vai ieg\u0101d\u0101ties no pieg\u0101d\u0101t\u0101jiem, m\u0113s varam nos\u016bt\u012bt rezerves da\u013cas klientiem 24 stundu laik\u0101. Un visas m\u016bsu ma\u0161\u012bnu komponentu da\u013cas ir ori\u0123in\u0101las no pasaules slaven\u0101 z\u012bmola, t\u0101s ir viegli atrast viet\u0113j\u0101.<\/p>\n<p><strong>J: K\u0101da ir j\u016bsu garantija?<\/strong><br \/>\nA: M\u0113s garant\u0113jam ma\u0161\u012bn\u0101m vienu gadu. Garantijas gad\u0101 visas rezerves da\u013cas tika salauztas VKPAK kvalit\u0101tes probl\u0113mas d\u0113\u013c, rezerves da\u013cas klientiem tiks pieg\u0101d\u0101tas bez maksas, klientam ir j\u0101maks\u0101 kravas izmaksas, ja pakas svars p\u0101rsniedz 500 gramus. Viegli nolietojas rezerves da\u013cas nav iek\u013cautas garantijas nosac\u012bjumi, piem\u0113ram, O gredzeni, siksnas, kas tiks pieg\u0101d\u0101tas kop\u0101 ar ma\u0161\u012bnu vienu gadu.<\/p>","protected":false},"excerpt":{"rendered":"<p>J: Vai j\u016bs esat r\u016bpn\u012bca vai tirdzniec\u012bbas uz\u0146\u0113mums? A: Kop\u0161 2003.\u00a0gada m\u0113s r\u016bpn\u012bc\u0101 koncentr\u0113jamies uz da\u017e\u0101da veida iepild\u012b\u0161anas ma\u0161\u012bnu, aizdares ma\u0161\u012bnu un mar\u0137\u0113\u0161anas iek\u0101rtu projekt\u0113\u0161anu, ra\u017eo\u0161anu, mont\u0101\u017eu, uzst\u0101d\u012b\u0161anu un atk\u013c\u016bdo\u0161anu. J: Vai varat nos\u016bt\u012bt video, kur\u0101 par\u0101d\u012bts, k\u0101 j\u016bsu\u2026&nbsp;<a href=\"https:\/\/www.vkpakmachine.com\/lv\/faq\/\" class=\"more-link\">Las\u012bt vair\u0101k<\/a><\/p>","protected":false},"author":1,"featured_media":0,"parent":0,"menu_order":0,"comment_status":"closed","ping_status":"closed","template":"","meta":{"footnotes":""},"yoast_head":"<!-- This site is optimized with the Yoast SEO plugin v22.5 - https:\/\/yoast.com\/wordpress\/plugins\/seo\/ -->\n<title>FAQ - VKPAK<\/title>\n<meta name=\"robots\" content=\"index, follow, max-snippet:-1, max-image-preview:large, max-video-preview:-1\" \/>\n<link rel=\"canonical\" href=\"https:\/\/www.vkpakmachine.com\/lv\/faq\/\" \/>\n<script type=\"application\/ld+json\" class=\"yoast-schema-graph\">{\"@context\":\"https:\/\/schema.org\",\"@graph\":[{\"@type\":\"WebPage\",\"@id\":\"https:\/\/www.vkpakmachine.com\/lv\/faq\/\",\"url\":\"https:\/\/www.vkpakmachine.com\/lv\/faq\/\",\"name\":\"FAQ - VKPAK\",\"isPartOf\":{\"@id\":\"https:\/\/www.vkpakmachine.com\/lv\/#website\"},\"datePublished\":\"2022-12-26T07:08:38+00:00\",\"dateModified\":\"2022-12-26T07:08:38+00:00\",\"breadcrumb\":{\"@id\":\"https:\/\/www.vkpakmachine.com\/lv\/faq\/#breadcrumb\"},\"inLanguage\":\"lv\",\"potentialAction\":[{\"@type\":\"ReadAction\",\"target\":[\"https:\/\/www.vkpakmachine.com\/lv\/faq\/\"]}]},{\"@type\":\"BreadcrumbList\",\"@id\":\"https:\/\/www.vkpakmachine.com\/lv\/faq\/#breadcrumb\",\"itemListElement\":[{\"@type\":\"ListItem\",\"position\":1,\"name\":\"Home\",\"item\":\"https:\/\/www.vkpakmachine.com\/lv\/\"},{\"@type\":\"ListItem\",\"position\":2,\"name\":\"FAQ\"}]},{\"@type\":\"WebSite\",\"@id\":\"https:\/\/www.vkpakmachine.com\/lv\/#website\",\"url\":\"https:\/\/www.vkpakmachine.com\/lv\/\",\"name\":\"VKPAK\",\"description\":\"\",\"publisher\":{\"@id\":\"https:\/\/www.vkpakmachine.com\/lv\/#organization\"},\"potentialAction\":[{\"@type\":\"SearchAction\",\"target\":{\"@type\":\"EntryPoint\",\"urlTemplate\":\"https:\/\/www.vkpakmachine.com\/lv\/?s={search_term_string}\"},\"query-input\":\"required name=search_term_string\"}],\"inLanguage\":\"lv\"},{\"@type\":\"Organization\",\"@id\":\"https:\/\/www.vkpakmachine.com\/lv\/#organization\",\"name\":\"VKPAK\",\"url\":\"https:\/\/www.vkpakmachine.com\/lv\/\",\"logo\":{\"@type\":\"ImageObject\",\"inLanguage\":\"lv\",\"@id\":\"https:\/\/www.vkpakmachine.com\/lv\/#\/schema\/logo\/image\/\",\"url\":\"https:\/\/www.vkpakmachine.com\/wp-content\/uploads\/Logo.png\",\"contentUrl\":\"https:\/\/www.vkpakmachine.com\/wp-content\/uploads\/Logo.png\",\"width\":300,\"height\":57,\"caption\":\"VKPAK\"},\"image\":{\"@id\":\"https:\/\/www.vkpakmachine.com\/lv\/#\/schema\/logo\/image\/\"}}]}<\/script>\n<!-- \/ Yoast SEO plugin. -->","yoast_head_json":{"title":"FAQ - VKPAK","robots":{"index":"index","follow":"follow","max-snippet":"max-snippet:-1","max-image-preview":"max-image-preview:large","max-video-preview":"max-video-preview:-1"},"canonical":"https:\/\/www.vkpakmachine.com\/lv\/faq\/","schema":{"@context":"https:\/\/schema.org","@graph":[{"@type":"WebPage","@id":"https:\/\/www.vkpakmachine.com\/lv\/faq\/","url":"https:\/\/www.vkpakmachine.com\/lv\/faq\/","name":"FAQ - VKPAK","isPartOf":{"@id":"https:\/\/www.vkpakmachine.com\/lv\/#website"},"datePublished":"2022-12-26T07:08:38+00:00","dateModified":"2022-12-26T07:08:38+00:00","breadcrumb":{"@id":"https:\/\/www.vkpakmachine.com\/lv\/faq\/#breadcrumb"},"inLanguage":"lv","potentialAction":[{"@type":"ReadAction","target":["https:\/\/www.vkpakmachine.com\/lv\/faq\/"]}]},{"@type":"BreadcrumbList","@id":"https:\/\/www.vkpakmachine.com\/lv\/faq\/#breadcrumb","itemListElement":[{"@type":"ListItem","position":1,"name":"Home","item":"https:\/\/www.vkpakmachine.com\/lv\/"},{"@type":"ListItem","position":2,"name":"FAQ"}]},{"@type":"WebSite","@id":"https:\/\/www.vkpakmachine.com\/lv\/#website","url":"https:\/\/www.vkpakmachine.com\/lv\/","name":"VKPAK","description":"","publisher":{"@id":"https:\/\/www.vkpakmachine.com\/lv\/#organization"},"potentialAction":[{"@type":"SearchAction","target":{"@type":"EntryPoint","urlTemplate":"https:\/\/www.vkpakmachine.com\/lv\/?s={search_term_string}"},"query-input":"required name=search_term_string"}],"inLanguage":"lv"},{"@type":"Organization","@id":"https:\/\/www.vkpakmachine.com\/lv\/#organization","name":"VKPAK","url":"https:\/\/www.vkpakmachine.com\/lv\/","logo":{"@type":"ImageObject","inLanguage":"lv","@id":"https:\/\/www.vkpakmachine.com\/lv\/#\/schema\/logo\/image\/","url":"https:\/\/www.vkpakmachine.com\/wp-content\/uploads\/Logo.png","contentUrl":"https:\/\/www.vkpakmachine.com\/wp-content\/uploads\/Logo.png","width":300,"height":57,"caption":"VKPAK"},"image":{"@id":"https:\/\/www.vkpakmachine.com\/lv\/#\/schema\/logo\/image\/"}}]}},"_links":{"self":[{"href":"https:\/\/www.vkpakmachine.com\/lv\/wp-json\/wp\/v2\/pages\/2414"}],"collection":[{"href":"https:\/\/www.vkpakmachine.com\/lv\/wp-json\/wp\/v2\/pages"}],"about":[{"href":"https:\/\/www.vkpakmachine.com\/lv\/wp-json\/wp\/v2\/types\/page"}],"author":[{"embeddable":true,"href":"https:\/\/www.vkpakmachine.com\/lv\/wp-json\/wp\/v2\/users\/1"}],"replies":[{"embeddable":true,"href":"https:\/\/www.vkpakmachine.com\/lv\/wp-json\/wp\/v2\/comments?post=2414"}],"version-history":[{"count":0,"href":"https:\/\/www.vkpakmachine.com\/lv\/wp-json\/wp\/v2\/pages\/2414\/revisions"}],"wp:attachment":[{"href":"https:\/\/www.vkpakmachine.com\/lv\/wp-json\/wp\/v2\/media?parent=2414"}],"curies":[{"name":"wp","href":"https:\/\/api.w.org\/{rel}","templated":true}]}}