{"id":2426,"date":"2022-12-26T07:11:57","date_gmt":"2022-12-26T07:11:57","guid":{"rendered":"https:\/\/www.vkpakmachine.com\/?page_id=2426"},"modified":"2022-12-26T07:11:57","modified_gmt":"2022-12-26T07:11:57","slug":"service","status":"publish","type":"page","link":"https:\/\/www.vkpakmachine.com\/lt\/service\/","title":{"rendered":"Aptarnavimas"},"content":{"rendered":"<h3>Treniruot\u0117s:<\/h3>\n<p>Mes si\u016blome ma\u0161in\u0173 mokymo sistem\u0105, klientas gali pasirinkti mokym\u0105 m\u016bs\u0173 gamykloje arba klient\u0173 dirbtuv\u0117se. \u012eprastos treniruo\u010di\u0173 dienos yra 3-5 dienos.<\/p>\n<p>Klientui si\u016blome naudojimo vadov\u0105.<\/p>\n<p>Klientui si\u016blome mokom\u0105j\u012f vaizdo \u012fra\u0161\u0105 ir ma\u0161inos veikimo vaizdo \u012fra\u0161\u0105.<\/p>\n<p>Mes si\u016blome nuotolinio valdymo paslaug\u0105, jei klientas ne\u017eino, kaip valdyti ir naudoti ma\u0161in\u0105.<\/p>\n<h3>Montavimas:<\/h3>\n<p>Jei pageidaujama, i\u0161si\u0173sime in\u017einierius, kurie atliks \u012frangos montavim\u0105 ir derinim\u0105 pirk\u0117jo vietoje. I\u0161laidas u\u017e tarptautinius dvipusius l\u0117ktuvo bilietus, apgyvendinim\u0105, maist\u0105 ir transport\u0105, medicinines i\u0161laidas apmoka Pirk\u0117jas u\u017e in\u017einierius. Pirk\u0117jas turi visapusi\u0161kai bendradarbiauti su Tiek\u0117jo in\u017einieriumi ir paruo\u0161ti visas montavimo s\u0105lygas darbui.<\/p>\n<h3>Garantija:<\/h3>\n<p>Gamintojas garantuoja, kad prek\u0117s yra pagamintos i\u0161 geriausi\u0173 gamintojo med\u017eiag\u0173. Parduotai ma\u0161inai bus suteikta garantija per vienerius metus, garantijos metais visos atsargin\u0117s dalys sugadintos d\u0117l tiek\u0117jo kokyb\u0117s problemos, atsargin\u0117s dalys klientui bus tiekiamos nemokamai, klientas turi sumok\u0117ti gabenimo i\u0161laidas, jei siuntinio svoris didesnis nei 500 gram\u0173.<\/p>\n<h3>Montavimo ma\u0161inos po pardavimo<\/h3>\n<div class=\"su-custom-gallery su-custom-gallery-title-hover su-lightbox-gallery\"><div class=\"su-custom-gallery-slide\"><a href=\"https:\/\/www.vkpakmachine.com\/wp-content\/uploads\/After-sales-installation-machinery-2.jpg\" title=\"Montavimo ma\u0161ina po pardavimo\"><img loading=\"lazy\" decoding=\"async\" src=\"https:\/\/www.vkpakmachine.com\/wp-content\/uploads\/After-sales-installation-machinery-2-380x250.jpg\" alt=\"Montavimo ma\u0161ina po pardavimo\" width=\"380\" height=\"250\" \/><span class=\"su-custom-gallery-title\">Montavimo ma\u0161ina po pardavimo<\/span><\/a><\/div><div class=\"su-custom-gallery-slide\"><a href=\"https:\/\/www.vkpakmachine.com\/wp-content\/uploads\/After-sales-installation-machinery-3.jpg\" title=\"Montavimo ma\u0161ina po pardavimo\"><img loading=\"lazy\" decoding=\"async\" src=\"https:\/\/www.vkpakmachine.com\/wp-content\/uploads\/After-sales-installation-machinery-3-380x250.jpg\" alt=\"Montavimo ma\u0161ina po pardavimo\" width=\"380\" height=\"250\" \/><span class=\"su-custom-gallery-title\">Montavimo ma\u0161ina po pardavimo<\/span><\/a><\/div><div class=\"su-custom-gallery-slide\"><a href=\"https:\/\/www.vkpakmachine.com\/wp-content\/uploads\/After-sales-installation-machinery.jpg\" title=\"Montavimo ma\u0161ina po pardavimo\"><img loading=\"lazy\" decoding=\"async\" src=\"https:\/\/www.vkpakmachine.com\/wp-content\/uploads\/After-sales-installation-machinery-380x250.jpg\" alt=\"Montavimo ma\u0161ina po pardavimo\" width=\"380\" height=\"250\" \/><span class=\"su-custom-gallery-title\">Montavimo ma\u0161ina po pardavimo<\/span><\/a><\/div><div class=\"su-clear\"><\/div><\/div>","protected":false},"excerpt":{"rendered":"<p>Mokymai: Mes si\u016blome ma\u0161in\u0173 mokymo sistem\u0105, klientas gali pasirinkti mokym\u0105 m\u016bs\u0173 gamykloje arba klient\u0173 dirbtuv\u0117se. \u012eprastos treniruo\u010di\u0173 dienos yra 3-5 dienos. Klientui si\u016blome naudojimo vadov\u0105. Si\u016blome mokom\u0105j\u012f vaizdo \u012fra\u0161\u0105 ir ma\u0161in\u0173 valdymo vaizdo \u012fra\u0161\u0105\u2026&nbsp;<a href=\"https:\/\/www.vkpakmachine.com\/lt\/service\/\" class=\"more-link\">Skaityti daugiau<\/a><\/p>","protected":false},"author":1,"featured_media":0,"parent":0,"menu_order":0,"comment_status":"closed","ping_status":"closed","template":"","meta":{"footnotes":""},"yoast_head":"<!-- This site is optimized with the Yoast SEO plugin v22.5 - https:\/\/yoast.com\/wordpress\/plugins\/seo\/ -->\n<title>Service - VKPAK<\/title>\n<meta name=\"robots\" content=\"index, follow, max-snippet:-1, max-image-preview:large, max-video-preview:-1\" \/>\n<link rel=\"canonical\" href=\"https:\/\/www.vkpakmachine.com\/lt\/service\/\" \/>\n<script type=\"application\/ld+json\" class=\"yoast-schema-graph\">{\"@context\":\"https:\/\/schema.org\",\"@graph\":[{\"@type\":\"WebPage\",\"@id\":\"https:\/\/www.vkpakmachine.com\/lt\/service\/\",\"url\":\"https:\/\/www.vkpakmachine.com\/lt\/service\/\",\"name\":\"Service - VKPAK\",\"isPartOf\":{\"@id\":\"https:\/\/www.vkpakmachine.com\/lv\/#website\"},\"datePublished\":\"2022-12-26T07:11:57+00:00\",\"dateModified\":\"2022-12-26T07:11:57+00:00\",\"breadcrumb\":{\"@id\":\"https:\/\/www.vkpakmachine.com\/lt\/service\/#breadcrumb\"},\"inLanguage\":\"lt-LT\",\"potentialAction\":[{\"@type\":\"ReadAction\",\"target\":[\"https:\/\/www.vkpakmachine.com\/lt\/service\/\"]}]},{\"@type\":\"BreadcrumbList\",\"@id\":\"https:\/\/www.vkpakmachine.com\/lt\/service\/#breadcrumb\",\"itemListElement\":[{\"@type\":\"ListItem\",\"position\":1,\"name\":\"Home\",\"item\":\"https:\/\/www.vkpakmachine.com\/lv\/\"},{\"@type\":\"ListItem\",\"position\":2,\"name\":\"Service\"}]},{\"@type\":\"WebSite\",\"@id\":\"https:\/\/www.vkpakmachine.com\/lv\/#website\",\"url\":\"https:\/\/www.vkpakmachine.com\/lv\/\",\"name\":\"VKPAK\",\"description\":\"\",\"publisher\":{\"@id\":\"https:\/\/www.vkpakmachine.com\/lv\/#organization\"},\"potentialAction\":[{\"@type\":\"SearchAction\",\"target\":{\"@type\":\"EntryPoint\",\"urlTemplate\":\"https:\/\/www.vkpakmachine.com\/lv\/?s={search_term_string}\"},\"query-input\":\"required name=search_term_string\"}],\"inLanguage\":\"lt-LT\"},{\"@type\":\"Organization\",\"@id\":\"https:\/\/www.vkpakmachine.com\/lv\/#organization\",\"name\":\"VKPAK\",\"url\":\"https:\/\/www.vkpakmachine.com\/lv\/\",\"logo\":{\"@type\":\"ImageObject\",\"inLanguage\":\"lt-LT\",\"@id\":\"https:\/\/www.vkpakmachine.com\/lv\/#\/schema\/logo\/image\/\",\"url\":\"https:\/\/www.vkpakmachine.com\/wp-content\/uploads\/Logo.png\",\"contentUrl\":\"https:\/\/www.vkpakmachine.com\/wp-content\/uploads\/Logo.png\",\"width\":300,\"height\":57,\"caption\":\"VKPAK\"},\"image\":{\"@id\":\"https:\/\/www.vkpakmachine.com\/lv\/#\/schema\/logo\/image\/\"}}]}<\/script>\n<!-- \/ Yoast SEO plugin. -->","yoast_head_json":{"title":"Service - VKPAK","robots":{"index":"index","follow":"follow","max-snippet":"max-snippet:-1","max-image-preview":"max-image-preview:large","max-video-preview":"max-video-preview:-1"},"canonical":"https:\/\/www.vkpakmachine.com\/lt\/service\/","schema":{"@context":"https:\/\/schema.org","@graph":[{"@type":"WebPage","@id":"https:\/\/www.vkpakmachine.com\/lt\/service\/","url":"https:\/\/www.vkpakmachine.com\/lt\/service\/","name":"Service - VKPAK","isPartOf":{"@id":"https:\/\/www.vkpakmachine.com\/lv\/#website"},"datePublished":"2022-12-26T07:11:57+00:00","dateModified":"2022-12-26T07:11:57+00:00","breadcrumb":{"@id":"https:\/\/www.vkpakmachine.com\/lt\/service\/#breadcrumb"},"inLanguage":"lt-LT","potentialAction":[{"@type":"ReadAction","target":["https:\/\/www.vkpakmachine.com\/lt\/service\/"]}]},{"@type":"BreadcrumbList","@id":"https:\/\/www.vkpakmachine.com\/lt\/service\/#breadcrumb","itemListElement":[{"@type":"ListItem","position":1,"name":"Home","item":"https:\/\/www.vkpakmachine.com\/lv\/"},{"@type":"ListItem","position":2,"name":"Service"}]},{"@type":"WebSite","@id":"https:\/\/www.vkpakmachine.com\/lv\/#website","url":"https:\/\/www.vkpakmachine.com\/lv\/","name":"VKPAK","description":"","publisher":{"@id":"https:\/\/www.vkpakmachine.com\/lv\/#organization"},"potentialAction":[{"@type":"SearchAction","target":{"@type":"EntryPoint","urlTemplate":"https:\/\/www.vkpakmachine.com\/lv\/?s={search_term_string}"},"query-input":"required name=search_term_string"}],"inLanguage":"lt-LT"},{"@type":"Organization","@id":"https:\/\/www.vkpakmachine.com\/lv\/#organization","name":"VKPAK","url":"https:\/\/www.vkpakmachine.com\/lv\/","logo":{"@type":"ImageObject","inLanguage":"lt-LT","@id":"https:\/\/www.vkpakmachine.com\/lv\/#\/schema\/logo\/image\/","url":"https:\/\/www.vkpakmachine.com\/wp-content\/uploads\/Logo.png","contentUrl":"https:\/\/www.vkpakmachine.com\/wp-content\/uploads\/Logo.png","width":300,"height":57,"caption":"VKPAK"},"image":{"@id":"https:\/\/www.vkpakmachine.com\/lv\/#\/schema\/logo\/image\/"}}]}},"_links":{"self":[{"href":"https:\/\/www.vkpakmachine.com\/lt\/wp-json\/wp\/v2\/pages\/2426"}],"collection":[{"href":"https:\/\/www.vkpakmachine.com\/lt\/wp-json\/wp\/v2\/pages"}],"about":[{"href":"https:\/\/www.vkpakmachine.com\/lt\/wp-json\/wp\/v2\/types\/page"}],"author":[{"embeddable":true,"href":"https:\/\/www.vkpakmachine.com\/lt\/wp-json\/wp\/v2\/users\/1"}],"replies":[{"embeddable":true,"href":"https:\/\/www.vkpakmachine.com\/lt\/wp-json\/wp\/v2\/comments?post=2426"}],"version-history":[{"count":0,"href":"https:\/\/www.vkpakmachine.com\/lt\/wp-json\/wp\/v2\/pages\/2426\/revisions"}],"wp:attachment":[{"href":"https:\/\/www.vkpakmachine.com\/lt\/wp-json\/wp\/v2\/media?parent=2426"}],"curies":[{"name":"wp","href":"https:\/\/api.w.org\/{rel}","templated":true}]}}