{"id":2424,"date":"2022-12-26T07:10:39","date_gmt":"2022-12-26T07:10:39","guid":{"rendered":"https:\/\/www.vkpakmachine.com\/?page_id=2424"},"modified":"2022-12-26T07:10:39","modified_gmt":"2022-12-26T07:10:39","slug":"quality-control","status":"publish","type":"page","link":"https:\/\/www.vkpakmachine.com\/lt\/quality-control\/","title":{"rendered":"Kokyb\u0117s kontrol\u0117"},"content":{"rendered":"<h2><strong>Kokyb\u0117s u\u017etikrinimas<\/strong><\/h2>\n<hr \/>\n<p>1, M\u016bs\u0173 \u012fmon\u0117s tiekiamai \u012frangai garantija yra nauja, nenaudota naudojant naujausi\u0105 dizain\u0105 ir pagamint\u0105 tinkam\u0105 med\u017eiag\u0105, ir visais at\u017evilgiais atitinka sutartyje numatytus kokyb\u0117s reikalavimus ir eksploatacines savybes.<\/p>\n<p>2, \u012emon\u0117s garantija, kuri\u0105 suteikia \u012frangai po to, kai ji teisingai nukreipiama visoje sistemoje, veikia pra\u0117jus 3 dienoms po \u012fdiegimo ir derinimo, kad b\u016bt\u0173 pasiekti gaminio techniniai veikimo rodikliai.<\/p>\n<p>3, M\u016bs\u0173 \u012fmon\u0117 garantuoja sutartyje numatyt\u0105 kokyb\u0117s garantijos laikotarp\u012f, projektavimo proces\u0105, tiekimo \u012frangos gamybos \u012frengimo derinim\u0105 ar med\u017eiag\u0173 defektus ir visk\u0105, kas atsirado d\u0117l pardav\u0117jo atsakomyb\u0117s, yra atsakinga u\u017e visus gamybos linijos defektus ir pa\u017eeidimus.<\/p>\n<p>4, visas ma\u0161inos kokyb\u0117s garantijos laikotarpis gamybos linijai 12 m\u0117nesi\u0173 po pri\u0117mimo. Nusta\u010dius kokyb\u0117s garantijos laikotarp\u012f, prek\u0117s kokyb\u0117 ar specifikacija ir neatitinka sutarties s\u0105lyg\u0173, arba \u012frodo, kad prek\u0117 yra nekokybi\u0161ka (\u012fskaitant galimus defektus ar nekokybi\u0161k\u0173 med\u017eiag\u0173 naudojim\u0105 ir pan.), Pirk\u0117jas turi teis\u0119 pagal prek\u0117s teisinio skyriaus i\u0161duot\u0105 patikrinimo pa\u017eym\u0105 per kokyb\u0117s garantijos laikotarp\u012f, pateikt\u0105 pardav\u0117jo traktavimo schem\u0105.<\/p>\n<p>5, Bendrov\u0117 \u012f gaminio kokyb\u0119 d\u0117l tiekiamos \u012frangos mechanini\u0173 savybi\u0173 ir produkto vartojimo indekso garantijos.<\/p>\n<h2><strong>Garantija<\/strong><\/h2>\n<hr \/>\n<p>1, Pri\u0117m\u0119 \u012frang\u0105, suteikite 12 m\u0117nesi\u0173 garantij\u0105, garantijos laikotarp\u012f, kuris suteikiamas nemokamai d\u0117l dali\u0173 ir komponent\u0173 defekt\u0173, kuriuos suk\u0117l\u0117 pardav\u0117jas, ir savalaik\u012f bei efektyv\u0173 aptarnavim\u0105.<\/p>\n<p>2, po garantijos vis\u0105 gyvenim\u0105 teikiame labai palanki\u0105 technin\u0119 pagalb\u0105 po pardavimo.<br \/>\nAptarnavimas po pardavimo: m\u016bs\u0173 \u012fmon\u0117s garantinio aptarnavimo skyrius turi special\u0173 garantinio aptarnavimo telefono aptarnavimo telefon\u0105, m\u016bs\u0173 darbuotojai yra atsakingi u\u017e telefono vartotojo pa\u0117mim\u0105, u\u017etikrinkite, kad vartotojas \u012f pirm\u0105j\u012f klausim\u0105 pateikt\u0173 entuziasting\u0105 nuo\u0161ird\u0173 atsakym\u0105 po \u012frangos. Pri\u0117mus \u012frang\u0105, mes teikiame 12 m\u0117nesi\u0173 garantinio aptarnavimo proces\u0105, profesionalus ir techninis personalas bent kart\u0105 pateiksime \u012fprast\u0105 patikrinim\u0105 ir pateiksime i\u0161sami\u0105 patikrinimo ataskait\u0105, kad naudotojo referenciniai vartotojai pateikt\u0173 ai\u0161kius po prie\u017ei\u016bros reikalavimus, m\u016bs\u0173 \u012fmon\u0117 \u017eada. : vartotojo scena per trumpiausi\u0105 \u012fmanom\u0105 laik\u0105 i\u0161si\u0173sta remontui.<\/p>","protected":false},"excerpt":{"rendered":"<p>Kokyb\u0117s u\u017etikrinimas 1, Garantija m\u016bs\u0173 \u012fmon\u0117s tiekiamai \u012frangai yra nauja, nenaudota naudojant naujausi\u0105 dizain\u0105 ir pagamint\u0105 tinkam\u0105 med\u017eiag\u0105, ir visais at\u017evilgiais atitinka sutartyje numatytas kokyb\u0117s specifikacijas ir eksploatacines savybes. 2, \u012fmon\u0117\u2026&nbsp;<a href=\"https:\/\/www.vkpakmachine.com\/lt\/quality-control\/\" class=\"more-link\">Skaityti daugiau<\/a><\/p>","protected":false},"author":1,"featured_media":0,"parent":0,"menu_order":0,"comment_status":"closed","ping_status":"closed","template":"","meta":{"footnotes":""},"yoast_head":"<!-- This site is optimized with the Yoast SEO plugin v22.5 - https:\/\/yoast.com\/wordpress\/plugins\/seo\/ -->\n<title>Quality Control - VKPAK<\/title>\n<meta name=\"robots\" content=\"index, follow, max-snippet:-1, max-image-preview:large, max-video-preview:-1\" \/>\n<link rel=\"canonical\" href=\"https:\/\/www.vkpakmachine.com\/lt\/quality-control\/\" \/>\n<script type=\"application\/ld+json\" class=\"yoast-schema-graph\">{\"@context\":\"https:\/\/schema.org\",\"@graph\":[{\"@type\":\"WebPage\",\"@id\":\"https:\/\/www.vkpakmachine.com\/lt\/quality-control\/\",\"url\":\"https:\/\/www.vkpakmachine.com\/lt\/quality-control\/\",\"name\":\"Quality Control - VKPAK\",\"isPartOf\":{\"@id\":\"https:\/\/www.vkpakmachine.com\/lv\/#website\"},\"datePublished\":\"2022-12-26T07:10:39+00:00\",\"dateModified\":\"2022-12-26T07:10:39+00:00\",\"breadcrumb\":{\"@id\":\"https:\/\/www.vkpakmachine.com\/lt\/quality-control\/#breadcrumb\"},\"inLanguage\":\"lt-LT\",\"potentialAction\":[{\"@type\":\"ReadAction\",\"target\":[\"https:\/\/www.vkpakmachine.com\/lt\/quality-control\/\"]}]},{\"@type\":\"BreadcrumbList\",\"@id\":\"https:\/\/www.vkpakmachine.com\/lt\/quality-control\/#breadcrumb\",\"itemListElement\":[{\"@type\":\"ListItem\",\"position\":1,\"name\":\"Home\",\"item\":\"https:\/\/www.vkpakmachine.com\/lv\/\"},{\"@type\":\"ListItem\",\"position\":2,\"name\":\"Quality Control\"}]},{\"@type\":\"WebSite\",\"@id\":\"https:\/\/www.vkpakmachine.com\/lv\/#website\",\"url\":\"https:\/\/www.vkpakmachine.com\/lv\/\",\"name\":\"VKPAK\",\"description\":\"\",\"publisher\":{\"@id\":\"https:\/\/www.vkpakmachine.com\/lv\/#organization\"},\"potentialAction\":[{\"@type\":\"SearchAction\",\"target\":{\"@type\":\"EntryPoint\",\"urlTemplate\":\"https:\/\/www.vkpakmachine.com\/lv\/?s={search_term_string}\"},\"query-input\":\"required name=search_term_string\"}],\"inLanguage\":\"lt-LT\"},{\"@type\":\"Organization\",\"@id\":\"https:\/\/www.vkpakmachine.com\/lv\/#organization\",\"name\":\"VKPAK\",\"url\":\"https:\/\/www.vkpakmachine.com\/lv\/\",\"logo\":{\"@type\":\"ImageObject\",\"inLanguage\":\"lt-LT\",\"@id\":\"https:\/\/www.vkpakmachine.com\/lv\/#\/schema\/logo\/image\/\",\"url\":\"https:\/\/www.vkpakmachine.com\/wp-content\/uploads\/Logo.png\",\"contentUrl\":\"https:\/\/www.vkpakmachine.com\/wp-content\/uploads\/Logo.png\",\"width\":300,\"height\":57,\"caption\":\"VKPAK\"},\"image\":{\"@id\":\"https:\/\/www.vkpakmachine.com\/lv\/#\/schema\/logo\/image\/\"}}]}<\/script>\n<!-- \/ Yoast SEO plugin. -->","yoast_head_json":{"title":"Quality Control - VKPAK","robots":{"index":"index","follow":"follow","max-snippet":"max-snippet:-1","max-image-preview":"max-image-preview:large","max-video-preview":"max-video-preview:-1"},"canonical":"https:\/\/www.vkpakmachine.com\/lt\/quality-control\/","schema":{"@context":"https:\/\/schema.org","@graph":[{"@type":"WebPage","@id":"https:\/\/www.vkpakmachine.com\/lt\/quality-control\/","url":"https:\/\/www.vkpakmachine.com\/lt\/quality-control\/","name":"Quality Control - VKPAK","isPartOf":{"@id":"https:\/\/www.vkpakmachine.com\/lv\/#website"},"datePublished":"2022-12-26T07:10:39+00:00","dateModified":"2022-12-26T07:10:39+00:00","breadcrumb":{"@id":"https:\/\/www.vkpakmachine.com\/lt\/quality-control\/#breadcrumb"},"inLanguage":"lt-LT","potentialAction":[{"@type":"ReadAction","target":["https:\/\/www.vkpakmachine.com\/lt\/quality-control\/"]}]},{"@type":"BreadcrumbList","@id":"https:\/\/www.vkpakmachine.com\/lt\/quality-control\/#breadcrumb","itemListElement":[{"@type":"ListItem","position":1,"name":"Home","item":"https:\/\/www.vkpakmachine.com\/lv\/"},{"@type":"ListItem","position":2,"name":"Quality Control"}]},{"@type":"WebSite","@id":"https:\/\/www.vkpakmachine.com\/lv\/#website","url":"https:\/\/www.vkpakmachine.com\/lv\/","name":"VKPAK","description":"","publisher":{"@id":"https:\/\/www.vkpakmachine.com\/lv\/#organization"},"potentialAction":[{"@type":"SearchAction","target":{"@type":"EntryPoint","urlTemplate":"https:\/\/www.vkpakmachine.com\/lv\/?s={search_term_string}"},"query-input":"required name=search_term_string"}],"inLanguage":"lt-LT"},{"@type":"Organization","@id":"https:\/\/www.vkpakmachine.com\/lv\/#organization","name":"VKPAK","url":"https:\/\/www.vkpakmachine.com\/lv\/","logo":{"@type":"ImageObject","inLanguage":"lt-LT","@id":"https:\/\/www.vkpakmachine.com\/lv\/#\/schema\/logo\/image\/","url":"https:\/\/www.vkpakmachine.com\/wp-content\/uploads\/Logo.png","contentUrl":"https:\/\/www.vkpakmachine.com\/wp-content\/uploads\/Logo.png","width":300,"height":57,"caption":"VKPAK"},"image":{"@id":"https:\/\/www.vkpakmachine.com\/lv\/#\/schema\/logo\/image\/"}}]}},"_links":{"self":[{"href":"https:\/\/www.vkpakmachine.com\/lt\/wp-json\/wp\/v2\/pages\/2424"}],"collection":[{"href":"https:\/\/www.vkpakmachine.com\/lt\/wp-json\/wp\/v2\/pages"}],"about":[{"href":"https:\/\/www.vkpakmachine.com\/lt\/wp-json\/wp\/v2\/types\/page"}],"author":[{"embeddable":true,"href":"https:\/\/www.vkpakmachine.com\/lt\/wp-json\/wp\/v2\/users\/1"}],"replies":[{"embeddable":true,"href":"https:\/\/www.vkpakmachine.com\/lt\/wp-json\/wp\/v2\/comments?post=2424"}],"version-history":[{"count":0,"href":"https:\/\/www.vkpakmachine.com\/lt\/wp-json\/wp\/v2\/pages\/2424\/revisions"}],"wp:attachment":[{"href":"https:\/\/www.vkpakmachine.com\/lt\/wp-json\/wp\/v2\/media?parent=2424"}],"curies":[{"name":"wp","href":"https:\/\/api.w.org\/{rel}","templated":true}]}}