{"id":2414,"date":"2022-12-26T07:08:38","date_gmt":"2022-12-26T07:08:38","guid":{"rendered":"https:\/\/www.vkpakmachine.com\/?page_id=2414"},"modified":"2022-12-26T07:08:38","modified_gmt":"2022-12-26T07:08:38","slug":"faq","status":"publish","type":"page","link":"https:\/\/www.vkpakmachine.com\/lt\/faq\/","title":{"rendered":"DUK"},"content":{"rendered":"<p><strong>K: Ar esate gamykla ar prekybos \u012fmon\u0117?<\/strong><br \/>\nA: Gamykloje daugiausia d\u0117mesio skiriame \u012fvairi\u0173 tip\u0173 u\u017epildymo ma\u0161in\u0173, u\u017edengimo ma\u0161in\u0173 ir etike\u010di\u0173 klijavimo ma\u0161in\u0173 projektavimui, gamybai, surinkimui, montavimui ir derinimui nuo 2003 m.<\/p>\n<p><strong>Klausimas: Ar galite atsi\u0173sti vaizdo \u012fra\u0161\u0105, kuriame parodyta, kaip veikia j\u016bs\u0173 ma\u0161ina?<\/strong><br \/>\nA: \u017dinoma, mes suk\u016br\u0117me vis\u0105 savo ma\u0161inos vaizdo \u012fra\u0161\u0105.<\/p>\n<p><strong>Kl .: Ar atliekate bandym\u0105 prie\u0161 i\u0161siuntim\u0105?<\/strong><br \/>\nA: Mes visada visi\u0161kai i\u0161bandome ma\u0161in\u0105 ir prie\u0161 i\u0161siuntim\u0105 \u012fsitikiname, kad ji veikia skland\u017eiai.<\/p>\n<p><strong>Kl .: koks yra mok\u0117jimo terminas ir prekybos s\u0105lygos?<\/strong><br \/>\nA: Mes priimame T\/T, Western Union, MoneyGram, Alibaba Trade Assurance mok\u0117jimus.<br \/>\nPrekybos terminas: EXW, FOB, CIF, CNF.<\/p>\n<p><strong>Kl .: Kas yra MOQ ir garantija?<\/strong><br \/>\nA: N\u0117ra MOQ, kvie\u010diame u\u017esisakyti, pa\u017eadame 12 m\u0117nesi\u0173 garantij\u0105.<\/p>\n<p><strong>Kl .: kokia siuntimo pakuot\u0117?<\/strong><br \/>\nA: Apvyniokite vis\u0105 ma\u0161in\u0105 \u012ftempt\u0105 pl\u0117vel\u0119 ir supakuot\u0105 su eksportuotu mediniu d\u0117klu, taip pat gali b\u016bti pagal j\u016bs\u0173 poreikius.<\/p>\n<p><strong>Kl .: Jei ma\u0161inos garantinis laikotarpis pasibaig\u0119s, k\u0105 galime padaryti, jei sugedo kokios nors dalys?<\/strong><br \/>\nA: Mes si\u016blome ma\u0161inos vis\u0105 eksploatavimo laik\u0105, jei kurios nors atsargin\u0117s dalys buvo sugedusios po vieneri\u0173 met\u0173, klientai gali nusipirkti atsargini\u0173 dali\u0173 vietin\u0117je rinkoje arba nusipirkti i\u0161 tiek\u0117j\u0173, mes galime i\u0161si\u0173sti atsargines dalis klientams per 24 valandas. Ir visos m\u016bs\u0173 ma\u0161inos komponent\u0173 dalys yra originalios i\u0161 visame pasaulyje \u017einomo prek\u0117s \u017eenklo, jas nesunku rasti vietin\u0117je.<\/p>\n<p><strong>Kl .: kokia yra j\u016bs\u0173 garantija?<\/strong><br \/>\nA: Mes garantuojame ma\u0161inoms vienerius metus. Garantijos metais d\u0117l VKPAK kokyb\u0117s problemos buvo sugadintos visos atsargin\u0117s dalys, atsargin\u0117s dalys klientams bus tiekiamos nemokamai, klientas turi sumok\u0117ti gabenimo i\u0161laidas, jei siuntinys sveria daugiau nei 500 gram\u0173. Lengvai susid\u0117vin\u010di\u0173 atsargini\u0173 dali\u0173 n\u0117ra. garantijos s\u0105lygos, pvz., O \u017eiedai, dir\u017eai, kurie bus tiekiami kartu su ma\u0161ina vienerius naudojimo metus.<\/p>","protected":false},"excerpt":{"rendered":"<p>K: Ar esate gamykla ar prekybos \u012fmon\u0117? A: Gamykloje daugiausia d\u0117mesio skiriame \u012fvairi\u0173 tip\u0173 pildymo ma\u0161in\u0173, u\u017edengimo ma\u0161in\u0173 ir etike\u010di\u0173 klijavimo ma\u0161in\u0173 projektavimui, gamybai, surinkimui, montavimui ir derinimui nuo 2003 m. Kl.: Ar galite atsi\u0173sti vaizdo \u012fra\u0161\u0105, kuriame parodyta, kaip j\u016bs\u0173\u2026&nbsp;<a href=\"https:\/\/www.vkpakmachine.com\/lt\/faq\/\" class=\"more-link\">Skaityti daugiau<\/a><\/p>","protected":false},"author":1,"featured_media":0,"parent":0,"menu_order":0,"comment_status":"closed","ping_status":"closed","template":"","meta":{"footnotes":""},"yoast_head":"<!-- This site is optimized with the Yoast SEO plugin v22.5 - https:\/\/yoast.com\/wordpress\/plugins\/seo\/ -->\n<title>FAQ - VKPAK<\/title>\n<meta name=\"robots\" content=\"index, follow, max-snippet:-1, max-image-preview:large, max-video-preview:-1\" \/>\n<link rel=\"canonical\" href=\"https:\/\/www.vkpakmachine.com\/lt\/faq\/\" \/>\n<script type=\"application\/ld+json\" class=\"yoast-schema-graph\">{\"@context\":\"https:\/\/schema.org\",\"@graph\":[{\"@type\":\"WebPage\",\"@id\":\"https:\/\/www.vkpakmachine.com\/lv\/faq\/\",\"url\":\"https:\/\/www.vkpakmachine.com\/lv\/faq\/\",\"name\":\"FAQ - VKPAK\",\"isPartOf\":{\"@id\":\"https:\/\/www.vkpakmachine.com\/lv\/#website\"},\"datePublished\":\"2022-12-26T07:08:38+00:00\",\"dateModified\":\"2022-12-26T07:08:38+00:00\",\"breadcrumb\":{\"@id\":\"https:\/\/www.vkpakmachine.com\/lv\/faq\/#breadcrumb\"},\"inLanguage\":\"lt-LT\",\"potentialAction\":[{\"@type\":\"ReadAction\",\"target\":[\"https:\/\/www.vkpakmachine.com\/lv\/faq\/\"]}]},{\"@type\":\"BreadcrumbList\",\"@id\":\"https:\/\/www.vkpakmachine.com\/lv\/faq\/#breadcrumb\",\"itemListElement\":[{\"@type\":\"ListItem\",\"position\":1,\"name\":\"Home\",\"item\":\"https:\/\/www.vkpakmachine.com\/lv\/\"},{\"@type\":\"ListItem\",\"position\":2,\"name\":\"FAQ\"}]},{\"@type\":\"WebSite\",\"@id\":\"https:\/\/www.vkpakmachine.com\/lv\/#website\",\"url\":\"https:\/\/www.vkpakmachine.com\/lv\/\",\"name\":\"VKPAK\",\"description\":\"\",\"publisher\":{\"@id\":\"https:\/\/www.vkpakmachine.com\/lv\/#organization\"},\"potentialAction\":[{\"@type\":\"SearchAction\",\"target\":{\"@type\":\"EntryPoint\",\"urlTemplate\":\"https:\/\/www.vkpakmachine.com\/lv\/?s={search_term_string}\"},\"query-input\":\"required name=search_term_string\"}],\"inLanguage\":\"lt-LT\"},{\"@type\":\"Organization\",\"@id\":\"https:\/\/www.vkpakmachine.com\/lv\/#organization\",\"name\":\"VKPAK\",\"url\":\"https:\/\/www.vkpakmachine.com\/lv\/\",\"logo\":{\"@type\":\"ImageObject\",\"inLanguage\":\"lt-LT\",\"@id\":\"https:\/\/www.vkpakmachine.com\/lv\/#\/schema\/logo\/image\/\",\"url\":\"https:\/\/www.vkpakmachine.com\/wp-content\/uploads\/Logo.png\",\"contentUrl\":\"https:\/\/www.vkpakmachine.com\/wp-content\/uploads\/Logo.png\",\"width\":300,\"height\":57,\"caption\":\"VKPAK\"},\"image\":{\"@id\":\"https:\/\/www.vkpakmachine.com\/lv\/#\/schema\/logo\/image\/\"}}]}<\/script>\n<!-- \/ Yoast SEO plugin. -->","yoast_head_json":{"title":"FAQ - VKPAK","robots":{"index":"index","follow":"follow","max-snippet":"max-snippet:-1","max-image-preview":"max-image-preview:large","max-video-preview":"max-video-preview:-1"},"canonical":"https:\/\/www.vkpakmachine.com\/lt\/faq\/","schema":{"@context":"https:\/\/schema.org","@graph":[{"@type":"WebPage","@id":"https:\/\/www.vkpakmachine.com\/lv\/faq\/","url":"https:\/\/www.vkpakmachine.com\/lv\/faq\/","name":"FAQ - VKPAK","isPartOf":{"@id":"https:\/\/www.vkpakmachine.com\/lv\/#website"},"datePublished":"2022-12-26T07:08:38+00:00","dateModified":"2022-12-26T07:08:38+00:00","breadcrumb":{"@id":"https:\/\/www.vkpakmachine.com\/lv\/faq\/#breadcrumb"},"inLanguage":"lt-LT","potentialAction":[{"@type":"ReadAction","target":["https:\/\/www.vkpakmachine.com\/lv\/faq\/"]}]},{"@type":"BreadcrumbList","@id":"https:\/\/www.vkpakmachine.com\/lv\/faq\/#breadcrumb","itemListElement":[{"@type":"ListItem","position":1,"name":"Home","item":"https:\/\/www.vkpakmachine.com\/lv\/"},{"@type":"ListItem","position":2,"name":"FAQ"}]},{"@type":"WebSite","@id":"https:\/\/www.vkpakmachine.com\/lv\/#website","url":"https:\/\/www.vkpakmachine.com\/lv\/","name":"VKPAK","description":"","publisher":{"@id":"https:\/\/www.vkpakmachine.com\/lv\/#organization"},"potentialAction":[{"@type":"SearchAction","target":{"@type":"EntryPoint","urlTemplate":"https:\/\/www.vkpakmachine.com\/lv\/?s={search_term_string}"},"query-input":"required name=search_term_string"}],"inLanguage":"lt-LT"},{"@type":"Organization","@id":"https:\/\/www.vkpakmachine.com\/lv\/#organization","name":"VKPAK","url":"https:\/\/www.vkpakmachine.com\/lv\/","logo":{"@type":"ImageObject","inLanguage":"lt-LT","@id":"https:\/\/www.vkpakmachine.com\/lv\/#\/schema\/logo\/image\/","url":"https:\/\/www.vkpakmachine.com\/wp-content\/uploads\/Logo.png","contentUrl":"https:\/\/www.vkpakmachine.com\/wp-content\/uploads\/Logo.png","width":300,"height":57,"caption":"VKPAK"},"image":{"@id":"https:\/\/www.vkpakmachine.com\/lv\/#\/schema\/logo\/image\/"}}]}},"_links":{"self":[{"href":"https:\/\/www.vkpakmachine.com\/lt\/wp-json\/wp\/v2\/pages\/2414"}],"collection":[{"href":"https:\/\/www.vkpakmachine.com\/lt\/wp-json\/wp\/v2\/pages"}],"about":[{"href":"https:\/\/www.vkpakmachine.com\/lt\/wp-json\/wp\/v2\/types\/page"}],"author":[{"embeddable":true,"href":"https:\/\/www.vkpakmachine.com\/lt\/wp-json\/wp\/v2\/users\/1"}],"replies":[{"embeddable":true,"href":"https:\/\/www.vkpakmachine.com\/lt\/wp-json\/wp\/v2\/comments?post=2414"}],"version-history":[{"count":0,"href":"https:\/\/www.vkpakmachine.com\/lt\/wp-json\/wp\/v2\/pages\/2414\/revisions"}],"wp:attachment":[{"href":"https:\/\/www.vkpakmachine.com\/lt\/wp-json\/wp\/v2\/media?parent=2414"}],"curies":[{"name":"wp","href":"https:\/\/api.w.org\/{rel}","templated":true}]}}