{"id":2424,"date":"2022-12-26T07:10:39","date_gmt":"2022-12-26T07:10:39","guid":{"rendered":"https:\/\/www.vkpakmachine.com\/?page_id=2424"},"modified":"2022-12-26T07:10:39","modified_gmt":"2022-12-26T07:10:39","slug":"quality-control","status":"publish","type":"page","link":"https:\/\/www.vkpakmachine.com\/it\/quality-control\/","title":{"rendered":"Controllo di qualit\u00e0"},"content":{"rendered":"<h2><strong>Garanzia di qualit\u00e0<\/strong><\/h2>\n<hr \/>\n<p>1, La garanzia che l&#039;attrezzatura fornita dalla nostra azienda \u00e8 nuova e non utilizzata, utilizza il design pi\u00f9 recente e il materiale adatto realizzato e soddisfa sotto tutti gli aspetti le specifiche di qualit\u00e0 e le prestazioni stipulate nel contratto.<\/p>\n<p>2, la garanzia aziendale fornita dall&#039;apparecchiatura dopo la corretta guida nell&#039;intero sistema funziona 3 giorni dopo l&#039;installazione e il debug, per ottenere indicatori di prestazione tecnica del prodotto.<\/p>\n<p>3, la nostra garanzia aziendale nel periodo di garanzia di qualit\u00e0 stipulato nel contratto, il processo di progettazione per la fornitura di apparecchiature, installazione di produzione, debugging o difetti materiali e tutto causato dalla responsabilit\u00e0 del venditore \u00e8 responsabile di eventuali difetti nella linea di produzione di difetti e danni.<\/p>\n<p>4, l&#039;intero periodo di garanzia della qualit\u00e0 della macchina per la linea di produzione per 12 mesi dopo l&#039;accettazione. Se riscontrata nel periodo di garanzia di qualit\u00e0, la qualit\u00e0 della merce o le specifiche e non \u00e8 conforme alle disposizioni del contratto, o dimostra che la merce \u00e8 difettosa (compresi potenziali difetti o l&#039;uso di materiali scadenti, ecc.), il l&#039;acquirente ha diritto, in base al certificato di ispezione della merce rilasciato dall&#039;ufficio legale, entro il periodo di garanzia di qualit\u00e0 in cui viene proposto lo schema di trattamento del venditore.<\/p>\n<p>5, L&#039;azienda alla qualit\u00e0 del prodotto sulle propriet\u00e0 meccaniche delle attrezzature fornite e sulla garanzia dell&#039;indice di consumo del prodotto.<\/p>\n<h2><strong>Garanzia<\/strong><\/h2>\n<hr \/>\n<p>1, dopo l&#039;accettazione dell&#039;apparecchiatura, fornire 12 mesi di garanzia, il periodo di garanzia fornito gratuitamente per difetti di parti e componenti causati dal venditore e il servizio tempestivo ed efficace.<\/p>\n<p>2, dopo la garanzia, per tutta la vita forniscono un servizio post-vendita di supporto tecnico ampiamente favorevole.<br \/>\nServizio post-vendita: il nostro reparto di assistenza post-vendita aziendale dispone di un servizio di hotline dedicato al servizio post-vendita, il nostro personale \u00e8 responsabile di prendere in consegna l&#039;utente del telefono, garantire all&#039;utente nella prima domanda di dare una risposta sincera ed entusiasta dopo l&#039;attrezzatura accettazione dell&#039;attrezzatura forniamo un processo di assistenza in garanzia di 12 mesi, forniremo almeno una volta da parte del personale professionale e tecnico un&#039;ispezione di routine e forniremo il rapporto di ispezione dettagliato, per gli utenti di riferimento dell&#039;utente avanzano chiari requisiti dopo la manutenzione, la nostra azienda promette : la scena dell&#039;utente nel pi\u00f9 breve tempo possibile inviata al servizio di riparazione.<\/p>","protected":false},"excerpt":{"rendered":"<p>Garanzia di qualit\u00e0 1, la garanzia che l&#039;attrezzatura fornita dalla nostra azienda \u00e8 nuova e mai utilizzata, utilizza il design pi\u00f9 recente e materiale adatto e soddisfa sotto tutti gli aspetti le specifiche di qualit\u00e0 e le prestazioni stipulate nel contratto. 2, L&#039;azienda\u2026&nbsp;<a href=\"https:\/\/www.vkpakmachine.com\/it\/quality-control\/\" class=\"more-link\">Per saperne di pi\u00f9<\/a><\/p>","protected":false},"author":1,"featured_media":0,"parent":0,"menu_order":0,"comment_status":"closed","ping_status":"closed","template":"","meta":{"footnotes":""},"yoast_head":"<!-- This site is optimized with the Yoast SEO plugin v22.5 - https:\/\/yoast.com\/wordpress\/plugins\/seo\/ -->\n<title>Quality Control - VKPAK<\/title>\n<meta name=\"robots\" content=\"index, follow, max-snippet:-1, max-image-preview:large, max-video-preview:-1\" \/>\n<link rel=\"canonical\" href=\"https:\/\/www.vkpakmachine.com\/it\/quality-control\/\" \/>\n<script type=\"application\/ld+json\" class=\"yoast-schema-graph\">{\"@context\":\"https:\/\/schema.org\",\"@graph\":[{\"@type\":\"WebPage\",\"@id\":\"https:\/\/www.vkpakmachine.com\/lt\/quality-control\/\",\"url\":\"https:\/\/www.vkpakmachine.com\/lt\/quality-control\/\",\"name\":\"Quality Control - VKPAK\",\"isPartOf\":{\"@id\":\"https:\/\/www.vkpakmachine.com\/lv\/#website\"},\"datePublished\":\"2022-12-26T07:10:39+00:00\",\"dateModified\":\"2022-12-26T07:10:39+00:00\",\"breadcrumb\":{\"@id\":\"https:\/\/www.vkpakmachine.com\/lt\/quality-control\/#breadcrumb\"},\"inLanguage\":\"it-IT\",\"potentialAction\":[{\"@type\":\"ReadAction\",\"target\":[\"https:\/\/www.vkpakmachine.com\/lt\/quality-control\/\"]}]},{\"@type\":\"BreadcrumbList\",\"@id\":\"https:\/\/www.vkpakmachine.com\/lt\/quality-control\/#breadcrumb\",\"itemListElement\":[{\"@type\":\"ListItem\",\"position\":1,\"name\":\"Home\",\"item\":\"https:\/\/www.vkpakmachine.com\/lv\/\"},{\"@type\":\"ListItem\",\"position\":2,\"name\":\"Quality Control\"}]},{\"@type\":\"WebSite\",\"@id\":\"https:\/\/www.vkpakmachine.com\/lv\/#website\",\"url\":\"https:\/\/www.vkpakmachine.com\/lv\/\",\"name\":\"VKPAK\",\"description\":\"\",\"publisher\":{\"@id\":\"https:\/\/www.vkpakmachine.com\/lv\/#organization\"},\"potentialAction\":[{\"@type\":\"SearchAction\",\"target\":{\"@type\":\"EntryPoint\",\"urlTemplate\":\"https:\/\/www.vkpakmachine.com\/lv\/?s={search_term_string}\"},\"query-input\":\"required name=search_term_string\"}],\"inLanguage\":\"it-IT\"},{\"@type\":\"Organization\",\"@id\":\"https:\/\/www.vkpakmachine.com\/lv\/#organization\",\"name\":\"VKPAK\",\"url\":\"https:\/\/www.vkpakmachine.com\/lv\/\",\"logo\":{\"@type\":\"ImageObject\",\"inLanguage\":\"it-IT\",\"@id\":\"https:\/\/www.vkpakmachine.com\/lv\/#\/schema\/logo\/image\/\",\"url\":\"https:\/\/www.vkpakmachine.com\/wp-content\/uploads\/Logo.png\",\"contentUrl\":\"https:\/\/www.vkpakmachine.com\/wp-content\/uploads\/Logo.png\",\"width\":300,\"height\":57,\"caption\":\"VKPAK\"},\"image\":{\"@id\":\"https:\/\/www.vkpakmachine.com\/lv\/#\/schema\/logo\/image\/\"}}]}<\/script>\n<!-- \/ Yoast SEO plugin. -->","yoast_head_json":{"title":"Quality Control - VKPAK","robots":{"index":"index","follow":"follow","max-snippet":"max-snippet:-1","max-image-preview":"max-image-preview:large","max-video-preview":"max-video-preview:-1"},"canonical":"https:\/\/www.vkpakmachine.com\/it\/quality-control\/","schema":{"@context":"https:\/\/schema.org","@graph":[{"@type":"WebPage","@id":"https:\/\/www.vkpakmachine.com\/lt\/quality-control\/","url":"https:\/\/www.vkpakmachine.com\/lt\/quality-control\/","name":"Quality Control - VKPAK","isPartOf":{"@id":"https:\/\/www.vkpakmachine.com\/lv\/#website"},"datePublished":"2022-12-26T07:10:39+00:00","dateModified":"2022-12-26T07:10:39+00:00","breadcrumb":{"@id":"https:\/\/www.vkpakmachine.com\/lt\/quality-control\/#breadcrumb"},"inLanguage":"it-IT","potentialAction":[{"@type":"ReadAction","target":["https:\/\/www.vkpakmachine.com\/lt\/quality-control\/"]}]},{"@type":"BreadcrumbList","@id":"https:\/\/www.vkpakmachine.com\/lt\/quality-control\/#breadcrumb","itemListElement":[{"@type":"ListItem","position":1,"name":"Home","item":"https:\/\/www.vkpakmachine.com\/lv\/"},{"@type":"ListItem","position":2,"name":"Quality Control"}]},{"@type":"WebSite","@id":"https:\/\/www.vkpakmachine.com\/lv\/#website","url":"https:\/\/www.vkpakmachine.com\/lv\/","name":"VKPAK","description":"","publisher":{"@id":"https:\/\/www.vkpakmachine.com\/lv\/#organization"},"potentialAction":[{"@type":"SearchAction","target":{"@type":"EntryPoint","urlTemplate":"https:\/\/www.vkpakmachine.com\/lv\/?s={search_term_string}"},"query-input":"required name=search_term_string"}],"inLanguage":"it-IT"},{"@type":"Organization","@id":"https:\/\/www.vkpakmachine.com\/lv\/#organization","name":"VKPAK","url":"https:\/\/www.vkpakmachine.com\/lv\/","logo":{"@type":"ImageObject","inLanguage":"it-IT","@id":"https:\/\/www.vkpakmachine.com\/lv\/#\/schema\/logo\/image\/","url":"https:\/\/www.vkpakmachine.com\/wp-content\/uploads\/Logo.png","contentUrl":"https:\/\/www.vkpakmachine.com\/wp-content\/uploads\/Logo.png","width":300,"height":57,"caption":"VKPAK"},"image":{"@id":"https:\/\/www.vkpakmachine.com\/lv\/#\/schema\/logo\/image\/"}}]}},"_links":{"self":[{"href":"https:\/\/www.vkpakmachine.com\/it\/wp-json\/wp\/v2\/pages\/2424"}],"collection":[{"href":"https:\/\/www.vkpakmachine.com\/it\/wp-json\/wp\/v2\/pages"}],"about":[{"href":"https:\/\/www.vkpakmachine.com\/it\/wp-json\/wp\/v2\/types\/page"}],"author":[{"embeddable":true,"href":"https:\/\/www.vkpakmachine.com\/it\/wp-json\/wp\/v2\/users\/1"}],"replies":[{"embeddable":true,"href":"https:\/\/www.vkpakmachine.com\/it\/wp-json\/wp\/v2\/comments?post=2424"}],"version-history":[{"count":0,"href":"https:\/\/www.vkpakmachine.com\/it\/wp-json\/wp\/v2\/pages\/2424\/revisions"}],"wp:attachment":[{"href":"https:\/\/www.vkpakmachine.com\/it\/wp-json\/wp\/v2\/media?parent=2424"}],"curies":[{"name":"wp","href":"https:\/\/api.w.org\/{rel}","templated":true}]}}