{"id":5900,"date":"2024-03-27T10:01:24","date_gmt":"2024-03-27T10:01:24","guid":{"rendered":"https:\/\/www.vkpakmachine.com\/?page_id=5900"},"modified":"2024-04-03T10:00:34","modified_gmt":"2024-04-03T10:00:34","slug":"filling-machine-videos","status":"publish","type":"page","link":"https:\/\/www.vkpakmachine.com\/hu\/filling-machine-videos\/","title":{"rendered":"T\u00f6lt\u0151g\u00e9p vide\u00f3k"},"content":{"rendered":"<h2>Foly\u00e9kony t\u00f6lt\u0151g\u00e9p vide\u00f3k<\/h2>\n<div class=\"su-row\"><div class=\"su-column su-column-size-1-3\"><div class=\"su-column-inner su-u-clearfix su-u-trim\"><span class=\"su-lightbox\" data-mfp-src=\"https:\/\/www.youtube.com\/watch?v=0vPOPArbgMk\" data-mfp-type=\"iframe\" data-mobile=\"yes\"><img loading=\"lazy\" decoding=\"async\" class=\"alignnone size-full wp-image-5901\" src=\"https:\/\/www.vkpakmachine.com\/wp-content\/uploads\/Sauce-Filling-Line.jpg\" alt=\"Sz\u00f3sz t\u00f6lt\u0151sor\" width=\"800\" height=\"450\" \/><\/span>\n<h4>M\u00e1rt\u00e1s\u00fcveg t\u00f6lt\u0151sor<\/h4>\n<\/div><\/div> <div class=\"su-column su-column-size-1-3\"><div class=\"su-column-inner su-u-clearfix su-u-trim\"><span class=\"su-lightbox\" data-mfp-src=\"https:\/\/www.youtube.com\/watch?v=Awf024KplYI\" data-mfp-type=\"iframe\" data-mobile=\"yes\"><img loading=\"lazy\" decoding=\"async\" class=\"alignnone size-full wp-image-5902\" src=\"https:\/\/www.vkpakmachine.com\/wp-content\/uploads\/Oil-Filling-Line.jpg\" alt=\"Olajt\u00f6lt\u0151 vonal\" width=\"800\" height=\"450\" \/><\/span>\n<h4>Olajt\u00f6lt\u0151 vonal<\/h4>\n<\/div><\/div><div class=\"su-column su-column-size-1-3\"><div class=\"su-column-inner su-u-clearfix su-u-trim\"><span class=\"su-lightbox\" data-mfp-src=\"https:\/\/www.youtube.com\/watch?v=LRNQFf6Qy-I\" data-mfp-type=\"iframe\" data-mobile=\"yes\"><img loading=\"lazy\" decoding=\"async\" class=\"alignnone size-full wp-image-5907\" src=\"https:\/\/www.vkpakmachine.com\/wp-content\/uploads\/Engine-Motor-Oil-Filling-Line.jpg\" alt=\"Motor motorolaj t\u00f6lt\u0151sor\" width=\"800\" height=\"450\" \/><\/span>\n<h4>Motor motorolaj t\u00f6lt\u0151sor<\/h4>\n<\/div><\/div><\/div>\n<div class=\"su-row\"><div class=\"su-column su-column-size-1-3\"><div class=\"su-column-inner su-u-clearfix su-u-trim\"><span class=\"su-lightbox\" data-mfp-src=\"https:\/\/www.youtube.com\/watch?v=vTZtm1Vcdv4\" data-mfp-type=\"iframe\" data-mobile=\"yes\"><img loading=\"lazy\" decoding=\"async\" class=\"alignnone size-full wp-image-5909\" src=\"https:\/\/www.vkpakmachine.com\/wp-content\/uploads\/Shampoo-Bottle-Filling-Line.jpg\" alt=\"Samponpalack t\u00f6lt\u0151sor\" width=\"800\" height=\"450\" \/><\/span>\n<h4>Samponpalack t\u00f6lt\u0151sor<\/h4>\n<\/div><\/div> <div class=\"su-column su-column-size-1-3\"><div class=\"su-column-inner su-u-clearfix su-u-trim\"><span class=\"su-lightbox\" data-mfp-src=\"https:\/\/www.youtube.com\/watch?v=W24lVc54zek\" data-mfp-type=\"iframe\" data-mobile=\"yes\"><img loading=\"lazy\" decoding=\"async\" class=\"alignnone size-full wp-image-5910\" src=\"https:\/\/www.vkpakmachine.com\/wp-content\/uploads\/Paint-Can-Filling-Line.jpg\" alt=\"Fest\u00e9kdoboz t\u00f6lt\u0151vonal\" width=\"800\" height=\"450\" \/><\/span>\n<h4>Fest\u00e9kdoboz t\u00f6lt\u0151vonal<\/h4>\n<\/div><\/div><div class=\"su-column su-column-size-1-3\"><div class=\"su-column-inner su-u-clearfix su-u-trim\"><span class=\"su-lightbox\" data-mfp-src=\"https:\/\/www.youtube.com\/watch?v=oTDLmhztyzE\" data-mfp-type=\"iframe\" data-mobile=\"yes\"><img loading=\"lazy\" decoding=\"async\" class=\"alignnone size-full wp-image-5911\" src=\"https:\/\/www.vkpakmachine.com\/wp-content\/uploads\/Olive-Oil-Filling-Line.jpg\" alt=\"Ol\u00edvaolaj t\u00f6lt\u0151sor\" width=\"800\" height=\"450\" \/><\/span>\n<h4>Ol\u00edvaolaj t\u00f6lt\u0151sor<\/h4>\n<\/div><\/div><\/div>\n<div class=\"su-row\"><div class=\"su-column su-column-size-1-3\"><div class=\"su-column-inner su-u-clearfix su-u-trim\"><span class=\"su-lightbox\" data-mfp-src=\"https:\/\/www.youtube.com\/watch?v=r89QQwn64Gc\" data-mfp-type=\"iframe\" data-mobile=\"yes\"><img loading=\"lazy\" decoding=\"async\" src=\"https:\/\/www.vkpakmachine.com\/wp-content\/uploads\/Single-Head-Filling-Line-For-Sauce-Shampoo.jpg\" alt=\"Egyfej\u0171 t\u00f6lt\u0151sor sz\u00f3szhoz, samponhoz\" width=\"800\" height=\"450\" class=\"alignnone size-full wp-image-6004\" \/><\/span>\n<h4>Egyfej\u0171 t\u00f6lt\u0151sor sz\u00f3szhoz, samponhoz<\/h4>\n<\/div><\/div> <div class=\"su-column su-column-size-1-3\"><div class=\"su-column-inner su-u-clearfix su-u-trim\"><span class=\"su-lightbox\" data-mfp-src=\"https:\/\/www.youtube.com\/watch?v=tjfXND62c1Q\" data-mfp-type=\"iframe\" data-mobile=\"yes\"><img loading=\"lazy\" decoding=\"async\" src=\"https:\/\/www.vkpakmachine.com\/wp-content\/uploads\/Anti-Corrosion-Filling-Line-For-1-Gallon-Bleach.jpg\" alt=\"Korr\u00f3zi\u00f3g\u00e1tl\u00f3 t\u00f6lt\u0151sor 1 gallon feh\u00e9r\u00edt\u0151h\u00f6z\" width=\"800\" height=\"450\" class=\"alignnone size-full wp-image-6005\" \/><\/span>\n<h4>Korr\u00f3zi\u00f3g\u00e1tl\u00f3 t\u00f6lt\u0151sor 1 gallon feh\u00e9r\u00edt\u0151h\u00f6z<\/h4>\n<\/div><\/div><div class=\"su-column su-column-size-1-3\"><div class=\"su-column-inner su-u-clearfix su-u-trim\"><span class=\"su-lightbox\" data-mfp-src=\"https:\/\/www.youtube.com\/watch?v=pF-Ujb22Uv0\" data-mfp-type=\"iframe\" data-mobile=\"yes\"><img loading=\"lazy\" decoding=\"async\" src=\"https:\/\/www.vkpakmachine.com\/wp-content\/uploads\/10-20L-Barrel-Net-Weight-Filling-Line.jpg\" alt=\"10-20L hord\u00f3 nett\u00f3 t\u00f6meg\u0171 t\u00f6lt\u0151sor\" width=\"800\" height=\"450\" class=\"alignnone size-full wp-image-6006\" \/><\/span>\n<h4>10-20L hord\u00f3 nett\u00f3 t\u00f6meg\u0171 t\u00f6lt\u0151sor<\/h4>\n<\/div><\/div><\/div>\n<div class=\"su-row\"><div class=\"su-column su-column-size-1-3\"><div class=\"su-column-inner su-u-clearfix su-u-trim\"><span class=\"su-lightbox\" data-mfp-src=\"https:\/\/www.youtube.com\/watch?v=Cmc3w1dnkNI\" data-mfp-type=\"iframe\" data-mobile=\"yes\"><img loading=\"lazy\" decoding=\"async\" src=\"https:\/\/www.vkpakmachine.com\/wp-content\/uploads\/5L-Lubricating-Oil-F-Style-Bottle-Filling-Line.jpg\" alt=\"5 literes ken\u0151olaj F-st\u00edlus\u00fa palackt\u00f6lt\u0151 sor\" width=\"800\" height=\"450\" class=\"alignnone size-full wp-image-6007\" \/><\/span>\n<h4>5 literes ken\u0151olaj F-st\u00edlus\u00fa palackt\u00f6lt\u0151 sor<\/h4>\n<\/div><\/div> <div class=\"su-column su-column-size-1-3\"><div class=\"su-column-inner su-u-clearfix su-u-trim\"><span class=\"su-lightbox\" data-mfp-src=\"https:\/\/www.youtube.com\/watch?v=oYadNOTOy84\" data-mfp-type=\"iframe\" data-mobile=\"yes\"><img loading=\"lazy\" decoding=\"async\" src=\"https:\/\/www.vkpakmachine.com\/wp-content\/uploads\/Linear-Mango-Juice-Bottle-Filling-Machine.jpg\" alt=\"Line\u00e1ris mang\u00f3l\u00e9 palackt\u00f6lt\u0151 g\u00e9p\" width=\"800\" height=\"450\" class=\"alignnone size-full wp-image-6008\" \/><\/span>\n<h4>Line\u00e1ris mang\u00f3l\u00e9 palackt\u00f6lt\u0151 g\u00e9p<\/h4>\n<\/div><\/div><div class=\"su-column su-column-size-1-3\"><div class=\"su-column-inner su-u-clearfix su-u-trim\"><span class=\"su-lightbox\" data-mfp-src=\"https:\/\/www.youtube.com\/watch?v=uwvf0feVNhs\" data-mfp-type=\"iframe\" data-mobile=\"yes\"><img loading=\"lazy\" decoding=\"async\" src=\"https:\/\/www.vkpakmachine.com\/wp-content\/uploads\/Filling-Line-For-Shampoo-Shower-Gel.jpg\" alt=\"Kit\u00f6lt\u0151 vonal samponhoz, tusf\u00fcrd\u0151h\u00f6z\" width=\"800\" height=\"450\" class=\"alignnone size-full wp-image-6009\" \/><\/span>\n<h4>Kit\u00f6lt\u0151 vonal samponhoz, tusf\u00fcrd\u0151h\u00f6z<\/h4>\n<\/div><\/div><\/div>\n<div class=\"su-button-center\"><a href=\"https:\/\/www.youtube.com\/playlist?list=PLGNCWPBfhNLhVZvyWwPSGxfjP2RmVn3ry\" class=\"su-button su-button-style-default\" style=\"color:#FFFFFF;background-color:#ea6f22;border-color:#bc591c;border-radius:6px;-moz-border-radius:6px;-webkit-border-radius:6px\" target=\"_blank\" rel=\"noopener noreferrer\"><span style=\"color:#FFFFFF;padding:6px 18px;font-size:14px;line-height:21px;border-color:#f19b65;border-radius:6px;-moz-border-radius:6px;-webkit-border-radius:6px;text-shadow:none;-moz-text-shadow:none;-webkit-text-shadow:none\"><i class=\"sui sui-fast-forward\" style=\"font-size:14px;color:#FFFFFF\"><\/i> Tekintse meg a foly\u00e9kony t\u00f6lt\u0151g\u00e9pekkel kapcsolatos tov\u00e1bbi vide\u00f3kat<\/span><\/a><\/div>\n<h2>Port\u00f6lt\u0151 g\u00e9p vide\u00f3k<\/h2>\n<div class=\"su-row\"><div class=\"su-column su-column-size-1-3\"><div class=\"su-column-inner su-u-clearfix su-u-trim\"><span class=\"su-lightbox\" data-mfp-src=\"https:\/\/www.youtube.com\/watch?v=LGCwnVQUMHw\" data-mfp-type=\"iframe\" data-mobile=\"yes\"><img loading=\"lazy\" decoding=\"async\" src=\"https:\/\/www.vkpakmachine.com\/wp-content\/uploads\/Automatic-Rotary-Powder-Bottle-Filling-Machine.jpg\" alt=\"Automata forg\u00f3poros palackt\u00f6lt\u0151 g\u00e9p\" width=\"800\" height=\"450\" class=\"alignnone size-full wp-image-6012\" \/><\/span>\n<h4>Automata forg\u00f3poros palackt\u00f6lt\u0151 g\u00e9p<\/h4>\n<\/div><\/div> <div class=\"su-column su-column-size-1-3\"><div class=\"su-column-inner su-u-clearfix su-u-trim\"><span class=\"su-lightbox\" data-mfp-src=\"https:\/\/www.youtube.com\/watch?v=m-DxwsmfIAw\" data-mfp-type=\"iframe\" data-mobile=\"yes\"><img loading=\"lazy\" decoding=\"async\" src=\"https:\/\/www.vkpakmachine.com\/wp-content\/uploads\/Double-Head-Powder-Bottle-Filling-Machine.jpg\" alt=\"K\u00e9tfej\u0171 porpalackt\u00f6lt\u0151 g\u00e9p\" width=\"800\" height=\"450\" class=\"alignnone size-full wp-image-6013\" \/><\/span>\n<h4>K\u00e9tfej\u0171 porpalackt\u00f6lt\u0151 g\u00e9p<\/h4>\n<\/div><\/div><div class=\"su-column su-column-size-1-3\"><div class=\"su-column-inner su-u-clearfix su-u-trim\"><span class=\"su-lightbox\" data-mfp-src=\"https:\/\/www.youtube.com\/watch?v=8QZonjW9huU\" data-mfp-type=\"iframe\" data-mobile=\"yes\"><img loading=\"lazy\" decoding=\"async\" src=\"https:\/\/www.vkpakmachine.com\/wp-content\/uploads\/Monoblock-Powder-Bottle-Filling-And-Capping-Machine.jpg\" alt=\"Monoblokk porpalack t\u00f6lt\u0151 \u00e9s kupakol\u00f3 g\u00e9p\" width=\"800\" height=\"450\" class=\"alignnone size-full wp-image-6014\" \/><\/span>\n<h4>Monoblokk porpalack t\u00f6lt\u0151 \u00e9s kupakol\u00f3 g\u00e9p<\/h4>\n<\/div><\/div><\/div>\n<div class=\"su-row\"><div class=\"su-column su-column-size-1-3\"><div class=\"su-column-inner su-u-clearfix su-u-trim\"><span class=\"su-lightbox\" data-mfp-src=\"https:\/\/www.youtube.com\/watch?v=-SNTriVUWFk\" data-mfp-type=\"iframe\" data-mobile=\"yes\"><img loading=\"lazy\" decoding=\"async\" src=\"https:\/\/www.vkpakmachine.com\/wp-content\/uploads\/Automatic-Low-Cost-Powder-Bottle-Filling-Machine.jpg\" alt=\"Automata alacsony k\u00f6lts\u00e9g\u0171 porpalackt\u00f6lt\u0151 g\u00e9p\" width=\"800\" height=\"450\" class=\"alignnone size-full wp-image-6015\" \/><\/span>\n<h4>Automata alacsony k\u00f6lts\u00e9g\u0171 porpalackt\u00f6lt\u0151 g\u00e9p<\/h4>\n<\/div><\/div> <div class=\"su-column su-column-size-1-3\"><div class=\"su-column-inner su-u-clearfix su-u-trim\"><span class=\"su-lightbox\" data-mfp-src=\"https:\/\/www.youtube.com\/watch?v=B5Vmylb-Xqo\" data-mfp-type=\"iframe\" data-mobile=\"yes\"><img loading=\"lazy\" decoding=\"async\" src=\"https:\/\/www.vkpakmachine.com\/wp-content\/uploads\/Automatic-Three-Head-Powder-Bottle-Filling-Machine.jpg\" alt=\"Automata h\u00e1romfej\u0171 porpalackt\u00f6lt\u0151 g\u00e9p\" width=\"800\" height=\"450\" class=\"alignnone size-full wp-image-6016\" \/><\/span>\n<h4>Automata h\u00e1romfej\u0171 porpalackt\u00f6lt\u0151 g\u00e9p<\/h4>\n<\/div><\/div><div class=\"su-column su-column-size-1-3\"><div class=\"su-column-inner su-u-clearfix su-u-trim\"><span class=\"su-lightbox\" data-mfp-src=\"https:\/\/www.youtube.com\/watch?v=iq9Vu4IkVf4\" data-mfp-type=\"iframe\" data-mobile=\"yes\"><img loading=\"lazy\" decoding=\"async\" src=\"https:\/\/www.vkpakmachine.com\/wp-content\/uploads\/Automatic-Single-Head-Servo-Auger-Filler-Machine.jpg\" alt=\"Automata egyfej\u0171 szervocsiga t\u00f6lt\u0151g\u00e9p\" width=\"800\" height=\"450\" class=\"alignnone size-full wp-image-6017\" \/><\/span>\n<h4>Automata egyfej\u0171 szervocsiga t\u00f6lt\u0151g\u00e9p<\/h4>\n<\/div><\/div><\/div>\n<div class=\"su-button-center\"><a href=\"https:\/\/www.youtube.com\/playlist?list=PLGNCWPBfhNLipeBIld5zQTKGvS9WWmGC1\" class=\"su-button su-button-style-default\" style=\"color:#FFFFFF;background-color:#ea6f22;border-color:#bc591c;border-radius:6px;-moz-border-radius:6px;-webkit-border-radius:6px\" target=\"_blank\" rel=\"noopener noreferrer\"><span style=\"color:#FFFFFF;padding:6px 18px;font-size:14px;line-height:21px;border-color:#f19b65;border-radius:6px;-moz-border-radius:6px;-webkit-border-radius:6px;text-shadow:none;-moz-text-shadow:none;-webkit-text-shadow:none\"><i class=\"sui sui-fast-forward\" style=\"font-size:14px;color:#FFFFFF\"><\/i> Tov\u00e1bbi vide\u00f3k a port\u00f6lt\u0151 g\u00e9pr\u0151l<\/span><\/a><\/div>","protected":false},"excerpt":{"rendered":"<p>Foly\u00e9kony t\u00f6lt\u0151g\u00e9p Vide\u00f3k Port\u00f6lt\u0151 g\u00e9p Vide\u00f3k<\/p>","protected":false},"author":1,"featured_media":0,"parent":0,"menu_order":0,"comment_status":"closed","ping_status":"closed","template":"","meta":{"footnotes":""},"yoast_head":"<!-- This site is optimized with the Yoast SEO plugin v22.5 - https:\/\/yoast.com\/wordpress\/plugins\/seo\/ -->\n<title>Filling Machine Videos - VKPAK<\/title>\n<meta name=\"robots\" content=\"index, follow, max-snippet:-1, max-image-preview:large, max-video-preview:-1\" \/>\n<link rel=\"canonical\" href=\"https:\/\/www.vkpakmachine.com\/hu\/filling-machine-videos\/\" \/>\n<script type=\"application\/ld+json\" class=\"yoast-schema-graph\">{\"@context\":\"https:\/\/schema.org\",\"@graph\":[{\"@type\":\"WebPage\",\"@id\":\"https:\/\/www.vkpakmachine.com\/lv\/filling-machine-videos\/\",\"url\":\"https:\/\/www.vkpakmachine.com\/lv\/filling-machine-videos\/\",\"name\":\"Filling Machine Videos - VKPAK\",\"isPartOf\":{\"@id\":\"https:\/\/www.vkpakmachine.com\/lv\/#website\"},\"primaryImageOfPage\":{\"@id\":\"https:\/\/www.vkpakmachine.com\/lv\/filling-machine-videos\/#primaryimage\"},\"image\":{\"@id\":\"https:\/\/www.vkpakmachine.com\/lv\/filling-machine-videos\/#primaryimage\"},\"thumbnailUrl\":\"https:\/\/www.vkpakmachine.com\/wp-content\/uploads\/Sauce-Filling-Line.jpg\",\"datePublished\":\"2024-03-27T10:01:24+00:00\",\"dateModified\":\"2024-04-03T10:00:34+00:00\",\"breadcrumb\":{\"@id\":\"https:\/\/www.vkpakmachine.com\/lv\/filling-machine-videos\/#breadcrumb\"},\"inLanguage\":\"hu\",\"potentialAction\":[{\"@type\":\"ReadAction\",\"target\":[\"https:\/\/www.vkpakmachine.com\/lv\/filling-machine-videos\/\"]}]},{\"@type\":\"ImageObject\",\"inLanguage\":\"hu\",\"@id\":\"https:\/\/www.vkpakmachine.com\/lv\/filling-machine-videos\/#primaryimage\",\"url\":\"https:\/\/www.vkpakmachine.com\/wp-content\/uploads\/Sauce-Filling-Line.jpg\",\"contentUrl\":\"https:\/\/www.vkpakmachine.com\/wp-content\/uploads\/Sauce-Filling-Line.jpg\"},{\"@type\":\"BreadcrumbList\",\"@id\":\"https:\/\/www.vkpakmachine.com\/lv\/filling-machine-videos\/#breadcrumb\",\"itemListElement\":[{\"@type\":\"ListItem\",\"position\":1,\"name\":\"Home\",\"item\":\"https:\/\/www.vkpakmachine.com\/lv\/\"},{\"@type\":\"ListItem\",\"position\":2,\"name\":\"Filling Machine Videos\"}]},{\"@type\":\"WebSite\",\"@id\":\"https:\/\/www.vkpakmachine.com\/lv\/#website\",\"url\":\"https:\/\/www.vkpakmachine.com\/lv\/\",\"name\":\"VKPAK\",\"description\":\"\",\"publisher\":{\"@id\":\"https:\/\/www.vkpakmachine.com\/lv\/#organization\"},\"potentialAction\":[{\"@type\":\"SearchAction\",\"target\":{\"@type\":\"EntryPoint\",\"urlTemplate\":\"https:\/\/www.vkpakmachine.com\/lv\/?s={search_term_string}\"},\"query-input\":\"required name=search_term_string\"}],\"inLanguage\":\"hu\"},{\"@type\":\"Organization\",\"@id\":\"https:\/\/www.vkpakmachine.com\/lv\/#organization\",\"name\":\"VKPAK\",\"url\":\"https:\/\/www.vkpakmachine.com\/lv\/\",\"logo\":{\"@type\":\"ImageObject\",\"inLanguage\":\"hu\",\"@id\":\"https:\/\/www.vkpakmachine.com\/lv\/#\/schema\/logo\/image\/\",\"url\":\"https:\/\/www.vkpakmachine.com\/wp-content\/uploads\/Logo.png\",\"contentUrl\":\"https:\/\/www.vkpakmachine.com\/wp-content\/uploads\/Logo.png\",\"width\":300,\"height\":57,\"caption\":\"VKPAK\"},\"image\":{\"@id\":\"https:\/\/www.vkpakmachine.com\/lv\/#\/schema\/logo\/image\/\"}}]}<\/script>\n<!-- \/ Yoast SEO plugin. -->","yoast_head_json":{"title":"Filling Machine Videos - VKPAK","robots":{"index":"index","follow":"follow","max-snippet":"max-snippet:-1","max-image-preview":"max-image-preview:large","max-video-preview":"max-video-preview:-1"},"canonical":"https:\/\/www.vkpakmachine.com\/hu\/filling-machine-videos\/","schema":{"@context":"https:\/\/schema.org","@graph":[{"@type":"WebPage","@id":"https:\/\/www.vkpakmachine.com\/lv\/filling-machine-videos\/","url":"https:\/\/www.vkpakmachine.com\/lv\/filling-machine-videos\/","name":"Filling Machine Videos - VKPAK","isPartOf":{"@id":"https:\/\/www.vkpakmachine.com\/lv\/#website"},"primaryImageOfPage":{"@id":"https:\/\/www.vkpakmachine.com\/lv\/filling-machine-videos\/#primaryimage"},"image":{"@id":"https:\/\/www.vkpakmachine.com\/lv\/filling-machine-videos\/#primaryimage"},"thumbnailUrl":"https:\/\/www.vkpakmachine.com\/wp-content\/uploads\/Sauce-Filling-Line.jpg","datePublished":"2024-03-27T10:01:24+00:00","dateModified":"2024-04-03T10:00:34+00:00","breadcrumb":{"@id":"https:\/\/www.vkpakmachine.com\/lv\/filling-machine-videos\/#breadcrumb"},"inLanguage":"hu","potentialAction":[{"@type":"ReadAction","target":["https:\/\/www.vkpakmachine.com\/lv\/filling-machine-videos\/"]}]},{"@type":"ImageObject","inLanguage":"hu","@id":"https:\/\/www.vkpakmachine.com\/lv\/filling-machine-videos\/#primaryimage","url":"https:\/\/www.vkpakmachine.com\/wp-content\/uploads\/Sauce-Filling-Line.jpg","contentUrl":"https:\/\/www.vkpakmachine.com\/wp-content\/uploads\/Sauce-Filling-Line.jpg"},{"@type":"BreadcrumbList","@id":"https:\/\/www.vkpakmachine.com\/lv\/filling-machine-videos\/#breadcrumb","itemListElement":[{"@type":"ListItem","position":1,"name":"Home","item":"https:\/\/www.vkpakmachine.com\/lv\/"},{"@type":"ListItem","position":2,"name":"Filling Machine Videos"}]},{"@type":"WebSite","@id":"https:\/\/www.vkpakmachine.com\/lv\/#website","url":"https:\/\/www.vkpakmachine.com\/lv\/","name":"VKPAK","description":"","publisher":{"@id":"https:\/\/www.vkpakmachine.com\/lv\/#organization"},"potentialAction":[{"@type":"SearchAction","target":{"@type":"EntryPoint","urlTemplate":"https:\/\/www.vkpakmachine.com\/lv\/?s={search_term_string}"},"query-input":"required name=search_term_string"}],"inLanguage":"hu"},{"@type":"Organization","@id":"https:\/\/www.vkpakmachine.com\/lv\/#organization","name":"VKPAK","url":"https:\/\/www.vkpakmachine.com\/lv\/","logo":{"@type":"ImageObject","inLanguage":"hu","@id":"https:\/\/www.vkpakmachine.com\/lv\/#\/schema\/logo\/image\/","url":"https:\/\/www.vkpakmachine.com\/wp-content\/uploads\/Logo.png","contentUrl":"https:\/\/www.vkpakmachine.com\/wp-content\/uploads\/Logo.png","width":300,"height":57,"caption":"VKPAK"},"image":{"@id":"https:\/\/www.vkpakmachine.com\/lv\/#\/schema\/logo\/image\/"}}]}},"_links":{"self":[{"href":"https:\/\/www.vkpakmachine.com\/hu\/wp-json\/wp\/v2\/pages\/5900"}],"collection":[{"href":"https:\/\/www.vkpakmachine.com\/hu\/wp-json\/wp\/v2\/pages"}],"about":[{"href":"https:\/\/www.vkpakmachine.com\/hu\/wp-json\/wp\/v2\/types\/page"}],"author":[{"embeddable":true,"href":"https:\/\/www.vkpakmachine.com\/hu\/wp-json\/wp\/v2\/users\/1"}],"replies":[{"embeddable":true,"href":"https:\/\/www.vkpakmachine.com\/hu\/wp-json\/wp\/v2\/comments?post=5900"}],"version-history":[{"count":0,"href":"https:\/\/www.vkpakmachine.com\/hu\/wp-json\/wp\/v2\/pages\/5900\/revisions"}],"wp:attachment":[{"href":"https:\/\/www.vkpakmachine.com\/hu\/wp-json\/wp\/v2\/media?parent=5900"}],"curies":[{"name":"wp","href":"https:\/\/api.w.org\/{rel}","templated":true}]}}