{"id":2426,"date":"2022-12-26T07:11:57","date_gmt":"2022-12-26T07:11:57","guid":{"rendered":"https:\/\/www.vkpakmachine.com\/?page_id=2426"},"modified":"2022-12-26T07:11:57","modified_gmt":"2022-12-26T07:11:57","slug":"service","status":"publish","type":"page","link":"https:\/\/www.vkpakmachine.com\/hu\/service\/","title":{"rendered":"Szolg\u00e1ltat\u00e1s"},"content":{"rendered":"<h3>Kik\u00e9pz\u00e9s:<\/h3>\n<p>G\u00e9pi k\u00e9pz\u00e9si rendszert k\u00edn\u00e1lunk, az \u00fcgyf\u00e9l v\u00e1laszthat a gy\u00e1runkban vagy az \u00fcgyf\u00e9lm\u0171helyben t\u00f6rt\u00e9n\u0151 k\u00e9pz\u00e9st. A norm\u00e1l edz\u00e9snapok 3-5 naposak.<\/p>\n<p>Haszn\u00e1lati \u00fatmutat\u00f3t k\u00edn\u00e1lunk \u00fcgyfeleinknek.<\/p>\n<p>Oktat\u00f3vide\u00f3t \u00e9s g\u00e9pkezel\u00e9si vide\u00f3t k\u00edn\u00e1lunk az \u00fcgyfeleknek.<\/p>\n<p>T\u00e1vir\u00e1ny\u00edt\u00f3 szolg\u00e1ltat\u00e1st k\u00edn\u00e1lunk, ha az \u00fcgyf\u00e9l nem tudja, hogyan kell kezelni \u00e9s haszn\u00e1lni a g\u00e9pet.<\/p>\n<h3>Telep\u00edt\u00e9s:<\/h3>\n<p>Ig\u00e9ny eset\u00e9n m\u00e9rn\u00f6k\u00f6ket k\u00fcld\u00fcnk a berendez\u00e9s telep\u00edt\u00e9s\u00e9nek \u00e9s hibakeres\u00e9s\u00e9nek elv\u00e9gz\u00e9s\u00e9re a vev\u0151 hely\u00e9n. A nemzetk\u00f6zi k\u00e9tir\u00e1ny\u00fa rep\u00fcl\u0151jegyek, a sz\u00e1ll\u00e1s, az \u00e9tkez\u00e9s \u00e9s a sz\u00e1ll\u00edt\u00e1s, valamint az orvosi k\u00f6lts\u00e9geket a Vev\u0151 fizeti a m\u00e9rn\u00f6k\u00f6k\u00e9rt. Vev\u0151nek teljes m\u00e9rt\u00e9kben egy\u00fctt kell m\u0171k\u00f6dnie a Sz\u00e1ll\u00edt\u00f3 m\u00e9rn\u00f6k\u00e9vel, \u00e9s minden szerel\u00e9si \u00e1llapotot munk\u00e1ra k\u00e9szen kell tennie.<\/p>\n<h3>Garancia:<\/h3>\n<p>A Gy\u00e1rt\u00f3 garant\u00e1lja, hogy az \u00e1ruk a Gy\u00e1rt\u00f3 legjobb anyagaib\u00f3l k\u00e9sz\u00fclnek. Az eladott g\u00e9pre egy \u00e9ven bel\u00fcl garanci\u00e1t v\u00e1llalunk, a garancia \u00e9v\u00e9ben a sz\u00e1ll\u00edt\u00f3 min\u0151s\u00e9gi probl\u00e9m\u00e1ja miatt elromlott alkatr\u00e9szekre, az alkatr\u00e9szeket ingyenesen sz\u00e1ll\u00edtj\u00e1k az \u00fcgyf\u00e9lnek, az \u00fcgyf\u00e9lnek ki kell fizetnie a sz\u00e1ll\u00edt\u00e1si k\u00f6lts\u00e9get, ha a csomag s\u00falya meghaladja az 500 grammot.<\/p>\n<h3>\u00c9rt\u00e9kes\u00edt\u00e9s ut\u00e1ni beszerel\u00e9si g\u00e9pek<\/h3>\n<div class=\"su-custom-gallery su-custom-gallery-title-hover su-lightbox-gallery\"><div class=\"su-custom-gallery-slide\"><a href=\"https:\/\/www.vkpakmachine.com\/wp-content\/uploads\/After-sales-installation-machinery-2.jpg\" title=\"\u00c9rt\u00e9kes\u00edt\u00e9s ut\u00e1ni be\u00e9p\u00edt\u0151 g\u00e9pek\"><img loading=\"lazy\" decoding=\"async\" src=\"https:\/\/www.vkpakmachine.com\/wp-content\/uploads\/After-sales-installation-machinery-2-380x250.jpg\" alt=\"\u00c9rt\u00e9kes\u00edt\u00e9s ut\u00e1ni be\u00e9p\u00edt\u0151 g\u00e9pek\" width=\"380\" height=\"250\" \/><span class=\"su-custom-gallery-title\">\u00c9rt\u00e9kes\u00edt\u00e9s ut\u00e1ni be\u00e9p\u00edt\u0151 g\u00e9pek<\/span><\/a><\/div><div class=\"su-custom-gallery-slide\"><a href=\"https:\/\/www.vkpakmachine.com\/wp-content\/uploads\/After-sales-installation-machinery-3.jpg\" title=\"\u00c9rt\u00e9kes\u00edt\u00e9s ut\u00e1ni be\u00e9p\u00edt\u0151 g\u00e9pek\"><img loading=\"lazy\" decoding=\"async\" src=\"https:\/\/www.vkpakmachine.com\/wp-content\/uploads\/After-sales-installation-machinery-3-380x250.jpg\" alt=\"\u00c9rt\u00e9kes\u00edt\u00e9s ut\u00e1ni be\u00e9p\u00edt\u0151 g\u00e9pek\" width=\"380\" height=\"250\" \/><span class=\"su-custom-gallery-title\">\u00c9rt\u00e9kes\u00edt\u00e9s ut\u00e1ni be\u00e9p\u00edt\u0151 g\u00e9pek<\/span><\/a><\/div><div class=\"su-custom-gallery-slide\"><a href=\"https:\/\/www.vkpakmachine.com\/wp-content\/uploads\/After-sales-installation-machinery.jpg\" title=\"\u00c9rt\u00e9kes\u00edt\u00e9s ut\u00e1ni be\u00e9p\u00edt\u0151 g\u00e9pek\"><img loading=\"lazy\" decoding=\"async\" src=\"https:\/\/www.vkpakmachine.com\/wp-content\/uploads\/After-sales-installation-machinery-380x250.jpg\" alt=\"\u00c9rt\u00e9kes\u00edt\u00e9s ut\u00e1ni be\u00e9p\u00edt\u0151 g\u00e9pek\" width=\"380\" height=\"250\" \/><span class=\"su-custom-gallery-title\">\u00c9rt\u00e9kes\u00edt\u00e9s ut\u00e1ni be\u00e9p\u00edt\u0151 g\u00e9pek<\/span><\/a><\/div><div class=\"su-clear\"><\/div><\/div>","protected":false},"excerpt":{"rendered":"<p>K\u00e9pz\u00e9s: G\u00e9pek k\u00e9pz\u00e9si rendszer\u00e9t k\u00edn\u00e1ljuk, az \u00fcgyf\u00e9l v\u00e1laszthat k\u00e9pz\u00e9st gy\u00e1runkban vagy az \u00fcgyf\u00e9l m\u0171hely\u00e9ben. A norm\u00e1l edz\u00e9snapok 3-5 naposak. Haszn\u00e1lati \u00fatmutat\u00f3t k\u00edn\u00e1lunk \u00fcgyfeleinknek. Oktat\u00f3vide\u00f3t \u00e9s g\u00e9pkezel\u00e9si vide\u00f3t k\u00edn\u00e1lunk\u2026&nbsp;<a href=\"https:\/\/www.vkpakmachine.com\/hu\/service\/\" class=\"more-link\">Olvass tov\u00e1bb<\/a><\/p>","protected":false},"author":1,"featured_media":0,"parent":0,"menu_order":0,"comment_status":"closed","ping_status":"closed","template":"","meta":{"footnotes":""},"yoast_head":"<!-- This site is optimized with the Yoast SEO plugin v22.5 - https:\/\/yoast.com\/wordpress\/plugins\/seo\/ -->\n<title>Service - VKPAK<\/title>\n<meta name=\"robots\" content=\"index, follow, max-snippet:-1, max-image-preview:large, max-video-preview:-1\" \/>\n<link rel=\"canonical\" href=\"https:\/\/www.vkpakmachine.com\/hu\/service\/\" \/>\n<script type=\"application\/ld+json\" class=\"yoast-schema-graph\">{\"@context\":\"https:\/\/schema.org\",\"@graph\":[{\"@type\":\"WebPage\",\"@id\":\"https:\/\/www.vkpakmachine.com\/lt\/service\/\",\"url\":\"https:\/\/www.vkpakmachine.com\/lt\/service\/\",\"name\":\"Service - VKPAK\",\"isPartOf\":{\"@id\":\"https:\/\/www.vkpakmachine.com\/lv\/#website\"},\"datePublished\":\"2022-12-26T07:11:57+00:00\",\"dateModified\":\"2022-12-26T07:11:57+00:00\",\"breadcrumb\":{\"@id\":\"https:\/\/www.vkpakmachine.com\/lt\/service\/#breadcrumb\"},\"inLanguage\":\"hu\",\"potentialAction\":[{\"@type\":\"ReadAction\",\"target\":[\"https:\/\/www.vkpakmachine.com\/lt\/service\/\"]}]},{\"@type\":\"BreadcrumbList\",\"@id\":\"https:\/\/www.vkpakmachine.com\/lt\/service\/#breadcrumb\",\"itemListElement\":[{\"@type\":\"ListItem\",\"position\":1,\"name\":\"Home\",\"item\":\"https:\/\/www.vkpakmachine.com\/lv\/\"},{\"@type\":\"ListItem\",\"position\":2,\"name\":\"Service\"}]},{\"@type\":\"WebSite\",\"@id\":\"https:\/\/www.vkpakmachine.com\/lv\/#website\",\"url\":\"https:\/\/www.vkpakmachine.com\/lv\/\",\"name\":\"VKPAK\",\"description\":\"\",\"publisher\":{\"@id\":\"https:\/\/www.vkpakmachine.com\/lv\/#organization\"},\"potentialAction\":[{\"@type\":\"SearchAction\",\"target\":{\"@type\":\"EntryPoint\",\"urlTemplate\":\"https:\/\/www.vkpakmachine.com\/lv\/?s={search_term_string}\"},\"query-input\":\"required name=search_term_string\"}],\"inLanguage\":\"hu\"},{\"@type\":\"Organization\",\"@id\":\"https:\/\/www.vkpakmachine.com\/lv\/#organization\",\"name\":\"VKPAK\",\"url\":\"https:\/\/www.vkpakmachine.com\/lv\/\",\"logo\":{\"@type\":\"ImageObject\",\"inLanguage\":\"hu\",\"@id\":\"https:\/\/www.vkpakmachine.com\/lv\/#\/schema\/logo\/image\/\",\"url\":\"https:\/\/www.vkpakmachine.com\/wp-content\/uploads\/Logo.png\",\"contentUrl\":\"https:\/\/www.vkpakmachine.com\/wp-content\/uploads\/Logo.png\",\"width\":300,\"height\":57,\"caption\":\"VKPAK\"},\"image\":{\"@id\":\"https:\/\/www.vkpakmachine.com\/lv\/#\/schema\/logo\/image\/\"}}]}<\/script>\n<!-- \/ Yoast SEO plugin. -->","yoast_head_json":{"title":"Service - VKPAK","robots":{"index":"index","follow":"follow","max-snippet":"max-snippet:-1","max-image-preview":"max-image-preview:large","max-video-preview":"max-video-preview:-1"},"canonical":"https:\/\/www.vkpakmachine.com\/hu\/service\/","schema":{"@context":"https:\/\/schema.org","@graph":[{"@type":"WebPage","@id":"https:\/\/www.vkpakmachine.com\/lt\/service\/","url":"https:\/\/www.vkpakmachine.com\/lt\/service\/","name":"Service - VKPAK","isPartOf":{"@id":"https:\/\/www.vkpakmachine.com\/lv\/#website"},"datePublished":"2022-12-26T07:11:57+00:00","dateModified":"2022-12-26T07:11:57+00:00","breadcrumb":{"@id":"https:\/\/www.vkpakmachine.com\/lt\/service\/#breadcrumb"},"inLanguage":"hu","potentialAction":[{"@type":"ReadAction","target":["https:\/\/www.vkpakmachine.com\/lt\/service\/"]}]},{"@type":"BreadcrumbList","@id":"https:\/\/www.vkpakmachine.com\/lt\/service\/#breadcrumb","itemListElement":[{"@type":"ListItem","position":1,"name":"Home","item":"https:\/\/www.vkpakmachine.com\/lv\/"},{"@type":"ListItem","position":2,"name":"Service"}]},{"@type":"WebSite","@id":"https:\/\/www.vkpakmachine.com\/lv\/#website","url":"https:\/\/www.vkpakmachine.com\/lv\/","name":"VKPAK","description":"","publisher":{"@id":"https:\/\/www.vkpakmachine.com\/lv\/#organization"},"potentialAction":[{"@type":"SearchAction","target":{"@type":"EntryPoint","urlTemplate":"https:\/\/www.vkpakmachine.com\/lv\/?s={search_term_string}"},"query-input":"required name=search_term_string"}],"inLanguage":"hu"},{"@type":"Organization","@id":"https:\/\/www.vkpakmachine.com\/lv\/#organization","name":"VKPAK","url":"https:\/\/www.vkpakmachine.com\/lv\/","logo":{"@type":"ImageObject","inLanguage":"hu","@id":"https:\/\/www.vkpakmachine.com\/lv\/#\/schema\/logo\/image\/","url":"https:\/\/www.vkpakmachine.com\/wp-content\/uploads\/Logo.png","contentUrl":"https:\/\/www.vkpakmachine.com\/wp-content\/uploads\/Logo.png","width":300,"height":57,"caption":"VKPAK"},"image":{"@id":"https:\/\/www.vkpakmachine.com\/lv\/#\/schema\/logo\/image\/"}}]}},"_links":{"self":[{"href":"https:\/\/www.vkpakmachine.com\/hu\/wp-json\/wp\/v2\/pages\/2426"}],"collection":[{"href":"https:\/\/www.vkpakmachine.com\/hu\/wp-json\/wp\/v2\/pages"}],"about":[{"href":"https:\/\/www.vkpakmachine.com\/hu\/wp-json\/wp\/v2\/types\/page"}],"author":[{"embeddable":true,"href":"https:\/\/www.vkpakmachine.com\/hu\/wp-json\/wp\/v2\/users\/1"}],"replies":[{"embeddable":true,"href":"https:\/\/www.vkpakmachine.com\/hu\/wp-json\/wp\/v2\/comments?post=2426"}],"version-history":[{"count":0,"href":"https:\/\/www.vkpakmachine.com\/hu\/wp-json\/wp\/v2\/pages\/2426\/revisions"}],"wp:attachment":[{"href":"https:\/\/www.vkpakmachine.com\/hu\/wp-json\/wp\/v2\/media?parent=2426"}],"curies":[{"name":"wp","href":"https:\/\/api.w.org\/{rel}","templated":true}]}}