{"id":2416,"date":"2022-12-26T07:10:01","date_gmt":"2022-12-26T07:10:01","guid":{"rendered":"https:\/\/www.vkpakmachine.com\/?page_id=2416"},"modified":"2022-12-26T07:10:01","modified_gmt":"2022-12-26T07:10:01","slug":"our-team","status":"publish","type":"page","link":"https:\/\/www.vkpakmachine.com\/hu\/our-team\/","title":{"rendered":"Csapatunk"},"content":{"rendered":"<p>Csapatunk egyszem\u00e9lyes csapat, nagy teljes\u00edtm\u00e9ny\u0171 csapat \u00e9s legy\u0151zhetetlen csapat. Mindenki j\u00f3l csapattudatos, j\u00f3 kommunik\u00e1ci\u00f3s \u00e9s koordin\u00e1ci\u00f3s k\u00e9pess\u00e9ggel rendelkezik; Kem\u00e9nyen, apr\u00f3l\u00e9kosan \u00e9s t\u00fcrelemmel dolgozva megengedheti mag\u00e1nak a munka nyom\u00e1s\u00e1t, amely nagyon j\u00f3l ismeri az \u00fczleti folyamatot \u00e9s tudja, hogyan lehet jobban kiszolg\u00e1lni az \u00fcgyfeleket, er\u0151s gyakorlati k\u00fclkereskedelmi k\u00e9pess\u00e9ggel rendelkezik, szorgalmas \u00e9s odaad\u00f3 karrier, minden nap egy kis el\u0151rel\u00e9p\u00e9s. Szenved\u00e9lyesek, energikusak, seg\u00edt\u0151k\u00e9szek, tapasztaltak, vend\u00e9gszeret\u0151ek, vid\u00e1mak, j\u00f3 bar\u00e1tok, akikben meg\u00e9rdemli, hogy megb\u00edzzon, ha egyszer vel\u00fcnk \u00fczletel, nincs semmi, amiben ne tudna megnyugodni. C\u00e9g\u00fcnk csapattagjai piacfejleszt\u00e9ssel (\u00e9rt\u00e9kes\u00edt\u00e9ssel), technol\u00f3gi\u00e1val, \u00fczemeltet\u00e9ssel, tervez\u00e9ssel, K+F sz\u00e1ll\u00edt\u00e1ssal, \u00e9rt\u00e9kes\u00edt\u00e9s ut\u00e1ni szolg\u00e1ltat\u00e1ssal stb.<br \/>\n<div class=\"su-custom-gallery su-custom-gallery-title-hover su-lightbox-gallery\"><div class=\"su-custom-gallery-slide\"><a href=\"https:\/\/www.vkpakmachine.com\/wp-content\/uploads\/team01.jpg\" title=\"Csapatunk\"><img loading=\"lazy\" decoding=\"async\" src=\"https:\/\/www.vkpakmachine.com\/wp-content\/uploads\/team01-380x250.jpg\" alt=\"Csapatunk\" width=\"380\" height=\"250\" \/><span class=\"su-custom-gallery-title\">Csapatunk<\/span><\/a><\/div><div class=\"su-custom-gallery-slide\"><a href=\"https:\/\/www.vkpakmachine.com\/wp-content\/uploads\/team02.jpg\" title=\"Csapatunk\"><img loading=\"lazy\" decoding=\"async\" src=\"https:\/\/www.vkpakmachine.com\/wp-content\/uploads\/team02-380x250.jpg\" alt=\"Csapatunk\" width=\"380\" height=\"250\" \/><span class=\"su-custom-gallery-title\">Csapatunk<\/span><\/a><\/div><div class=\"su-custom-gallery-slide\"><a href=\"https:\/\/www.vkpakmachine.com\/wp-content\/uploads\/team03.jpg\" title=\"Csapatunk\"><img loading=\"lazy\" decoding=\"async\" src=\"https:\/\/www.vkpakmachine.com\/wp-content\/uploads\/team03-380x250.jpg\" alt=\"Csapatunk\" width=\"380\" height=\"250\" \/><span class=\"su-custom-gallery-title\">Csapatunk<\/span><\/a><\/div><div class=\"su-custom-gallery-slide\"><a href=\"https:\/\/www.vkpakmachine.com\/wp-content\/uploads\/team04.jpg\" title=\"Csapatunk\"><img loading=\"lazy\" decoding=\"async\" src=\"https:\/\/www.vkpakmachine.com\/wp-content\/uploads\/team04-380x250.jpg\" alt=\"Csapatunk\" width=\"380\" height=\"250\" \/><span class=\"su-custom-gallery-title\">Csapatunk<\/span><\/a><\/div><div class=\"su-custom-gallery-slide\"><a href=\"https:\/\/www.vkpakmachine.com\/wp-content\/uploads\/team05.jpg\" title=\"Csapatunk\"><img loading=\"lazy\" decoding=\"async\" src=\"https:\/\/www.vkpakmachine.com\/wp-content\/uploads\/team05-380x250.jpg\" alt=\"Csapatunk\" width=\"380\" height=\"250\" \/><span class=\"su-custom-gallery-title\">Csapatunk<\/span><\/a><\/div><div class=\"su-custom-gallery-slide\"><a href=\"https:\/\/www.vkpakmachine.com\/wp-content\/uploads\/team06.jpg\" title=\"Csapatunk\"><img loading=\"lazy\" decoding=\"async\" src=\"https:\/\/www.vkpakmachine.com\/wp-content\/uploads\/team06-380x250.jpg\" alt=\"Csapatunk\" width=\"380\" height=\"250\" \/><span class=\"su-custom-gallery-title\">Csapatunk<\/span><\/a><\/div><div class=\"su-clear\"><\/div><\/div>","protected":false},"excerpt":{"rendered":"<p>Csapatunk egyszem\u00e9lyes csapat, nagy teljes\u00edtm\u00e9ny\u0171 csapat \u00e9s legy\u0151zhetetlen csapat. Mindenki j\u00f3l csapattudatos, j\u00f3 kommunik\u00e1ci\u00f3s \u00e9s koordin\u00e1ci\u00f3s k\u00e9pess\u00e9ggel rendelkezik; A kem\u00e9ny, prec\u00edz \u00e9s t\u00fcrelem munka megengedheti mag\u00e1nak a munka \u00e1ltal t\u00e1masztott nyom\u00e1st, amely nagyon j\u00f3l ismeri a\u2026&nbsp;<a href=\"https:\/\/www.vkpakmachine.com\/hu\/our-team\/\" class=\"more-link\">Olvass tov\u00e1bb<\/a><\/p>","protected":false},"author":1,"featured_media":0,"parent":0,"menu_order":0,"comment_status":"closed","ping_status":"closed","template":"","meta":{"footnotes":""},"yoast_head":"<!-- This site is optimized with the Yoast SEO plugin v22.5 - https:\/\/yoast.com\/wordpress\/plugins\/seo\/ -->\n<title>Our Team - VKPAK<\/title>\n<meta name=\"robots\" content=\"index, follow, max-snippet:-1, max-image-preview:large, max-video-preview:-1\" \/>\n<link rel=\"canonical\" href=\"https:\/\/www.vkpakmachine.com\/hu\/our-team\/\" \/>\n<script type=\"application\/ld+json\" class=\"yoast-schema-graph\">{\"@context\":\"https:\/\/schema.org\",\"@graph\":[{\"@type\":\"WebPage\",\"@id\":\"https:\/\/www.vkpakmachine.com\/lt\/our-team\/\",\"url\":\"https:\/\/www.vkpakmachine.com\/lt\/our-team\/\",\"name\":\"Our Team - VKPAK\",\"isPartOf\":{\"@id\":\"https:\/\/www.vkpakmachine.com\/lv\/#website\"},\"datePublished\":\"2022-12-26T07:10:01+00:00\",\"dateModified\":\"2022-12-26T07:10:01+00:00\",\"breadcrumb\":{\"@id\":\"https:\/\/www.vkpakmachine.com\/lt\/our-team\/#breadcrumb\"},\"inLanguage\":\"hu\",\"potentialAction\":[{\"@type\":\"ReadAction\",\"target\":[\"https:\/\/www.vkpakmachine.com\/lt\/our-team\/\"]}]},{\"@type\":\"BreadcrumbList\",\"@id\":\"https:\/\/www.vkpakmachine.com\/lt\/our-team\/#breadcrumb\",\"itemListElement\":[{\"@type\":\"ListItem\",\"position\":1,\"name\":\"Home\",\"item\":\"https:\/\/www.vkpakmachine.com\/lv\/\"},{\"@type\":\"ListItem\",\"position\":2,\"name\":\"Our Team\"}]},{\"@type\":\"WebSite\",\"@id\":\"https:\/\/www.vkpakmachine.com\/lv\/#website\",\"url\":\"https:\/\/www.vkpakmachine.com\/lv\/\",\"name\":\"VKPAK\",\"description\":\"\",\"publisher\":{\"@id\":\"https:\/\/www.vkpakmachine.com\/lv\/#organization\"},\"potentialAction\":[{\"@type\":\"SearchAction\",\"target\":{\"@type\":\"EntryPoint\",\"urlTemplate\":\"https:\/\/www.vkpakmachine.com\/lv\/?s={search_term_string}\"},\"query-input\":\"required name=search_term_string\"}],\"inLanguage\":\"hu\"},{\"@type\":\"Organization\",\"@id\":\"https:\/\/www.vkpakmachine.com\/lv\/#organization\",\"name\":\"VKPAK\",\"url\":\"https:\/\/www.vkpakmachine.com\/lv\/\",\"logo\":{\"@type\":\"ImageObject\",\"inLanguage\":\"hu\",\"@id\":\"https:\/\/www.vkpakmachine.com\/lv\/#\/schema\/logo\/image\/\",\"url\":\"https:\/\/www.vkpakmachine.com\/wp-content\/uploads\/Logo.png\",\"contentUrl\":\"https:\/\/www.vkpakmachine.com\/wp-content\/uploads\/Logo.png\",\"width\":300,\"height\":57,\"caption\":\"VKPAK\"},\"image\":{\"@id\":\"https:\/\/www.vkpakmachine.com\/lv\/#\/schema\/logo\/image\/\"}}]}<\/script>\n<!-- \/ Yoast SEO plugin. -->","yoast_head_json":{"title":"Our Team - VKPAK","robots":{"index":"index","follow":"follow","max-snippet":"max-snippet:-1","max-image-preview":"max-image-preview:large","max-video-preview":"max-video-preview:-1"},"canonical":"https:\/\/www.vkpakmachine.com\/hu\/our-team\/","schema":{"@context":"https:\/\/schema.org","@graph":[{"@type":"WebPage","@id":"https:\/\/www.vkpakmachine.com\/lt\/our-team\/","url":"https:\/\/www.vkpakmachine.com\/lt\/our-team\/","name":"Our Team - VKPAK","isPartOf":{"@id":"https:\/\/www.vkpakmachine.com\/lv\/#website"},"datePublished":"2022-12-26T07:10:01+00:00","dateModified":"2022-12-26T07:10:01+00:00","breadcrumb":{"@id":"https:\/\/www.vkpakmachine.com\/lt\/our-team\/#breadcrumb"},"inLanguage":"hu","potentialAction":[{"@type":"ReadAction","target":["https:\/\/www.vkpakmachine.com\/lt\/our-team\/"]}]},{"@type":"BreadcrumbList","@id":"https:\/\/www.vkpakmachine.com\/lt\/our-team\/#breadcrumb","itemListElement":[{"@type":"ListItem","position":1,"name":"Home","item":"https:\/\/www.vkpakmachine.com\/lv\/"},{"@type":"ListItem","position":2,"name":"Our Team"}]},{"@type":"WebSite","@id":"https:\/\/www.vkpakmachine.com\/lv\/#website","url":"https:\/\/www.vkpakmachine.com\/lv\/","name":"VKPAK","description":"","publisher":{"@id":"https:\/\/www.vkpakmachine.com\/lv\/#organization"},"potentialAction":[{"@type":"SearchAction","target":{"@type":"EntryPoint","urlTemplate":"https:\/\/www.vkpakmachine.com\/lv\/?s={search_term_string}"},"query-input":"required name=search_term_string"}],"inLanguage":"hu"},{"@type":"Organization","@id":"https:\/\/www.vkpakmachine.com\/lv\/#organization","name":"VKPAK","url":"https:\/\/www.vkpakmachine.com\/lv\/","logo":{"@type":"ImageObject","inLanguage":"hu","@id":"https:\/\/www.vkpakmachine.com\/lv\/#\/schema\/logo\/image\/","url":"https:\/\/www.vkpakmachine.com\/wp-content\/uploads\/Logo.png","contentUrl":"https:\/\/www.vkpakmachine.com\/wp-content\/uploads\/Logo.png","width":300,"height":57,"caption":"VKPAK"},"image":{"@id":"https:\/\/www.vkpakmachine.com\/lv\/#\/schema\/logo\/image\/"}}]}},"_links":{"self":[{"href":"https:\/\/www.vkpakmachine.com\/hu\/wp-json\/wp\/v2\/pages\/2416"}],"collection":[{"href":"https:\/\/www.vkpakmachine.com\/hu\/wp-json\/wp\/v2\/pages"}],"about":[{"href":"https:\/\/www.vkpakmachine.com\/hu\/wp-json\/wp\/v2\/types\/page"}],"author":[{"embeddable":true,"href":"https:\/\/www.vkpakmachine.com\/hu\/wp-json\/wp\/v2\/users\/1"}],"replies":[{"embeddable":true,"href":"https:\/\/www.vkpakmachine.com\/hu\/wp-json\/wp\/v2\/comments?post=2416"}],"version-history":[{"count":0,"href":"https:\/\/www.vkpakmachine.com\/hu\/wp-json\/wp\/v2\/pages\/2416\/revisions"}],"wp:attachment":[{"href":"https:\/\/www.vkpakmachine.com\/hu\/wp-json\/wp\/v2\/media?parent=2416"}],"curies":[{"name":"wp","href":"https:\/\/api.w.org\/{rel}","templated":true}]}}