{"id":2414,"date":"2022-12-26T07:08:38","date_gmt":"2022-12-26T07:08:38","guid":{"rendered":"https:\/\/www.vkpakmachine.com\/?page_id=2414"},"modified":"2022-12-26T07:08:38","modified_gmt":"2022-12-26T07:08:38","slug":"faq","status":"publish","type":"page","link":"https:\/\/www.vkpakmachine.com\/hu\/faq\/","title":{"rendered":"GYIK"},"content":{"rendered":"<p><strong>K: \u00d6n gy\u00e1ri vagy kereskedelmi v\u00e1llalat?<\/strong><br \/>\nV: Gy\u00e1rilag 2003 \u00f3ta a k\u00fcl\u00f6nf\u00e9le t\u00edpus\u00fa t\u00f6lt\u0151g\u00e9pek, kupakol\u00f3g\u00e9pek \u00e9s c\u00edmk\u00e9z\u0151g\u00e9pek tervez\u00e9s\u00e9re, gy\u00e1rt\u00e1s\u00e1ra, \u00f6sszeszerel\u00e9s\u00e9re, telep\u00edt\u00e9s\u00e9re \u00e9s hibakeres\u00e9s\u00e9re \u00f6sszpontos\u00edtunk.<\/p>\n<p><strong>K: Tudsz k\u00fcldeni egy vide\u00f3t a g\u00e9ped m\u0171k\u00f6d\u00e9s\u00e9r\u0151l?<\/strong><br \/>\nV: Term\u00e9szetesen a g\u00e9p\u00fcnk \u00f6sszes vide\u00f3j\u00e1t elk\u00e9sz\u00edtett\u00fck.<\/p>\n<p><strong>K: Tesztet v\u00e9gez a sz\u00e1ll\u00edt\u00e1s el\u0151tt?<\/strong><br \/>\nV: Mindig teljesen tesztelj\u00fck a g\u00e9pet, \u00e9s a sz\u00e1ll\u00edt\u00e1s el\u0151tt megbizonyosodunk arr\u00f3l, hogy z\u00f6kken\u0151mentesen m\u0171k\u00f6dik.<\/p>\n<p><strong>K: Mi a fizet\u00e9si \u00e9s kereskedelmi felt\u00e9telek?<\/strong><br \/>\nV: Elfogadunk T\/T, Western Union, MoneyGram, Alibaba Trade Assurance kifizet\u00e9seket.<br \/>\nKereskedelmi felt\u00e9telek: EXW,FOB,CIF,CNF.<\/p>\n<p><strong>K: Mi a MOQ \u00e9s a garancia?<\/strong><br \/>\nV: Nincs MOQ, sz\u00edvesen rendel\u00fcnk, 12 h\u00f3napos garanci\u00e1t \u00edg\u00e9r\u00fcnk.<\/p>\n<p><strong>K: Milyen csomag a sz\u00e1ll\u00edt\u00e1shoz?<\/strong><br \/>\nV: Haszn\u00e1lja az alapvet\u0151 sztreccsf\u00f3li\u00e1t az eg\u00e9sz g\u00e9p k\u00f6r\u00fcl, \u00e9s export\u00e1lt fa tokkal csomagolva, az \u00d6n ig\u00e9nyei szerint is megfelelhet.<\/p>\n<p><strong>K: Ha a g\u00e9p lej\u00e1rt a j\u00f3t\u00e1ll\u00e1si \u00e9ven, mit tehet\u00fcnk, ha b\u00e1rmely alkatr\u00e9sz elt\u00f6rt?<\/strong><br \/>\nV: A g\u00e9p teljes \u00e9lettartam\u00fa szolg\u00e1ltat\u00e1s\u00e1t k\u00edn\u00e1ljuk, ha az alkatr\u00e9szek egy \u00e9v ut\u00e1n elt\u00f6rtek, az \u00fcgyfelek megv\u00e1s\u00e1rolhatj\u00e1k az alkatr\u00e9szeket a helyi piacon, vagy v\u00e1s\u00e1rolhatnak besz\u00e1ll\u00edt\u00f3kt\u00f3l, 24 \u00f3r\u00e1n bel\u00fcl p\u00f3talkatr\u00e9szeket k\u00fcldhet\u00fcnk az \u00fcgyfeleknek. \u00c9s minden g\u00e9palkatr\u00e9sz\u00fcnk eredeti vil\u00e1gh\u00edr\u0171 m\u00e1rk\u00e1t\u00f3l sz\u00e1rmazik, k\u00f6nnyen megtal\u00e1lhat\u00f3 a helyben.<\/p>\n<p><strong>K: Mi a garancia?<\/strong><br \/>\nV: Egy \u00e9v garanci\u00e1t v\u00e1llalunk a g\u00e9pekre. A garancia \u00e9v\u00e9ben a VKPAK min\u0151s\u00e9gi probl\u00e9ma miatt az alkatr\u00e9szek elt\u00f6rtek, az alkatr\u00e9szeket ingyenesen sz\u00e1ll\u00edtj\u00e1k az \u00fcgyfeleknek, ha a csomag s\u00falya meghaladja az 500 grammot, az \u00fcgyf\u00e9lnek kell fizetnie a sz\u00e1ll\u00edt\u00e1si k\u00f6lts\u00e9get. A k\u00f6nnyen elhaszn\u00e1l\u00f3d\u00f3 alkatr\u00e9szek nincsenek a csomagban. a garanci\u00e1lis felt\u00e9telek, mint p\u00e9ld\u00e1ul az O-gy\u0171r\u0171k, sz\u00edjak, amelyeket a g\u00e9phez egy \u00e9ven kereszt\u00fcl sz\u00e1ll\u00edtanak.<\/p>","protected":false},"excerpt":{"rendered":"<p>K: \u00d6n gy\u00e1ri vagy kereskedelmi v\u00e1llalat? V: Gy\u00e1rilag 2003 \u00f3ta foglalkozunk k\u00fcl\u00f6nf\u00e9le t\u00edpus\u00fa t\u00f6lt\u0151g\u00e9pek, kupakol\u00f3g\u00e9pek \u00e9s c\u00edmk\u00e9z\u0151g\u00e9pek tervez\u00e9s\u00e9vel, gy\u00e1rt\u00e1s\u00e1val, \u00f6sszeszerel\u00e9s\u00e9vel, telep\u00edt\u00e9s\u00e9vel \u00e9s hibakeres\u00e9s\u00e9vel. K: Tudna k\u00fcldeni egy vide\u00f3t, amely bemutatja, hogyan\u2026&nbsp;<a href=\"https:\/\/www.vkpakmachine.com\/hu\/faq\/\" class=\"more-link\">Olvass tov\u00e1bb<\/a><\/p>","protected":false},"author":1,"featured_media":0,"parent":0,"menu_order":0,"comment_status":"closed","ping_status":"closed","template":"","meta":{"footnotes":""},"yoast_head":"<!-- This site is optimized with the Yoast SEO plugin v22.5 - https:\/\/yoast.com\/wordpress\/plugins\/seo\/ -->\n<title>FAQ - VKPAK<\/title>\n<meta name=\"robots\" content=\"index, follow, max-snippet:-1, max-image-preview:large, max-video-preview:-1\" \/>\n<link rel=\"canonical\" href=\"https:\/\/www.vkpakmachine.com\/hu\/faq\/\" \/>\n<script type=\"application\/ld+json\" class=\"yoast-schema-graph\">{\"@context\":\"https:\/\/schema.org\",\"@graph\":[{\"@type\":\"WebPage\",\"@id\":\"https:\/\/www.vkpakmachine.com\/lv\/faq\/\",\"url\":\"https:\/\/www.vkpakmachine.com\/lv\/faq\/\",\"name\":\"FAQ - VKPAK\",\"isPartOf\":{\"@id\":\"https:\/\/www.vkpakmachine.com\/lv\/#website\"},\"datePublished\":\"2022-12-26T07:08:38+00:00\",\"dateModified\":\"2022-12-26T07:08:38+00:00\",\"breadcrumb\":{\"@id\":\"https:\/\/www.vkpakmachine.com\/lv\/faq\/#breadcrumb\"},\"inLanguage\":\"hu\",\"potentialAction\":[{\"@type\":\"ReadAction\",\"target\":[\"https:\/\/www.vkpakmachine.com\/lv\/faq\/\"]}]},{\"@type\":\"BreadcrumbList\",\"@id\":\"https:\/\/www.vkpakmachine.com\/lv\/faq\/#breadcrumb\",\"itemListElement\":[{\"@type\":\"ListItem\",\"position\":1,\"name\":\"Home\",\"item\":\"https:\/\/www.vkpakmachine.com\/lv\/\"},{\"@type\":\"ListItem\",\"position\":2,\"name\":\"FAQ\"}]},{\"@type\":\"WebSite\",\"@id\":\"https:\/\/www.vkpakmachine.com\/lv\/#website\",\"url\":\"https:\/\/www.vkpakmachine.com\/lv\/\",\"name\":\"VKPAK\",\"description\":\"\",\"publisher\":{\"@id\":\"https:\/\/www.vkpakmachine.com\/lv\/#organization\"},\"potentialAction\":[{\"@type\":\"SearchAction\",\"target\":{\"@type\":\"EntryPoint\",\"urlTemplate\":\"https:\/\/www.vkpakmachine.com\/lv\/?s={search_term_string}\"},\"query-input\":\"required name=search_term_string\"}],\"inLanguage\":\"hu\"},{\"@type\":\"Organization\",\"@id\":\"https:\/\/www.vkpakmachine.com\/lv\/#organization\",\"name\":\"VKPAK\",\"url\":\"https:\/\/www.vkpakmachine.com\/lv\/\",\"logo\":{\"@type\":\"ImageObject\",\"inLanguage\":\"hu\",\"@id\":\"https:\/\/www.vkpakmachine.com\/lv\/#\/schema\/logo\/image\/\",\"url\":\"https:\/\/www.vkpakmachine.com\/wp-content\/uploads\/Logo.png\",\"contentUrl\":\"https:\/\/www.vkpakmachine.com\/wp-content\/uploads\/Logo.png\",\"width\":300,\"height\":57,\"caption\":\"VKPAK\"},\"image\":{\"@id\":\"https:\/\/www.vkpakmachine.com\/lv\/#\/schema\/logo\/image\/\"}}]}<\/script>\n<!-- \/ Yoast SEO plugin. -->","yoast_head_json":{"title":"FAQ - VKPAK","robots":{"index":"index","follow":"follow","max-snippet":"max-snippet:-1","max-image-preview":"max-image-preview:large","max-video-preview":"max-video-preview:-1"},"canonical":"https:\/\/www.vkpakmachine.com\/hu\/faq\/","schema":{"@context":"https:\/\/schema.org","@graph":[{"@type":"WebPage","@id":"https:\/\/www.vkpakmachine.com\/lv\/faq\/","url":"https:\/\/www.vkpakmachine.com\/lv\/faq\/","name":"FAQ - VKPAK","isPartOf":{"@id":"https:\/\/www.vkpakmachine.com\/lv\/#website"},"datePublished":"2022-12-26T07:08:38+00:00","dateModified":"2022-12-26T07:08:38+00:00","breadcrumb":{"@id":"https:\/\/www.vkpakmachine.com\/lv\/faq\/#breadcrumb"},"inLanguage":"hu","potentialAction":[{"@type":"ReadAction","target":["https:\/\/www.vkpakmachine.com\/lv\/faq\/"]}]},{"@type":"BreadcrumbList","@id":"https:\/\/www.vkpakmachine.com\/lv\/faq\/#breadcrumb","itemListElement":[{"@type":"ListItem","position":1,"name":"Home","item":"https:\/\/www.vkpakmachine.com\/lv\/"},{"@type":"ListItem","position":2,"name":"FAQ"}]},{"@type":"WebSite","@id":"https:\/\/www.vkpakmachine.com\/lv\/#website","url":"https:\/\/www.vkpakmachine.com\/lv\/","name":"VKPAK","description":"","publisher":{"@id":"https:\/\/www.vkpakmachine.com\/lv\/#organization"},"potentialAction":[{"@type":"SearchAction","target":{"@type":"EntryPoint","urlTemplate":"https:\/\/www.vkpakmachine.com\/lv\/?s={search_term_string}"},"query-input":"required name=search_term_string"}],"inLanguage":"hu"},{"@type":"Organization","@id":"https:\/\/www.vkpakmachine.com\/lv\/#organization","name":"VKPAK","url":"https:\/\/www.vkpakmachine.com\/lv\/","logo":{"@type":"ImageObject","inLanguage":"hu","@id":"https:\/\/www.vkpakmachine.com\/lv\/#\/schema\/logo\/image\/","url":"https:\/\/www.vkpakmachine.com\/wp-content\/uploads\/Logo.png","contentUrl":"https:\/\/www.vkpakmachine.com\/wp-content\/uploads\/Logo.png","width":300,"height":57,"caption":"VKPAK"},"image":{"@id":"https:\/\/www.vkpakmachine.com\/lv\/#\/schema\/logo\/image\/"}}]}},"_links":{"self":[{"href":"https:\/\/www.vkpakmachine.com\/hu\/wp-json\/wp\/v2\/pages\/2414"}],"collection":[{"href":"https:\/\/www.vkpakmachine.com\/hu\/wp-json\/wp\/v2\/pages"}],"about":[{"href":"https:\/\/www.vkpakmachine.com\/hu\/wp-json\/wp\/v2\/types\/page"}],"author":[{"embeddable":true,"href":"https:\/\/www.vkpakmachine.com\/hu\/wp-json\/wp\/v2\/users\/1"}],"replies":[{"embeddable":true,"href":"https:\/\/www.vkpakmachine.com\/hu\/wp-json\/wp\/v2\/comments?post=2414"}],"version-history":[{"count":0,"href":"https:\/\/www.vkpakmachine.com\/hu\/wp-json\/wp\/v2\/pages\/2414\/revisions"}],"wp:attachment":[{"href":"https:\/\/www.vkpakmachine.com\/hu\/wp-json\/wp\/v2\/media?parent=2414"}],"curies":[{"name":"wp","href":"https:\/\/api.w.org\/{rel}","templated":true}]}}