{"id":2426,"date":"2022-12-26T07:11:57","date_gmt":"2022-12-26T07:11:57","guid":{"rendered":"https:\/\/www.vkpakmachine.com\/?page_id=2426"},"modified":"2022-12-26T07:11:57","modified_gmt":"2022-12-26T07:11:57","slug":"service","status":"publish","type":"page","link":"https:\/\/www.vkpakmachine.com\/hr\/service\/","title":{"rendered":"Servis"},"content":{"rendered":"<h3>Trening:<\/h3>\n<p>Nudimo sustav obuke za strojeve, kupac mo\u017ee odabrati obuku u na\u0161oj tvornici ili u radionici kupca. Uobi\u010dajeno trajanje treninga je 3-5 dana.<\/p>\n<p>Kupcu nudimo priru\u010dnik za rad.<\/p>\n<p>Kupcima nudimo video trening i video rad sa strojem.<\/p>\n<p>Nudimo uslugu daljinskog upravljanja, ako kupac ne zna kako upravljati i koristiti stroj.<\/p>\n<h3>Monta\u017ea:<\/h3>\n<p>Poslat \u0107emo in\u017eenjere da izvr\u0161e instalaciju i otklanjanje pogre\u0161aka opreme kod kupca ako to bude potrebno. Tro\u0161kove me\u0111unarodnih dvosmjernih zrakoplovnih karata, smje\u0161taja, hrane i prijevoza, medicinskih usluga snosi Kupac za in\u017eenjere. Kupac \u0107e u potpunosti sura\u0111ivati s Dobavlja\u010devim in\u017eenjerom i pripremiti sve uvjete instalacije za rad.<\/p>\n<h3>Jamstvo:<\/h3>\n<p>Proizvo\u0111a\u010d jam\u010di da je roba izra\u0111ena od najboljih materijala proizvo\u0111a\u010da. Prodani stroj \u0107e biti pod jamstvom u roku od jedne godine, u godini jamstva, svi rezervni dijelovi koji se pokvare zbog problema s kvalitetom dobavlja\u010da, rezervni dijelovi \u0107e biti isporu\u010deni besplatno za kupca, kupac mora platiti tro\u0161kove prijevoza ako je te\u017eina paketa ve\u0107a od 500 grama.<\/p>\n<h3>Strojevi za ugradnju nakon prodaje<\/h3>\n<div class=\"su-custom-gallery su-custom-gallery-title-hover su-lightbox-gallery\"><div class=\"su-custom-gallery-slide\"><a href=\"https:\/\/www.vkpakmachine.com\/wp-content\/uploads\/After-sales-installation-machinery-2.jpg\" title=\"Nakon prodaje strojeva za ugradnju\"><img loading=\"lazy\" decoding=\"async\" src=\"https:\/\/www.vkpakmachine.com\/wp-content\/uploads\/After-sales-installation-machinery-2-380x250.jpg\" alt=\"Nakon prodaje strojeva za ugradnju\" width=\"380\" height=\"250\" \/><span class=\"su-custom-gallery-title\">Nakon prodaje strojeva za ugradnju<\/span><\/a><\/div><div class=\"su-custom-gallery-slide\"><a href=\"https:\/\/www.vkpakmachine.com\/wp-content\/uploads\/After-sales-installation-machinery-3.jpg\" title=\"Nakon prodaje strojeva za ugradnju\"><img loading=\"lazy\" decoding=\"async\" src=\"https:\/\/www.vkpakmachine.com\/wp-content\/uploads\/After-sales-installation-machinery-3-380x250.jpg\" alt=\"Nakon prodaje strojeva za ugradnju\" width=\"380\" height=\"250\" \/><span class=\"su-custom-gallery-title\">Nakon prodaje strojeva za ugradnju<\/span><\/a><\/div><div class=\"su-custom-gallery-slide\"><a href=\"https:\/\/www.vkpakmachine.com\/wp-content\/uploads\/After-sales-installation-machinery.jpg\" title=\"Nakon prodaje strojeva za ugradnju\"><img loading=\"lazy\" decoding=\"async\" src=\"https:\/\/www.vkpakmachine.com\/wp-content\/uploads\/After-sales-installation-machinery-380x250.jpg\" alt=\"Nakon prodaje strojeva za ugradnju\" width=\"380\" height=\"250\" \/><span class=\"su-custom-gallery-title\">Nakon prodaje strojeva za ugradnju<\/span><\/a><\/div><div class=\"su-clear\"><\/div><\/div>","protected":false},"excerpt":{"rendered":"<p>Obuka: Nudimo sustav obuke za strojeve, kupac mo\u017ee odabrati obuku u na\u0161oj tvornici ili u radionici za kupce. Uobi\u010dajeno trajanje treninga je 3-5 dana. Kupcu nudimo priru\u010dnik za rad. Nudimo video trening i video rad sa strojem za\u2026&nbsp;<a href=\"https:\/\/www.vkpakmachine.com\/hr\/service\/\" class=\"more-link\">\u010citaj vi\u0161e<\/a><\/p>","protected":false},"author":1,"featured_media":0,"parent":0,"menu_order":0,"comment_status":"closed","ping_status":"closed","template":"","meta":{"footnotes":""},"yoast_head":"<!-- This site is optimized with the Yoast SEO plugin v22.5 - https:\/\/yoast.com\/wordpress\/plugins\/seo\/ -->\n<title>Service - VKPAK<\/title>\n<meta name=\"robots\" content=\"index, follow, max-snippet:-1, max-image-preview:large, max-video-preview:-1\" \/>\n<link rel=\"canonical\" href=\"https:\/\/www.vkpakmachine.com\/hr\/service\/\" \/>\n<script type=\"application\/ld+json\" class=\"yoast-schema-graph\">{\"@context\":\"https:\/\/schema.org\",\"@graph\":[{\"@type\":\"WebPage\",\"@id\":\"https:\/\/www.vkpakmachine.com\/lt\/service\/\",\"url\":\"https:\/\/www.vkpakmachine.com\/lt\/service\/\",\"name\":\"Service - VKPAK\",\"isPartOf\":{\"@id\":\"https:\/\/www.vkpakmachine.com\/lv\/#website\"},\"datePublished\":\"2022-12-26T07:11:57+00:00\",\"dateModified\":\"2022-12-26T07:11:57+00:00\",\"breadcrumb\":{\"@id\":\"https:\/\/www.vkpakmachine.com\/lt\/service\/#breadcrumb\"},\"inLanguage\":\"hr\",\"potentialAction\":[{\"@type\":\"ReadAction\",\"target\":[\"https:\/\/www.vkpakmachine.com\/lt\/service\/\"]}]},{\"@type\":\"BreadcrumbList\",\"@id\":\"https:\/\/www.vkpakmachine.com\/lt\/service\/#breadcrumb\",\"itemListElement\":[{\"@type\":\"ListItem\",\"position\":1,\"name\":\"Home\",\"item\":\"https:\/\/www.vkpakmachine.com\/lv\/\"},{\"@type\":\"ListItem\",\"position\":2,\"name\":\"Service\"}]},{\"@type\":\"WebSite\",\"@id\":\"https:\/\/www.vkpakmachine.com\/lv\/#website\",\"url\":\"https:\/\/www.vkpakmachine.com\/lv\/\",\"name\":\"VKPAK\",\"description\":\"\",\"publisher\":{\"@id\":\"https:\/\/www.vkpakmachine.com\/lv\/#organization\"},\"potentialAction\":[{\"@type\":\"SearchAction\",\"target\":{\"@type\":\"EntryPoint\",\"urlTemplate\":\"https:\/\/www.vkpakmachine.com\/lv\/?s={search_term_string}\"},\"query-input\":\"required name=search_term_string\"}],\"inLanguage\":\"hr\"},{\"@type\":\"Organization\",\"@id\":\"https:\/\/www.vkpakmachine.com\/lv\/#organization\",\"name\":\"VKPAK\",\"url\":\"https:\/\/www.vkpakmachine.com\/lv\/\",\"logo\":{\"@type\":\"ImageObject\",\"inLanguage\":\"hr\",\"@id\":\"https:\/\/www.vkpakmachine.com\/lv\/#\/schema\/logo\/image\/\",\"url\":\"https:\/\/www.vkpakmachine.com\/wp-content\/uploads\/Logo.png\",\"contentUrl\":\"https:\/\/www.vkpakmachine.com\/wp-content\/uploads\/Logo.png\",\"width\":300,\"height\":57,\"caption\":\"VKPAK\"},\"image\":{\"@id\":\"https:\/\/www.vkpakmachine.com\/lv\/#\/schema\/logo\/image\/\"}}]}<\/script>\n<!-- \/ Yoast SEO plugin. -->","yoast_head_json":{"title":"Service - VKPAK","robots":{"index":"index","follow":"follow","max-snippet":"max-snippet:-1","max-image-preview":"max-image-preview:large","max-video-preview":"max-video-preview:-1"},"canonical":"https:\/\/www.vkpakmachine.com\/hr\/service\/","schema":{"@context":"https:\/\/schema.org","@graph":[{"@type":"WebPage","@id":"https:\/\/www.vkpakmachine.com\/lt\/service\/","url":"https:\/\/www.vkpakmachine.com\/lt\/service\/","name":"Service - VKPAK","isPartOf":{"@id":"https:\/\/www.vkpakmachine.com\/lv\/#website"},"datePublished":"2022-12-26T07:11:57+00:00","dateModified":"2022-12-26T07:11:57+00:00","breadcrumb":{"@id":"https:\/\/www.vkpakmachine.com\/lt\/service\/#breadcrumb"},"inLanguage":"hr","potentialAction":[{"@type":"ReadAction","target":["https:\/\/www.vkpakmachine.com\/lt\/service\/"]}]},{"@type":"BreadcrumbList","@id":"https:\/\/www.vkpakmachine.com\/lt\/service\/#breadcrumb","itemListElement":[{"@type":"ListItem","position":1,"name":"Home","item":"https:\/\/www.vkpakmachine.com\/lv\/"},{"@type":"ListItem","position":2,"name":"Service"}]},{"@type":"WebSite","@id":"https:\/\/www.vkpakmachine.com\/lv\/#website","url":"https:\/\/www.vkpakmachine.com\/lv\/","name":"VKPAK","description":"","publisher":{"@id":"https:\/\/www.vkpakmachine.com\/lv\/#organization"},"potentialAction":[{"@type":"SearchAction","target":{"@type":"EntryPoint","urlTemplate":"https:\/\/www.vkpakmachine.com\/lv\/?s={search_term_string}"},"query-input":"required name=search_term_string"}],"inLanguage":"hr"},{"@type":"Organization","@id":"https:\/\/www.vkpakmachine.com\/lv\/#organization","name":"VKPAK","url":"https:\/\/www.vkpakmachine.com\/lv\/","logo":{"@type":"ImageObject","inLanguage":"hr","@id":"https:\/\/www.vkpakmachine.com\/lv\/#\/schema\/logo\/image\/","url":"https:\/\/www.vkpakmachine.com\/wp-content\/uploads\/Logo.png","contentUrl":"https:\/\/www.vkpakmachine.com\/wp-content\/uploads\/Logo.png","width":300,"height":57,"caption":"VKPAK"},"image":{"@id":"https:\/\/www.vkpakmachine.com\/lv\/#\/schema\/logo\/image\/"}}]}},"_links":{"self":[{"href":"https:\/\/www.vkpakmachine.com\/hr\/wp-json\/wp\/v2\/pages\/2426"}],"collection":[{"href":"https:\/\/www.vkpakmachine.com\/hr\/wp-json\/wp\/v2\/pages"}],"about":[{"href":"https:\/\/www.vkpakmachine.com\/hr\/wp-json\/wp\/v2\/types\/page"}],"author":[{"embeddable":true,"href":"https:\/\/www.vkpakmachine.com\/hr\/wp-json\/wp\/v2\/users\/1"}],"replies":[{"embeddable":true,"href":"https:\/\/www.vkpakmachine.com\/hr\/wp-json\/wp\/v2\/comments?post=2426"}],"version-history":[{"count":0,"href":"https:\/\/www.vkpakmachine.com\/hr\/wp-json\/wp\/v2\/pages\/2426\/revisions"}],"wp:attachment":[{"href":"https:\/\/www.vkpakmachine.com\/hr\/wp-json\/wp\/v2\/media?parent=2426"}],"curies":[{"name":"wp","href":"https:\/\/api.w.org\/{rel}","templated":true}]}}