{"id":2424,"date":"2022-12-26T07:10:39","date_gmt":"2022-12-26T07:10:39","guid":{"rendered":"https:\/\/www.vkpakmachine.com\/?page_id=2424"},"modified":"2022-12-26T07:10:39","modified_gmt":"2022-12-26T07:10:39","slug":"quality-control","status":"publish","type":"page","link":"https:\/\/www.vkpakmachine.com\/hr\/quality-control\/","title":{"rendered":"Kontrola kvalitete"},"content":{"rendered":"<h2><strong>Osiguranje kvalitete<\/strong><\/h2>\n<hr \/>\n<p>1, Jamstvo opreme koju isporu\u010duje na\u0161a tvrtka je nova, nekori\u0161tena kori\u0161tenjem najnovijeg dizajna i prikladnog materijala, te u svim aspektima zadovoljava specifikaciju kvalitete i performanse navedene u ugovoru.<\/p>\n<p>2, Garancija tvrtke koju pru\u017ea oprema nakon njenog ispravnog vo\u0111enja u cijelom radu sustava 3 dana nakon instalacije i otklanjanja pogre\u0161aka, kako bi se postigli pokazatelji tehni\u010dkih performansi proizvoda.<\/p>\n<p>3, Jamstvo na\u0161e tvrtke u jamstvenom roku kvalitete navedenom u ugovoru, proces projektiranja za isporuku opreme za proizvodnju opreme za instalaciju, otklanjanje pogre\u0161aka ili materijalnih nedostataka i sve uzrokovano odgovorno\u0161\u0107u prodava\u010da je odgovoran za sve nedostatke u proizvodnoj liniji gre\u0161ke i o\u0161te\u0107enja.<\/p>\n<p>4, cijelo razdoblje jamstva kvalitete stroja za proizvodnu liniju 12 mjeseci nakon prihva\u0107anja. Ako se utvrdi u jamstvenom roku kvalitete, kvaliteta robe ili specifikacija i nije u skladu s odredbama ugovora, ili doka\u017ee da roba ima manjkavosti (uklju\u010duju\u0107i potencijalne nedostatke ili kori\u0161tenje nekvalitetnih materijala, itd.), kupac ima pravo prema potvrdi o inspekciji koju je izdala pravna slu\u017eba robe unutar razdoblja jamstva kvalitete, shema tretmana prodavatelja je predstavljena.<\/p>\n<p>5, Tvrtka na kvalitetu proizvoda na mehani\u010dka svojstva isporu\u010dene opreme i jamstvo indeksa potro\u0161nje proizvoda.<\/p>\n<h2><strong>Jamstvo<\/strong><\/h2>\n<hr \/>\n<p>1, nakon prihva\u0107anja opreme, osigurajte 12 mjeseci jamstva, razdoblje jamstva koje je besplatno za kvarove dijelova i komponenti koje je uzrokovao prodava\u010d te pravovremenu i u\u010dinkovitu uslugu.<\/p>\n<p>2, nakon jamstva, do\u017eivotno pru\u017eiti \u0161iroku povoljnu tehni\u010dku podr\u0161ku nakon prodaje usluga.<br \/>\nUsluge nakon prodaje: odjel na\u0161e tvrtke za usluge nakon prodaje ima namjenski telefon za hitnu liniju za usluge nakon prodaje, na\u0161e je osoblje odgovorno za preuzimanje telefona korisnika, osigurajte da korisnik u prvom pitanju da iskren odgovor nakon opreme. prihva\u0107anje opreme koju pru\u017eamo 12-mjese\u010dno jamstvo Servisni proces, pru\u017eit \u0107emo najmanje jednom od strane stru\u010dnog i tehni\u010dkog osoblja rutinsku inspekciju i dostaviti detaljno izvje\u0161\u0107e o inspekciji, za referentne korisnike, korisnici iznijeti jasne zahtjeve nakon odr\u017eavanja, na\u0161a tvrtka obe\u0107ava : scena korisnika u najkra\u0107em mogu\u0107em roku poslana na servis za popravak.<\/p>","protected":false},"excerpt":{"rendered":"<p>Jamstvo kvalitete 1, Jamstvo opreme koju isporu\u010duje na\u0161a tvrtka je nova, nekori\u0161tena kori\u0161tenjem najnovijeg dizajna i prikladnog materijala, te u svim aspektima zadovoljava specifikaciju kvalitete i performanse navedene u ugovoru. 2, Tvrtka\u2026&nbsp;<a href=\"https:\/\/www.vkpakmachine.com\/hr\/quality-control\/\" class=\"more-link\">\u010citaj vi\u0161e<\/a><\/p>","protected":false},"author":1,"featured_media":0,"parent":0,"menu_order":0,"comment_status":"closed","ping_status":"closed","template":"","meta":{"footnotes":""},"yoast_head":"<!-- This site is optimized with the Yoast SEO plugin v22.5 - https:\/\/yoast.com\/wordpress\/plugins\/seo\/ -->\n<title>Quality Control - VKPAK<\/title>\n<meta name=\"robots\" content=\"index, follow, max-snippet:-1, max-image-preview:large, max-video-preview:-1\" \/>\n<link rel=\"canonical\" href=\"https:\/\/www.vkpakmachine.com\/hr\/quality-control\/\" \/>\n<script type=\"application\/ld+json\" class=\"yoast-schema-graph\">{\"@context\":\"https:\/\/schema.org\",\"@graph\":[{\"@type\":\"WebPage\",\"@id\":\"https:\/\/www.vkpakmachine.com\/lt\/quality-control\/\",\"url\":\"https:\/\/www.vkpakmachine.com\/lt\/quality-control\/\",\"name\":\"Quality Control - VKPAK\",\"isPartOf\":{\"@id\":\"https:\/\/www.vkpakmachine.com\/lv\/#website\"},\"datePublished\":\"2022-12-26T07:10:39+00:00\",\"dateModified\":\"2022-12-26T07:10:39+00:00\",\"breadcrumb\":{\"@id\":\"https:\/\/www.vkpakmachine.com\/lt\/quality-control\/#breadcrumb\"},\"inLanguage\":\"hr\",\"potentialAction\":[{\"@type\":\"ReadAction\",\"target\":[\"https:\/\/www.vkpakmachine.com\/lt\/quality-control\/\"]}]},{\"@type\":\"BreadcrumbList\",\"@id\":\"https:\/\/www.vkpakmachine.com\/lt\/quality-control\/#breadcrumb\",\"itemListElement\":[{\"@type\":\"ListItem\",\"position\":1,\"name\":\"Home\",\"item\":\"https:\/\/www.vkpakmachine.com\/lv\/\"},{\"@type\":\"ListItem\",\"position\":2,\"name\":\"Quality Control\"}]},{\"@type\":\"WebSite\",\"@id\":\"https:\/\/www.vkpakmachine.com\/lv\/#website\",\"url\":\"https:\/\/www.vkpakmachine.com\/lv\/\",\"name\":\"VKPAK\",\"description\":\"\",\"publisher\":{\"@id\":\"https:\/\/www.vkpakmachine.com\/lv\/#organization\"},\"potentialAction\":[{\"@type\":\"SearchAction\",\"target\":{\"@type\":\"EntryPoint\",\"urlTemplate\":\"https:\/\/www.vkpakmachine.com\/lv\/?s={search_term_string}\"},\"query-input\":\"required name=search_term_string\"}],\"inLanguage\":\"hr\"},{\"@type\":\"Organization\",\"@id\":\"https:\/\/www.vkpakmachine.com\/lv\/#organization\",\"name\":\"VKPAK\",\"url\":\"https:\/\/www.vkpakmachine.com\/lv\/\",\"logo\":{\"@type\":\"ImageObject\",\"inLanguage\":\"hr\",\"@id\":\"https:\/\/www.vkpakmachine.com\/lv\/#\/schema\/logo\/image\/\",\"url\":\"https:\/\/www.vkpakmachine.com\/wp-content\/uploads\/Logo.png\",\"contentUrl\":\"https:\/\/www.vkpakmachine.com\/wp-content\/uploads\/Logo.png\",\"width\":300,\"height\":57,\"caption\":\"VKPAK\"},\"image\":{\"@id\":\"https:\/\/www.vkpakmachine.com\/lv\/#\/schema\/logo\/image\/\"}}]}<\/script>\n<!-- \/ Yoast SEO plugin. -->","yoast_head_json":{"title":"Quality Control - VKPAK","robots":{"index":"index","follow":"follow","max-snippet":"max-snippet:-1","max-image-preview":"max-image-preview:large","max-video-preview":"max-video-preview:-1"},"canonical":"https:\/\/www.vkpakmachine.com\/hr\/quality-control\/","schema":{"@context":"https:\/\/schema.org","@graph":[{"@type":"WebPage","@id":"https:\/\/www.vkpakmachine.com\/lt\/quality-control\/","url":"https:\/\/www.vkpakmachine.com\/lt\/quality-control\/","name":"Quality Control - VKPAK","isPartOf":{"@id":"https:\/\/www.vkpakmachine.com\/lv\/#website"},"datePublished":"2022-12-26T07:10:39+00:00","dateModified":"2022-12-26T07:10:39+00:00","breadcrumb":{"@id":"https:\/\/www.vkpakmachine.com\/lt\/quality-control\/#breadcrumb"},"inLanguage":"hr","potentialAction":[{"@type":"ReadAction","target":["https:\/\/www.vkpakmachine.com\/lt\/quality-control\/"]}]},{"@type":"BreadcrumbList","@id":"https:\/\/www.vkpakmachine.com\/lt\/quality-control\/#breadcrumb","itemListElement":[{"@type":"ListItem","position":1,"name":"Home","item":"https:\/\/www.vkpakmachine.com\/lv\/"},{"@type":"ListItem","position":2,"name":"Quality Control"}]},{"@type":"WebSite","@id":"https:\/\/www.vkpakmachine.com\/lv\/#website","url":"https:\/\/www.vkpakmachine.com\/lv\/","name":"VKPAK","description":"","publisher":{"@id":"https:\/\/www.vkpakmachine.com\/lv\/#organization"},"potentialAction":[{"@type":"SearchAction","target":{"@type":"EntryPoint","urlTemplate":"https:\/\/www.vkpakmachine.com\/lv\/?s={search_term_string}"},"query-input":"required name=search_term_string"}],"inLanguage":"hr"},{"@type":"Organization","@id":"https:\/\/www.vkpakmachine.com\/lv\/#organization","name":"VKPAK","url":"https:\/\/www.vkpakmachine.com\/lv\/","logo":{"@type":"ImageObject","inLanguage":"hr","@id":"https:\/\/www.vkpakmachine.com\/lv\/#\/schema\/logo\/image\/","url":"https:\/\/www.vkpakmachine.com\/wp-content\/uploads\/Logo.png","contentUrl":"https:\/\/www.vkpakmachine.com\/wp-content\/uploads\/Logo.png","width":300,"height":57,"caption":"VKPAK"},"image":{"@id":"https:\/\/www.vkpakmachine.com\/lv\/#\/schema\/logo\/image\/"}}]}},"_links":{"self":[{"href":"https:\/\/www.vkpakmachine.com\/hr\/wp-json\/wp\/v2\/pages\/2424"}],"collection":[{"href":"https:\/\/www.vkpakmachine.com\/hr\/wp-json\/wp\/v2\/pages"}],"about":[{"href":"https:\/\/www.vkpakmachine.com\/hr\/wp-json\/wp\/v2\/types\/page"}],"author":[{"embeddable":true,"href":"https:\/\/www.vkpakmachine.com\/hr\/wp-json\/wp\/v2\/users\/1"}],"replies":[{"embeddable":true,"href":"https:\/\/www.vkpakmachine.com\/hr\/wp-json\/wp\/v2\/comments?post=2424"}],"version-history":[{"count":0,"href":"https:\/\/www.vkpakmachine.com\/hr\/wp-json\/wp\/v2\/pages\/2424\/revisions"}],"wp:attachment":[{"href":"https:\/\/www.vkpakmachine.com\/hr\/wp-json\/wp\/v2\/media?parent=2424"}],"curies":[{"name":"wp","href":"https:\/\/api.w.org\/{rel}","templated":true}]}}