{"id":2416,"date":"2022-12-26T07:10:01","date_gmt":"2022-12-26T07:10:01","guid":{"rendered":"https:\/\/www.vkpakmachine.com\/?page_id=2416"},"modified":"2022-12-26T07:10:01","modified_gmt":"2022-12-26T07:10:01","slug":"our-team","status":"publish","type":"page","link":"https:\/\/www.vkpakmachine.com\/hr\/our-team\/","title":{"rendered":"Na\u0161 tim"},"content":{"rendered":"<p>Na\u0161 tim je tim od jedne osobe, tim visokih performansi i nepobjediv tim. Svatko ima dobru timsku svijest, sposobnost dobre komunikacije i koordinacije; Naporan rad, pedantan i strpljivost mogu priu\u0161titi pritisak posla, koji su vrlo upoznati s poslovnim procesima i znaju kako bolje uslu\u017eiti kupce, imaju jaku sposobnost prakti\u010dne vanjske trgovine, marljivi i posve\u0107eni sebi karijeri, malo napreduju svaki dan. Oni su strastveni, energi\u010dni, uslu\u017eni, iskusni, gostoljubivi, zabavni, dobri su prijatelji kojima zaslu\u017eujete vjerovati, nakon \u0161to posluju s nama, ne postoji ni\u0161ta u \u0161to ne mo\u017eete biti sigurni. \u010clanovi tima u na\u0161oj tvrtki pokrivaju razvoj tr\u017ei\u0161ta (prodaja), tehnologiju, rad, dizajn, otpremu za istra\u017eivanje i razvoj, tim za usluge nakon prodaje itd.<br \/>\n<div class=\"su-custom-gallery su-custom-gallery-title-hover su-lightbox-gallery\"><div class=\"su-custom-gallery-slide\"><a href=\"https:\/\/www.vkpakmachine.com\/wp-content\/uploads\/team01.jpg\" title=\"Na\u0161 tim\"><img loading=\"lazy\" decoding=\"async\" src=\"https:\/\/www.vkpakmachine.com\/wp-content\/uploads\/team01-380x250.jpg\" alt=\"Na\u0161 tim\" width=\"380\" height=\"250\" \/><span class=\"su-custom-gallery-title\">Na\u0161 tim<\/span><\/a><\/div><div class=\"su-custom-gallery-slide\"><a href=\"https:\/\/www.vkpakmachine.com\/wp-content\/uploads\/team02.jpg\" title=\"Na\u0161 tim\"><img loading=\"lazy\" decoding=\"async\" src=\"https:\/\/www.vkpakmachine.com\/wp-content\/uploads\/team02-380x250.jpg\" alt=\"Na\u0161 tim\" width=\"380\" height=\"250\" \/><span class=\"su-custom-gallery-title\">Na\u0161 tim<\/span><\/a><\/div><div class=\"su-custom-gallery-slide\"><a href=\"https:\/\/www.vkpakmachine.com\/wp-content\/uploads\/team03.jpg\" title=\"Na\u0161 tim\"><img loading=\"lazy\" decoding=\"async\" src=\"https:\/\/www.vkpakmachine.com\/wp-content\/uploads\/team03-380x250.jpg\" alt=\"Na\u0161 tim\" width=\"380\" height=\"250\" \/><span class=\"su-custom-gallery-title\">Na\u0161 tim<\/span><\/a><\/div><div class=\"su-custom-gallery-slide\"><a href=\"https:\/\/www.vkpakmachine.com\/wp-content\/uploads\/team04.jpg\" title=\"Na\u0161 tim\"><img loading=\"lazy\" decoding=\"async\" src=\"https:\/\/www.vkpakmachine.com\/wp-content\/uploads\/team04-380x250.jpg\" alt=\"Na\u0161 tim\" width=\"380\" height=\"250\" \/><span class=\"su-custom-gallery-title\">Na\u0161 tim<\/span><\/a><\/div><div class=\"su-custom-gallery-slide\"><a href=\"https:\/\/www.vkpakmachine.com\/wp-content\/uploads\/team05.jpg\" title=\"Na\u0161 tim\"><img loading=\"lazy\" decoding=\"async\" src=\"https:\/\/www.vkpakmachine.com\/wp-content\/uploads\/team05-380x250.jpg\" alt=\"Na\u0161 tim\" width=\"380\" height=\"250\" \/><span class=\"su-custom-gallery-title\">Na\u0161 tim<\/span><\/a><\/div><div class=\"su-custom-gallery-slide\"><a href=\"https:\/\/www.vkpakmachine.com\/wp-content\/uploads\/team06.jpg\" title=\"Na\u0161 tim\"><img loading=\"lazy\" decoding=\"async\" src=\"https:\/\/www.vkpakmachine.com\/wp-content\/uploads\/team06-380x250.jpg\" alt=\"Na\u0161 tim\" width=\"380\" height=\"250\" \/><span class=\"su-custom-gallery-title\">Na\u0161 tim<\/span><\/a><\/div><div class=\"su-clear\"><\/div><\/div>","protected":false},"excerpt":{"rendered":"<p>Na\u0161 tim je tim od jedne osobe, tim visokih performansi i nepobjediv tim. Svatko ima dobru timsku svijest, sposobnost dobre komunikacije i koordinacije; Naporan rad, pedantan rad i strpljenje mogu priu\u0161titi pritisak posla koji je vrlo dobro upoznat sa...&nbsp;<a href=\"https:\/\/www.vkpakmachine.com\/hr\/our-team\/\" class=\"more-link\">\u010citaj vi\u0161e<\/a><\/p>","protected":false},"author":1,"featured_media":0,"parent":0,"menu_order":0,"comment_status":"closed","ping_status":"closed","template":"","meta":{"footnotes":""},"yoast_head":"<!-- This site is optimized with the Yoast SEO plugin v22.5 - https:\/\/yoast.com\/wordpress\/plugins\/seo\/ -->\n<title>Our Team - VKPAK<\/title>\n<meta name=\"robots\" content=\"index, follow, max-snippet:-1, max-image-preview:large, max-video-preview:-1\" \/>\n<link rel=\"canonical\" href=\"https:\/\/www.vkpakmachine.com\/hr\/our-team\/\" \/>\n<script type=\"application\/ld+json\" class=\"yoast-schema-graph\">{\"@context\":\"https:\/\/schema.org\",\"@graph\":[{\"@type\":\"WebPage\",\"@id\":\"https:\/\/www.vkpakmachine.com\/lt\/our-team\/\",\"url\":\"https:\/\/www.vkpakmachine.com\/lt\/our-team\/\",\"name\":\"Our Team - VKPAK\",\"isPartOf\":{\"@id\":\"https:\/\/www.vkpakmachine.com\/lv\/#website\"},\"datePublished\":\"2022-12-26T07:10:01+00:00\",\"dateModified\":\"2022-12-26T07:10:01+00:00\",\"breadcrumb\":{\"@id\":\"https:\/\/www.vkpakmachine.com\/lt\/our-team\/#breadcrumb\"},\"inLanguage\":\"hr\",\"potentialAction\":[{\"@type\":\"ReadAction\",\"target\":[\"https:\/\/www.vkpakmachine.com\/lt\/our-team\/\"]}]},{\"@type\":\"BreadcrumbList\",\"@id\":\"https:\/\/www.vkpakmachine.com\/lt\/our-team\/#breadcrumb\",\"itemListElement\":[{\"@type\":\"ListItem\",\"position\":1,\"name\":\"Home\",\"item\":\"https:\/\/www.vkpakmachine.com\/lv\/\"},{\"@type\":\"ListItem\",\"position\":2,\"name\":\"Our Team\"}]},{\"@type\":\"WebSite\",\"@id\":\"https:\/\/www.vkpakmachine.com\/lv\/#website\",\"url\":\"https:\/\/www.vkpakmachine.com\/lv\/\",\"name\":\"VKPAK\",\"description\":\"\",\"publisher\":{\"@id\":\"https:\/\/www.vkpakmachine.com\/lv\/#organization\"},\"potentialAction\":[{\"@type\":\"SearchAction\",\"target\":{\"@type\":\"EntryPoint\",\"urlTemplate\":\"https:\/\/www.vkpakmachine.com\/lv\/?s={search_term_string}\"},\"query-input\":\"required name=search_term_string\"}],\"inLanguage\":\"hr\"},{\"@type\":\"Organization\",\"@id\":\"https:\/\/www.vkpakmachine.com\/lv\/#organization\",\"name\":\"VKPAK\",\"url\":\"https:\/\/www.vkpakmachine.com\/lv\/\",\"logo\":{\"@type\":\"ImageObject\",\"inLanguage\":\"hr\",\"@id\":\"https:\/\/www.vkpakmachine.com\/lv\/#\/schema\/logo\/image\/\",\"url\":\"https:\/\/www.vkpakmachine.com\/wp-content\/uploads\/Logo.png\",\"contentUrl\":\"https:\/\/www.vkpakmachine.com\/wp-content\/uploads\/Logo.png\",\"width\":300,\"height\":57,\"caption\":\"VKPAK\"},\"image\":{\"@id\":\"https:\/\/www.vkpakmachine.com\/lv\/#\/schema\/logo\/image\/\"}}]}<\/script>\n<!-- \/ Yoast SEO plugin. -->","yoast_head_json":{"title":"Our Team - VKPAK","robots":{"index":"index","follow":"follow","max-snippet":"max-snippet:-1","max-image-preview":"max-image-preview:large","max-video-preview":"max-video-preview:-1"},"canonical":"https:\/\/www.vkpakmachine.com\/hr\/our-team\/","schema":{"@context":"https:\/\/schema.org","@graph":[{"@type":"WebPage","@id":"https:\/\/www.vkpakmachine.com\/lt\/our-team\/","url":"https:\/\/www.vkpakmachine.com\/lt\/our-team\/","name":"Our Team - VKPAK","isPartOf":{"@id":"https:\/\/www.vkpakmachine.com\/lv\/#website"},"datePublished":"2022-12-26T07:10:01+00:00","dateModified":"2022-12-26T07:10:01+00:00","breadcrumb":{"@id":"https:\/\/www.vkpakmachine.com\/lt\/our-team\/#breadcrumb"},"inLanguage":"hr","potentialAction":[{"@type":"ReadAction","target":["https:\/\/www.vkpakmachine.com\/lt\/our-team\/"]}]},{"@type":"BreadcrumbList","@id":"https:\/\/www.vkpakmachine.com\/lt\/our-team\/#breadcrumb","itemListElement":[{"@type":"ListItem","position":1,"name":"Home","item":"https:\/\/www.vkpakmachine.com\/lv\/"},{"@type":"ListItem","position":2,"name":"Our Team"}]},{"@type":"WebSite","@id":"https:\/\/www.vkpakmachine.com\/lv\/#website","url":"https:\/\/www.vkpakmachine.com\/lv\/","name":"VKPAK","description":"","publisher":{"@id":"https:\/\/www.vkpakmachine.com\/lv\/#organization"},"potentialAction":[{"@type":"SearchAction","target":{"@type":"EntryPoint","urlTemplate":"https:\/\/www.vkpakmachine.com\/lv\/?s={search_term_string}"},"query-input":"required name=search_term_string"}],"inLanguage":"hr"},{"@type":"Organization","@id":"https:\/\/www.vkpakmachine.com\/lv\/#organization","name":"VKPAK","url":"https:\/\/www.vkpakmachine.com\/lv\/","logo":{"@type":"ImageObject","inLanguage":"hr","@id":"https:\/\/www.vkpakmachine.com\/lv\/#\/schema\/logo\/image\/","url":"https:\/\/www.vkpakmachine.com\/wp-content\/uploads\/Logo.png","contentUrl":"https:\/\/www.vkpakmachine.com\/wp-content\/uploads\/Logo.png","width":300,"height":57,"caption":"VKPAK"},"image":{"@id":"https:\/\/www.vkpakmachine.com\/lv\/#\/schema\/logo\/image\/"}}]}},"_links":{"self":[{"href":"https:\/\/www.vkpakmachine.com\/hr\/wp-json\/wp\/v2\/pages\/2416"}],"collection":[{"href":"https:\/\/www.vkpakmachine.com\/hr\/wp-json\/wp\/v2\/pages"}],"about":[{"href":"https:\/\/www.vkpakmachine.com\/hr\/wp-json\/wp\/v2\/types\/page"}],"author":[{"embeddable":true,"href":"https:\/\/www.vkpakmachine.com\/hr\/wp-json\/wp\/v2\/users\/1"}],"replies":[{"embeddable":true,"href":"https:\/\/www.vkpakmachine.com\/hr\/wp-json\/wp\/v2\/comments?post=2416"}],"version-history":[{"count":0,"href":"https:\/\/www.vkpakmachine.com\/hr\/wp-json\/wp\/v2\/pages\/2416\/revisions"}],"wp:attachment":[{"href":"https:\/\/www.vkpakmachine.com\/hr\/wp-json\/wp\/v2\/media?parent=2416"}],"curies":[{"name":"wp","href":"https:\/\/api.w.org\/{rel}","templated":true}]}}