{"id":2414,"date":"2022-12-26T07:08:38","date_gmt":"2022-12-26T07:08:38","guid":{"rendered":"https:\/\/www.vkpakmachine.com\/?page_id=2414"},"modified":"2022-12-26T07:08:38","modified_gmt":"2022-12-26T07:08:38","slug":"faq","status":"publish","type":"page","link":"https:\/\/www.vkpakmachine.com\/hr\/faq\/","title":{"rendered":"Pitanja"},"content":{"rendered":"<p><strong>P: Jeste li tvornica ili trgova\u010dko poduze\u0107e?<\/strong><br \/>\nO: Tvorni\u010dki smo usredoto\u010deni na projektiranje, proizvodnju, sastavljanje, instaliranje i otklanjanje pogre\u0161aka raznih vrsta strojeva za punjenje, strojeva za zatvaranje i strojeva za ozna\u010davanje od 2003. godine.<\/p>\n<p><strong>P: Mo\u017eete li poslati video koji pokazuje kako va\u0161 stroj radi?<\/strong><br \/>\nO: Svakako, napravili smo sav video zapis na\u0161eg stroja.<\/p>\n<p><strong>P: Radite li test prije otpreme?<\/strong><br \/>\nO: Stroj uvijek u potpunosti testiramo i uvjeravamo se da radi glatko prije otpreme.<\/p>\n<p><strong>P: Koji je rok pla\u0107anja i trgovinski uvjeti?<\/strong><br \/>\nO: Prihva\u0107amo T\/T, Western Union, MoneyGram, Alibaba Trade Assurance pla\u0107anja.<br \/>\nTrgova\u010dki termin: EXW, FOB, CIF, CNF.<\/p>\n<p><strong>P: Koliki je MOQ i jamstvo?<\/strong><br \/>\nO: Ne postoji MOQ, dobrodo\u0161li da naru\u010dite, obe\u0107avamo 12-mjese\u010dno jamstvo.<\/p>\n<p><strong>P: Kakav paket za slanje?<\/strong><br \/>\nO: Upotrijebite osnovnu rastezljivu foliju oko cijelog stroja, pakiranu s izvezenom drvenom kutijom, tako\u0111er mo\u017ee biti prema va\u0161im zahtjevima.<\/p>\n<p><strong>P: Ako je za stroj istekla jamstvena godina, \u0161to mo\u017eemo u\u010diniti ako se neki dio pokvari?<\/strong><br \/>\nO: Nudimo do\u017eivotnu uslugu stroja, ako se bilo koji rezervni dio pokvari nakon godinu dana, kupci mogu kupiti rezervne dijelove na lokalnom tr\u017ei\u0161tu ili kupiti od dobavlja\u010da, mo\u017eemo poslati rezervne dijelove kupcima u roku od 24 sata. I svi dijelovi na\u0161ih komponenti stroja originalni su svjetski poznatih marki, lako ih je prona\u0107i u lokalnoj trgovini.<\/p>\n<p><strong>P: Koje je va\u0161e jamstvo?<\/strong><br \/>\nO: Jam\u010dimo za strojeve jednu godinu. U godini jamstva svi rezervni dijelovi su bili pokvareni zbog problema s kvalitetom VKPAK-a, rezervni dijelovi \u0107e biti isporu\u010deni besplatno za kupce, kupac treba platiti tro\u0161kove prijevoza ako je te\u017eina paketa ve\u0107a od 500 grama. Rezervni dijelovi koji se lako tro\u0161e nisu dostupni uvjete jamstva, kao \u0161to su O prstenovi, remeni koji \u0107e se isporu\u010divati sa strojem tijekom jedne godine kori\u0161tenja.<\/p>","protected":false},"excerpt":{"rendered":"<p>P: Jeste li tvornica ili trgova\u010dko poduze\u0107e? O: Tvorni\u010dki smo usredoto\u010deni na projektiranje, proizvodnju, sastavljanje, instaliranje i otklanjanje pogre\u0161aka raznih vrsta strojeva za punjenje, strojeva za zatvaranje i strojeva za ozna\u010davanje od 2003. P: Mo\u017eete li poslati video koji pokazuje kako va\u0161...&nbsp;<a href=\"https:\/\/www.vkpakmachine.com\/hr\/faq\/\" class=\"more-link\">\u010citaj vi\u0161e<\/a><\/p>","protected":false},"author":1,"featured_media":0,"parent":0,"menu_order":0,"comment_status":"closed","ping_status":"closed","template":"","meta":{"footnotes":""},"yoast_head":"<!-- This site is optimized with the Yoast SEO plugin v22.5 - https:\/\/yoast.com\/wordpress\/plugins\/seo\/ -->\n<title>FAQ - VKPAK<\/title>\n<meta name=\"robots\" content=\"index, follow, max-snippet:-1, max-image-preview:large, max-video-preview:-1\" \/>\n<link rel=\"canonical\" href=\"https:\/\/www.vkpakmachine.com\/hr\/faq\/\" \/>\n<script type=\"application\/ld+json\" class=\"yoast-schema-graph\">{\"@context\":\"https:\/\/schema.org\",\"@graph\":[{\"@type\":\"WebPage\",\"@id\":\"https:\/\/www.vkpakmachine.com\/lv\/faq\/\",\"url\":\"https:\/\/www.vkpakmachine.com\/lv\/faq\/\",\"name\":\"FAQ - VKPAK\",\"isPartOf\":{\"@id\":\"https:\/\/www.vkpakmachine.com\/lv\/#website\"},\"datePublished\":\"2022-12-26T07:08:38+00:00\",\"dateModified\":\"2022-12-26T07:08:38+00:00\",\"breadcrumb\":{\"@id\":\"https:\/\/www.vkpakmachine.com\/lv\/faq\/#breadcrumb\"},\"inLanguage\":\"hr\",\"potentialAction\":[{\"@type\":\"ReadAction\",\"target\":[\"https:\/\/www.vkpakmachine.com\/lv\/faq\/\"]}]},{\"@type\":\"BreadcrumbList\",\"@id\":\"https:\/\/www.vkpakmachine.com\/lv\/faq\/#breadcrumb\",\"itemListElement\":[{\"@type\":\"ListItem\",\"position\":1,\"name\":\"Home\",\"item\":\"https:\/\/www.vkpakmachine.com\/lv\/\"},{\"@type\":\"ListItem\",\"position\":2,\"name\":\"FAQ\"}]},{\"@type\":\"WebSite\",\"@id\":\"https:\/\/www.vkpakmachine.com\/lv\/#website\",\"url\":\"https:\/\/www.vkpakmachine.com\/lv\/\",\"name\":\"VKPAK\",\"description\":\"\",\"publisher\":{\"@id\":\"https:\/\/www.vkpakmachine.com\/lv\/#organization\"},\"potentialAction\":[{\"@type\":\"SearchAction\",\"target\":{\"@type\":\"EntryPoint\",\"urlTemplate\":\"https:\/\/www.vkpakmachine.com\/lv\/?s={search_term_string}\"},\"query-input\":\"required name=search_term_string\"}],\"inLanguage\":\"hr\"},{\"@type\":\"Organization\",\"@id\":\"https:\/\/www.vkpakmachine.com\/lv\/#organization\",\"name\":\"VKPAK\",\"url\":\"https:\/\/www.vkpakmachine.com\/lv\/\",\"logo\":{\"@type\":\"ImageObject\",\"inLanguage\":\"hr\",\"@id\":\"https:\/\/www.vkpakmachine.com\/lv\/#\/schema\/logo\/image\/\",\"url\":\"https:\/\/www.vkpakmachine.com\/wp-content\/uploads\/Logo.png\",\"contentUrl\":\"https:\/\/www.vkpakmachine.com\/wp-content\/uploads\/Logo.png\",\"width\":300,\"height\":57,\"caption\":\"VKPAK\"},\"image\":{\"@id\":\"https:\/\/www.vkpakmachine.com\/lv\/#\/schema\/logo\/image\/\"}}]}<\/script>\n<!-- \/ Yoast SEO plugin. -->","yoast_head_json":{"title":"FAQ - VKPAK","robots":{"index":"index","follow":"follow","max-snippet":"max-snippet:-1","max-image-preview":"max-image-preview:large","max-video-preview":"max-video-preview:-1"},"canonical":"https:\/\/www.vkpakmachine.com\/hr\/faq\/","schema":{"@context":"https:\/\/schema.org","@graph":[{"@type":"WebPage","@id":"https:\/\/www.vkpakmachine.com\/lv\/faq\/","url":"https:\/\/www.vkpakmachine.com\/lv\/faq\/","name":"FAQ - VKPAK","isPartOf":{"@id":"https:\/\/www.vkpakmachine.com\/lv\/#website"},"datePublished":"2022-12-26T07:08:38+00:00","dateModified":"2022-12-26T07:08:38+00:00","breadcrumb":{"@id":"https:\/\/www.vkpakmachine.com\/lv\/faq\/#breadcrumb"},"inLanguage":"hr","potentialAction":[{"@type":"ReadAction","target":["https:\/\/www.vkpakmachine.com\/lv\/faq\/"]}]},{"@type":"BreadcrumbList","@id":"https:\/\/www.vkpakmachine.com\/lv\/faq\/#breadcrumb","itemListElement":[{"@type":"ListItem","position":1,"name":"Home","item":"https:\/\/www.vkpakmachine.com\/lv\/"},{"@type":"ListItem","position":2,"name":"FAQ"}]},{"@type":"WebSite","@id":"https:\/\/www.vkpakmachine.com\/lv\/#website","url":"https:\/\/www.vkpakmachine.com\/lv\/","name":"VKPAK","description":"","publisher":{"@id":"https:\/\/www.vkpakmachine.com\/lv\/#organization"},"potentialAction":[{"@type":"SearchAction","target":{"@type":"EntryPoint","urlTemplate":"https:\/\/www.vkpakmachine.com\/lv\/?s={search_term_string}"},"query-input":"required name=search_term_string"}],"inLanguage":"hr"},{"@type":"Organization","@id":"https:\/\/www.vkpakmachine.com\/lv\/#organization","name":"VKPAK","url":"https:\/\/www.vkpakmachine.com\/lv\/","logo":{"@type":"ImageObject","inLanguage":"hr","@id":"https:\/\/www.vkpakmachine.com\/lv\/#\/schema\/logo\/image\/","url":"https:\/\/www.vkpakmachine.com\/wp-content\/uploads\/Logo.png","contentUrl":"https:\/\/www.vkpakmachine.com\/wp-content\/uploads\/Logo.png","width":300,"height":57,"caption":"VKPAK"},"image":{"@id":"https:\/\/www.vkpakmachine.com\/lv\/#\/schema\/logo\/image\/"}}]}},"_links":{"self":[{"href":"https:\/\/www.vkpakmachine.com\/hr\/wp-json\/wp\/v2\/pages\/2414"}],"collection":[{"href":"https:\/\/www.vkpakmachine.com\/hr\/wp-json\/wp\/v2\/pages"}],"about":[{"href":"https:\/\/www.vkpakmachine.com\/hr\/wp-json\/wp\/v2\/types\/page"}],"author":[{"embeddable":true,"href":"https:\/\/www.vkpakmachine.com\/hr\/wp-json\/wp\/v2\/users\/1"}],"replies":[{"embeddable":true,"href":"https:\/\/www.vkpakmachine.com\/hr\/wp-json\/wp\/v2\/comments?post=2414"}],"version-history":[{"count":0,"href":"https:\/\/www.vkpakmachine.com\/hr\/wp-json\/wp\/v2\/pages\/2414\/revisions"}],"wp:attachment":[{"href":"https:\/\/www.vkpakmachine.com\/hr\/wp-json\/wp\/v2\/media?parent=2414"}],"curies":[{"name":"wp","href":"https:\/\/api.w.org\/{rel}","templated":true}]}}