{"id":2424,"date":"2022-12-26T07:10:39","date_gmt":"2022-12-26T07:10:39","guid":{"rendered":"https:\/\/www.vkpakmachine.com\/?page_id=2424"},"modified":"2022-12-26T07:10:39","modified_gmt":"2022-12-26T07:10:39","slug":"quality-control","status":"publish","type":"page","link":"https:\/\/www.vkpakmachine.com\/fr\/quality-control\/","title":{"rendered":"Contr\u00f4le de qualit\u00e9"},"content":{"rendered":"<h2><strong>Assurance qualit\u00e9<\/strong><\/h2>\n<hr \/>\n<p>1, la garantie de l&#039;\u00e9quipement fourni par notre soci\u00e9t\u00e9 est un nouvel \u00e9quipement inutilis\u00e9 utilisant la derni\u00e8re conception et des mat\u00e9riaux appropri\u00e9s fabriqu\u00e9s, et qui r\u00e9pond \u00e0 tous \u00e9gards aux sp\u00e9cifications de qualit\u00e9 et aux performances stipul\u00e9es dans le contrat.<\/p>\n<p>2, la garantie de l&#039;entreprise fournie par l&#039;\u00e9quipement apr\u00e8s son guidage correct dans l&#039;ensemble du syst\u00e8me fonctionne 3 jours apr\u00e8s l&#039;installation et le d\u00e9bogage, pour atteindre les indicateurs de performance technique du produit.<\/p>\n<p>3, notre soci\u00e9t\u00e9 garantit pendant la p\u00e9riode de garantie de qualit\u00e9 stipul\u00e9e dans le contrat, le processus de conception pour la fourniture d&#039;\u00e9quipements de d\u00e9bogage d&#039;installation de fabrication ou de d\u00e9fauts mat\u00e9riels et tout cela caus\u00e9 par la responsabilit\u00e9 du vendeur est responsable de tout d\u00e9faut dans la cha\u00eene de production de d\u00e9faut et de dommage.<\/p>\n<p>4, toute la p\u00e9riode de garantie de qualit\u00e9 de la machine pour la cha\u00eene de production pendant 12 mois apr\u00e8s l&#039;acceptation. S&#039;il constate pendant la p\u00e9riode de garantie de qualit\u00e9, la qualit\u00e9 des marchandises ou les sp\u00e9cifications et n&#039;est pas conforme aux dispositions du contrat, ou s&#039;il prouve que les marchandises sont d\u00e9fectueuses (y compris des d\u00e9fauts potentiels ou l&#039;utilisation de mat\u00e9riaux de qualit\u00e9 inf\u00e9rieure, etc.), le L&#039;acheteur a droit, conform\u00e9ment au certificat d&#039;inspection d\u00e9livr\u00e9 par le service juridique des marchandises, pendant la p\u00e9riode de garantie de qualit\u00e9, au programme de traitement du vendeur propos\u00e9.<\/p>\n<p>5, L&#039;entreprise \u00e0 la qualit\u00e9 du produit sur les propri\u00e9t\u00e9s m\u00e9caniques de l&#039;\u00e9quipement fourni et \u00e0 la garantie de l&#039;indice de consommation du produit.<\/p>\n<h2><strong>garantie<\/strong><\/h2>\n<hr \/>\n<p>1, apr\u00e8s l&#039;acceptation de l&#039;\u00e9quipement, fournissez une garantie de 12 mois, la p\u00e9riode de garantie \u00e9tant fournie gratuitement pour les d\u00e9fauts de pi\u00e8ces et de composants caus\u00e9s par le vendeur et le service rapide et efficace.<\/p>\n<p>2, apr\u00e8s la garantie, fournissez \u00e0 vie un service apr\u00e8s-vente de support technique largement favorable.<br \/>\nService apr\u00e8s-vente\u00a0: le service apr\u00e8s-vente de notre entreprise dispose d&#039;un t\u00e9l\u00e9phone de service apr\u00e8s-vente d\u00e9di\u00e9, notre personnel est responsable de prendre en charge l&#039;utilisateur du t\u00e9l\u00e9phone, de s&#039;assurer que l&#039;utilisateur dans la premi\u00e8re question donne une r\u00e9ponse enthousiaste et s\u00e9rieuse apr\u00e8s l&#039;\u00e9quipement. acceptation de l&#039;\u00e9quipement que nous fournissons 12 mois de processus de service de garantie, nous fournirons au moins une fois par le personnel professionnel et technique une inspection de routine et fournirons le rapport d&#039;inspection d\u00e9taill\u00e9, pour les utilisateurs de r\u00e9f\u00e9rence utilisateur mis en avant clairement apr\u00e8s les exigences de maintenance, notre soci\u00e9t\u00e9 promet : la sc\u00e8ne utilisateur dans les plus brefs d\u00e9lais envoy\u00e9e au service de r\u00e9paration.<\/p>","protected":false},"excerpt":{"rendered":"<p>Assurance qualit\u00e9 1, la garantie de l&#039;\u00e9quipement fourni par notre soci\u00e9t\u00e9 est un \u00e9quipement neuf non utilis\u00e9 utilisant la derni\u00e8re conception et des mat\u00e9riaux appropri\u00e9s fabriqu\u00e9s, et r\u00e9pondant \u00e0 tous \u00e9gards aux sp\u00e9cifications de qualit\u00e9 et aux performances stipul\u00e9es dans le contrat. 2, L&#039;entreprise\u2026&nbsp;<a href=\"https:\/\/www.vkpakmachine.com\/fr\/quality-control\/\" class=\"more-link\">En savoir plus<\/a><\/p>","protected":false},"author":1,"featured_media":0,"parent":0,"menu_order":0,"comment_status":"closed","ping_status":"closed","template":"","meta":{"footnotes":""},"yoast_head":"<!-- This site is optimized with the Yoast SEO plugin v22.5 - https:\/\/yoast.com\/wordpress\/plugins\/seo\/ -->\n<title>Quality Control - VKPAK<\/title>\n<meta name=\"robots\" content=\"index, follow, max-snippet:-1, max-image-preview:large, max-video-preview:-1\" \/>\n<link rel=\"canonical\" href=\"https:\/\/www.vkpakmachine.com\/fr\/quality-control\/\" \/>\n<script type=\"application\/ld+json\" class=\"yoast-schema-graph\">{\"@context\":\"https:\/\/schema.org\",\"@graph\":[{\"@type\":\"WebPage\",\"@id\":\"https:\/\/www.vkpakmachine.com\/lt\/quality-control\/\",\"url\":\"https:\/\/www.vkpakmachine.com\/lt\/quality-control\/\",\"name\":\"Quality Control - VKPAK\",\"isPartOf\":{\"@id\":\"https:\/\/www.vkpakmachine.com\/lv\/#website\"},\"datePublished\":\"2022-12-26T07:10:39+00:00\",\"dateModified\":\"2022-12-26T07:10:39+00:00\",\"breadcrumb\":{\"@id\":\"https:\/\/www.vkpakmachine.com\/lt\/quality-control\/#breadcrumb\"},\"inLanguage\":\"fr-FR\",\"potentialAction\":[{\"@type\":\"ReadAction\",\"target\":[\"https:\/\/www.vkpakmachine.com\/lt\/quality-control\/\"]}]},{\"@type\":\"BreadcrumbList\",\"@id\":\"https:\/\/www.vkpakmachine.com\/lt\/quality-control\/#breadcrumb\",\"itemListElement\":[{\"@type\":\"ListItem\",\"position\":1,\"name\":\"Home\",\"item\":\"https:\/\/www.vkpakmachine.com\/lv\/\"},{\"@type\":\"ListItem\",\"position\":2,\"name\":\"Quality Control\"}]},{\"@type\":\"WebSite\",\"@id\":\"https:\/\/www.vkpakmachine.com\/lv\/#website\",\"url\":\"https:\/\/www.vkpakmachine.com\/lv\/\",\"name\":\"VKPAK\",\"description\":\"\",\"publisher\":{\"@id\":\"https:\/\/www.vkpakmachine.com\/lv\/#organization\"},\"potentialAction\":[{\"@type\":\"SearchAction\",\"target\":{\"@type\":\"EntryPoint\",\"urlTemplate\":\"https:\/\/www.vkpakmachine.com\/lv\/?s={search_term_string}\"},\"query-input\":\"required name=search_term_string\"}],\"inLanguage\":\"fr-FR\"},{\"@type\":\"Organization\",\"@id\":\"https:\/\/www.vkpakmachine.com\/lv\/#organization\",\"name\":\"VKPAK\",\"url\":\"https:\/\/www.vkpakmachine.com\/lv\/\",\"logo\":{\"@type\":\"ImageObject\",\"inLanguage\":\"fr-FR\",\"@id\":\"https:\/\/www.vkpakmachine.com\/lv\/#\/schema\/logo\/image\/\",\"url\":\"https:\/\/www.vkpakmachine.com\/wp-content\/uploads\/Logo.png\",\"contentUrl\":\"https:\/\/www.vkpakmachine.com\/wp-content\/uploads\/Logo.png\",\"width\":300,\"height\":57,\"caption\":\"VKPAK\"},\"image\":{\"@id\":\"https:\/\/www.vkpakmachine.com\/lv\/#\/schema\/logo\/image\/\"}}]}<\/script>\n<!-- \/ Yoast SEO plugin. -->","yoast_head_json":{"title":"Quality Control - VKPAK","robots":{"index":"index","follow":"follow","max-snippet":"max-snippet:-1","max-image-preview":"max-image-preview:large","max-video-preview":"max-video-preview:-1"},"canonical":"https:\/\/www.vkpakmachine.com\/fr\/quality-control\/","schema":{"@context":"https:\/\/schema.org","@graph":[{"@type":"WebPage","@id":"https:\/\/www.vkpakmachine.com\/lt\/quality-control\/","url":"https:\/\/www.vkpakmachine.com\/lt\/quality-control\/","name":"Quality Control - VKPAK","isPartOf":{"@id":"https:\/\/www.vkpakmachine.com\/lv\/#website"},"datePublished":"2022-12-26T07:10:39+00:00","dateModified":"2022-12-26T07:10:39+00:00","breadcrumb":{"@id":"https:\/\/www.vkpakmachine.com\/lt\/quality-control\/#breadcrumb"},"inLanguage":"fr-FR","potentialAction":[{"@type":"ReadAction","target":["https:\/\/www.vkpakmachine.com\/lt\/quality-control\/"]}]},{"@type":"BreadcrumbList","@id":"https:\/\/www.vkpakmachine.com\/lt\/quality-control\/#breadcrumb","itemListElement":[{"@type":"ListItem","position":1,"name":"Home","item":"https:\/\/www.vkpakmachine.com\/lv\/"},{"@type":"ListItem","position":2,"name":"Quality Control"}]},{"@type":"WebSite","@id":"https:\/\/www.vkpakmachine.com\/lv\/#website","url":"https:\/\/www.vkpakmachine.com\/lv\/","name":"VKPAK","description":"","publisher":{"@id":"https:\/\/www.vkpakmachine.com\/lv\/#organization"},"potentialAction":[{"@type":"SearchAction","target":{"@type":"EntryPoint","urlTemplate":"https:\/\/www.vkpakmachine.com\/lv\/?s={search_term_string}"},"query-input":"required name=search_term_string"}],"inLanguage":"fr-FR"},{"@type":"Organization","@id":"https:\/\/www.vkpakmachine.com\/lv\/#organization","name":"VKPAK","url":"https:\/\/www.vkpakmachine.com\/lv\/","logo":{"@type":"ImageObject","inLanguage":"fr-FR","@id":"https:\/\/www.vkpakmachine.com\/lv\/#\/schema\/logo\/image\/","url":"https:\/\/www.vkpakmachine.com\/wp-content\/uploads\/Logo.png","contentUrl":"https:\/\/www.vkpakmachine.com\/wp-content\/uploads\/Logo.png","width":300,"height":57,"caption":"VKPAK"},"image":{"@id":"https:\/\/www.vkpakmachine.com\/lv\/#\/schema\/logo\/image\/"}}]}},"_links":{"self":[{"href":"https:\/\/www.vkpakmachine.com\/fr\/wp-json\/wp\/v2\/pages\/2424"}],"collection":[{"href":"https:\/\/www.vkpakmachine.com\/fr\/wp-json\/wp\/v2\/pages"}],"about":[{"href":"https:\/\/www.vkpakmachine.com\/fr\/wp-json\/wp\/v2\/types\/page"}],"author":[{"embeddable":true,"href":"https:\/\/www.vkpakmachine.com\/fr\/wp-json\/wp\/v2\/users\/1"}],"replies":[{"embeddable":true,"href":"https:\/\/www.vkpakmachine.com\/fr\/wp-json\/wp\/v2\/comments?post=2424"}],"version-history":[{"count":0,"href":"https:\/\/www.vkpakmachine.com\/fr\/wp-json\/wp\/v2\/pages\/2424\/revisions"}],"wp:attachment":[{"href":"https:\/\/www.vkpakmachine.com\/fr\/wp-json\/wp\/v2\/media?parent=2424"}],"curies":[{"name":"wp","href":"https:\/\/api.w.org\/{rel}","templated":true}]}}