{"id":2414,"date":"2022-12-26T07:08:38","date_gmt":"2022-12-26T07:08:38","guid":{"rendered":"https:\/\/www.vkpakmachine.com\/?page_id=2414"},"modified":"2022-12-26T07:08:38","modified_gmt":"2022-12-26T07:08:38","slug":"faq","status":"publish","type":"page","link":"https:\/\/www.vkpakmachine.com\/fr\/faq\/","title":{"rendered":"FAQ"},"content":{"rendered":"<p><strong>Q : \u00cates-vous une usine ou une soci\u00e9t\u00e9 commerciale ?<\/strong><br \/>\nR\u00a0:\u00a0Nous nous concentrons en usine sur la conception, la fabrication, l\u2019assemblage, l\u2019installation et le d\u00e9bogage de divers types de machines de remplissage, de capsulages et d\u2019\u00e9tiqueteuses depuis 2003.<\/p>\n<p><strong>Q\u00a0: Pouvez-vous envoyer une vid\u00e9o montrant le fonctionnement de votre machine\u00a0?<\/strong><br \/>\nR\u00a0:\u00a0Certes, nous avons r\u00e9alis\u00e9 toutes les vid\u00e9os de notre machine.<\/p>\n<p><strong>Q : Effectuez-vous des tests avant exp\u00e9dition ?<\/strong><br \/>\nR\u00a0: Nous testons toujours enti\u00e8rement la machine et nous assurons qu\u2019elle fonctionne correctement avant l\u2019exp\u00e9dition.<\/p>\n<p><strong>Q\u00a0:\u00a0Quelles sont les conditions de paiement et les conditions commerciales\u00a0?<\/strong><br \/>\nR: nous acceptons les paiements T\/T, Western Union, MoneyGram, Alibaba Trade Assurance.<br \/>\nTerme commercial\u00a0: EXW, FOB, CIF, CNF.<\/p>\n<p><strong>Q : Quel est le MOQ et la garantie ?<\/strong><br \/>\nR : Il n&#039;y a pas de MOQ, bienvenue pour commander, nous promettons une garantie de 12 mois.<\/p>\n<p><strong>Q : Quel type de colis pour l\u2019exp\u00e9dition ?<\/strong><br \/>\nR: Utilisez le film \u00e9tirable de base autour de toute la machine et emball\u00e9 dans une caisse en bois export\u00e9e, peut \u00e9galement \u00eatre adapt\u00e9 \u00e0 vos besoins.<\/p>\n<p><strong>Q\u00a0: Si la machine n\u2019est plus sous garantie, que pouvons-nous faire si des pi\u00e8ces sont cass\u00e9es\u00a0?<\/strong><br \/>\nR : Nous offrons un service toute la dur\u00e9e de vie de la machine. Si des pi\u00e8ces de rechange \u00e9taient cass\u00e9es apr\u00e8s un an, les clients peuvent acheter les pi\u00e8ces de rechange sur le march\u00e9 local ou les acheter aupr\u00e8s de fournisseurs, nous pouvons envoyer des pi\u00e8ces de rechange aux clients dans les 24 heures. Et toutes nos pi\u00e8ces de composants de machine sont originales d&#039;une marque de renomm\u00e9e mondiale, elles sont faciles \u00e0 trouver localement.<\/p>\n<p><strong>Q : Quelle est votre garantie ?<\/strong><br \/>\nR : Nous garantissons les machines un an. Au cours de l&#039;ann\u00e9e de garantie, toutes les pi\u00e8ces de rechange ont \u00e9t\u00e9 cass\u00e9es en raison d&#039;un probl\u00e8me de qualit\u00e9 VKPAK, les pi\u00e8ces de rechange seront fournies gratuitement aux clients, le client devra payer les frais de transport si le poids du colis est sup\u00e9rieur \u00e0 500 grammes. Les pi\u00e8ces de rechange faciles \u00e0 user ne sont pas incluses. les conditions de garantie, telles que les joints toriques et les courroies qui seront fournies avec la machine pendant un an d&#039;utilisation.<\/p>","protected":false},"excerpt":{"rendered":"<p>Q : \u00cates-vous une usine ou une soci\u00e9t\u00e9 commerciale ? R : Nous nous concentrons en usine sur la conception, la fabrication, l&#039;assemblage, l&#039;installation et le d\u00e9bogage de divers types de machines de remplissage, de capsulage et d&#039;\u00e9tiqueteuses depuis 2003. Q : Pouvez-vous envoyer une vid\u00e9o montrant comment votre\u2026&nbsp;<a href=\"https:\/\/www.vkpakmachine.com\/fr\/faq\/\" class=\"more-link\">En savoir plus<\/a><\/p>","protected":false},"author":1,"featured_media":0,"parent":0,"menu_order":0,"comment_status":"closed","ping_status":"closed","template":"","meta":{"footnotes":""},"yoast_head":"<!-- This site is optimized with the Yoast SEO plugin v22.5 - https:\/\/yoast.com\/wordpress\/plugins\/seo\/ -->\n<title>FAQ - VKPAK<\/title>\n<meta name=\"robots\" content=\"index, follow, max-snippet:-1, max-image-preview:large, max-video-preview:-1\" \/>\n<link rel=\"canonical\" href=\"https:\/\/www.vkpakmachine.com\/fr\/faq\/\" \/>\n<script type=\"application\/ld+json\" class=\"yoast-schema-graph\">{\"@context\":\"https:\/\/schema.org\",\"@graph\":[{\"@type\":\"WebPage\",\"@id\":\"https:\/\/www.vkpakmachine.com\/lv\/faq\/\",\"url\":\"https:\/\/www.vkpakmachine.com\/lv\/faq\/\",\"name\":\"FAQ - VKPAK\",\"isPartOf\":{\"@id\":\"https:\/\/www.vkpakmachine.com\/lv\/#website\"},\"datePublished\":\"2022-12-26T07:08:38+00:00\",\"dateModified\":\"2022-12-26T07:08:38+00:00\",\"breadcrumb\":{\"@id\":\"https:\/\/www.vkpakmachine.com\/lv\/faq\/#breadcrumb\"},\"inLanguage\":\"fr-FR\",\"potentialAction\":[{\"@type\":\"ReadAction\",\"target\":[\"https:\/\/www.vkpakmachine.com\/lv\/faq\/\"]}]},{\"@type\":\"BreadcrumbList\",\"@id\":\"https:\/\/www.vkpakmachine.com\/lv\/faq\/#breadcrumb\",\"itemListElement\":[{\"@type\":\"ListItem\",\"position\":1,\"name\":\"Home\",\"item\":\"https:\/\/www.vkpakmachine.com\/lv\/\"},{\"@type\":\"ListItem\",\"position\":2,\"name\":\"FAQ\"}]},{\"@type\":\"WebSite\",\"@id\":\"https:\/\/www.vkpakmachine.com\/lv\/#website\",\"url\":\"https:\/\/www.vkpakmachine.com\/lv\/\",\"name\":\"VKPAK\",\"description\":\"\",\"publisher\":{\"@id\":\"https:\/\/www.vkpakmachine.com\/lv\/#organization\"},\"potentialAction\":[{\"@type\":\"SearchAction\",\"target\":{\"@type\":\"EntryPoint\",\"urlTemplate\":\"https:\/\/www.vkpakmachine.com\/lv\/?s={search_term_string}\"},\"query-input\":\"required name=search_term_string\"}],\"inLanguage\":\"fr-FR\"},{\"@type\":\"Organization\",\"@id\":\"https:\/\/www.vkpakmachine.com\/lv\/#organization\",\"name\":\"VKPAK\",\"url\":\"https:\/\/www.vkpakmachine.com\/lv\/\",\"logo\":{\"@type\":\"ImageObject\",\"inLanguage\":\"fr-FR\",\"@id\":\"https:\/\/www.vkpakmachine.com\/lv\/#\/schema\/logo\/image\/\",\"url\":\"https:\/\/www.vkpakmachine.com\/wp-content\/uploads\/Logo.png\",\"contentUrl\":\"https:\/\/www.vkpakmachine.com\/wp-content\/uploads\/Logo.png\",\"width\":300,\"height\":57,\"caption\":\"VKPAK\"},\"image\":{\"@id\":\"https:\/\/www.vkpakmachine.com\/lv\/#\/schema\/logo\/image\/\"}}]}<\/script>\n<!-- \/ Yoast SEO plugin. -->","yoast_head_json":{"title":"FAQ - VKPAK","robots":{"index":"index","follow":"follow","max-snippet":"max-snippet:-1","max-image-preview":"max-image-preview:large","max-video-preview":"max-video-preview:-1"},"canonical":"https:\/\/www.vkpakmachine.com\/fr\/faq\/","schema":{"@context":"https:\/\/schema.org","@graph":[{"@type":"WebPage","@id":"https:\/\/www.vkpakmachine.com\/lv\/faq\/","url":"https:\/\/www.vkpakmachine.com\/lv\/faq\/","name":"FAQ - VKPAK","isPartOf":{"@id":"https:\/\/www.vkpakmachine.com\/lv\/#website"},"datePublished":"2022-12-26T07:08:38+00:00","dateModified":"2022-12-26T07:08:38+00:00","breadcrumb":{"@id":"https:\/\/www.vkpakmachine.com\/lv\/faq\/#breadcrumb"},"inLanguage":"fr-FR","potentialAction":[{"@type":"ReadAction","target":["https:\/\/www.vkpakmachine.com\/lv\/faq\/"]}]},{"@type":"BreadcrumbList","@id":"https:\/\/www.vkpakmachine.com\/lv\/faq\/#breadcrumb","itemListElement":[{"@type":"ListItem","position":1,"name":"Home","item":"https:\/\/www.vkpakmachine.com\/lv\/"},{"@type":"ListItem","position":2,"name":"FAQ"}]},{"@type":"WebSite","@id":"https:\/\/www.vkpakmachine.com\/lv\/#website","url":"https:\/\/www.vkpakmachine.com\/lv\/","name":"VKPAK","description":"","publisher":{"@id":"https:\/\/www.vkpakmachine.com\/lv\/#organization"},"potentialAction":[{"@type":"SearchAction","target":{"@type":"EntryPoint","urlTemplate":"https:\/\/www.vkpakmachine.com\/lv\/?s={search_term_string}"},"query-input":"required name=search_term_string"}],"inLanguage":"fr-FR"},{"@type":"Organization","@id":"https:\/\/www.vkpakmachine.com\/lv\/#organization","name":"VKPAK","url":"https:\/\/www.vkpakmachine.com\/lv\/","logo":{"@type":"ImageObject","inLanguage":"fr-FR","@id":"https:\/\/www.vkpakmachine.com\/lv\/#\/schema\/logo\/image\/","url":"https:\/\/www.vkpakmachine.com\/wp-content\/uploads\/Logo.png","contentUrl":"https:\/\/www.vkpakmachine.com\/wp-content\/uploads\/Logo.png","width":300,"height":57,"caption":"VKPAK"},"image":{"@id":"https:\/\/www.vkpakmachine.com\/lv\/#\/schema\/logo\/image\/"}}]}},"_links":{"self":[{"href":"https:\/\/www.vkpakmachine.com\/fr\/wp-json\/wp\/v2\/pages\/2414"}],"collection":[{"href":"https:\/\/www.vkpakmachine.com\/fr\/wp-json\/wp\/v2\/pages"}],"about":[{"href":"https:\/\/www.vkpakmachine.com\/fr\/wp-json\/wp\/v2\/types\/page"}],"author":[{"embeddable":true,"href":"https:\/\/www.vkpakmachine.com\/fr\/wp-json\/wp\/v2\/users\/1"}],"replies":[{"embeddable":true,"href":"https:\/\/www.vkpakmachine.com\/fr\/wp-json\/wp\/v2\/comments?post=2414"}],"version-history":[{"count":0,"href":"https:\/\/www.vkpakmachine.com\/fr\/wp-json\/wp\/v2\/pages\/2414\/revisions"}],"wp:attachment":[{"href":"https:\/\/www.vkpakmachine.com\/fr\/wp-json\/wp\/v2\/media?parent=2414"}],"curies":[{"name":"wp","href":"https:\/\/api.w.org\/{rel}","templated":true}]}}