{"id":2414,"date":"2022-12-26T07:08:38","date_gmt":"2022-12-26T07:08:38","guid":{"rendered":"https:\/\/www.vkpakmachine.com\/?page_id=2414"},"modified":"2022-12-26T07:08:38","modified_gmt":"2022-12-26T07:08:38","slug":"faq","status":"publish","type":"page","link":"https:\/\/www.vkpakmachine.com\/fi\/faq\/","title":{"rendered":"FAQ"},"content":{"rendered":"<p><strong>K: Oletko tehdas- tai kauppayhti\u00f6?<\/strong><br \/>\nV: Olemme tehdas keskittyneet erityyppisten t\u00e4ytt\u00f6koneiden, korkkikoneiden ja etiket\u00f6intikoneiden suunnitteluun, valmistukseen, kokoonpanoon, asennukseen ja virheenkorjaukseen vuodesta 2003 l\u00e4htien.<\/p>\n<p><strong>K: Voitko l\u00e4hett\u00e4\u00e4 videon, jossa n\u00e4kyy, kuinka koneesi toimii?<\/strong><br \/>\nV: Varmasti olemme tehneet kaikki koneemme videot.<\/p>\n<p><strong>K: Teetk\u00f6 testin ennen l\u00e4hetyst\u00e4?<\/strong><br \/>\nV: Testaamme aina koneen t\u00e4ysin ja varmistamme, ett\u00e4 se toimii sujuvasti ennen l\u00e4hett\u00e4mist\u00e4.<\/p>\n<p><strong>K: Mik\u00e4 on maksu- ja kauppaehdot?<\/strong><br \/>\nV: Hyv\u00e4ksymme T\/T-, Western Union-, MoneyGram-, Alibaba Trade Assurance -maksut.<br \/>\nKauppaehto: EXW,FOB,CIF,CNF.<\/p>\n<p><strong>K: Mik\u00e4 on MOQ ja takuu?<\/strong><br \/>\nV: MOQ:ta ei ole, tervetuloa tilaamaan, lupaamme 12 kuukauden takuun.<\/p>\n<p><strong>K: Millainen paketti l\u00e4hetyst\u00e4 varten?<\/strong><br \/>\nV: K\u00e4yt\u00e4 perusjoustokalvok\u00e4\u00e4rett\u00e4 koko koneen ymp\u00e4rille ja pakattuna vietyll\u00e4 puukotelolla, se voi my\u00f6s olla tarpeidesi mukainen.<\/p>\n<p><strong>K: Jos koneen takuuvuosi on umpeutunut, mit\u00e4 voimme tehd\u00e4, jos jokin osa on rikki?<\/strong><br \/>\nV: Tarjoamme koneen koko k\u00e4ytt\u00f6i\u00e4n palvelun, jos varaosat ovat rikki vuoden kuluttua, asiakkaat voivat ostaa varaosia paikallisilta markkinoilta tai ostaa toimittajilta, voimme l\u00e4hett\u00e4\u00e4 varaosia asiakkaille 24 tunnissa. Ja kaikki koneen osamme ovat alkuper\u00e4isi\u00e4 maailmankuululta tuotemerkilt\u00e4, ne on helppo l\u00f6yt\u00e4\u00e4 paikalliselta.<\/p>\n<p><strong>K: Mik\u00e4 on takuusi?<\/strong><br \/>\nV: Takaamme koneille yhden vuoden. Takuuvuonna kaikki varaosat olivat rikki VKPAK-laatuongelman vuoksi, varaosat toimitetaan asiakkaille ilmaiseksi, asiakkaan on maksettava rahtikulut, jos paketin paino on yli 500 grammaa. Helposti kuluvat varaosat eiv\u00e4t ole mukana takuuehdot, kuten O-renkaat, hihnat, jotka toimitetaan koneen mukana yhden vuoden ajan.<\/p>","protected":false},"excerpt":{"rendered":"<p>K: Oletko tehdas- tai kauppayhti\u00f6? V: Olemme tehdas keskittyneet erityyppisten t\u00e4ytt\u00f6koneiden, korkkikoneiden ja etiket\u00f6intikoneiden suunnitteluun, valmistukseen, kokoonpanoon, asennukseen ja virheenkorjaukseen vuodesta 2003 l\u00e4htien. K: Voitko l\u00e4hett\u00e4\u00e4 videon, jossa n\u00e4kyy, kuinka\u2026&nbsp;<a href=\"https:\/\/www.vkpakmachine.com\/fi\/faq\/\" class=\"more-link\">Lue lis\u00e4\u00e4<\/a><\/p>","protected":false},"author":1,"featured_media":0,"parent":0,"menu_order":0,"comment_status":"closed","ping_status":"closed","template":"","meta":{"footnotes":""},"yoast_head":"<!-- This site is optimized with the Yoast SEO plugin v22.5 - https:\/\/yoast.com\/wordpress\/plugins\/seo\/ -->\n<title>FAQ - VKPAK<\/title>\n<meta name=\"robots\" content=\"index, follow, max-snippet:-1, max-image-preview:large, max-video-preview:-1\" \/>\n<link rel=\"canonical\" href=\"https:\/\/www.vkpakmachine.com\/fi\/faq\/\" \/>\n<script type=\"application\/ld+json\" class=\"yoast-schema-graph\">{\"@context\":\"https:\/\/schema.org\",\"@graph\":[{\"@type\":\"WebPage\",\"@id\":\"https:\/\/www.vkpakmachine.com\/lv\/faq\/\",\"url\":\"https:\/\/www.vkpakmachine.com\/lv\/faq\/\",\"name\":\"FAQ - VKPAK\",\"isPartOf\":{\"@id\":\"https:\/\/www.vkpakmachine.com\/lv\/#website\"},\"datePublished\":\"2022-12-26T07:08:38+00:00\",\"dateModified\":\"2022-12-26T07:08:38+00:00\",\"breadcrumb\":{\"@id\":\"https:\/\/www.vkpakmachine.com\/lv\/faq\/#breadcrumb\"},\"inLanguage\":\"fi\",\"potentialAction\":[{\"@type\":\"ReadAction\",\"target\":[\"https:\/\/www.vkpakmachine.com\/lv\/faq\/\"]}]},{\"@type\":\"BreadcrumbList\",\"@id\":\"https:\/\/www.vkpakmachine.com\/lv\/faq\/#breadcrumb\",\"itemListElement\":[{\"@type\":\"ListItem\",\"position\":1,\"name\":\"Home\",\"item\":\"https:\/\/www.vkpakmachine.com\/lv\/\"},{\"@type\":\"ListItem\",\"position\":2,\"name\":\"FAQ\"}]},{\"@type\":\"WebSite\",\"@id\":\"https:\/\/www.vkpakmachine.com\/lv\/#website\",\"url\":\"https:\/\/www.vkpakmachine.com\/lv\/\",\"name\":\"VKPAK\",\"description\":\"\",\"publisher\":{\"@id\":\"https:\/\/www.vkpakmachine.com\/lv\/#organization\"},\"potentialAction\":[{\"@type\":\"SearchAction\",\"target\":{\"@type\":\"EntryPoint\",\"urlTemplate\":\"https:\/\/www.vkpakmachine.com\/lv\/?s={search_term_string}\"},\"query-input\":\"required name=search_term_string\"}],\"inLanguage\":\"fi\"},{\"@type\":\"Organization\",\"@id\":\"https:\/\/www.vkpakmachine.com\/lv\/#organization\",\"name\":\"VKPAK\",\"url\":\"https:\/\/www.vkpakmachine.com\/lv\/\",\"logo\":{\"@type\":\"ImageObject\",\"inLanguage\":\"fi\",\"@id\":\"https:\/\/www.vkpakmachine.com\/lv\/#\/schema\/logo\/image\/\",\"url\":\"https:\/\/www.vkpakmachine.com\/wp-content\/uploads\/Logo.png\",\"contentUrl\":\"https:\/\/www.vkpakmachine.com\/wp-content\/uploads\/Logo.png\",\"width\":300,\"height\":57,\"caption\":\"VKPAK\"},\"image\":{\"@id\":\"https:\/\/www.vkpakmachine.com\/lv\/#\/schema\/logo\/image\/\"}}]}<\/script>\n<!-- \/ Yoast SEO plugin. -->","yoast_head_json":{"title":"FAQ - VKPAK","robots":{"index":"index","follow":"follow","max-snippet":"max-snippet:-1","max-image-preview":"max-image-preview:large","max-video-preview":"max-video-preview:-1"},"canonical":"https:\/\/www.vkpakmachine.com\/fi\/faq\/","schema":{"@context":"https:\/\/schema.org","@graph":[{"@type":"WebPage","@id":"https:\/\/www.vkpakmachine.com\/lv\/faq\/","url":"https:\/\/www.vkpakmachine.com\/lv\/faq\/","name":"FAQ - VKPAK","isPartOf":{"@id":"https:\/\/www.vkpakmachine.com\/lv\/#website"},"datePublished":"2022-12-26T07:08:38+00:00","dateModified":"2022-12-26T07:08:38+00:00","breadcrumb":{"@id":"https:\/\/www.vkpakmachine.com\/lv\/faq\/#breadcrumb"},"inLanguage":"fi","potentialAction":[{"@type":"ReadAction","target":["https:\/\/www.vkpakmachine.com\/lv\/faq\/"]}]},{"@type":"BreadcrumbList","@id":"https:\/\/www.vkpakmachine.com\/lv\/faq\/#breadcrumb","itemListElement":[{"@type":"ListItem","position":1,"name":"Home","item":"https:\/\/www.vkpakmachine.com\/lv\/"},{"@type":"ListItem","position":2,"name":"FAQ"}]},{"@type":"WebSite","@id":"https:\/\/www.vkpakmachine.com\/lv\/#website","url":"https:\/\/www.vkpakmachine.com\/lv\/","name":"VKPAK","description":"","publisher":{"@id":"https:\/\/www.vkpakmachine.com\/lv\/#organization"},"potentialAction":[{"@type":"SearchAction","target":{"@type":"EntryPoint","urlTemplate":"https:\/\/www.vkpakmachine.com\/lv\/?s={search_term_string}"},"query-input":"required name=search_term_string"}],"inLanguage":"fi"},{"@type":"Organization","@id":"https:\/\/www.vkpakmachine.com\/lv\/#organization","name":"VKPAK","url":"https:\/\/www.vkpakmachine.com\/lv\/","logo":{"@type":"ImageObject","inLanguage":"fi","@id":"https:\/\/www.vkpakmachine.com\/lv\/#\/schema\/logo\/image\/","url":"https:\/\/www.vkpakmachine.com\/wp-content\/uploads\/Logo.png","contentUrl":"https:\/\/www.vkpakmachine.com\/wp-content\/uploads\/Logo.png","width":300,"height":57,"caption":"VKPAK"},"image":{"@id":"https:\/\/www.vkpakmachine.com\/lv\/#\/schema\/logo\/image\/"}}]}},"_links":{"self":[{"href":"https:\/\/www.vkpakmachine.com\/fi\/wp-json\/wp\/v2\/pages\/2414"}],"collection":[{"href":"https:\/\/www.vkpakmachine.com\/fi\/wp-json\/wp\/v2\/pages"}],"about":[{"href":"https:\/\/www.vkpakmachine.com\/fi\/wp-json\/wp\/v2\/types\/page"}],"author":[{"embeddable":true,"href":"https:\/\/www.vkpakmachine.com\/fi\/wp-json\/wp\/v2\/users\/1"}],"replies":[{"embeddable":true,"href":"https:\/\/www.vkpakmachine.com\/fi\/wp-json\/wp\/v2\/comments?post=2414"}],"version-history":[{"count":0,"href":"https:\/\/www.vkpakmachine.com\/fi\/wp-json\/wp\/v2\/pages\/2414\/revisions"}],"wp:attachment":[{"href":"https:\/\/www.vkpakmachine.com\/fi\/wp-json\/wp\/v2\/media?parent=2414"}],"curies":[{"name":"wp","href":"https:\/\/api.w.org\/{rel}","templated":true}]}}