{"id":2424,"date":"2022-12-26T07:10:39","date_gmt":"2022-12-26T07:10:39","guid":{"rendered":"https:\/\/www.vkpakmachine.com\/?page_id=2424"},"modified":"2022-12-26T07:10:39","modified_gmt":"2022-12-26T07:10:39","slug":"quality-control","status":"publish","type":"page","link":"https:\/\/www.vkpakmachine.com\/et\/quality-control\/","title":{"rendered":"Kvaliteedi kontroll"},"content":{"rendered":"<h2><strong>Kvaliteedi tagamine<\/strong><\/h2>\n<hr \/>\n<p>1, Meie ettev\u00f5tte poolt tarnitud seadmete garantii on uus, kasutamata, kasutades uusimat disaini ja valmistatud sobivat materjali ning vastab igati lepingus s\u00e4testatud kvaliteedispetsifikaadile ja t\u00f6\u00f6omadustele.<\/p>\n<p>2, ettev\u00f5tte garantii, mille seadme annab p\u00e4rast selle \u00f5iget juhendamist kogu s\u00fcsteemis, t\u00f6\u00f6tab 3 p\u00e4eva p\u00e4rast paigaldamist ja silumist, et saavutada toote tehnilised j\u00f5udlusn\u00e4itajad.<\/p>\n<p>3, Meie ettev\u00f5tte garantii lepingus s\u00e4testatud kvaliteedigarantii perioodil, projekteerimisprotsess seadmete tarnimiseks, paigaldamiseks silumine v\u00f5i materjalidefektid ja k\u00f5ik, mis on p\u00f5hjustatud m\u00fc\u00fcja vastutusest, vastutab tootmisliini rikete ja kahjustuste eest.<\/p>\n<p>4, kogu masina kvaliteedi garantiiaeg tootmisliinile 12 kuud p\u00e4rast vastuv\u00f5tmist. Kui kvaliteedi garantiiajal tuvastatakse kauba kvaliteet v\u00f5i spetsifikatsioon ja see ei vasta lepingus s\u00e4testatule v\u00f5i t\u00f5endab, et kaup on defektne (sh v\u00f5imalikud puudused v\u00f5i ebakvaliteetsete materjalide kasutamine jne), Ostjal on \u00f5igus vastavalt kauba juriidilise osakonna poolt v\u00e4ljastatud kontrollit\u00f5endile kvaliteedigarantii perioodi jooksul esitada m\u00fc\u00fcja kohtlemise skeem.<\/p>\n<p>5, Ettev\u00f5te toote kvaliteedi kohta tarnitud seadmete mehaaniliste omaduste ja toote tarbimise indeksi garantii kohta.<\/p>\n<h2><strong>Garantii<\/strong><\/h2>\n<hr \/>\n<p>1, p\u00e4rast seadmete vastuv\u00f5tmist andke 12-kuuline garantii, tasuta garantiiperiood m\u00fc\u00fcja poolt p\u00f5hjustatud osade ja komponentide defektide eest ning \u00f5igeaegne ja t\u00f5hus teenindus.<\/p>\n<p>2, p\u00e4rast garantiid pakuvad elukestvalt laialdaselt soodsat tehnilist tuge m\u00fc\u00fcgij\u00e4rgset teenindust.<br \/>\nM\u00fc\u00fcgij\u00e4rgne teenindus: meie ettev\u00f5tte m\u00fc\u00fcgij\u00e4rgse teeninduse osakonnal on spetsiaalne m\u00fc\u00fcgij\u00e4rgse teeninduse vihjetelefon, meie t\u00f6\u00f6tajad vastutavad telefoni kasutaja pealev\u00f5tmise eest, tagage, et kasutaja esimeses k\u00fcsimuses vastaks p\u00e4rast seadme paigaldamist entusiastlikult. seadmete vastuv\u00f5tmisel pakume 12-kuulist garantiihooldusprotsessi, professionaalsed ja tehnilised t\u00f6\u00f6tajad teostavad v\u00e4hemalt korra rutiinset \u00fclevaatust ja esitame \u00fcksikasjaliku \u00fclevaatusaruande, mille kasutaja referentskasutajad esitavad p\u00e4rast hooldusn\u00f5udeid, lubab meie ettev\u00f5te : kasutajastseen v\u00f5imalikult l\u00fchikese aja jooksul, mis saadetakse parandusteenindusse.<\/p>","protected":false},"excerpt":{"rendered":"<p>Kvaliteedi tagamine 1, Garantii meie ettev\u00f5tte poolt tarnitud seadmetele on uus kasutamata, kasutades uusimat disaini ja valmistatud sobivat materjali ning vastab igati lepingus s\u00e4testatud kvaliteedispetsifikaadile ja t\u00f6\u00f6omadustele. 2, ettev\u00f5te\u2026&nbsp;<a href=\"https:\/\/www.vkpakmachine.com\/et\/quality-control\/\" class=\"more-link\">Loe rohkem<\/a><\/p>","protected":false},"author":1,"featured_media":0,"parent":0,"menu_order":0,"comment_status":"closed","ping_status":"closed","template":"","meta":{"footnotes":""},"yoast_head":"<!-- This site is optimized with the Yoast SEO plugin v22.5 - https:\/\/yoast.com\/wordpress\/plugins\/seo\/ -->\n<title>Quality Control - VKPAK<\/title>\n<meta name=\"robots\" content=\"index, follow, max-snippet:-1, max-image-preview:large, max-video-preview:-1\" \/>\n<link rel=\"canonical\" href=\"https:\/\/www.vkpakmachine.com\/et\/quality-control\/\" \/>\n<script type=\"application\/ld+json\" class=\"yoast-schema-graph\">{\"@context\":\"https:\/\/schema.org\",\"@graph\":[{\"@type\":\"WebPage\",\"@id\":\"https:\/\/www.vkpakmachine.com\/lt\/quality-control\/\",\"url\":\"https:\/\/www.vkpakmachine.com\/lt\/quality-control\/\",\"name\":\"Quality Control - VKPAK\",\"isPartOf\":{\"@id\":\"https:\/\/www.vkpakmachine.com\/lv\/#website\"},\"datePublished\":\"2022-12-26T07:10:39+00:00\",\"dateModified\":\"2022-12-26T07:10:39+00:00\",\"breadcrumb\":{\"@id\":\"https:\/\/www.vkpakmachine.com\/lt\/quality-control\/#breadcrumb\"},\"inLanguage\":\"et\",\"potentialAction\":[{\"@type\":\"ReadAction\",\"target\":[\"https:\/\/www.vkpakmachine.com\/lt\/quality-control\/\"]}]},{\"@type\":\"BreadcrumbList\",\"@id\":\"https:\/\/www.vkpakmachine.com\/lt\/quality-control\/#breadcrumb\",\"itemListElement\":[{\"@type\":\"ListItem\",\"position\":1,\"name\":\"Home\",\"item\":\"https:\/\/www.vkpakmachine.com\/lv\/\"},{\"@type\":\"ListItem\",\"position\":2,\"name\":\"Quality Control\"}]},{\"@type\":\"WebSite\",\"@id\":\"https:\/\/www.vkpakmachine.com\/lv\/#website\",\"url\":\"https:\/\/www.vkpakmachine.com\/lv\/\",\"name\":\"VKPAK\",\"description\":\"\",\"publisher\":{\"@id\":\"https:\/\/www.vkpakmachine.com\/lv\/#organization\"},\"potentialAction\":[{\"@type\":\"SearchAction\",\"target\":{\"@type\":\"EntryPoint\",\"urlTemplate\":\"https:\/\/www.vkpakmachine.com\/lv\/?s={search_term_string}\"},\"query-input\":\"required name=search_term_string\"}],\"inLanguage\":\"et\"},{\"@type\":\"Organization\",\"@id\":\"https:\/\/www.vkpakmachine.com\/lv\/#organization\",\"name\":\"VKPAK\",\"url\":\"https:\/\/www.vkpakmachine.com\/lv\/\",\"logo\":{\"@type\":\"ImageObject\",\"inLanguage\":\"et\",\"@id\":\"https:\/\/www.vkpakmachine.com\/lv\/#\/schema\/logo\/image\/\",\"url\":\"https:\/\/www.vkpakmachine.com\/wp-content\/uploads\/Logo.png\",\"contentUrl\":\"https:\/\/www.vkpakmachine.com\/wp-content\/uploads\/Logo.png\",\"width\":300,\"height\":57,\"caption\":\"VKPAK\"},\"image\":{\"@id\":\"https:\/\/www.vkpakmachine.com\/lv\/#\/schema\/logo\/image\/\"}}]}<\/script>\n<!-- \/ Yoast SEO plugin. -->","yoast_head_json":{"title":"Quality Control - VKPAK","robots":{"index":"index","follow":"follow","max-snippet":"max-snippet:-1","max-image-preview":"max-image-preview:large","max-video-preview":"max-video-preview:-1"},"canonical":"https:\/\/www.vkpakmachine.com\/et\/quality-control\/","schema":{"@context":"https:\/\/schema.org","@graph":[{"@type":"WebPage","@id":"https:\/\/www.vkpakmachine.com\/lt\/quality-control\/","url":"https:\/\/www.vkpakmachine.com\/lt\/quality-control\/","name":"Quality Control - VKPAK","isPartOf":{"@id":"https:\/\/www.vkpakmachine.com\/lv\/#website"},"datePublished":"2022-12-26T07:10:39+00:00","dateModified":"2022-12-26T07:10:39+00:00","breadcrumb":{"@id":"https:\/\/www.vkpakmachine.com\/lt\/quality-control\/#breadcrumb"},"inLanguage":"et","potentialAction":[{"@type":"ReadAction","target":["https:\/\/www.vkpakmachine.com\/lt\/quality-control\/"]}]},{"@type":"BreadcrumbList","@id":"https:\/\/www.vkpakmachine.com\/lt\/quality-control\/#breadcrumb","itemListElement":[{"@type":"ListItem","position":1,"name":"Home","item":"https:\/\/www.vkpakmachine.com\/lv\/"},{"@type":"ListItem","position":2,"name":"Quality Control"}]},{"@type":"WebSite","@id":"https:\/\/www.vkpakmachine.com\/lv\/#website","url":"https:\/\/www.vkpakmachine.com\/lv\/","name":"VKPAK","description":"","publisher":{"@id":"https:\/\/www.vkpakmachine.com\/lv\/#organization"},"potentialAction":[{"@type":"SearchAction","target":{"@type":"EntryPoint","urlTemplate":"https:\/\/www.vkpakmachine.com\/lv\/?s={search_term_string}"},"query-input":"required name=search_term_string"}],"inLanguage":"et"},{"@type":"Organization","@id":"https:\/\/www.vkpakmachine.com\/lv\/#organization","name":"VKPAK","url":"https:\/\/www.vkpakmachine.com\/lv\/","logo":{"@type":"ImageObject","inLanguage":"et","@id":"https:\/\/www.vkpakmachine.com\/lv\/#\/schema\/logo\/image\/","url":"https:\/\/www.vkpakmachine.com\/wp-content\/uploads\/Logo.png","contentUrl":"https:\/\/www.vkpakmachine.com\/wp-content\/uploads\/Logo.png","width":300,"height":57,"caption":"VKPAK"},"image":{"@id":"https:\/\/www.vkpakmachine.com\/lv\/#\/schema\/logo\/image\/"}}]}},"_links":{"self":[{"href":"https:\/\/www.vkpakmachine.com\/et\/wp-json\/wp\/v2\/pages\/2424"}],"collection":[{"href":"https:\/\/www.vkpakmachine.com\/et\/wp-json\/wp\/v2\/pages"}],"about":[{"href":"https:\/\/www.vkpakmachine.com\/et\/wp-json\/wp\/v2\/types\/page"}],"author":[{"embeddable":true,"href":"https:\/\/www.vkpakmachine.com\/et\/wp-json\/wp\/v2\/users\/1"}],"replies":[{"embeddable":true,"href":"https:\/\/www.vkpakmachine.com\/et\/wp-json\/wp\/v2\/comments?post=2424"}],"version-history":[{"count":0,"href":"https:\/\/www.vkpakmachine.com\/et\/wp-json\/wp\/v2\/pages\/2424\/revisions"}],"wp:attachment":[{"href":"https:\/\/www.vkpakmachine.com\/et\/wp-json\/wp\/v2\/media?parent=2424"}],"curies":[{"name":"wp","href":"https:\/\/api.w.org\/{rel}","templated":true}]}}