{"id":2414,"date":"2022-12-26T07:08:38","date_gmt":"2022-12-26T07:08:38","guid":{"rendered":"https:\/\/www.vkpakmachine.com\/?page_id=2414"},"modified":"2022-12-26T07:08:38","modified_gmt":"2022-12-26T07:08:38","slug":"faq","status":"publish","type":"page","link":"https:\/\/www.vkpakmachine.com\/et\/faq\/","title":{"rendered":"KKK"},"content":{"rendered":"<p><strong>K: Kas olete tehas v\u00f5i kaubandusettev\u00f5te?<\/strong><br \/>\nV: Oleme alates 2003. aastast keskendunud erinevat t\u00fc\u00fcpi t\u00e4itmismasinate, korkimismasinate ja m\u00e4rgistamismasinate projekteerimisele, tootmisele, kokkupanemisele, paigaldamisele ja silumisele.<\/p>\n<p><strong>K: Kas saate saata video, mis n\u00e4itab, kuidas teie masin t\u00f6\u00f6tab?<\/strong><br \/>\nV: Kindlasti oleme teinud kogu oma masina video.<\/p>\n<p><strong>K: Kas teete testi enne saatmist?<\/strong><br \/>\nV: Enne saatmist testime masinat alati t\u00e4ielikult ja veendume, et see t\u00f6\u00f6tab sujuvalt.<\/p>\n<p><strong>K: Mis on makse- ja kaubandustingimused?<\/strong><br \/>\nV: Aktsepteerime T\/T, Western Unioni, MoneyGram, Alibaba Trade Assurance makseid.<br \/>\nKaubandust\u00e4htaeg: EXW, FOB, CIF, CNF.<\/p>\n<p><strong>K: Mis on MOQ ja garantii?<\/strong><br \/>\nV: MOQ-d pole, tere tulemast tellima, lubame 12-kuulist garantiid.<\/p>\n<p><strong>K: Millist paki saatmiseks?<\/strong><br \/>\nV: Kasutage kogu masina \u00fcmber tavalist venituskile, mis on pakitud eksporditud puidust korpusega, mis v\u00f5ib olla ka teie vajadustele vastav.<\/p>\n<p><strong>K: Kui masina garantiiaasta on l\u00f5ppenud, mida saame teha, kui m\u00f5ni osa on katki?<\/strong><br \/>\nV: Pakume masina kogu kasutusea teenust, kui m\u00f5ni varuosa on \u00fche aasta p\u00e4rast katki, saavad kliendid osta varuosi kohalikul turul v\u00f5i osta tarnijatelt, saame varuosi saata klientidele 24 tunni jooksul. Ja k\u00f5ik meie masinaosad on originaalsed maailmakuulsalt kaubam\u00e4rgilt, neid on lihtne leida kohalikest.<\/p>\n<p><strong>K: Mis on teie garantii?<\/strong><br \/>\nV: Anname masinatele \u00fche aasta garantii. Garantiiaastal purunesid k\u00f5ik varuosad VKPAK-i kvaliteediprobleemi t\u00f5ttu, varuosi tarnitakse klientidele tasuta, klient peab tasuma veokulud, kui paki kaal \u00fcletab 500 grammi. Kergesti kuluvad varuosi ei ole garantiitingimused, nagu O-r\u00f5ngad, rihmad, mis tarnitakse masinaga \u00fcheks aastaks kasutamiseks.<\/p>","protected":false},"excerpt":{"rendered":"<p>K: Kas olete tehas v\u00f5i kaubandusettev\u00f5te? V: Oleme tehases keskendunud erinevat t\u00fc\u00fcpi t\u00e4itmismasinate, korkimismasinate ja m\u00e4rgistamismasinate projekteerimisele, tootmisele, kokkupanekule, paigaldamisele ja silumisele alates 2003. aastast. K: Kas saate saata video, mis n\u00e4itab, kuidas teie\u2026&nbsp;<a href=\"https:\/\/www.vkpakmachine.com\/et\/faq\/\" class=\"more-link\">Loe rohkem<\/a><\/p>","protected":false},"author":1,"featured_media":0,"parent":0,"menu_order":0,"comment_status":"closed","ping_status":"closed","template":"","meta":{"footnotes":""},"yoast_head":"<!-- This site is optimized with the Yoast SEO plugin v22.5 - https:\/\/yoast.com\/wordpress\/plugins\/seo\/ -->\n<title>FAQ - VKPAK<\/title>\n<meta name=\"robots\" content=\"index, follow, max-snippet:-1, max-image-preview:large, max-video-preview:-1\" \/>\n<link rel=\"canonical\" href=\"https:\/\/www.vkpakmachine.com\/et\/faq\/\" \/>\n<script type=\"application\/ld+json\" class=\"yoast-schema-graph\">{\"@context\":\"https:\/\/schema.org\",\"@graph\":[{\"@type\":\"WebPage\",\"@id\":\"https:\/\/www.vkpakmachine.com\/lv\/faq\/\",\"url\":\"https:\/\/www.vkpakmachine.com\/lv\/faq\/\",\"name\":\"FAQ - VKPAK\",\"isPartOf\":{\"@id\":\"https:\/\/www.vkpakmachine.com\/lv\/#website\"},\"datePublished\":\"2022-12-26T07:08:38+00:00\",\"dateModified\":\"2022-12-26T07:08:38+00:00\",\"breadcrumb\":{\"@id\":\"https:\/\/www.vkpakmachine.com\/lv\/faq\/#breadcrumb\"},\"inLanguage\":\"et\",\"potentialAction\":[{\"@type\":\"ReadAction\",\"target\":[\"https:\/\/www.vkpakmachine.com\/lv\/faq\/\"]}]},{\"@type\":\"BreadcrumbList\",\"@id\":\"https:\/\/www.vkpakmachine.com\/lv\/faq\/#breadcrumb\",\"itemListElement\":[{\"@type\":\"ListItem\",\"position\":1,\"name\":\"Home\",\"item\":\"https:\/\/www.vkpakmachine.com\/lv\/\"},{\"@type\":\"ListItem\",\"position\":2,\"name\":\"FAQ\"}]},{\"@type\":\"WebSite\",\"@id\":\"https:\/\/www.vkpakmachine.com\/lv\/#website\",\"url\":\"https:\/\/www.vkpakmachine.com\/lv\/\",\"name\":\"VKPAK\",\"description\":\"\",\"publisher\":{\"@id\":\"https:\/\/www.vkpakmachine.com\/lv\/#organization\"},\"potentialAction\":[{\"@type\":\"SearchAction\",\"target\":{\"@type\":\"EntryPoint\",\"urlTemplate\":\"https:\/\/www.vkpakmachine.com\/lv\/?s={search_term_string}\"},\"query-input\":\"required name=search_term_string\"}],\"inLanguage\":\"et\"},{\"@type\":\"Organization\",\"@id\":\"https:\/\/www.vkpakmachine.com\/lv\/#organization\",\"name\":\"VKPAK\",\"url\":\"https:\/\/www.vkpakmachine.com\/lv\/\",\"logo\":{\"@type\":\"ImageObject\",\"inLanguage\":\"et\",\"@id\":\"https:\/\/www.vkpakmachine.com\/lv\/#\/schema\/logo\/image\/\",\"url\":\"https:\/\/www.vkpakmachine.com\/wp-content\/uploads\/Logo.png\",\"contentUrl\":\"https:\/\/www.vkpakmachine.com\/wp-content\/uploads\/Logo.png\",\"width\":300,\"height\":57,\"caption\":\"VKPAK\"},\"image\":{\"@id\":\"https:\/\/www.vkpakmachine.com\/lv\/#\/schema\/logo\/image\/\"}}]}<\/script>\n<!-- \/ Yoast SEO plugin. -->","yoast_head_json":{"title":"FAQ - VKPAK","robots":{"index":"index","follow":"follow","max-snippet":"max-snippet:-1","max-image-preview":"max-image-preview:large","max-video-preview":"max-video-preview:-1"},"canonical":"https:\/\/www.vkpakmachine.com\/et\/faq\/","schema":{"@context":"https:\/\/schema.org","@graph":[{"@type":"WebPage","@id":"https:\/\/www.vkpakmachine.com\/lv\/faq\/","url":"https:\/\/www.vkpakmachine.com\/lv\/faq\/","name":"FAQ - VKPAK","isPartOf":{"@id":"https:\/\/www.vkpakmachine.com\/lv\/#website"},"datePublished":"2022-12-26T07:08:38+00:00","dateModified":"2022-12-26T07:08:38+00:00","breadcrumb":{"@id":"https:\/\/www.vkpakmachine.com\/lv\/faq\/#breadcrumb"},"inLanguage":"et","potentialAction":[{"@type":"ReadAction","target":["https:\/\/www.vkpakmachine.com\/lv\/faq\/"]}]},{"@type":"BreadcrumbList","@id":"https:\/\/www.vkpakmachine.com\/lv\/faq\/#breadcrumb","itemListElement":[{"@type":"ListItem","position":1,"name":"Home","item":"https:\/\/www.vkpakmachine.com\/lv\/"},{"@type":"ListItem","position":2,"name":"FAQ"}]},{"@type":"WebSite","@id":"https:\/\/www.vkpakmachine.com\/lv\/#website","url":"https:\/\/www.vkpakmachine.com\/lv\/","name":"VKPAK","description":"","publisher":{"@id":"https:\/\/www.vkpakmachine.com\/lv\/#organization"},"potentialAction":[{"@type":"SearchAction","target":{"@type":"EntryPoint","urlTemplate":"https:\/\/www.vkpakmachine.com\/lv\/?s={search_term_string}"},"query-input":"required name=search_term_string"}],"inLanguage":"et"},{"@type":"Organization","@id":"https:\/\/www.vkpakmachine.com\/lv\/#organization","name":"VKPAK","url":"https:\/\/www.vkpakmachine.com\/lv\/","logo":{"@type":"ImageObject","inLanguage":"et","@id":"https:\/\/www.vkpakmachine.com\/lv\/#\/schema\/logo\/image\/","url":"https:\/\/www.vkpakmachine.com\/wp-content\/uploads\/Logo.png","contentUrl":"https:\/\/www.vkpakmachine.com\/wp-content\/uploads\/Logo.png","width":300,"height":57,"caption":"VKPAK"},"image":{"@id":"https:\/\/www.vkpakmachine.com\/lv\/#\/schema\/logo\/image\/"}}]}},"_links":{"self":[{"href":"https:\/\/www.vkpakmachine.com\/et\/wp-json\/wp\/v2\/pages\/2414"}],"collection":[{"href":"https:\/\/www.vkpakmachine.com\/et\/wp-json\/wp\/v2\/pages"}],"about":[{"href":"https:\/\/www.vkpakmachine.com\/et\/wp-json\/wp\/v2\/types\/page"}],"author":[{"embeddable":true,"href":"https:\/\/www.vkpakmachine.com\/et\/wp-json\/wp\/v2\/users\/1"}],"replies":[{"embeddable":true,"href":"https:\/\/www.vkpakmachine.com\/et\/wp-json\/wp\/v2\/comments?post=2414"}],"version-history":[{"count":0,"href":"https:\/\/www.vkpakmachine.com\/et\/wp-json\/wp\/v2\/pages\/2414\/revisions"}],"wp:attachment":[{"href":"https:\/\/www.vkpakmachine.com\/et\/wp-json\/wp\/v2\/media?parent=2414"}],"curies":[{"name":"wp","href":"https:\/\/api.w.org\/{rel}","templated":true}]}}