{"id":2379,"date":"2022-12-26T06:55:32","date_gmt":"2022-12-26T06:55:32","guid":{"rendered":"https:\/\/www.vkpakmachine.com\/?page_id=2379"},"modified":"2022-12-26T08:32:48","modified_gmt":"2022-12-26T08:32:48","slug":"about-us","status":"publish","type":"page","link":"https:\/\/www.vkpakmachine.com\/et\/about-us\/","title":{"rendered":"Meist"},"content":{"rendered":"<p>VKPAK on professionaalne pakkimismasinate ja -seadmete tootja ja tarnija, mis asub Hiinas alates 2008. aastast.<\/p>\n<p>VKPAK-i peamised tooted on pudelite pesumasin, automaatne pudelite t\u00e4itmismasin, korkimismasin, m\u00e4rgistamismasin jne t\u00e4ieliku villimisliini jaoks. Meie seadmeid kasutatakse laialdaselt farmaatsia-, toidu-, igap\u00e4evaste kemikaalide, kosmeetikat\u00f6\u00f6stuses jne.<\/p>\n<p>T\u00e4iustatud juhtimise ja t\u00f6\u00f6tluse p\u00f5hjal on meil suurep\u00e4rased tootmistehnikud ja t\u00f5hus turustusmeeskond ning head teenindajad, et saaksime teie tellimusi v\u00e4ga t\u00f5husalt t\u00e4ita. Oleme kindlad oma toodete k\u00f5rge kvaliteedi suhtes ja suudame samal ajal pakkuda v\u00e4ga konkurentsiv\u00f5imelisi hindu.<\/p>\n<p>T\u00e4nu meie heale krediidile ja teenindusele oleme viimastel aastatel saavutanud suuri saavutusi. Oleme loonud pikaajalised \u00e4risuhted paljude klientidega. Meie tooteid eksporditakse paljudesse riikidesse ja piirkondadesse. Lisaks masinatele ja seadmetele tarnime ka tootmisliine, \u00fchekordseid pakendamise villimislahendusi. Ootame pikaajalist ja edukat koost\u00f6\u00f6d klientidega \u00fcle kogu maailma.<\/p>\n<p><img loading=\"lazy\" decoding=\"async\" src=\"https:\/\/www.vkpakmachine.com\/wp-content\/uploads\/Factory-Show.jpg\" alt=\"Tehasen\u00e4itus\" width=\"1200\" height=\"565\" class=\"alignnone size-full wp-image-2380\" \/><\/p>","protected":false},"excerpt":{"rendered":"<p>VKPAK on Hiinas Shanghais asuv professionaalne pakendamismasinate ja -seadmete tootja ja tarnija aastast 2008. VKPAK-i peamised tooted on pudelite pesumasin, automaatne pudelit\u00e4itmismasin, korkimismasin, sildistamismasin jne t\u00e4ieliku villimisliini jaoks.\u2026&nbsp;<a href=\"https:\/\/www.vkpakmachine.com\/et\/about-us\/\" class=\"more-link\">Loe rohkem<\/a><\/p>","protected":false},"author":1,"featured_media":2441,"parent":0,"menu_order":0,"comment_status":"closed","ping_status":"closed","template":"","meta":{"footnotes":""},"yoast_head":"<!-- This site is optimized with the Yoast SEO plugin v22.5 - https:\/\/yoast.com\/wordpress\/plugins\/seo\/ -->\n<title>About Us - VKPAK<\/title>\n<meta name=\"robots\" content=\"index, follow, max-snippet:-1, max-image-preview:large, max-video-preview:-1\" \/>\n<link rel=\"canonical\" href=\"https:\/\/www.vkpakmachine.com\/et\/about-us\/\" \/>\n<script type=\"application\/ld+json\" class=\"yoast-schema-graph\">{\"@context\":\"https:\/\/schema.org\",\"@graph\":[{\"@type\":\"WebPage\",\"@id\":\"https:\/\/www.vkpakmachine.com\/lt\/about-us\/\",\"url\":\"https:\/\/www.vkpakmachine.com\/lt\/about-us\/\",\"name\":\"About Us - VKPAK\",\"isPartOf\":{\"@id\":\"https:\/\/www.vkpakmachine.com\/lv\/#website\"},\"primaryImageOfPage\":{\"@id\":\"https:\/\/www.vkpakmachine.com\/lt\/about-us\/#primaryimage\"},\"image\":{\"@id\":\"https:\/\/www.vkpakmachine.com\/lt\/about-us\/#primaryimage\"},\"thumbnailUrl\":\"https:\/\/www.vkpakmachine.com\/wp-content\/uploads\/About-Us.jpg\",\"datePublished\":\"2022-12-26T06:55:32+00:00\",\"dateModified\":\"2022-12-26T08:32:48+00:00\",\"breadcrumb\":{\"@id\":\"https:\/\/www.vkpakmachine.com\/lt\/about-us\/#breadcrumb\"},\"inLanguage\":\"et\",\"potentialAction\":[{\"@type\":\"ReadAction\",\"target\":[\"https:\/\/www.vkpakmachine.com\/lt\/about-us\/\"]}]},{\"@type\":\"ImageObject\",\"inLanguage\":\"et\",\"@id\":\"https:\/\/www.vkpakmachine.com\/lt\/about-us\/#primaryimage\",\"url\":\"https:\/\/www.vkpakmachine.com\/wp-content\/uploads\/About-Us.jpg\",\"contentUrl\":\"https:\/\/www.vkpakmachine.com\/wp-content\/uploads\/About-Us.jpg\",\"width\":600,\"height\":341,\"caption\":\"About-Us\"},{\"@type\":\"BreadcrumbList\",\"@id\":\"https:\/\/www.vkpakmachine.com\/lt\/about-us\/#breadcrumb\",\"itemListElement\":[{\"@type\":\"ListItem\",\"position\":1,\"name\":\"Home\",\"item\":\"https:\/\/www.vkpakmachine.com\/lv\/\"},{\"@type\":\"ListItem\",\"position\":2,\"name\":\"About Us\"}]},{\"@type\":\"WebSite\",\"@id\":\"https:\/\/www.vkpakmachine.com\/lv\/#website\",\"url\":\"https:\/\/www.vkpakmachine.com\/lv\/\",\"name\":\"VKPAK\",\"description\":\"\",\"publisher\":{\"@id\":\"https:\/\/www.vkpakmachine.com\/lv\/#organization\"},\"potentialAction\":[{\"@type\":\"SearchAction\",\"target\":{\"@type\":\"EntryPoint\",\"urlTemplate\":\"https:\/\/www.vkpakmachine.com\/lv\/?s={search_term_string}\"},\"query-input\":\"required name=search_term_string\"}],\"inLanguage\":\"et\"},{\"@type\":\"Organization\",\"@id\":\"https:\/\/www.vkpakmachine.com\/lv\/#organization\",\"name\":\"VKPAK\",\"url\":\"https:\/\/www.vkpakmachine.com\/lv\/\",\"logo\":{\"@type\":\"ImageObject\",\"inLanguage\":\"et\",\"@id\":\"https:\/\/www.vkpakmachine.com\/lv\/#\/schema\/logo\/image\/\",\"url\":\"https:\/\/www.vkpakmachine.com\/wp-content\/uploads\/Logo.png\",\"contentUrl\":\"https:\/\/www.vkpakmachine.com\/wp-content\/uploads\/Logo.png\",\"width\":300,\"height\":57,\"caption\":\"VKPAK\"},\"image\":{\"@id\":\"https:\/\/www.vkpakmachine.com\/lv\/#\/schema\/logo\/image\/\"}}]}<\/script>\n<!-- \/ Yoast SEO plugin. -->","yoast_head_json":{"title":"About Us - VKPAK","robots":{"index":"index","follow":"follow","max-snippet":"max-snippet:-1","max-image-preview":"max-image-preview:large","max-video-preview":"max-video-preview:-1"},"canonical":"https:\/\/www.vkpakmachine.com\/et\/about-us\/","schema":{"@context":"https:\/\/schema.org","@graph":[{"@type":"WebPage","@id":"https:\/\/www.vkpakmachine.com\/lt\/about-us\/","url":"https:\/\/www.vkpakmachine.com\/lt\/about-us\/","name":"About Us - VKPAK","isPartOf":{"@id":"https:\/\/www.vkpakmachine.com\/lv\/#website"},"primaryImageOfPage":{"@id":"https:\/\/www.vkpakmachine.com\/lt\/about-us\/#primaryimage"},"image":{"@id":"https:\/\/www.vkpakmachine.com\/lt\/about-us\/#primaryimage"},"thumbnailUrl":"https:\/\/www.vkpakmachine.com\/wp-content\/uploads\/About-Us.jpg","datePublished":"2022-12-26T06:55:32+00:00","dateModified":"2022-12-26T08:32:48+00:00","breadcrumb":{"@id":"https:\/\/www.vkpakmachine.com\/lt\/about-us\/#breadcrumb"},"inLanguage":"et","potentialAction":[{"@type":"ReadAction","target":["https:\/\/www.vkpakmachine.com\/lt\/about-us\/"]}]},{"@type":"ImageObject","inLanguage":"et","@id":"https:\/\/www.vkpakmachine.com\/lt\/about-us\/#primaryimage","url":"https:\/\/www.vkpakmachine.com\/wp-content\/uploads\/About-Us.jpg","contentUrl":"https:\/\/www.vkpakmachine.com\/wp-content\/uploads\/About-Us.jpg","width":600,"height":341,"caption":"About-Us"},{"@type":"BreadcrumbList","@id":"https:\/\/www.vkpakmachine.com\/lt\/about-us\/#breadcrumb","itemListElement":[{"@type":"ListItem","position":1,"name":"Home","item":"https:\/\/www.vkpakmachine.com\/lv\/"},{"@type":"ListItem","position":2,"name":"About Us"}]},{"@type":"WebSite","@id":"https:\/\/www.vkpakmachine.com\/lv\/#website","url":"https:\/\/www.vkpakmachine.com\/lv\/","name":"VKPAK","description":"","publisher":{"@id":"https:\/\/www.vkpakmachine.com\/lv\/#organization"},"potentialAction":[{"@type":"SearchAction","target":{"@type":"EntryPoint","urlTemplate":"https:\/\/www.vkpakmachine.com\/lv\/?s={search_term_string}"},"query-input":"required name=search_term_string"}],"inLanguage":"et"},{"@type":"Organization","@id":"https:\/\/www.vkpakmachine.com\/lv\/#organization","name":"VKPAK","url":"https:\/\/www.vkpakmachine.com\/lv\/","logo":{"@type":"ImageObject","inLanguage":"et","@id":"https:\/\/www.vkpakmachine.com\/lv\/#\/schema\/logo\/image\/","url":"https:\/\/www.vkpakmachine.com\/wp-content\/uploads\/Logo.png","contentUrl":"https:\/\/www.vkpakmachine.com\/wp-content\/uploads\/Logo.png","width":300,"height":57,"caption":"VKPAK"},"image":{"@id":"https:\/\/www.vkpakmachine.com\/lv\/#\/schema\/logo\/image\/"}}]}},"_links":{"self":[{"href":"https:\/\/www.vkpakmachine.com\/et\/wp-json\/wp\/v2\/pages\/2379"}],"collection":[{"href":"https:\/\/www.vkpakmachine.com\/et\/wp-json\/wp\/v2\/pages"}],"about":[{"href":"https:\/\/www.vkpakmachine.com\/et\/wp-json\/wp\/v2\/types\/page"}],"author":[{"embeddable":true,"href":"https:\/\/www.vkpakmachine.com\/et\/wp-json\/wp\/v2\/users\/1"}],"replies":[{"embeddable":true,"href":"https:\/\/www.vkpakmachine.com\/et\/wp-json\/wp\/v2\/comments?post=2379"}],"version-history":[{"count":0,"href":"https:\/\/www.vkpakmachine.com\/et\/wp-json\/wp\/v2\/pages\/2379\/revisions"}],"wp:featuredmedia":[{"embeddable":true,"href":"https:\/\/www.vkpakmachine.com\/et\/wp-json\/wp\/v2\/media\/2441"}],"wp:attachment":[{"href":"https:\/\/www.vkpakmachine.com\/et\/wp-json\/wp\/v2\/media?parent=2379"}],"curies":[{"name":"wp","href":"https:\/\/api.w.org\/{rel}","templated":true}]}}